{"id":60159,"date":"2021-05-11T12:27:10","date_gmt":"2021-05-11T10:27:10","guid":{"rendered":"https:\/\/univet.hu\/hu\/kutatas\/deokfii\/tevekenyseg\/ujonnan-felmerulo-kockazatok-azonositasa\/a-kozelmultban-detektalt-kockazatok-es-jelzesek\/name\/"},"modified":"2021-05-11T12:28:10","modified_gmt":"2021-05-11T10:28:10","slug":"influenza-d-virus-sertesben-es-szarvasmarhaban","status":"publish","type":"page","link":"https:\/\/univet.hu\/hu\/kutatas\/deokfii\/tevekenyseg\/ujonnan-felmerulo-kockazatok-azonositasa\/a-kozelmultban-detektalt-kockazatok-es-jelzesek\/influenza-d-virus-sertesben-es-szarvasmarhaban\/","title":{"rendered":"Influenza D v\u00edrus sert\u00e9sben \u00e9s szarvasmarh\u00e1ban"},"content":{"rendered":"<p>&nbsp;<\/p> <p>A v\u00edrust el\u0151sz\u00f6r 2011-ben az USA-ban azonos\u00edtott\u00e1k sert\u00e9sben, miut\u00e1n influenza-szer\u0171 t\u00fcneteket okozott az \u00e1llatn\u00e1l, majd 2014-ben szarvasmarh\u00e1ban is detekt\u00e1lt\u00e1k (USA, K\u00edna, Franciaorsz\u00e1g). \u00dajabb szerol\u00f3giai bizony\u00edt\u00e9kok <a href=\"https:\/\/www.frontiersin.org\/articles\/10.3389\/fmicb.2020.01136\/full\" target=\"_blank\" rel=\"noopener\">alapj\u00e1n<\/a> val\u00f3sz\u00edn\u0171s\u00edthet\u0151, hogy a v\u00edrus m\u00e1r 2003 k\u00f6r\u00fcl jelen volt amerikai szarvasmarh\u00e1kban (USA, Nebraksa). A franci\u00e1k \u00e1ltal azonos\u00edtott v\u00edrus genomja 94-99%-os egyez\u00e9st mutat az amerikai hasonm\u00e1s\u00e1val, ami interkontinent\u00e1lis terjeszked\u00e9sre utal. A v\u00edrus m\u00e1ra Afrik\u00e1ban is megjelent. A sert\u00e9sen \u00e9s szarvasmarh\u00e1n k\u00edv\u00fcl val\u00f3sz\u00edn\u0171s\u00edthet\u0151en egy\u00e9b \u00e1llatfajokat, p\u00e9ld\u00e1ul kisk\u00e9r\u0151dz\u0151ket \u00e9s a vaddiszn\u00f3t is k\u00e9pes megfert\u0151zni, azonban els\u0151dleges rezervo\u00e1rja a szarvasmarha.<\/p> <p>A v\u00edrus sz\u00e1mos eur\u00f3pai orsz\u00e1gban is kimutat\u00e1sra ker\u00fclt. Az influenza D jelenleg nem tartozik a bejelent\u00e9sk\u00f6teles megbeteged\u00e9sek k\u00f6z\u00e9 sem az OIE-n\u00e9l, sem az EB ADVNS rendszer\u00e9ben. Ennek k\u00f6vetkezt\u00e9ben a legt\u00f6bb tag\u00e1llam nem folytat surveillance vizsg\u00e1latokat a v\u00edrushoz kapcsol\u00f3d\u00f3an.<\/p> <p>A v\u00edrus jelent\u0151s\u00e9ge nem tiszt\u00e1zott, mivel klinikai hat\u00e1sa ismeretlen. Az emberi fert\u0151z\u0151d\u00e9sre vonatkoz\u00f3an m\u00e9g nem \u00e1llnak rendelkez\u00e9sre meggy\u0151z\u0151 bizony\u00edt\u00e9kok.<\/p> <p>\u00cdrorsz\u00e1gban 2014-2016 sor\u00e1n azonos\u00edtott\u00e1k a v\u00edrust el\u0151bb sert\u00e9sben, majd szarvasmarh\u00e1ban is. Egy <a href=\"https:\/\/irishvetjournal.biomedcentral.com\/articles\/10.1186\/s13620-019-0150-8\" target=\"_blank\" rel=\"noopener\">\u00edr vizsg\u00e1lat<\/a> szerint az \u00edr szarvasmarha \u00e1llom\u00e1ny jelent\u0151s r\u00e9sz\u00e9ben is jelen van a v\u00edrus: a v\u00e1g\u00e1skor vett mint\u00e1k 94,6%-\u00e1ban, a diagnosztikai okokb\u00f3l vett mint\u00e1k 64,9%-\u00e1ban mutatt\u00e1k ki. A juhokb\u00f3l (4,5%) \u00e9s a sert\u00e9sekb\u0151l (5,8%) diagnosztikai okokb\u00f3l vett mint\u00e1kban a prevelancia j\u00f3val alacsonyabb volt.<\/p> <p>Olaszorsz\u00e1gban a 2005-2017-es id\u0151szakra vonatkoz\u00f3an a hum\u00e1n popul\u00e1ci\u00f3t <a href=\"https:\/\/pubmed.ncbi.nlm.nih.gov\/31892120\/\" target=\"_blank\" rel=\"noopener\">vizsg\u00e1lt\u00e1k<\/a>: a sz\u00e9rummint\u00e1kat hemagglutin\u00e1ci\u00f3s g\u00e1tl\u00e1s \u00e9s v\u00edrusneutraliz\u00e1ci\u00f3s vizsg\u00e1latokkal elemezt\u00e9k \u00e9s meg\u00e1llap\u00edtott\u00e1k, hogy a v\u00edrus elleni antitestek prevalenci\u00e1ja n\u0151tt a vizsg\u00e1lt id\u0151szakban. A v\u00edrus teh\u00e1t k\u00e9pes megfert\u0151zni \u00e9s immunv\u00e1laszt kiv\u00e1ltani az emberekben. Ugyanakkor \u00fagy t\u0171nik, hogy az emberi megbeteged\u00e9sek az \u00e1llatok k\u00f6r\u00e9ben el\u0151fordul\u00f3 j\u00e1rv\u00e1nyokat k\u00f6vetik, de a v\u00edrus a hum\u00e1n popul\u00e1ci\u00f3ban nem marad fent.<\/p> <p>Egy <a href=\"https:\/\/pubmed.ncbi.nlm.nih.gov\/31228318\/\" target=\"_blank\" rel=\"noopener\">brit vizsg\u00e1lat<\/a>, amely sor\u00e1n 2017\/2018 sor\u00e1n l\u00e9gz\u0151szervi betegs\u00e9g k\u00f6vetkezt\u00e9ben elhullott szarvasmarh\u00e1k molekul\u00e1ris tesztel\u00e9s\u00e9t v\u00e9gezt\u00e9k el, az esetek 8,7%-ban mutatta ki az influenza D v\u00edrust, sokszor mint egyed\u00fcli vir\u00e1lis \u00e1genst, de minden esetben bakteri\u00e1lis fert\u0151z\u00e9ssel egyetemben. A v\u00edrus RNS-e a fels\u0151 \u00e9s als\u00f3 l\u00e9gutakban is kimutathat\u00f3 volt, a t\u00fcd\u0151sz\u00f6vetek k\u00f3r\u00f3s elv\u00e1ltoz\u00e1s\u00e1t is meg\u00e1llap\u00edtott\u00e1k. A felt\u00e9telezek szerint a v\u00edrus hozz\u00e1j\u00e1rulhat a szarvasmarh\u00e1k l\u00e9gz\u0151szervi betegs\u00e9g\u00e9nek kialakul\u00e1s\u00e1hoz. Szekven\u00e1l\u00e1ssal meg\u00e1llap\u00edt\u00e1sra ker\u00fclt, hogy az Egyes\u00fclt Kir\u00e1lys\u00e1gban tal\u00e1lt v\u00edrus hasonl\u00edt az \u00cdrorsz\u00e1gban \u00e9s Olaszorsz\u00e1gban azonos\u00edtott v\u00edrusokhoz.<\/p> <p>Az <a href=\"https:\/\/efsa.onlinelibrary.wiley.com\/doi\/abs\/10.2903\/sp.efsa.2020.EN-1853\" target=\"_blank\" rel=\"noopener\">EFSA kock\u00e1zat\u00e9rt\u00e9kel\u00e9se<\/a> szerint az eur\u00f3pai szarvasmarha \u00e1llom\u00e1nyban a v\u00edrus enzootikus, ugyanakkor a prevalenci\u00e1j\u00e1ban megfigyelhet\u0151k ter\u00fcleti k\u00fcl\u00f6nbs\u00e9gek: m\u00edg Franciaorsz\u00e1gban 36,3% volt a szeroprevalencia, addig Luxemburgban \u00e9s Olaszorsz\u00e1gban 81,8-84,2%. A v\u00edrus el\u0151fordul\u00e1sa az olasz szarvasmarha \u00e1llom\u00e1nyban 6,3% \u00e9s 9,5% k\u00f6t\u00f6tt mozgott. Sert\u00e9sekben a v\u00edrus j\u00f3val kisebb ar\u00e1nyban fordul el\u0151.<\/p> <p>A v\u00edrus jelent\u0151s\u00e9ge, zoonotikus potenci\u00e1lja egyel\u0151re nem tiszt\u00e1zott, azonban szerol\u00f3giai \u00e9s virol\u00f3gia vizsg\u00e1latok is arra utalnak, hogy a v\u00edrus az embert is k\u00e9pes megfert\u0151zni.\u00a0\u00a0A klinikai t\u00fcnetek hi\u00e1nya ellen\u00e9re a v\u00edrus k\u00e9pes volt szaporodni a g\u00f6r\u00e9nyek fels\u0151 l\u00e9g\u00fati traktus\u00e1ban\u00a0\u00e9s a g\u00f6r\u00e9nyek k\u00f6z\u00f6tti k\u00f6zvetlen \u00e9rintkez\u00e9s \u00fatj\u00e1n val\u00f3 fert\u0151z\u0151d\u00e9st is megfigyelt\u00e9k.<\/p> <p>Egy 2019-es <a href=\"https:\/\/www.ncbi.nlm.nih.gov\/pmc\/articles\/PMC6521319\/\" target=\"_blank\" rel=\"noopener\">tanulm\u00e1ny<\/a> meger\u0151s\u00edtette, hogy a v\u00edrus hat\u00e9konyan replik\u00e1l\u00f3dik\u00a0 in vitro a l\u00e9gz\u0151szervi h\u00e1mot helyettes\u00edt\u0151 modellben, az emberi fels\u0151 \u00e9s als\u00f3 l\u00e9gutaknak megfelel\u0151 h\u0151m\u00e9rs\u00e9kleten.<\/p> <p>Az EFSA egyszer\u0171s\u00edtett, <a href=\"https:\/\/efsa.onlinelibrary.wiley.com\/doi\/abs\/10.2903\/sp.efsa.2020.EN-1853\" target=\"_blank\" rel=\"noopener\">kvantitat\u00edv kock\u00e1zatbecsl\u00e9s expoz\u00edci\u00f3s modell<\/a>je alapj\u00e1n a v\u00edrus aeroszolos terjed\u00e9s \u00fatj\u00e1n a szarvasmarha telepeken dolgoz\u00f3 hum\u00e1n szem\u00e9lyzetet is megfert\u0151zheti.<\/p> <p>A v\u00edrus \u00e1llat- \u00e9s hum\u00e1n-eg\u00e9szs\u00e9g\u00fcgyi kock\u00e1zat\u00e1nak ki\u00e9rt\u00e9kel\u00e9s\u00e9hez tov\u00e1bbi adatgy\u0171jt\u00e9sre \u00e9s vizsg\u00e1latokra van sz\u00fcks\u00e9g.<\/p> <p>Fontos lenne ismerni a v\u00edrus prevalenci\u00e1j\u00e1t a hazai szarvasmarha \u00e9s sert\u00e9s \u00e1llom\u00e1nyokra vonatkoz\u00f3an.<\/p> <p>&nbsp;<\/p> <p><u>Tov\u00e1bbi referenci\u00e1k:<\/u><\/p> <p><a href=\"https:\/\/www.sciencedirect.com\/science\/article\/abs\/pii\/S1879625720300717?via%3Dihub\" target=\"_blank\" rel=\"noopener\">Liu R, Sheng Z, Huang C, Wang D, Li F. Influenza D virus. Current Opinion in Virology. 2020 Sep;44:154-161. DOI: 10.1016\/j.coviro.2020.08.004.<\/a><\/p> <p><a href=\"https:\/\/www.frontiersin.org\/articles\/10.3389\/fmicb.2020.01136\/full\" target=\"_blank\" rel=\"noopener\">Mazzetto E, Bortolami A, Fusaro A, Mazzacan E, Maniero S, Vascellari M, Beato MS, Schiavon E, Chiapponi C, Terregino C, Monne I and Bonfante F (2020) Replication of Influenza D Viruses of Bovine and Swine Origin in Ovine Respiratory Explants and Their Attachment to the Respiratory Tract of Bovine, Sheep, Goat, Horse, and Swine. Front. Microbiol. 11:1136. doi: 10.3389\/fmicb.2020.01136<\/a><\/p> <p>&nbsp;<\/p> <p>&nbsp;<\/p> <p>&nbsp;<\/p>","protected":false},"excerpt":{"rendered":"<p>&nbsp; A v\u00edrust el\u0151sz\u00f6r 2011-ben az USA-ban azonos\u00edtott\u00e1k sert\u00e9sben, miut\u00e1n influenza-szer\u0171 t\u00fcneteket okozott az \u00e1llatn\u00e1l, majd 2014-ben szarvasmarh\u00e1ban is detekt\u00e1lt\u00e1k (USA, K\u00edna, Franciaorsz\u00e1g). \u00dajabb szerol\u00f3giai bizony\u00edt\u00e9kok alapj\u00e1n val\u00f3sz\u00edn\u0171s\u00edthet\u0151, hogy a v\u00edrus m\u00e1r 2003 k\u00f6r\u00fcl jelen volt amerikai szarvasmarh\u00e1kban (USA, Nebraksa). A franci\u00e1k \u00e1ltal azonos\u00edtott v\u00edrus genomja 94-99%-os egyez\u00e9st mutat az amerikai hasonm\u00e1s\u00e1val, ami interkontinent\u00e1lis terjeszked\u00e9sre<\/p>\n","protected":false},"author":3268,"featured_media":0,"parent":58752,"menu_order":0,"comment_status":"open","ping_status":"open","template":"","meta":{"_acf_changed":false,"footnotes":""},"categories":[],"tags":[],"class_list":["post-60159","page","type-page","status-publish","hentry"],"acf":[],"_links":{"self":[{"href":"https:\/\/univet.hu\/hu\/wp-json\/wp\/v2\/pages\/60159","targetHints":{"allow":["GET"]}}],"collection":[{"href":"https:\/\/univet.hu\/hu\/wp-json\/wp\/v2\/pages"}],"about":[{"href":"https:\/\/univet.hu\/hu\/wp-json\/wp\/v2\/types\/page"}],"author":[{"embeddable":true,"href":"https:\/\/univet.hu\/hu\/wp-json\/wp\/v2\/users\/3268"}],"replies":[{"embeddable":true,"href":"https:\/\/univet.hu\/hu\/wp-json\/wp\/v2\/comments?post=60159"}],"version-history":[{"count":0,"href":"https:\/\/univet.hu\/hu\/wp-json\/wp\/v2\/pages\/60159\/revisions"}],"up":[{"embeddable":true,"href":"https:\/\/univet.hu\/hu\/wp-json\/wp\/v2\/pages\/58752"}],"wp:attachment":[{"href":"https:\/\/univet.hu\/hu\/wp-json\/wp\/v2\/media?parent=60159"}],"wp:term":[{"taxonomy":"category","embeddable":true,"href":"https:\/\/univet.hu\/hu\/wp-json\/wp\/v2\/categories?post=60159"},{"taxonomy":"post_tag","embeddable":true,"href":"https:\/\/univet.hu\/hu\/wp-json\/wp\/v2\/tags?post=60159"}],"curies":[{"name":"wp","href":"https:\/\/api.w.org\/{rel}","templated":true}]}}