{"id":60172,"date":"2020-11-16T21:09:13","date_gmt":"2020-11-16T20:09:13","guid":{"rendered":"https:\/\/univet.hu\/?page_id=60172"},"modified":"2022-03-25T12:54:01","modified_gmt":"2022-03-25T11:54:01","slug":"diakhitel-informaciok","status":"publish","type":"page","link":"https:\/\/univet.hu\/hu\/oktatas\/tanulmanyi-osztaly\/aktualis-informaciok\/diakhitel-informaciok\/","title":{"rendered":"Di\u00e1khitel inform\u00e1ci\u00f3k"},"content":{"rendered":"<p>2021.10.18<\/p> <p><strong>DI\u00c1KHITEL &#8211; Biztos p\u00e9nz\u00fcgyi h\u00e1tt\u00e9r tanulm\u00e1nyaidhoz <\/strong><\/p> <p>H\u00e9tk\u00f6znapi meg\u00e9lhet\u00e9sedhez szeretn\u00e9l p\u00e9nz\u00fcgyi seg\u00edts\u00e9get? Akkor a szabad felhaszn\u00e1l\u00e1s\u00fa <strong>Di\u00e1khitel1<\/strong>-re van sz\u00fcks\u00e9ged. Ha az \u00f6nk\u00f6lts\u00e9gedet finansz\u00edrozn\u00e1d, akkor a <strong>Di\u00e1khitel2<\/strong> ny\u00fajt sz\u00e1modra t\u00f6k\u00e9letes megold\u00e1st. A <strong>Di\u00e1khitel Plusz<\/strong> akkor j\u00f3 d\u00f6nt\u00e9s, ha olyan egyszeri seg\u00edts\u00e9gre van sz\u00fcks\u00e9ged, amit b\u00e1rmire felhaszn\u00e1lhatsz.<\/p> <p>Tanulm\u00e1nyaidhoz v\u00e1laszd a legkedvez\u0151bb p\u00e9nz\u00fcgyi seg\u00edts\u00e9get \u00e9s v\u00e1ltsd val\u00f3ra terveidet a di\u00e1khitellel.<\/p> <p>&nbsp;<\/p> <p><strong>Amit a Di\u00e1khitel Plusz-r\u00f3l tudnod kell<\/strong><\/p> <ul> <li>ak\u00e1r 500 000 Ft \u00f6sszeget is felvehetsz<\/li> <li>szeptember 30-ig ig\u00e9nyelheted<\/li> <li>Kamatmentes<\/li> <li>fix futamidej\u0171, v\u00e1laszt\u00e1sod szerint legfeljebb 5 \u00e9ves<\/li> <li>a t\u00f6rleszt\u00e9si k\u00f6telezetts\u00e9g csak a hitel foly\u00f3s\u00edt\u00e1s\u00e1t k\u00f6vet\u0151 egy \u00e9v t\u00fcrelmi id\u0151 letelte ut\u00e1ni h\u00f3napt\u00f3l kezd\u0151dik<\/li> <\/ul> <p><strong>Tov\u00e1bbi r\u00e9szletek\u00e9rt kattints <\/strong><a href=\"https:\/\/diakhitel.hu\/diakhitel-plusz\"><strong>IDE<\/strong><\/a><strong>!<\/strong><\/p> <p><strong>IG\u00c9NYELD A DI\u00c1KHITELT PLUSZT A <\/strong><a href=\"https:\/\/diakhitelplusz.diakhiteldirekt.hu\/\"><strong>HTTPS:\/\/DIAKHITELPLUSZ.DIAKHITELDIREKT.HU<\/strong><\/a><strong> OLDALON.<\/strong><\/p> <p><strong>DI\u00c1KHITEL T\u00d6RLESZT\u00c9SE<\/strong><\/p> <p>&nbsp;<\/p> <p>Hivatkoz\u00e1s: <a href=\"https:\/\/diakhitelplusz.diakhiteldirekt.hu\/\">https:\/\/diakhitelplusz.diakhiteldirekt.hu\/<\/a><\/p> <p>&#8212;&#8212;&#8212;&#8212;&#8212;&#8212;&#8212;&#8212;&#8212;&#8212;&#8212;&#8212;&#8212;&#8212;&#8212;&#8212;&#8212;&#8212;&#8212;&#8212;&#8212;&#8212;&#8212;&#8212;&#8212;&#8212;&#8212;&#8212;&#8212;&#8212;-<\/p> <p>2021.07.26<\/p> <p>Kedves Hallgat\u00f3!<\/p> <p>Gratul\u00e1lunk a sikeres felv\u00e9telidhez! A k\u00f6vetkez\u0151 \u00e9vekben a legfontosabb az lesz, hogy verseny- \u00e9s piack\u00e9pes tud\u00e1st szerezz j\u00f6v\u0151beli szakm\u00e1dban. A k\u00fcl\u00f6nb\u00f6z\u0151 kedvezm\u00e9nyes, illetve kamatmentes di\u00e1khitel megold\u00e1sok p\u00e9nz\u00fcgyi biztons\u00e1got ny\u00fajtanak sz\u00e1modra \u00e9s lehet\u0151v\u00e9 teszik, hogy minden er\u0151ddel a tanul\u00e1sra koncentr\u00e1lhass.<\/p> <p>\u00c9rdekelnek a r\u00e9szletek? Akkor kattints: <a href=\"https:\/\/diakhitel.hu\/golyavagyok\/\">https:\/\/diakhitel.hu\/golyavagyok\/<\/a><\/p> <p>V\u00e1laszd a legkedvez\u0151bb p\u00e9nz\u00fcgyi seg\u00edts\u00e9get \u00e9s v\u00e1ltsd val\u00f3ra terveidet a di\u00e1khitellel!<\/p> <p><a href=\"https:\/\/univet.hu\/wp-content\/uploads\/2021\/07\/DH_szorolap_A4_0705-1.pdf\">Di\u00e1khitel sz\u00f3r\u00f3lap<\/a><\/p> <p>\u00dcdv\u00f6zlettel:<\/p> <p>Di\u00e1khitel K\u00f6zpont<\/p> <p>&#8212;&#8212;&#8212;&#8212;&#8212;&#8212;&#8212;&#8212;&#8212;&#8212;&#8212;&#8212;&#8212;&#8212;&#8212;-<\/p> <p>2020.11.16<\/p> <p>Kedves Hallgat\u00f3!<\/p> <p>T\u00e1j\u00e9koztatunk arr\u00f3l, hogy a Di\u00e1khitel K\u00f6zpont 2021. j\u00fanius 30-ig meghosszabb\u00edtja az \u00e1ltal\u00e1nos hitelt\u00f6rleszt\u00e9si morat\u00f3riumot.<\/p> <p>A Di\u00e1khitel K\u00f6zpont a koronav\u00edrus okozta j\u00e1rv\u00e1ny\u00fcgyi helyzetre val\u00f3 tekintettel \u00fagy hat\u00e1rozott, hogy a 2020. m\u00e1rcius 19-\u00e9n bevezetett \u00e1ltal\u00e1nos hitelt\u00f6rleszt\u00e9si morat\u00f3riumot 2021. j\u00fanius 30-ig meghosszabb\u00edtja. A t\u00f6rleszt\u00e9si morat\u00f3rium kiterjed a m\u00e1r t\u00f6rleszt\u00e9si szakban l\u00e9v\u0151 \u00e9s a 2021. I. f\u00e9l\u00e9ve sor\u00e1n t\u00f6rleszt\u00e9si szakba ker\u00fcl\u0151 \u00fcgyfelekre is valamennyi di\u00e1khitel term\u00e9k eset\u00e9n.<\/p> <p>A Di\u00e1khitel K\u00f6zpont d\u00f6nt\u00e9se alapj\u00e1n a di\u00e1khitelek t\u00f6rleszt\u00e9si k\u00f6telezetts\u00e9g\u00e9nek felf\u00fcggeszt\u00e9se 2021. janu\u00e1r 1-j\u00e9n automatikusan meghosszabbodik, ahhoz k\u00fcl\u00f6n nyilatkozatot az \u00fcgyfeleknek nem kell tenni\u00fck. A meghosszabb\u00edtott morat\u00f3rium lej\u00e1rt\u00e1ig a Di\u00e1khitel K\u00f6zpont a fenn\u00e1ll\u00f3 tartoz\u00e1sokra nem sz\u00e1mol fel k\u00e9sedelmi kamatot, illetve nem mond fel nem teljes\u00edt\u0151 hitelszerz\u0151d\u00e9seket.<\/p> <p>A fenn\u00e1ll\u00f3 t\u0151ke- \u00e9s kamattartoz\u00e1sok \u00f6nk\u00e9ntesen a morat\u00f3rium ideje alatt is t\u00f6rleszthet\u0151k, a be\u00e9rkez\u0151 t\u00f6rleszt\u00e9seket a Di\u00e1khitel K\u00f6zpont erre vonatkoz\u00f3 k\u00fcl\u00f6n k\u00e9relem n\u00e9lk\u00fcl ingyenes el\u0151t\u00f6rleszt\u00e9sk\u00e9nt elsz\u00e1molja. Az \u00f6nk\u00e9ntes t\u00f6rleszt\u00e9sek a morat\u00f3rium ideje alatt b\u00e1rmikor egyoldal\u00faan felf\u00fcggeszthet\u0151k.<\/p> <p class=\"moz-quote-pre\">Tov\u00e1bbi inform\u00e1ci\u00f3\u00e9rt l\u00e1togass el oldalunkra: <a href=\"https:\/\/bit.ly\/2Itt1nF\">https:\/\/bit.ly\/2Itt1nF<\/a><\/p>","protected":false},"excerpt":{"rendered":"<p>2021.10.18 DI\u00c1KHITEL &#8211; Biztos p\u00e9nz\u00fcgyi h\u00e1tt\u00e9r tanulm\u00e1nyaidhoz H\u00e9tk\u00f6znapi meg\u00e9lhet\u00e9sedhez szeretn\u00e9l p\u00e9nz\u00fcgyi seg\u00edts\u00e9get? Akkor a szabad felhaszn\u00e1l\u00e1s\u00fa Di\u00e1khitel1-re van sz\u00fcks\u00e9ged. Ha az \u00f6nk\u00f6lts\u00e9gedet finansz\u00edrozn\u00e1d, akkor a Di\u00e1khitel2 ny\u00fajt sz\u00e1modra t\u00f6k\u00e9letes megold\u00e1st. A Di\u00e1khitel Plusz akkor j\u00f3 d\u00f6nt\u00e9s, ha olyan egyszeri seg\u00edts\u00e9gre van sz\u00fcks\u00e9ged, amit b\u00e1rmire felhaszn\u00e1lhatsz. Tanulm\u00e1nyaidhoz v\u00e1laszd a legkedvez\u0151bb p\u00e9nz\u00fcgyi seg\u00edts\u00e9get \u00e9s v\u00e1ltsd val\u00f3ra terveidet<\/p>\n","protected":false},"author":2961,"featured_media":0,"parent":640,"menu_order":38,"comment_status":"closed","ping_status":"closed","template":"","meta":{"_acf_changed":false,"footnotes":""},"categories":[],"tags":[],"class_list":["post-60172","page","type-page","status-publish","hentry"],"acf":[],"_links":{"self":[{"href":"https:\/\/univet.hu\/hu\/wp-json\/wp\/v2\/pages\/60172","targetHints":{"allow":["GET"]}}],"collection":[{"href":"https:\/\/univet.hu\/hu\/wp-json\/wp\/v2\/pages"}],"about":[{"href":"https:\/\/univet.hu\/hu\/wp-json\/wp\/v2\/types\/page"}],"author":[{"embeddable":true,"href":"https:\/\/univet.hu\/hu\/wp-json\/wp\/v2\/users\/2961"}],"replies":[{"embeddable":true,"href":"https:\/\/univet.hu\/hu\/wp-json\/wp\/v2\/comments?post=60172"}],"version-history":[{"count":0,"href":"https:\/\/univet.hu\/hu\/wp-json\/wp\/v2\/pages\/60172\/revisions"}],"up":[{"embeddable":true,"href":"https:\/\/univet.hu\/hu\/wp-json\/wp\/v2\/pages\/640"}],"wp:attachment":[{"href":"https:\/\/univet.hu\/hu\/wp-json\/wp\/v2\/media?parent=60172"}],"wp:term":[{"taxonomy":"category","embeddable":true,"href":"https:\/\/univet.hu\/hu\/wp-json\/wp\/v2\/categories?post=60172"},{"taxonomy":"post_tag","embeddable":true,"href":"https:\/\/univet.hu\/hu\/wp-json\/wp\/v2\/tags?post=60172"}],"curies":[{"name":"wp","href":"https:\/\/api.w.org\/{rel}","templated":true}]}}