{"id":6031,"date":"2016-02-26T18:32:00","date_gmt":"2016-02-26T17:32:00","guid":{"rendered":"http:\/\/univet.hu\/oktatas\/felveteli\/szakok-bemutatasa\/"},"modified":"2022-10-11T11:32:19","modified_gmt":"2022-10-11T09:32:19","slug":"szakok-bemutatasa","status":"publish","type":"page","link":"https:\/\/univet.hu\/hu\/felveteli\/szakok-bemutatasa\/","title":{"rendered":"Szakok bemutat\u00e1sa"},"content":{"rendered":"<p>Felv\u00e9teli \u00fcgyekkel kapcsolatban a <a class=\"decrypt\" rel=\"dtbqp\/ujnfbAvojwfu\/iv\" href=\"javascript:void(0);\">[Kattintson az emailc\u00edmhez]<\/a> c\u00edmen teheti fel k\u00e9rd\u00e9seit. Szem\u00e9lyesen vagy telefonon nyitvatart\u00e1si id\u0151ben a\u00a0<a title=\"Tanulmanyi Csoport\" href=\"https:\/\/univet.hu\/hu\/hallgato\/tanulmanyi-osztaly\" data-replaced=\"true\">tanulm\u00e1nyi oszt\u00e1lyon<\/a>\u00a0\u00e9rdekl\u0151dhet.<\/p> <p>&nbsp;<\/p> <p>V\u00e1lassza ki az \u00d6nt \u00e9rdekl\u0151 szakot a jobb oldali list\u00e1b\u00f3l.<\/p>","protected":false},"excerpt":{"rendered":"<p>Felv\u00e9teli \u00fcgyekkel kapcsolatban a [Kattintson az emailc\u00edmhez] c\u00edmen teheti fel k\u00e9rd\u00e9seit. Szem\u00e9lyesen vagy telefonon nyitvatart\u00e1si id\u0151ben a\u00a0tanulm\u00e1nyi oszt\u00e1lyon\u00a0\u00e9rdekl\u0151dhet. &nbsp; V\u00e1lassza ki az \u00d6nt \u00e9rdekl\u0151 szakot a jobb oldali list\u00e1b\u00f3l.<\/p>\n","protected":false},"author":1,"featured_media":0,"parent":1222,"menu_order":174,"comment_status":"closed","ping_status":"closed","template":"","meta":{"_acf_changed":false,"footnotes":""},"categories":[],"tags":[],"class_list":["post-6031","page","type-page","status-publish","hentry"],"acf":[],"_links":{"self":[{"href":"https:\/\/univet.hu\/hu\/wp-json\/wp\/v2\/pages\/6031","targetHints":{"allow":["GET"]}}],"collection":[{"href":"https:\/\/univet.hu\/hu\/wp-json\/wp\/v2\/pages"}],"about":[{"href":"https:\/\/univet.hu\/hu\/wp-json\/wp\/v2\/types\/page"}],"author":[{"embeddable":true,"href":"https:\/\/univet.hu\/hu\/wp-json\/wp\/v2\/users\/1"}],"replies":[{"embeddable":true,"href":"https:\/\/univet.hu\/hu\/wp-json\/wp\/v2\/comments?post=6031"}],"version-history":[{"count":0,"href":"https:\/\/univet.hu\/hu\/wp-json\/wp\/v2\/pages\/6031\/revisions"}],"up":[{"embeddable":true,"href":"https:\/\/univet.hu\/hu\/wp-json\/wp\/v2\/pages\/1222"}],"wp:attachment":[{"href":"https:\/\/univet.hu\/hu\/wp-json\/wp\/v2\/media?parent=6031"}],"wp:term":[{"taxonomy":"category","embeddable":true,"href":"https:\/\/univet.hu\/hu\/wp-json\/wp\/v2\/categories?post=6031"},{"taxonomy":"post_tag","embeddable":true,"href":"https:\/\/univet.hu\/hu\/wp-json\/wp\/v2\/tags?post=6031"}],"curies":[{"name":"wp","href":"https:\/\/api.w.org\/{rel}","templated":true}]}}