{"id":60356,"date":"2020-11-24T12:04:23","date_gmt":"2020-11-24T11:04:23","guid":{"rendered":"https:\/\/univet.hu\/?page_id=60356"},"modified":"2026-04-14T10:57:38","modified_gmt":"2026-04-14T08:57:38","slug":"szucs-somlyo-eva","status":"publish","type":"page","link":"https:\/\/univet.hu\/hu\/egyetem\/munkatarsak\/szucs-somlyo-eva\/","title":{"rendered":"Sz\u00fccs-Somly\u00f3 \u00c9va"},"content":{"rendered":"<p><strong>Bemutatkoz\u00e1s<\/strong><\/p> <p>Dr. Sz\u00fccs-Somly\u00f3 \u00c9va 2003-ban szerzett \u00e1llatorvos-doktori diplom\u00e1t, valamint fels\u0151fok\u00fa vadgazd\u00e1lkod\u00e1si szakir\u00e1ny\u00fa k\u00e9pzetts\u00e9get. Ezt k\u00f6vet\u0151en az \u00c1llatgy\u00f3gy\u00e1szati Olt\u00f3anyag-, Gy\u00f3gyszer- \u00e9s Takarm\u00e1nyellen\u0151rz\u0151 Int\u00e9zet (\u00c1OGYTI) munkat\u00e1rsak\u00e9nt baromfi vakcin\u00e1k t\u00f6rzsk\u00f6nyvez\u00e9s\u00e9vel foglalkozott. 2007-ben Gy\u0151rbe k\u00f6lt\u00f6z\u00f6tt, ahol az \u00e1llateg\u00e9szs\u00e9g\u00fcgyi technikusok oktat\u00e1s\u00e1ban vett r\u00e9szt. Ezzel p\u00e1rhuzamosan a diploma megszerz\u00e9s\u00e9t k\u00f6vet\u0151en t\u00f6bb \u00e9ven kereszt\u00fcl a klinikai gyakorlatban, valamint \u00e1llatpatik\u00e1ban is dolgozott m\u00e1sod\u00e1ll\u00e1sban. Tanulm\u00e1nyait a Semmelweis Egyetem Ment\u00e1lhigi\u00e9n\u00e9s \u00e9s Szervezetfejleszt\u0151 szakir\u00e1ny\u00e1n folytatta, ahol 2018-ban szerzett m\u00e1soddiplom\u00e1t. Az \u00c1llatorvostudom\u00e1nyi Egyetem J\u00e1rv\u00e1nytani \u00e9s Mikrobiol\u00f3giai Tansz\u00e9k\u00e9nek Immunol\u00f3giai Csoportj\u00e1ban 2018 \u00f3ta dolgozik. PhD-fokozat\u00e1t 2024-ben szerezte meg \u201eF\u00e9moxid r\u00e9szecsk\u00e9k, k\u00fcl\u00f6n\u00f6s tekintettel a ZnO inhal\u00e1ci\u00f3 immuntoxikol\u00f3giai hat\u00e1sainak vizsg\u00e1lata\u201d c\u00edm\u0171 \u00e9rtekez\u00e9s\u00e9vel.<\/p> <p><strong>F\u0151bb kutat\u00e1si ter\u00fcletek:<\/strong><\/p> <ul> <li>Hepatitis E<\/li> <li>F\u00e9m- \u00e9s nanoanyagok \u00e9lettani, immunol\u00f3giai, toxikol\u00f3giai hat\u00e1sai<\/li> <li>Vakcinafejleszt\u00e9s<\/li> <li>Daganat alapkutat\u00e1s sz\u00f6vetteny\u00e9szeteken \u2013 regenerat\u00edv medicina<\/li> <\/ul> <table width=\"761\"> <tbody> <tr> <td width=\"108\"><strong>Munkahelyek<\/strong><\/td> <td width=\"529\"><strong>\u00a0\u00a0 Int\u00e9zm\u00e9ny neve\u00a0\u00a0\u00a0\u00a0\u00a0\u00a0\u00a0\u00a0\u00a0\u00a0\u00a0\u00a0\u00a0\u00a0\u00a0\u00a0\u00a0\u00a0\u00a0\u00a0\u00a0\u00a0\u00a0\u00a0\u00a0\u00a0\u00a0\u00a0\u00a0\u00a0\u00a0\u00a0\u00a0\u00a0\u00a0\u00a0\u00a0\u00a0\u00a0\u00a0\u00a0\u00a0\u00a0\u00a0\u00a0\u00a0\u00a0\u00a0\u00a0\u00a0\u00a0\u00a0\u00a0\u00a0\u00a0\u00a0\u00a0\u00a0\u00a0\u00a0\u00a0\u00a0\u00a0\u00a0\u00a0\u00a0\u00a0\u00a0\u00a0\u00a0\u00a0\u00a0 Beoszt\u00e1s<\/strong><\/td> <td width=\"123\">&nbsp;<\/td> <\/tr> <\/tbody> <\/table> <p>2018-\u00a0\u00a0 \u00c1llatorvostudom\u00e1nyi Egyetem, J\u00e1rv\u00e1nytani \u00e9s Mikrobiol\u00f3giai Tansz\u00e9k,\u00a0Immunol\u00f3gia Csoport<\/p> <p>2018-2021 tansz\u00e9ki \u00e1llatorvos<\/p> <p>2022-2025 egyetemi tan\u00e1rseg\u00e9d<\/p> <p>2026-\u00a0\u00a0\u00a0\u00a0\u00a0\u00a0\u00a0\u00a0\u00a0\u00a0 egyetemi adjunktus<\/p> <p>2007-2018 &#8211; Veres P\u00e9ter Mez\u0151gazdas\u00e1gi \u00e9s \u00c9lelmiszeripari Szakgimn\u00e1zium, Szakk\u00f6z\u00e9piskola \u00e9s Koll\u00e9gium<\/p> <p>\u00e1llatorvos szaktan\u00e1r<\/p> <p>2005-2007 &#8211; \u00c1llatgy\u00f3gy\u00e1szati Olt\u00f3anyag\u2011, Gy\u00f3gyszer\u2011 \u00e9s Takarm\u00e1ny\u2011ellen\u0151rz\u0151 Int\u00e9zet \u00a0\u00a0\u00a0\u00a0\u00a0\u00a0\u00a0\u00a0\u00a0 (ma N\u00c9BIH \u00c1TI) Baromfi Olt\u00f3anyag Ellen\u0151rz\u0151 Oszt\u00e1ly<\/p> <p>laborat\u00f3riumi \u00e1llatorvos<\/p> <p><strong>Szakmai szervezeti tags\u00e1g<\/strong><\/p> <p><strong>Bizotts\u00e1g neve\u00a0\u00a0\u00a0\u00a0\u00a0\u00a0\u00a0\u00a0\u00a0\u00a0\u00a0\u00a0\u00a0\u00a0\u00a0\u00a0\u00a0\u00a0\u00a0\u00a0\u00a0\u00a0\u00a0\u00a0\u00a0\u00a0\u00a0\u00a0\u00a0\u00a0\u00a0\u00a0\u00a0\u00a0\u00a0\u00a0\u00a0\u00a0\u00a0\u00a0\u00a0\u00a0\u00a0\u00a0\u00a0\u00a0\u00a0\u00a0\u00a0\u00a0\u00a0\u00a0\u00a0\u00a0\u00a0\u00a0\u00a0\u00a0\u00a0\u00a0\u00a0\u00a0\u00a0\u00a0 Id\u0151\u00a0\u00a0\u00a0\u00a0\u00a0\u00a0\u00a0\u00a0\u00a0\u00a0\u00a0\u00a0\u00a0\u00a0\u00a0\u00a0\u00a0\u00a0\u00a0\u00a0\u00a0\u00a0\u00a0\u00a0\u00a0\u00a0\u00a0\u00a0\u00a0\u00a0\u00a0\u00a0\u00a0\u00a0\u00a0\u00a0\u00a0\u00a0\u00a0\u00a0\u00a0\u00a0\u00a0\u00a0\u00a0\u00a0\u00a0\u00a0\u00a0\u00a0\u00a0\u00a0\u00a0\u00a0\u00a0\u00a0\u00a0\u00a0\u00a0\u00a0\u00a0\u00a0\u00a0\u00a0\u00a0\u00a0\u00a0 Tiszts\u00e9g<\/strong><\/p> <p>Magyar Zoon\u00f3zis T\u00e1rsas\u00e1g\u00a0 \u00a0 \u00a0 \u00a0 \u00a0 \u00a0 \u00a0 \u00a0 \u00a0 \u00a0 \u00a0 \u00a0 \u00a0 \u00a0 \u00a0 \u00a0 \u00a0 \u00a0 \u00a0 \u00a0 \u00a0 \u00a0 \u00a0 \u00a0 \u00a0 \u00a0 2021 &#8211;\u00a0 \u00a0 \u00a0 \u00a0 \u00a0 \u00a0 \u00a0 \u00a0 \u00a0 \u00a0 \u00a0 \u00a0 \u00a0 \u00a0 \u00a0 \u00a0 \u00a0 \u00a0 \u00a0 \u00a0 \u00a0 \u00a0 \u00a0 \u00a0 \u00a0 \u00a0 \u00a0 \u00a0 \u00a0 \u00a0 \u00a0 \u00a0 \u00a0 \u00a0 \u00a0 tag<\/p> <p>Magyar Toxikol\u00f3gusok T\u00e1rsas\u00e1ga\u00a0 \u00a0 \u00a0 \u00a0 \u00a0 \u00a0 \u00a0 \u00a0 \u00a0 \u00a0 \u00a0 \u00a0 \u00a0 \u00a0 \u00a0 \u00a0 \u00a0 \u00a0 \u00a0 \u00a0 2023 &#8211;\u00a0 \u00a0 \u00a0 \u00a0 \u00a0 \u00a0 \u00a0 \u00a0 \u00a0 \u00a0 \u00a0 \u00a0 \u00a0 \u00a0 \u00a0 \u00a0 \u00a0 \u00a0 \u00a0 \u00a0 \u00a0 \u00a0 \u00a0 \u00a0 \u00a0 \u00a0 \u00a0 \u00a0 \u00a0 \u00a0 \u00a0 \u00a0 \u00a0 \u00a0 \u00a0tag<\/p> <p><strong>\u00a0Szakmai szervezeti tags\u00e1g &#8211; \u00f6nk\u00e9ntes tev\u00e9kenys\u00e9g\u00a0 <\/strong><\/p> <p><strong>Bizotts\u00e1g neve\u00a0 \u00a0 \u00a0 \u00a0 \u00a0 \u00a0 \u00a0 \u00a0 \u00a0 \u00a0 \u00a0 \u00a0 \u00a0 \u00a0 \u00a0 \u00a0 \u00a0 \u00a0 \u00a0 \u00a0 \u00a0 \u00a0 \u00a0 \u00a0 \u00a0 \u00a0 \u00a0 \u00a0 \u00a0 \u00a0 \u00a0 \u00a0 \u00a0 \u00a0 \u00a0 \u00a0 \u00a0 \u00a0 \u00a0 \u00a0 \u00a0 \u00a0 \u00a0 \u00a0 \u00a0 \u00a0 \u00a0 \u00a0 \u00a0 \u00a0 \u00a0 \u00a0 Id\u0151\u00a0\u00a0\u00a0\u00a0\u00a0\u00a0\u00a0\u00a0\u00a0\u00a0\u00a0\u00a0\u00a0\u00a0\u00a0\u00a0\u00a0\u00a0\u00a0\u00a0\u00a0\u00a0\u00a0\u00a0\u00a0\u00a0\u00a0\u00a0\u00a0\u00a0\u00a0\u00a0\u00a0\u00a0\u00a0\u00a0\u00a0\u00a0\u00a0\u00a0\u00a0\u00a0\u00a0\u00a0\u00a0\u00a0\u00a0\u00a0\u00a0\u00a0\u00a0\u00a0\u00a0\u00a0\u00a0\u00a0\u00a0\u00a0\u00a0\u00a0\u00a0\u00a0\u00a0\u00a0\u00a0\u00a0\u00a0 Tiszts\u00e9g<\/strong><\/p> <ul> <li>\u00c9rintettek Egyes\u00fclet\u00a0 \u00a0 \u00a0 \u00a0 \u00a0 \u00a0 \u00a0 \u00a0 \u00a0 \u00a0 \u00a0 \u00a0 \u00a0 \u00a0 \u00a0 \u00a0 \u00a0 \u00a0 \u00a0 \u00a0 \u00a0 \u00a0 \u00a0 \u00a0 \u00a0 \u00a0 \u00a0 \u00a0 \u00a0 \u00a0 \u00a0 \u00a0 \u00a0 \u00a0 \u00a0 \u00a0 \u00a0 \u00a0 \u00a0 \u00a0 \u00a0 \u00a0 \u00a0 \u00a02016 &#8211;\u00a0 \u00a0 \u00a0 \u00a0 \u00a0 \u00a0 \u00a0 \u00a0 \u00a0 \u00a0 \u00a0 \u00a0 \u00a0 \u00a0 \u00a0 \u00a0 \u00a0 \u00a0 \u00a0 \u00a0 \u00a0 \u00a0 \u00a0 \u00a0 \u00a0 \u00a0 \u00a0 \u00a0 \u00a0 \u00a0 alap\u00edt\u00f3 \u00e9s eln\u00f6ks\u00e9gi tag<\/li> <li>SPAGN (Sarcoma Patient Advocacy Global Network)\u00a0 \u00a0 \u00a0 \u00a0 \u00a0 \u00a0 \u00a0 \u00a0 \u00a0 \u00a0 \u00a0 \u00a0 \u00a0 \u00a0 2020 &#8211;\u00a0 \u00a0 \u00a0 \u00a0 \u00a0 \u00a0 \u00a0 \u00a0 \u00a0 \u00a0 \u00a0 \u00a0 \u00a0 \u00a0 \u00a0 \u00a0 \u00a0 \u00a0 \u00a0 \u00a0 \u00a0 \u00a0 \u00a0 \u00a0 \u00a0 \u00a0 \u00a0 \u00a0 \u00a0 \u00a0 \u00a0 \u00a0 \u00a0 \u00a0 \u00a0 \u00a0tag<\/li> <li>PanCare (Pan-European Network<\/li> <\/ul> <p>for Care of Survivors after Childhood and Adolescent Cancer\u00a0 \u00a0 \u00a0 \u00a0 2022 &#8211;\u00a0 \u00a0 \u00a0 \u00a0 \u00a0 \u00a0 \u00a0 \u00a0 \u00a0 \u00a0 \u00a0 \u00a0 \u00a0 \u00a0 \u00a0 \u00a0 \u00a0 \u00a0 \u00a0 \u00a0 \u00a0 \u00a0 \u00a0 \u00a0 \u00a0 \u00a0 \u00a0 \u00a0 \u00a0 \u00a0 \u00a0 \u00a0 \u00a0 \u00a0 \u00a0 tag<\/p> <ul> <li>Bone Sarcoma Alliance munkacsoport\u00a0 \u00a0 \u00a0 \u00a0 \u00a0 \u00a0 \u00a0 \u00a0 \u00a0 \u00a0 \u00a0 \u00a0 \u00a0 \u00a0 \u00a0 \u00a0 \u00a0 \u00a0 \u00a0 \u00a0 \u00a0 \u00a0 \u00a0 \u00a0 \u00a0 \u00a0 \u00a0 \u00a02023 &#8211;\u00a0 \u00a0 \u00a0 \u00a0 \u00a0 \u00a0 \u00a0 \u00a0 \u00a0 \u00a0 \u00a0 \u00a0 \u00a0 \u00a0 \u00a0 \u00a0 \u00a0 \u00a0 \u00a0 \u00a0 \u00a0 \u00a0 \u00a0 \u00a0 \u00a0 \u00a0 \u00a0 \u00a0 \u00a0 \u00a0 \u00a0 \u00a0 \u00a0alap\u00edt\u00f3 tag<\/li> <li>Euro-Ewing Consortium\u00a0 \u00a0 \u00a0 \u00a0 \u00a0 \u00a0 \u00a0 \u00a0 \u00a0 \u00a0 \u00a0 \u00a0 \u00a0 \u00a0 \u00a0 \u00a0 \u00a0 \u00a0 \u00a0 \u00a0 \u00a0 \u00a0 \u00a0 \u00a0 \u00a0 \u00a0 \u00a0 \u00a0 \u00a0 \u00a0 \u00a0 \u00a0 \u00a0 \u00a0 \u00a0 \u00a0 \u00a0 \u00a0 \u00a0 \u00a02023 &#8211;\u00a0 \u00a0 \u00a0 \u00a0 \u00a0 \u00a0 \u00a0 \u00a0 \u00a0 \u00a0 \u00a0 \u00a0 \u00a0 \u00a0 \u00a0 \u00a0 \u00a0 \u00a0 \u00a0 \u00a0 \u00a0 \u00a0 \u00a0 \u00a0 \u00a0 \u00a0 \u00a0 \u00a0 \u00a0 \u00a0 \u00a0 \u00a0 \u00a0 \u00a0 \u00a0 \u00a0tag<\/li> <\/ul> <p><strong>\u00a0<\/strong><\/p> <p>&nbsp;<\/p> <p><strong>Eddigi szakdolgozat\/TDK hallgat\u00f3k sz\u00e1ma: <\/strong>3+<\/p> <p><strong>Publik\u00e1ci\u00f3s lista<\/strong><\/p> <p>MTMT: <a href=\"https:\/\/m2.mtmt.hu\/gui2\/?type=authors&amp;mode=browse&amp;sel=authors10078360\"><strong>https:\/\/m2.mtmt.hu\/gui2\/?type=authors&amp;mode=browse&amp;sel=authors10078360<\/strong><\/a><\/p>","protected":false},"excerpt":{"rendered":"<p>Bemutatkoz\u00e1s Dr. Sz\u00fccs-Somly\u00f3 \u00c9va 2003-ban szerzett \u00e1llatorvos-doktori diplom\u00e1t, valamint fels\u0151fok\u00fa vadgazd\u00e1lkod\u00e1si szakir\u00e1ny\u00fa k\u00e9pzetts\u00e9get. Ezt k\u00f6vet\u0151en az \u00c1llatgy\u00f3gy\u00e1szati Olt\u00f3anyag-, Gy\u00f3gyszer- \u00e9s Takarm\u00e1nyellen\u0151rz\u0151 Int\u00e9zet (\u00c1OGYTI) munkat\u00e1rsak\u00e9nt baromfi vakcin\u00e1k t\u00f6rzsk\u00f6nyvez\u00e9s\u00e9vel foglalkozott. 2007-ben Gy\u0151rbe k\u00f6lt\u00f6z\u00f6tt, ahol az \u00e1llateg\u00e9szs\u00e9g\u00fcgyi technikusok oktat\u00e1s\u00e1ban vett r\u00e9szt. Ezzel p\u00e1rhuzamosan a diploma megszerz\u00e9s\u00e9t k\u00f6vet\u0151en t\u00f6bb \u00e9ven kereszt\u00fcl a klinikai gyakorlatban, valamint \u00e1llatpatik\u00e1ban is dolgozott m\u00e1sod\u00e1ll\u00e1sban.<\/p>\n","protected":false},"author":5824,"featured_media":0,"parent":858,"menu_order":38,"comment_status":"closed","ping_status":"closed","template":"","meta":{"_acf_changed":false,"footnotes":""},"categories":[56],"tags":[],"class_list":["post-60356","page","type-page","status-publish","hentry","category-munkatarsak"],"acf":[],"_links":{"self":[{"href":"https:\/\/univet.hu\/hu\/wp-json\/wp\/v2\/pages\/60356","targetHints":{"allow":["GET"]}}],"collection":[{"href":"https:\/\/univet.hu\/hu\/wp-json\/wp\/v2\/pages"}],"about":[{"href":"https:\/\/univet.hu\/hu\/wp-json\/wp\/v2\/types\/page"}],"author":[{"embeddable":true,"href":"https:\/\/univet.hu\/hu\/wp-json\/wp\/v2\/users\/5824"}],"replies":[{"embeddable":true,"href":"https:\/\/univet.hu\/hu\/wp-json\/wp\/v2\/comments?post=60356"}],"version-history":[{"count":4,"href":"https:\/\/univet.hu\/hu\/wp-json\/wp\/v2\/pages\/60356\/revisions"}],"predecessor-version":[{"id":205177,"href":"https:\/\/univet.hu\/hu\/wp-json\/wp\/v2\/pages\/60356\/revisions\/205177"}],"up":[{"embeddable":true,"href":"https:\/\/univet.hu\/hu\/wp-json\/wp\/v2\/pages\/858"}],"wp:attachment":[{"href":"https:\/\/univet.hu\/hu\/wp-json\/wp\/v2\/media?parent=60356"}],"wp:term":[{"taxonomy":"category","embeddable":true,"href":"https:\/\/univet.hu\/hu\/wp-json\/wp\/v2\/categories?post=60356"},{"taxonomy":"post_tag","embeddable":true,"href":"https:\/\/univet.hu\/hu\/wp-json\/wp\/v2\/tags?post=60356"}],"curies":[{"name":"wp","href":"https:\/\/api.w.org\/{rel}","templated":true}]}}