{"id":6039,"date":"2017-11-30T20:15:00","date_gmt":"2017-11-30T19:15:00","guid":{"rendered":"http:\/\/univet.hu\/oktatas\/felveteli\/nyilt-nap\/"},"modified":"2025-12-03T08:57:27","modified_gmt":"2025-12-03T07:57:27","slug":"nyilt-nap","status":"publish","type":"page","link":"https:\/\/univet.hu\/hu\/felveteli\/nyilt-nap\/","title":{"rendered":"Ny\u00edlt nap"},"content":{"rendered":"<p><span style=\"color: #ff0000\"><strong>Az ONLINE k\u00f6zvet\u00edt\u00e9s a lenti k\u00e9pre kattintva lesz el\u00e9rhet\u0151.<\/strong><\/span>&nbsp;<br \/> <iframe width=\"560\" height=\"315\" src=https:\/\/www.youtube.com\/embed\/gdb-dAxnPSI?si=f0At6YXsFEZ-CFtm title=\"YouTube video player\" frameborder=\"0\" allow=\"accelerometer; autoplay; clipboard-write; encrypted-media; gyroscope; picture-in-picture; web-share\" referrerpolicy=\"strict-origin-when-cross-origin\" allowfullscreen><\/iframe><\/p> <p>&nbsp;<\/p> <p>&nbsp;<\/p> <p style=\"text-align: center\"><strong>2025. december 3-\u00e1n, szerd\u00e1n, 14 \u00f3r\u00e1t\u00f3l tartjuk az \u00c1llatorvostudom\u00e1nyi Egyetem ny\u00edlt napj\u00e1t.<\/strong><\/p> <p style=\"text-align: center\">\u00d6sszesen <strong>500 di\u00e1kot<\/strong>\u00a0tudunk fogadni szem\u00e9lyesen az Aul\u00e1ban, a t\u00f6bbi \u00e9rdekl\u0151d\u0151 di\u00e1k online tudja k\u00f6vetni a programot.<\/p> <p style=\"text-align: center\"><em><span style=\"color: #ff0000\">Megk\u00e9rj\u00fck a kedves sz\u00fcl\u0151ket, hogy a Hetzel Henrik el\u0151ad\u00f3ban foglaljanak majd helyet, ahol kivet\u00edt\u0151n tudj\u00e1k k\u00f6vetni az esem\u00e9nyeket.<\/span><\/em><\/p> <p style=\"text-align: center\"><strong>A ny\u00edlt napra \u00e9rkez\u0151 vend\u00e9geink beenged\u00e9se a Bethlen G\u00e1bor utcai bej\u00e1rat fel\u0151l fog t\u00f6rt\u00e9nni.<\/strong><\/p> <p>&nbsp;<\/p> <p style=\"text-align: center\"><strong><span style=\"font-size: 12pt;color: #1a1a1a\">A ny\u00edlt napon val\u00f3 r\u00e9szv\u00e9tel regisztr\u00e1ci\u00f3hoz k\u00f6t\u00f6tt, melyet az al\u00e1bbi linkre kattintva tehetsz meg:<\/span><\/strong><\/p> <p style=\"text-align: center\">Szem\u00e9lyesen szeretn\u00e9k r\u00e9szt venni:<strong>\u00a0<a href=\"https:\/\/indico.univet.hu\/event\/164\/\">regisztr\u00e1ci\u00f3 di\u00e1koknak<\/a>\u00a0<\/strong>(max 500 f\u0151 &#8211; <span style=\"color: #ff0000\"><strong>betelt<\/strong><\/span>)<\/p> <p style=\"text-align: center\">Szem\u00e9lyesen szeretn\u00e9k r\u00e9szt venni k\u00eds\u00e9r\u0151k\u00e9nt:<a href=\"https:\/\/indico.univet.hu\/event\/163\/\"><strong> regisztr\u00e1ci\u00f3 k\u00eds\u00e9r\u0151knek<\/strong><\/a> (max 135 f\u0151 &#8211; <span style=\"color: #ff0000\"><strong>betelt<\/strong><\/span>)<\/p> <p style=\"text-align: center\">Online szeretn\u00e9k r\u00e9szt venni: <a href=\"https:\/\/indico.univet.hu\/event\/162\/\"><b>regisztr\u00e1ci\u00f3<\/b><\/a><\/p> <p>&nbsp;<\/p> <div dir=\"auto\"> <p style=\"text-align: center\"><span class=\"emphasis\" style=\"font-size: 14pt\"><strong>Program<\/strong>:<\/span><\/p> <ul> <li><strong>Prof. Dr. S\u00f3tonyi P\u00e9ter<\/strong>\u00a0rektor \u2013 Rektori k\u00f6sz\u00f6nt\u0151, Marek J\u00f3zsef \u00d6szt\u00f6nd\u00edjprogram ismertet\u00e9se<\/li> <li><strong>Dr. \u00d3zsv\u00e1ri L\u00e1szl\u00f3<\/strong> oktat\u00e1si rektorhelyettes \u2013 A felv\u00e9teli elj\u00e1r\u00e1s folyamat\u00e1r\u00f3l, az \u00e1llatorvos k\u00e9pz\u00e9s szerkezet\u00e9r\u0151l, a gyakorlati k\u00e9pz\u00e9sr\u0151l<\/li> <li><strong>Dr. Kosztol\u00e1nyi Andr\u00e1s<\/strong> egyetemi docens, int\u00e9zetvezet\u0151 \u2013 T\u00e1j\u00e9koztat\u00f3 a kutat\u00f3 zool\u00f3gus k\u00e9pz\u00e9sr\u0151l<\/li> <li><b>Vask\u00f3 Lili Hanna<\/b> \u00f6t\u00f6d\u00e9ves \u00e1llatorvostan-hallgat\u00f3 \u2013 Egyetemi tapasztalatok megoszt\u00e1sa<\/li> <\/ul> <p><strong>Az el\u0151ad\u00e1sok ut\u00e1n a feltett k\u00e9rd\u00e9sekre az el\u0151ad\u00f3k v\u00e1laszolnak, az el\u0151zetesen regisztr\u00e1lt di\u00e1kok sz\u00e1m\u00e1ra.<\/strong><\/p> <p>Gyere el szem\u00e9lyesen vagy kapcsol\u00f3dj be \u00e9s szerezz te is r\u00e9szletes inform\u00e1ci\u00f3kat k\u00e9pz\u00e9seinkr\u0151l! L\u00e9gy r\u00e9szese egy j\u00f3 hangulat\u00fa t\u00e1j\u00e9koztat\u00f3nak!<\/p> <p>&nbsp;<\/p> <p><span class=\"emphasis\" style=\"font-size: 14pt\"><strong>K\u00e9pz\u00e9sek<\/strong>:<\/span><\/p> <ul> <li>Osztatlan k\u00e9pz\u00e9s: \u00e1llatorvosi<\/li> <li>Osztatlan k\u00e9pz\u00e9s: kutat\u00f3 zool\u00f3gus<\/li> <\/ul> <p><strong>Tov\u00e1bbi inform\u00e1ci\u00f3:<\/strong>\u00a0<a class=\"decrypt\" rel=\"dtbqp\/ujnfbAvojwfu\/iv\" href=\"javascript:void(0);\">[Kattintson az emailc\u00edmhez]<\/a><\/p> <p>&nbsp;<\/p> <h3>Kutat\u00f3 zool\u00f3gus szakmai bemutat\u00f3 \u00e9s r\u00e9szletes t\u00e1j\u00e9koztat\u00f3<\/h3> <p>Azon di\u00e1kok sz\u00e1m\u00e1ra, akik r\u00e9szletesebben \u00e9rdekl\u0151dnek az <strong>angol nyelv\u0171 kutat\u00f3 zool\u00f3gus osztatlan mesterk\u00e9pz\u00e9s\u00fcnk<\/strong> ir\u00e1nt, <strong>13:00<\/strong>-t\u00f3l t\u00e1j\u00e9koztat\u00f3t tartunk az Istv\u00e1n utcai campus (1078 Budapest, Istv\u00e1n utca 2.) <strong>Hetzel Henrik\u00a0el\u0151ad\u00f3j\u00e1ban<\/strong>. Itt tal\u00e1lkozhatnak a Biol\u00f3giai Int\u00e9zet oktat\u00f3ival \u00e9s hallgat\u00f3ival, akik a r\u00e9szletes t\u00e1j\u00e9koztat\u00e1s mellett a felmer\u00fcl\u0151 k\u00e9rd\u00e9sekre is sz\u00edvesen v\u00e1laszolnak.<\/p> <p>A t\u00e1j\u00e9koztat\u00f3 el\u0151tt az \u00e9rdekl\u0151d\u0151knek n\u00e9gy id\u0151pontban (09:00, 10:00, 11:00 \u00e9s 12:00) egy\u00f3r\u00e1s <strong>szakmai gyakorlati bemutat\u00f3t<\/strong> tartunk a <strong>Biol\u00f3giai Int\u00e9zetben<\/strong> (1077 Budapest, Rottenbiller utca 50.).<\/p> <p><strong>Regisztr\u00e1ci\u00f3 (csak szem\u00e9lyes r\u00e9szv\u00e9tel)<\/strong><\/p> <p>13:00 t\u00e1j\u00e9koztat\u00f3 &#8211; <a href=\"https:\/\/indico.univet.hu\/event\/167\/\">regisztr\u00e1ci\u00f3<\/a> (maximum 130 f\u0151)<\/p> <p>09:00 szakmai gyakorlati bemutat\u00f3 &#8211; <a href=\"https:\/\/indico.univet.hu\/event\/168\/\">regisztr\u00e1ci\u00f3<\/a> (maximum 30 f\u0151)<\/p> <p>10:00 szakmai gyakorlati bemutat\u00f3 &#8211; <a href=\"https:\/\/indico.univet.hu\/event\/169\/\">regisztr\u00e1ci\u00f3<\/a> (maximum 30 f\u0151)<\/p> <p>11:00 szakmai gyakorlati bemutat\u00f3 &#8211; <a href=\"https:\/\/indico.univet.hu\/event\/170\/\">regisztr\u00e1ci\u00f3<\/a> (maximum 30 f\u0151)<\/p> <p>12:00 szakmai gyakorlati bemutat\u00f3 &#8211; <a href=\"https:\/\/indico.univet.hu\/event\/171\/\">regisztr\u00e1ci\u00f3<\/a> (maximum 30 f\u0151)<\/p> <p><strong>Tov\u00e1bbi inform\u00e1ci\u00f3k a kutat\u00f3 zool\u00f3gus szakr\u00f3l:<\/strong>\u00a0<a href=\"https:\/\/univet.hu\/hu\/biologia\/zool\/\">https:\/\/univet.hu\/hu\/biologia\/zool\/<\/a><\/p> <p>&nbsp;<\/p> <h3>Campus T\u00faravezet\u00e9s<\/h3> <p>A ny\u00edlt napon k\u00e9t id\u0151pontban is, 12 \u00e9s 13 \u00f3r\u00e1t\u00f3l, <strong>Campus t\u00faravezet\u00e9sre<\/strong> v\u00e1rjuk az \u00e9rdekl\u0151d\u0151 di\u00e1kokat \u00e9s sz\u00fcleiket.\u00a0<strong>Tal\u00e1lkoz\u00f3 12:00 \u00e9s 13:00-kor az egyetem udvar\u00e1n, a &#8216;H&#8217; \u00e9p\u00fclet el\u0151tti sz\u00f6k\u0151k\u00fatn\u00e1l.<\/strong><\/p> <p style=\"text-align: center\"><a href=\"https:\/\/indico.univet.hu\/event\/165\/\">Regisztr\u00e1ci\u00f3 a 12 \u00f3rakor kezd\u0151d\u0151 t\u00far\u00e1ra<\/a> (max 150 f\u0151)<\/p> <p style=\"text-align: center\"><a href=\"https:\/\/indico.univet.hu\/event\/166\/\">Regisztr\u00e1ci\u00f3 a 13 \u00f3rakor kezd\u0151d\u0151 t\u00far\u00e1ra<\/a> (max 150 f\u0151)<\/p> <p>A ny\u00edlt napon t\u00e1rlatvezet\u00e9ssel l\u00e1togathat\u00f3 az <strong>\u00c1llatorvos-t\u00f6rt\u00e9neti gy\u0171jtem\u00e9ny anyag\u00e1b\u00f3l rendezett Egyetemt\u00f6rt\u00e9neti\u00a0ki\u00e1ll\u00edt\u00e1s<\/strong>, melyet a rendezv\u00e9ny el\u0151tt 13 \u00f3r\u00e1t\u00f3l \u00e9s ut\u00e1na is meg tudnak tekinteni.<\/p> <p><a href=\"https:\/\/univet.hu\/wp-content\/uploads\/2019\/02\/bika-hallgat\u00f3kkal.jpg\"><img loading=\"lazy\" decoding=\"async\" class=\"aligncenter wp-image-33913 size-large\" src=\"https:\/\/univet.hu\/wp-content\/uploads\/2019\/02\/bika-hallgat\u00f3kkal-960x639.jpg\" alt=\"\" width=\"640\" height=\"426\" srcset=\"https:\/\/univet.hu\/wp-content\/uploads\/2019\/02\/bika-hallgat\u00f3kkal-960x639.jpg 960w, https:\/\/univet.hu\/wp-content\/uploads\/2019\/02\/bika-hallgat\u00f3kkal-320x213.jpg 320w, https:\/\/univet.hu\/wp-content\/uploads\/2019\/02\/bika-hallgat\u00f3kkal-768x511.jpg 768w, https:\/\/univet.hu\/wp-content\/uploads\/2019\/02\/bika-hallgat\u00f3kkal.jpg 1209w\" sizes=\"auto, (max-width: 640px) 100vw, 640px\" \/><\/a><\/p> <p>&nbsp;<\/p> <p>Virtu\u00e1lis t\u00far\u00e1nkat azok sz\u00e1m\u00e1ra aj\u00e1nljuk, akik szem\u00e9lyesen nem tudnak elj\u00f6nni hozz\u00e1nk: <a href=\"https:\/\/univet.hu\/virttour\/hu\/\" target=\"_blank\" rel=\"noopener\">Kattints ide \u00e9s n\u00e9zz k\u00f6r\u00fcl a kampuszon<\/a><\/p> <p style=\"text-align: left\"><strong><span class=\"emphasis\" style=\"font-size: 14pt\">S\u00fag\u00f3k\u00a0<\/span><\/strong><\/p> <p>Microsoft Teams <a href=\"https:\/\/support.microsoft.com\/hu-hu\/office\/els%c5%91-l%c3%a9p%c3%a9sek-az-%c3%a9l%c5%91-microsoft-teams-esem%c3%a9nyekkel-d077fec2-a058-483e-9ab5-1494afda578a?ui=hu-hu&amp;rs=hu-hu&amp;ad=hu\" target=\"_blank\" rel=\"noopener\">tov\u00e1bbi inform\u00e1ci\u00f3k a haszn\u00e1latr\u00f3l<\/a><\/p> <p><a href=\"https:\/\/univet.hu\/wp-content\/uploads\/2020\/10\/Step-by-Step-MS-Teams-haszn\u00e1lat\u00e1hoz.pdf\">Seg\u00edts\u00e9g l\u00e9p\u00e9sr\u0151l l\u00e9p\u00e9sre<\/a><\/p> <p><span style=\"text-align: right\">Minden \u00e9rdekl\u0151d\u0151t szeretettel v\u00e1runk!<\/span><\/p> <\/div> <div dir=\"auto\"> <p><em>A programv\u00e1ltoz\u00e1s jog\u00e1t fenntartjuk.<\/em><\/p> <\/div> <p>&nbsp;<\/p>","protected":false},"excerpt":{"rendered":"<p>Az ONLINE k\u00f6zvet\u00edt\u00e9s a lenti k\u00e9pre kattintva lesz el\u00e9rhet\u0151.&nbsp; &nbsp; &nbsp; 2025. december 3-\u00e1n, szerd\u00e1n, 14 \u00f3r\u00e1t\u00f3l tartjuk az \u00c1llatorvostudom\u00e1nyi Egyetem ny\u00edlt napj\u00e1t. \u00d6sszesen 500 di\u00e1kot\u00a0tudunk fogadni szem\u00e9lyesen az Aul\u00e1ban, a t\u00f6bbi \u00e9rdekl\u0151d\u0151 di\u00e1k online tudja k\u00f6vetni a programot. Megk\u00e9rj\u00fck a kedves sz\u00fcl\u0151ket, hogy a Hetzel Henrik el\u0151ad\u00f3ban foglaljanak majd helyet, ahol kivet\u00edt\u0151n tudj\u00e1k k\u00f6vetni<\/p>\n","protected":false},"author":1,"featured_media":0,"parent":1222,"menu_order":174,"comment_status":"closed","ping_status":"closed","template":"","meta":{"_acf_changed":false,"footnotes":""},"categories":[],"tags":[],"class_list":["post-6039","page","type-page","status-publish","hentry"],"acf":[],"_links":{"self":[{"href":"https:\/\/univet.hu\/hu\/wp-json\/wp\/v2\/pages\/6039","targetHints":{"allow":["GET"]}}],"collection":[{"href":"https:\/\/univet.hu\/hu\/wp-json\/wp\/v2\/pages"}],"about":[{"href":"https:\/\/univet.hu\/hu\/wp-json\/wp\/v2\/types\/page"}],"author":[{"embeddable":true,"href":"https:\/\/univet.hu\/hu\/wp-json\/wp\/v2\/users\/1"}],"replies":[{"embeddable":true,"href":"https:\/\/univet.hu\/hu\/wp-json\/wp\/v2\/comments?post=6039"}],"version-history":[{"count":8,"href":"https:\/\/univet.hu\/hu\/wp-json\/wp\/v2\/pages\/6039\/revisions"}],"predecessor-version":[{"id":196608,"href":"https:\/\/univet.hu\/hu\/wp-json\/wp\/v2\/pages\/6039\/revisions\/196608"}],"up":[{"embeddable":true,"href":"https:\/\/univet.hu\/hu\/wp-json\/wp\/v2\/pages\/1222"}],"wp:attachment":[{"href":"https:\/\/univet.hu\/hu\/wp-json\/wp\/v2\/media?parent=6039"}],"wp:term":[{"taxonomy":"category","embeddable":true,"href":"https:\/\/univet.hu\/hu\/wp-json\/wp\/v2\/categories?post=6039"},{"taxonomy":"post_tag","embeddable":true,"href":"https:\/\/univet.hu\/hu\/wp-json\/wp\/v2\/tags?post=6039"}],"curies":[{"name":"wp","href":"https:\/\/api.w.org\/{rel}","templated":true}]}}