{"id":6051,"date":"2018-04-10T11:18:00","date_gmt":"2018-04-10T09:18:00","guid":{"rendered":"http:\/\/univet.hu\/kutatas\/uj-nemzeti-kivalosag-program-unkp-2018-2019\/"},"modified":"2018-09-08T20:49:27","modified_gmt":"2018-09-08T18:49:27","slug":"uj-nemzeti-kivalosag-program-unkp-2018-2019","status":"publish","type":"page","link":"https:\/\/univet.hu\/hu\/kutatas\/uj-nemzeti-kivalosag-program-unkp-2018-2019\/","title":{"rendered":"\u00daj Nemzeti Kiv\u00e1l\u00f3s\u00e1g Program (\u00daNKP) \u2013 2018\/2019"},"content":{"rendered":"<p>&Uacute;j Nemzeti Kiv&aacute;l&oacute;s&aacute;g Program (&Uacute;NKP) &ndash; 2018\/2019<\/p> <p>A Program c&eacute;lja a tudom&aacute;nyos ut&aacute;np&oacute;tl&aacute;s meger\u0151s&iacute;t&eacute;se, a tudom&aacute;nyos &eacute;letp&aacute;lya vonz&oacute;v&aacute; t&eacute;tele, a kiv&aacute;l&oacute; oktat&oacute;k, kutat&oacute;k p&aacute;ly&aacute;n&nbsp;&eacute;s itthon tart&aacute;sa, illetve az egyetemek tudom&aacute;nyos teljes&iacute;tm&eacute;ny&eacute;nek &ouml;szt&ouml;nz&eacute;se. A program keret&eacute;ben a kiv&aacute;l&oacute;, kutat&aacute;si tev&eacute;kenys&eacute;get v&eacute;gz\u0151 fels\u0151oktat&aacute;si hallgat&oacute;k [alapk&eacute;pz&eacute;s, mester (osztatlan)&nbsp;k&eacute;pz&eacute;s, doktori k&eacute;pz&eacute;s], doktorjel&ouml;ltek, fiatal oktat&oacute;k, kutat&oacute;k 5 havi, illetve 10 havi &ouml;szt&ouml;nd&iacute;jban r&eacute;szes&uuml;lnek, a fogad&oacute; fels\u0151oktat&aacute;si int&eacute;zm&eacute;nyek pedig a saj&aacute;t nyertes p&aacute;ly&aacute;z&oacute;ik &ouml;szt&ouml;nd&iacute;j &ouml;sszeg&eacute;nek 40%-a m&eacute;rt&eacute;k&eacute;ben kutat&aacute;si-m\u0171k&ouml;d&eacute;si t&aacute;mogat&aacute;st kapnak. A hallgat&oacute;k, doktorjel&ouml;ltek &eacute;s fiatal oktat&oacute;-kutat&oacute;k &ndash;&nbsp;t&aacute;mogatott c&eacute;lcsoportt&oacute;l f&uuml;gg\u0151en &ndash;&nbsp;50.000&ndash;350.000 forint\/h&oacute; nett&oacute; t&aacute;mogat&aacute;sban r&eacute;szes&uuml;lnek.<\/p> <p>A teljes p&aacute;ly&aacute;zati dokument&aacute;ci&oacute; el&eacute;rhet\u0151 a k&ouml;vetkez\u0151 oldalon kereszt&uuml;l:&nbsp;<a href=\"http:\/\/www.kormany.hu\/download\/2\/1e\/51000\/%C3%9ANKP.zip#!DocumentBrowse\" data-replaced=\"true\">http:\/\/www.kormany.hu\/download\/2\/1e\/51000\/%C3%9ANKP.zip#!DocumentBrowse<\/a><\/p> <p>Az egyetem &Uacute;NKP &uuml;gyint&eacute;z\u0151je:<br \/>  Szalai &Aacute;gnes<br \/>  T: +36-(1)-478-4100 \/ 8384<br \/>  H: 13.00-15.00; K: 9.00-11.00; SZ: 13.00-15.00; CS: 9.00-11.00<br \/>  <a class=\"decrypt\" rel=\"t{bmbj\/bhoftAvojwfu\/iv\" href=\"javascript:void(0);\">[Kattintson az emailc\u00edmhez]<\/a><\/p>","protected":false},"excerpt":{"rendered":"<p>A program c\u00e9lja a tudom\u00e1nyos ut\u00e1np\u00f3tl\u00e1s meger\u0151s\u00edt\u00e9se, a tudom\u00e1nyos \u00e9letp\u00e1lya vonz\u00f3v\u00e1 t\u00e9tele, a kiv\u00e1l\u00f3 oktat\u00f3k, kutat\u00f3k p\u00e1ly\u00e1n \u00e9s itthon tart\u00e1s. V\u00e1rjuk minden \u00e9rdekl\u0151d\u0151 hallgat\u00f3, doktorjel\u00f6lt \u00e9s fiatal oktat\u00f3-kutat\u00f3 jelentkez\u00e9s\u00e9t.<\/p>\n","protected":false},"author":1,"featured_media":0,"parent":1353,"menu_order":172,"comment_status":"closed","ping_status":"closed","template":"page-templates\/page-column-grid.php","meta":{"_acf_changed":false,"footnotes":""},"categories":[],"tags":[],"class_list":["post-6051","page","type-page","status-publish","hentry"],"acf":[],"_links":{"self":[{"href":"https:\/\/univet.hu\/hu\/wp-json\/wp\/v2\/pages\/6051","targetHints":{"allow":["GET"]}}],"collection":[{"href":"https:\/\/univet.hu\/hu\/wp-json\/wp\/v2\/pages"}],"about":[{"href":"https:\/\/univet.hu\/hu\/wp-json\/wp\/v2\/types\/page"}],"author":[{"embeddable":true,"href":"https:\/\/univet.hu\/hu\/wp-json\/wp\/v2\/users\/1"}],"replies":[{"embeddable":true,"href":"https:\/\/univet.hu\/hu\/wp-json\/wp\/v2\/comments?post=6051"}],"version-history":[{"count":0,"href":"https:\/\/univet.hu\/hu\/wp-json\/wp\/v2\/pages\/6051\/revisions"}],"up":[{"embeddable":true,"href":"https:\/\/univet.hu\/hu\/wp-json\/wp\/v2\/pages\/1353"}],"wp:attachment":[{"href":"https:\/\/univet.hu\/hu\/wp-json\/wp\/v2\/media?parent=6051"}],"wp:term":[{"taxonomy":"category","embeddable":true,"href":"https:\/\/univet.hu\/hu\/wp-json\/wp\/v2\/categories?post=6051"},{"taxonomy":"post_tag","embeddable":true,"href":"https:\/\/univet.hu\/hu\/wp-json\/wp\/v2\/tags?post=6051"}],"curies":[{"name":"wp","href":"https:\/\/api.w.org\/{rel}","templated":true}]}}