{"id":60522,"date":"2020-11-26T15:08:46","date_gmt":"2020-11-26T14:08:46","guid":{"rendered":"https:\/\/univet.hu\/?page_id=60522"},"modified":"2026-03-18T09:49:32","modified_gmt":"2026-03-18T08:49:32","slug":"dokumentumok-3","status":"publish","type":"page","link":"https:\/\/univet.hu\/hu\/oktatas\/tanulmanyi-osztaly\/gyakorlati-felev\/dokumentumok-3\/","title":{"rendered":"Dokumentumok"},"content":{"rendered":"<p><a href=\"https:\/\/univet.hu\/wp-content\/uploads\/2025\/12\/ATE_Egyuttmukodesi-megallapodas-minta_Gyakorlohelyek_2025.-jav-NT.docx\">Egy\u00fcttm\u0171k\u00f6d\u00e9si meg\u00e1llapod\u00e1s<\/a><\/p> <p><a href=\"https:\/\/univet.hu\/wp-content\/uploads\/2024\/07\/11-f\u00e9l\u00e9v-k\u00fcls\u0151-gyakorlatvezet\u0151i-igazol\u00e1s.pdf\">Gyakorlatvezet\u0151i igazol\u00e1s<\/a><\/p> <p><a href=\"https:\/\/univet.hu\/wp-content\/uploads\/2024\/04\/Adatlap-\u00e9s-igazol\u00e1s-\u00c9lelmiszer-higi\u00e9nia.pdf\">Gyakorlatvezet\u0151i igazol\u00e1s &#8211; \u00c9lelmiszer-higi\u00e9niai gyakorlat<\/a><\/p> <p><a href=\"https:\/\/univet.hu\/wp-content\/uploads\/2024\/07\/Befogad\u00f3-nyilatkozat.pdf\">Befogad\u00f3 nyilatkozat<\/a><\/p> <p><strong>Gyakorland\u00f3 feladatok, vizsgak\u00f6vetelm\u00e9nyek (2026<\/strong><strong>)<\/strong><\/p> <ul> <li><a href=\"https:\/\/univet.hu\/wp-content\/uploads\/2026\/03\/Aeu-i-igazgatas-gyakorlat_2026_2027.pdf\" target=\"_blank\" rel=\"noopener\">\u00c1llateg\u00e9szs\u00e9g\u00fcgyi-igazgat\u00e1si gyakorlat<\/a><\/li> <li><a href=\"https:\/\/univet.hu\/wp-content\/uploads\/2026\/03\/Egzotikusallat-egeszsegtan-2026-27.pdf\" target=\"_blank\" rel=\"noopener\">Egzotikus \u00e1llatok gy\u00f3gy\u00e1szata gyakorlat<\/a><\/li> <li><a href=\"https:\/\/univet.hu\/wp-content\/uploads\/2026\/03\/Elelmiszer-higienia-gyakorlat-2026-2027.pdf\" target=\"_blank\" rel=\"noopener\">\u00c9lelmiszer-higi\u00e9nia gyakorlat<\/a>, <a href=\"https:\/\/univet.hu\/wp-content\/uploads\/2026\/03\/Elelmiszerhigienia-adatlap-es-Igazolas.docx\" target=\"_blank\" rel=\"noopener\">(Adatlap \u00e9s igazol\u00e1s Word form\u00e1tumban)<\/a><\/li> <li><a href=\"https:\/\/univet.hu\/wp-content\/uploads\/2026\/03\/Gazdasagi_haszonallat_allatorvoslasi_gyak._tajekozato2026-27.pdf\" target=\"_blank\" rel=\"noopener\">Gazdas\u00e1gi_haszon\u00e1llat_\u00e1llatorvosl\u00e1si gyakorlat<\/a> <ul> <li><a href=\"https:\/\/univet.hu\/wp-content\/uploads\/2026\/03\/Baromfitelepi-allatorvoslasi-feladatok-2026-27.pdf\" target=\"_blank\" rel=\"noopener\">Baromfitelepi \u00e1llatorvosl\u00e1si feladatok<\/a><\/li> <li><a href=\"https:\/\/univet.hu\/wp-content\/uploads\/2026\/03\/Sertestelepi-allatorvoslasi-feladatok2026-27.pdf\" target=\"_blank\" rel=\"noopener\">Sert\u00e9stelepi \u00e1llatorvosl\u00e1si feladatok<\/a><\/li> <li><a href=\"https:\/\/univet.hu\/wp-content\/uploads\/2026\/03\/Halegeszsegugyi_gyakorlat_2026-27.pdf\" target=\"_blank\" rel=\"noopener\">Haleg\u00e9szs\u00e9g\u00fcgyi \u00e1llatorvosl\u00e1si feladatok<\/a><\/li> <li><a href=\"https:\/\/univet.hu\/wp-content\/uploads\/2026\/03\/Juhkecske-allatorvoslasi_feladatok2026-27.pdf\" target=\"_blank\" rel=\"noopener\">Juh \u00e1llatorvosl\u00e1si, \u00e1llom\u00e1ny-eg\u00e9szs\u00e9gtani feladatok<\/a><\/li> <li><a href=\"https:\/\/univet.hu\/wp-content\/uploads\/2026\/03\/Tejhasznu-szarvasmarhatelepi-allatorvoslasi-feladatok2026-27.pdf\" target=\"_blank\" rel=\"noopener\">Tejhaszn\u00fa szarvasmarhatelepi \u00e1llatorvosl\u00e1si feladatok<\/a><\/li> <li><a href=\"https:\/\/univet.hu\/wp-content\/uploads\/2026\/03\/Husmarha-telepi-allatorvoslasi-feladatok2026-27.pdf\" target=\"_blank\" rel=\"noopener\">H\u00fasmarha-telepi \u00e1llatorvosl\u00e1si feladatok<\/a><\/li> <\/ul> <\/li> <\/ul> <p>&#8212;&#8212;&#8212;&#8212;&#8212;&#8212;&#8212;&#8212;&#8212;&#8212;&#8212;&#8212;&#8212;&#8212;&#8212;&#8211;<\/p> <p><a href=\"https:\/\/univet.hu\/wp-content\/uploads\/2025\/07\/Adoeloleg-nyilatkozat-koltsegekrol_2025.docx\">Ad\u00f3el\u0151leg-nyilatkozat a t\u00e1rgy\u00e9vi ad\u00f3el\u0151leg meghat\u00e1roz\u00e1sa sor\u00e1n figyelembe vehet\u0151 k\u00f6lts\u00e9gekr\u0151l<\/a><\/p> <p><a href=\"https:\/\/univet.hu\/wp-content\/uploads\/2025\/07\/Adatbekero_es_nyilatkozat_termeszetes-szemely_szamara_2025.docx\">ADATK\u00c9R\u0150 LAP \u00c9S NYILATKOZAT (megb\u00edz\u00e1si szerz\u0151d\u00e9s term\u00e9szetes szem\u00e9llyel t\u00f6rt\u00e9n\u0151 megk\u00f6t\u00e9s\u00e9hez)<\/a><\/p> <p><a href=\"https:\/\/univet.hu\/wp-content\/uploads\/2024\/07\/Adatbek\u00e9r\u0151-c\u00e9g-sz\u00e1m\u00e1ra.docx\">ADATK\u00c9R\u0150 LAP (megb\u00edz\u00e1si szerz\u0151d\u00e9s gazd\u00e1lkod\u00f3 szervezettel t\u00f6rt\u00e9n\u0151 megk\u00f6t\u00e9s\u00e9hez)<\/a><\/p> <p><a href=\"https:\/\/univet.hu\/wp-content\/uploads\/2024\/07\/Adatbek\u00e9r\u0151-egy\u00e9ni-v\u00e1llalkoz\u00f3-\u00e9s-egy\u00e9b-egy\u00e9ni-v\u00e1llalkoz\u00f3-sz\u00e1m\u00e1ra.docx\">ADATK\u00c9R\u0150 LAP (megb\u00edz\u00e1si szerz\u0151d\u00e9s egy\u00e9ni v\u00e1llalkoz\u00f3val \u00e9s egy\u00e9b egy\u00e9ni v\u00e1llalkoz\u00f3val t\u00f6rt\u00e9n\u0151 megk\u00f6t\u00e9s\u00e9hez)<\/a><\/p> <p><strong>Szerz\u0151d\u00e9smint\u00e1k MAGYAR &#8211; Term\u00e9szetes szem\u00e9ly<\/strong><\/p> <p><a href=\"https:\/\/univet.hu\/wp-content\/uploads\/2025\/07\/SZGY_Megbizasi-szerzodes_TermSzem_2025.docx\">Megb\u00edz\u00e1si szerz\u0151d\u00e9s<\/a><\/p> <p><a href=\"https:\/\/univet.hu\/wp-content\/uploads\/2025\/07\/TIG2_11_felevre_elokeszitve_magyar_2025.docx\">Megb\u00edz\u00e1si szerz\u0151d\u00e9s teljes\u00edt\u00e9sigazol\u00e1sa<\/a><\/p> <p><strong>Szerz\u0151d\u00e9smint\u00e1k ANGOL &#8211; Term\u00e9szetes szem\u00e9ly<\/strong><\/p> <p><a href=\"https:\/\/univet.hu\/wp-content\/uploads\/2025\/07\/SZGY_Megbizasi-szerzodes_TermSzem_2025.docx\">Megb\u00edz\u00e1si szerz\u0151d\u00e9s<\/a><\/p> <p><a href=\"https:\/\/univet.hu\/wp-content\/uploads\/2025\/07\/TIG2_11_felevre_elokeszitve_angol_2025.docx\">Megb\u00edz\u00e1si szerz\u0151d\u00e9s teljes\u00edt\u00e9sigazol\u00e1sa<\/a><\/p> <p><strong>Szerz\u0151d\u00e9smint\u00e1k MAGYAR &#8211; Gazd\u00e1lkod\u00f3 szervezet<\/strong><\/p> <p><a href=\"https:\/\/univet.hu\/wp-content\/uploads\/2025\/07\/Megbizasi-szerzodes_GT-vagy-EV-2025.docx\">Megb\u00edz\u00e1si szerz\u0151d\u00e9s<\/a><\/p> <p><a href=\"https:\/\/univet.hu\/wp-content\/uploads\/2025\/10\/teljesitesigazolas_vegszamla-2025.docx\">Megb\u00edz\u00e1si szerz\u0151d\u00e9s teljes\u00edt\u00e9sigazol\u00e1sa<\/a><\/p> <p><strong>Szerz\u0151d\u00e9smint\u00e1k ANGOL &#8211; Gazd\u00e1lkod\u00f3 szervezet<\/strong><\/p> <p><a href=\"https:\/\/univet.hu\/wp-content\/uploads\/2025\/07\/Megbizasi-szerzodes_GT-vagy-EV-2025.docx\">Megb\u00edz\u00e1si szerz\u0151d\u00e9s<\/a><\/p> <p>Megb\u00edz\u00e1si szerz\u0151d\u00e9s teljes\u00edt\u00e9sigazol\u00e1sa<\/p>","protected":false},"excerpt":{"rendered":"<p>Egy\u00fcttm\u0171k\u00f6d\u00e9si meg\u00e1llapod\u00e1s Gyakorlatvezet\u0151i igazol\u00e1s Gyakorlatvezet\u0151i igazol\u00e1s &#8211; \u00c9lelmiszer-higi\u00e9niai gyakorlat Befogad\u00f3 nyilatkozat Gyakorland\u00f3 feladatok, vizsgak\u00f6vetelm\u00e9nyek (2026) \u00c1llateg\u00e9szs\u00e9g\u00fcgyi-igazgat\u00e1si gyakorlat Egzotikus \u00e1llatok gy\u00f3gy\u00e1szata gyakorlat \u00c9lelmiszer-higi\u00e9nia gyakorlat, (Adatlap \u00e9s igazol\u00e1s Word form\u00e1tumban) Gazdas\u00e1gi_haszon\u00e1llat_\u00e1llatorvosl\u00e1si gyakorlat Baromfitelepi \u00e1llatorvosl\u00e1si feladatok Sert\u00e9stelepi \u00e1llatorvosl\u00e1si feladatok Haleg\u00e9szs\u00e9g\u00fcgyi \u00e1llatorvosl\u00e1si feladatok Juh \u00e1llatorvosl\u00e1si, \u00e1llom\u00e1ny-eg\u00e9szs\u00e9gtani feladatok Tejhaszn\u00fa szarvasmarhatelepi \u00e1llatorvosl\u00e1si feladatok H\u00fasmarha-telepi \u00e1llatorvosl\u00e1si feladatok &#8212;&#8212;&#8212;&#8212;&#8212;&#8212;&#8212;&#8212;&#8212;&#8212;&#8212;&#8212;&#8212;&#8212;&#8212;&#8211; Ad\u00f3el\u0151leg-nyilatkozat a t\u00e1rgy\u00e9vi ad\u00f3el\u0151leg<\/p>\n","protected":false},"author":2961,"featured_media":0,"parent":627,"menu_order":228,"comment_status":"closed","ping_status":"closed","template":"","meta":{"_acf_changed":false,"footnotes":""},"categories":[],"tags":[],"class_list":["post-60522","page","type-page","status-publish","hentry"],"acf":[],"_links":{"self":[{"href":"https:\/\/univet.hu\/hu\/wp-json\/wp\/v2\/pages\/60522","targetHints":{"allow":["GET"]}}],"collection":[{"href":"https:\/\/univet.hu\/hu\/wp-json\/wp\/v2\/pages"}],"about":[{"href":"https:\/\/univet.hu\/hu\/wp-json\/wp\/v2\/types\/page"}],"author":[{"embeddable":true,"href":"https:\/\/univet.hu\/hu\/wp-json\/wp\/v2\/users\/2961"}],"replies":[{"embeddable":true,"href":"https:\/\/univet.hu\/hu\/wp-json\/wp\/v2\/comments?post=60522"}],"version-history":[{"count":18,"href":"https:\/\/univet.hu\/hu\/wp-json\/wp\/v2\/pages\/60522\/revisions"}],"predecessor-version":[{"id":203176,"href":"https:\/\/univet.hu\/hu\/wp-json\/wp\/v2\/pages\/60522\/revisions\/203176"}],"up":[{"embeddable":true,"href":"https:\/\/univet.hu\/hu\/wp-json\/wp\/v2\/pages\/627"}],"wp:attachment":[{"href":"https:\/\/univet.hu\/hu\/wp-json\/wp\/v2\/media?parent=60522"}],"wp:term":[{"taxonomy":"category","embeddable":true,"href":"https:\/\/univet.hu\/hu\/wp-json\/wp\/v2\/categories?post=60522"},{"taxonomy":"post_tag","embeddable":true,"href":"https:\/\/univet.hu\/hu\/wp-json\/wp\/v2\/tags?post=60522"}],"curies":[{"name":"wp","href":"https:\/\/api.w.org\/{rel}","templated":true}]}}