{"id":6054,"date":"2018-04-10T10:33:00","date_gmt":"2018-04-10T08:33:00","guid":{"rendered":"http:\/\/univet.hu\/egyetem\/unkp-18-2-felsooktatasi-mesterkepzes-hallgatoi-kutatoi-osztondij\/"},"modified":"2018-09-08T20:49:28","modified_gmt":"2018-09-08T18:49:28","slug":"unkp-18-2-felsooktatasi-mesterkepzes-hallgatoi-kutatoi-osztondij","status":"publish","type":"page","link":"https:\/\/univet.hu\/hu\/kutatas\/uj-nemzeti-kivalosag-program-unkp-2018-2019\/unkp-18-2-felsooktatasi-mesterkepzes-hallgatoi-kutatoi-osztondij\/","title":{"rendered":"\u00daNKP-18-2 FELS\u0150OKTAT\u00c1SI MESTERK\u00c9PZ\u00c9S HALLGAT\u00d3I KUTAT\u00d3I \u00d6SZT\u00d6ND\u00cdJ"},"content":{"rendered":"<p>A 2018\/2019-es&nbsp;tan&eacute;vre ki&iacute;rt Fels\u0151oktat&aacute;si Mesterk&eacute;pz&eacute;s Hallgat&oacute;i Kutat&oacute;i &Ouml;szt&ouml;nd&iacute;j c&eacute;lja a mester (osztatlan) k&eacute;pz&eacute;sben r&eacute;szt vev\u0151, tehets&eacute;ges hallgat&oacute;k kutat&aacute;si tev&eacute;kenys&eacute;g&eacute;nek &eacute;s szakmai fejl\u0151d&eacute;s&eacute;nek t&aacute;mogat&aacute;sa, amelynek eredm&eacute;nye publik&aacute;ci&oacute; (tudom&aacute;nyos cikk vagy TDK-dolgozat), egy&eacute;b &ndash; az adott tudom&aacute;ny&aacute;gban relev&aacute;ns &ndash; tudom&aacute;nyos, m\u0171szaki vagy m\u0171v&eacute;szi alkot&aacute;s, tov&aacute;bb&aacute; a doktori tanulm&aacute;nyok megkezd&eacute;s&eacute;re val&oacute; felk&eacute;sz&uuml;l&eacute;s.<\/p> <p>Az &ouml;szt&ouml;nd&iacute;j &ouml;sszege 100.000 Ft\/f\u0151\/h&oacute;<\/p> <p>R&eacute;szletes p&aacute;ly&aacute;zati ki&iacute;r&aacute;s:&nbsp;<a href=\"https:\/\/univet.hu\/files\/subpages\/467\/files\/1_2_UNKP_PALYAZATI_KIIRAS_MESTERKEPZES_2018_0409.pdf\" data-replaced=\"true\">https:\/\/univet.hu\/files\/subpages\/467\/files\/1_2_UNKP_PALYAZATI_KIIRAS_MESTERKEPZES_2018_0409.pdf<\/a><\/p>","protected":false},"excerpt":{"rendered":"<p>A 2018\/2019-es&nbsp;tan&eacute;vre ki&iacute;rt Fels\u0151oktat&aacute;si Mesterk&eacute;pz&eacute;s Hallgat&oacute;i Kutat&oacute;i &Ouml;szt&ouml;nd&iacute;j c&eacute;lja a mester (osztatlan) k&eacute;pz&eacute;sben r&eacute;szt vev\u0151, tehets&eacute;ges hallgat&oacute;k kutat&aacute;si tev&eacute;kenys&eacute;g&eacute;nek &eacute;s szakmai fejl\u0151d&eacute;s&eacute;nek t&aacute;mogat&aacute;sa, amelynek eredm&eacute;nye publik&aacute;ci&oacute; (tudom&aacute;nyos cikk vagy TDK-dolgozat), egy&eacute;b &ndash; az adott tudom&aacute;ny&aacute;gban relev&aacute;ns &ndash; tudom&aacute;nyos, m\u0171szaki vagy m\u0171v&eacute;szi alkot&aacute;s, tov&aacute;bb&aacute; a doktori tanulm&aacute;nyok megkezd&eacute;s&eacute;re val&oacute; felk&eacute;sz&uuml;l&eacute;s. Az &ouml;szt&ouml;nd&iacute;j &ouml;sszege 100.000 Ft\/f\u0151\/h&oacute; R&eacute;szletes<\/p>\n","protected":false},"author":1,"featured_media":0,"parent":6051,"menu_order":172,"comment_status":"closed","ping_status":"closed","template":"","meta":{"_acf_changed":false,"footnotes":""},"categories":[],"tags":[],"class_list":["post-6054","page","type-page","status-publish","hentry"],"acf":[],"_links":{"self":[{"href":"https:\/\/univet.hu\/hu\/wp-json\/wp\/v2\/pages\/6054","targetHints":{"allow":["GET"]}}],"collection":[{"href":"https:\/\/univet.hu\/hu\/wp-json\/wp\/v2\/pages"}],"about":[{"href":"https:\/\/univet.hu\/hu\/wp-json\/wp\/v2\/types\/page"}],"author":[{"embeddable":true,"href":"https:\/\/univet.hu\/hu\/wp-json\/wp\/v2\/users\/1"}],"replies":[{"embeddable":true,"href":"https:\/\/univet.hu\/hu\/wp-json\/wp\/v2\/comments?post=6054"}],"version-history":[{"count":0,"href":"https:\/\/univet.hu\/hu\/wp-json\/wp\/v2\/pages\/6054\/revisions"}],"up":[{"embeddable":true,"href":"https:\/\/univet.hu\/hu\/wp-json\/wp\/v2\/pages\/6051"}],"wp:attachment":[{"href":"https:\/\/univet.hu\/hu\/wp-json\/wp\/v2\/media?parent=6054"}],"wp:term":[{"taxonomy":"category","embeddable":true,"href":"https:\/\/univet.hu\/hu\/wp-json\/wp\/v2\/categories?post=6054"},{"taxonomy":"post_tag","embeddable":true,"href":"https:\/\/univet.hu\/hu\/wp-json\/wp\/v2\/tags?post=6054"}],"curies":[{"name":"wp","href":"https:\/\/api.w.org\/{rel}","templated":true}]}}