{"id":6055,"date":"2018-04-10T10:34:00","date_gmt":"2018-04-10T08:34:00","guid":{"rendered":"http:\/\/univet.hu\/egyetem\/unkp-18-3-felsooktatasi-doktori-hallgatoi-doktorjelolti-kutatoi-osztondij\/"},"modified":"2018-09-08T20:49:28","modified_gmt":"2018-09-08T18:49:28","slug":"unkp-18-3-felsooktatasi-doktori-hallgatoi-doktorjelolti-kutatoi-osztondij","status":"publish","type":"page","link":"https:\/\/univet.hu\/hu\/kutatas\/uj-nemzeti-kivalosag-program-unkp-2018-2019\/unkp-18-3-felsooktatasi-doktori-hallgatoi-doktorjelolti-kutatoi-osztondij\/","title":{"rendered":"\u00daNKP-18-3 FELS\u0150OKTAT\u00c1SI DOKTORI HALLGAT\u00d3I, DOKTORJEL\u00d6LTI KUTAT\u00d3I \u00d6SZT\u00d6ND\u00cdJ"},"content":{"rendered":"<p>A 2018\/2019-es&nbsp;tan&eacute;vre ki&iacute;rt Fels\u0151oktat&aacute;si Doktori Hallgat&oacute;i, Doktorjel&ouml;lti Kutat&oacute;i &Ouml;szt&ouml;nd&iacute;j c&eacute;lja a kiemelked\u0151 tudom&aacute;nyos &eacute;s m\u0171v&eacute;szi eredm&eacute;nyeket felmutat&oacute; doktori k&eacute;pz&eacute;sben r&eacute;szt vev\u0151 hallgat&oacute;k, doktorjel&ouml;ltek kutat&aacute;si &eacute;s alkot&oacute; tev&eacute;kenys&eacute;g&eacute;nek &eacute;s szakmai fejl\u0151d&eacute;s&eacute;nek t&aacute;mogat&aacute;sa, amelynek eredm&eacute;nye magas sz&iacute;nvonal&uacute;, figyelemre m&eacute;lt&oacute; publik&aacute;ci&oacute;, egy&eacute;b &ndash; az adott tudom&aacute;ny&aacute;gban relev&aacute;ns &ndash; tudom&aacute;nyos, m\u0171szaki vagy m\u0171v&eacute;szi alkot&aacute;s, valamint a doktori disszert&aacute;ci&oacute; (PhD, DLA) megfelel\u0151 megalapoz&aacute;sa.<\/p> <p>Az &ouml;szt&ouml;nd&iacute;j &ouml;sszege doktori hallgat&oacute;k eset&eacute;n: 100.000 Ft\/h&oacute;\/f\u0151.<br \/>  Az &ouml;szt&ouml;nd&iacute;j &ouml;sszege doktorjel&ouml;ltek eset&eacute;n: 300.000 Ft\/h&oacute;\/f\u0151.<\/p> <p>R&eacute;szletes p&aacute;ly&aacute;zati ki&iacute;r&aacute;s:&nbsp;<a href=\"https:\/\/univet.hu\/files\/subpages\/469\/files\/1_3_UNKP_PALYAZATI_KIIRAS_DOKTORI_KEPZES_DOKTORJELOLT_2018_0409.pdf\" data-replaced=\"true\">https:\/\/univet.hu\/files\/subpages\/469\/files\/1_3_UNKP_PALYAZATI_KIIRAS_DOKTORI_KEPZES_DOKTORJELOLT_2018_0409.pdf<\/a><\/p>","protected":false},"excerpt":{"rendered":"<p>A 2018\/2019-es&nbsp;tan&eacute;vre ki&iacute;rt Fels\u0151oktat&aacute;si Doktori Hallgat&oacute;i, Doktorjel&ouml;lti Kutat&oacute;i &Ouml;szt&ouml;nd&iacute;j c&eacute;lja a kiemelked\u0151 tudom&aacute;nyos &eacute;s m\u0171v&eacute;szi eredm&eacute;nyeket felmutat&oacute; doktori k&eacute;pz&eacute;sben r&eacute;szt vev\u0151 hallgat&oacute;k, doktorjel&ouml;ltek kutat&aacute;si &eacute;s alkot&oacute; tev&eacute;kenys&eacute;g&eacute;nek &eacute;s szakmai fejl\u0151d&eacute;s&eacute;nek t&aacute;mogat&aacute;sa, amelynek eredm&eacute;nye magas sz&iacute;nvonal&uacute;, figyelemre m&eacute;lt&oacute; publik&aacute;ci&oacute;, egy&eacute;b &ndash; az adott tudom&aacute;ny&aacute;gban relev&aacute;ns &ndash; tudom&aacute;nyos, m\u0171szaki vagy m\u0171v&eacute;szi alkot&aacute;s, valamint a doktori disszert&aacute;ci&oacute; (PhD,<\/p>\n","protected":false},"author":1,"featured_media":0,"parent":6051,"menu_order":172,"comment_status":"closed","ping_status":"closed","template":"","meta":{"_acf_changed":false,"footnotes":""},"categories":[],"tags":[],"class_list":["post-6055","page","type-page","status-publish","hentry"],"acf":[],"_links":{"self":[{"href":"https:\/\/univet.hu\/hu\/wp-json\/wp\/v2\/pages\/6055","targetHints":{"allow":["GET"]}}],"collection":[{"href":"https:\/\/univet.hu\/hu\/wp-json\/wp\/v2\/pages"}],"about":[{"href":"https:\/\/univet.hu\/hu\/wp-json\/wp\/v2\/types\/page"}],"author":[{"embeddable":true,"href":"https:\/\/univet.hu\/hu\/wp-json\/wp\/v2\/users\/1"}],"replies":[{"embeddable":true,"href":"https:\/\/univet.hu\/hu\/wp-json\/wp\/v2\/comments?post=6055"}],"version-history":[{"count":0,"href":"https:\/\/univet.hu\/hu\/wp-json\/wp\/v2\/pages\/6055\/revisions"}],"up":[{"embeddable":true,"href":"https:\/\/univet.hu\/hu\/wp-json\/wp\/v2\/pages\/6051"}],"wp:attachment":[{"href":"https:\/\/univet.hu\/hu\/wp-json\/wp\/v2\/media?parent=6055"}],"wp:term":[{"taxonomy":"category","embeddable":true,"href":"https:\/\/univet.hu\/hu\/wp-json\/wp\/v2\/categories?post=6055"},{"taxonomy":"post_tag","embeddable":true,"href":"https:\/\/univet.hu\/hu\/wp-json\/wp\/v2\/tags?post=6055"}],"curies":[{"name":"wp","href":"https:\/\/api.w.org\/{rel}","templated":true}]}}