{"id":6056,"date":"2018-04-10T10:35:00","date_gmt":"2018-04-10T08:35:00","guid":{"rendered":"http:\/\/univet.hu\/egyetem\/unkp-18-4-bolyai-felsooktatasi-fiatal-oktatoi-kutatoi-osztondij\/"},"modified":"2018-09-08T20:49:29","modified_gmt":"2018-09-08T18:49:29","slug":"unkp-18-4-bolyai-felsooktatasi-fiatal-oktatoi-kutatoi-osztondij","status":"publish","type":"page","link":"https:\/\/univet.hu\/hu\/kutatas\/uj-nemzeti-kivalosag-program-unkp-2018-2019\/unkp-18-4-bolyai-felsooktatasi-fiatal-oktatoi-kutatoi-osztondij\/","title":{"rendered":"\u00daNKP-18-4 BOLYAI+ FELS\u0150OKTAT\u00c1SI FIATAL OKTAT\u00d3I, KUTAT\u00d3I \u00d6SZT\u00d6ND\u00cdJ"},"content":{"rendered":"<p>A 2018\/2019-es&nbsp;tan&eacute;vre ki&iacute;rt Bolyai+ Fels\u0151oktat&aacute;si Fiatal Oktat&oacute;i, Kutat&oacute;i &Ouml;szt&ouml;nd&iacute;j&nbsp;(a tov&aacute;bbiakban: Bolyai+ &Ouml;szt&ouml;nd&iacute;j, &ouml;szt&ouml;nd&iacute;jp&aacute;ly&aacute;zat) c&eacute;lja a kiemelked\u0151 tudom&aacute;nyos &eacute;s m\u0171v&eacute;szi kutat&aacute;si eredm&eacute;nyeket felmutat&oacute; a Magyar Tudom&aacute;nyos Akad&eacute;mia (a tov&aacute;bbiakban: MTA) Bolyai J&aacute;nos Kutat&aacute;si &Ouml;szt&ouml;nd&iacute;jban r&eacute;szes&uuml;l\u0151 oktat&oacute;k, kutat&oacute;k t&aacute;mogat&aacute;sa, amelynek eredm&eacute;nye a kutat&aacute;si tervben v&aacute;llaltak fogad&oacute; fels\u0151oktat&aacute;si int&eacute;zm&eacute;nyen bel&uuml;li hasznos&iacute;t&aacute;sa, a kutat&oacute;i ut&aacute;np&oacute;tl&aacute;st el\u0151seg&iacute;t\u0151 t&eacute;mavezet\u0151i tev&eacute;kenys&eacute;g ell&aacute;t&aacute;sa, tev&eacute;keny r&eacute;szv&eacute;tel az int&eacute;zm&eacute;nyi tudom&aacute;nyos iskola &eacute;p&iacute;t&eacute;s&eacute;ben, tov&aacute;bb&aacute; az MTA kutat&oacute;csoportjai &eacute;s a fels\u0151oktat&aacute;si int&eacute;zm&eacute;nyek k&ouml;z&ouml;tti tudom&aacute;nyos egy&uuml;ttm\u0171k&ouml;d&eacute;s el\u0151seg&iacute;t&eacute;se.<\/p> <p>Az &ouml;szt&ouml;nd&iacute;j &ouml;sszege: 200.000 Ft\/h&oacute;\/f\u0151.<\/p> <p>R&eacute;szletes p&aacute;ly&aacute;zati ki&iacute;r&aacute;s:&nbsp;<a href=\"https:\/\/univet.hu\/files\/subpages\/470\/files\/1_4_UNKP_PALYAZATI_KIIRAS_BOLYAI%2B_2018_0409.pdf\" data-replaced=\"true\">https:\/\/univet.hu\/files\/subpages\/470\/files\/1_4_UNKP_PALYAZATI_KIIRAS_BOLYAI%2B_2018_0409.pdf<\/a><\/p>","protected":false},"excerpt":{"rendered":"<p>A 2018\/2019-es&nbsp;tan&eacute;vre ki&iacute;rt Bolyai+ Fels\u0151oktat&aacute;si Fiatal Oktat&oacute;i, Kutat&oacute;i &Ouml;szt&ouml;nd&iacute;j&nbsp;(a tov&aacute;bbiakban: Bolyai+ &Ouml;szt&ouml;nd&iacute;j, &ouml;szt&ouml;nd&iacute;jp&aacute;ly&aacute;zat) c&eacute;lja a kiemelked\u0151 tudom&aacute;nyos &eacute;s m\u0171v&eacute;szi kutat&aacute;si eredm&eacute;nyeket felmutat&oacute; a Magyar Tudom&aacute;nyos Akad&eacute;mia (a tov&aacute;bbiakban: MTA) Bolyai J&aacute;nos Kutat&aacute;si &Ouml;szt&ouml;nd&iacute;jban r&eacute;szes&uuml;l\u0151 oktat&oacute;k, kutat&oacute;k t&aacute;mogat&aacute;sa, amelynek eredm&eacute;nye a kutat&aacute;si tervben v&aacute;llaltak fogad&oacute; fels\u0151oktat&aacute;si int&eacute;zm&eacute;nyen bel&uuml;li hasznos&iacute;t&aacute;sa, a kutat&oacute;i ut&aacute;np&oacute;tl&aacute;st el\u0151seg&iacute;t\u0151 t&eacute;mavezet\u0151i tev&eacute;kenys&eacute;g ell&aacute;t&aacute;sa,<\/p>\n","protected":false},"author":1,"featured_media":0,"parent":6051,"menu_order":172,"comment_status":"closed","ping_status":"closed","template":"","meta":{"_acf_changed":false,"footnotes":""},"categories":[],"tags":[],"class_list":["post-6056","page","type-page","status-publish","hentry"],"acf":[],"_links":{"self":[{"href":"https:\/\/univet.hu\/hu\/wp-json\/wp\/v2\/pages\/6056","targetHints":{"allow":["GET"]}}],"collection":[{"href":"https:\/\/univet.hu\/hu\/wp-json\/wp\/v2\/pages"}],"about":[{"href":"https:\/\/univet.hu\/hu\/wp-json\/wp\/v2\/types\/page"}],"author":[{"embeddable":true,"href":"https:\/\/univet.hu\/hu\/wp-json\/wp\/v2\/users\/1"}],"replies":[{"embeddable":true,"href":"https:\/\/univet.hu\/hu\/wp-json\/wp\/v2\/comments?post=6056"}],"version-history":[{"count":0,"href":"https:\/\/univet.hu\/hu\/wp-json\/wp\/v2\/pages\/6056\/revisions"}],"up":[{"embeddable":true,"href":"https:\/\/univet.hu\/hu\/wp-json\/wp\/v2\/pages\/6051"}],"wp:attachment":[{"href":"https:\/\/univet.hu\/hu\/wp-json\/wp\/v2\/media?parent=6056"}],"wp:term":[{"taxonomy":"category","embeddable":true,"href":"https:\/\/univet.hu\/hu\/wp-json\/wp\/v2\/categories?post=6056"},{"taxonomy":"post_tag","embeddable":true,"href":"https:\/\/univet.hu\/hu\/wp-json\/wp\/v2\/tags?post=6056"}],"curies":[{"name":"wp","href":"https:\/\/api.w.org\/{rel}","templated":true}]}}