{"id":6057,"date":"2018-04-10T10:35:00","date_gmt":"2018-04-10T08:35:00","guid":{"rendered":"http:\/\/univet.hu\/egyetem\/unkp-18-5-tehetseggel-fel-felsooktatasi-alapkepzes-hallgatoi-kutatoi\/"},"modified":"2018-09-08T20:49:29","modified_gmt":"2018-09-08T18:49:29","slug":"unkp-18-5-tehetseggel-fel-felsooktatasi-alapkepzes-hallgatoi-kutatoi","status":"publish","type":"page","link":"https:\/\/univet.hu\/hu\/kutatas\/uj-nemzeti-kivalosag-program-unkp-2018-2019\/unkp-18-5-tehetseggel-fel-felsooktatasi-alapkepzes-hallgatoi-kutatoi\/","title":{"rendered":"\u00daNKP-18-5 \u201eTEHETS\u00c9GGEL FEL!\u201d FELS\u0150OKTAT\u00c1SI ALAPK\u00c9PZ\u00c9S HALLGAT\u00d3I KUTAT\u00d3I"},"content":{"rendered":"<p>A 2018\/2019-es tan&eacute;vre ki&iacute;rt &bdquo;Tehets&eacute;ggel fel!&rdquo; Fels\u0151oktat&aacute;st Megkezd\u0151 Kutat&oacute;i &Ouml;szt&ouml;nd&iacute;j c&eacute;lja a k&ouml;z&eacute;piskolai tanulm&aacute;nyaikat sikeresen befejez\u0151, alapk&eacute;pz&eacute;sben, osztatlan mesterk&eacute;pz&eacute;sben r&eacute;szt vev\u0151 &eacute;s k&ouml;z&eacute;piskolai tudom&aacute;nyos tanulm&aacute;nyi versenyen eredm&eacute;nyesen teljes&iacute;t\u0151, els\u0151&eacute;ves tehets&eacute;ges hallgat&oacute;k kutat&aacute;si tev&eacute;kenys&eacute;g&eacute;nek &eacute;s szakmai fejl\u0151d&eacute;s&eacute;nek t&aacute;mogat&aacute;sa, a megkezdett fels\u0151oktat&aacute;si tanulm&aacute;nyok mellett az &ouml;ntev&eacute;keny kutat&oacute;, alkot&oacute;, tanulm&aacute;nyi k&ouml;telezetts&eacute;gen t&uacute;lmutat&oacute; kutat&oacute;i tev&eacute;kenys&eacute;g&eacute;nek t&aacute;mogat&aacute;sa, amelynek eredm&eacute;nye szakirodalmi &ouml;sszefoglal&oacute; tanulm&aacute;ny k&eacute;sz&iacute;t&eacute;se, egy&eacute;b &ndash; az adott tudom&aacute;ny&aacute;gban relev&aacute;ns &ndash; tudom&aacute;nyos, m\u0171szaki vagy m\u0171v&eacute;szi alkot&aacute;s, tov&aacute;bb&aacute; a mester tanulm&aacute;nyok megkezd&eacute;s&eacute;re val&oacute; felk&eacute;sz&uuml;l&eacute;s.<\/p> <p>Az &ouml;szt&ouml;nd&iacute;j &ouml;sszege: 50.000 Ft\/h&oacute;\/f\u0151.<\/p> <p>R&eacute;szletes p&aacute;ly&aacute;zati ki&iacute;r&aacute;s:&nbsp;<a href=\"https:\/\/univet.hu\/files\/subpages\/471\/files\/1_5_UNKP_PALYAZATI_KIIRAS_TEHETSEGGEL_FEL_2018_0409.pdf\" data-replaced=\"true\">https:\/\/univet.hu\/files\/subpages\/471\/files\/1_5_UNKP_PALYAZATI_KIIRAS_TEHETSEGGEL_FEL_2018_0409.pdf<\/a><\/p>","protected":false},"excerpt":{"rendered":"<p>A 2018\/2019-es tan&eacute;vre ki&iacute;rt &bdquo;Tehets&eacute;ggel fel!&rdquo; Fels\u0151oktat&aacute;st Megkezd\u0151 Kutat&oacute;i &Ouml;szt&ouml;nd&iacute;j c&eacute;lja a k&ouml;z&eacute;piskolai tanulm&aacute;nyaikat sikeresen befejez\u0151, alapk&eacute;pz&eacute;sben, osztatlan mesterk&eacute;pz&eacute;sben r&eacute;szt vev\u0151 &eacute;s k&ouml;z&eacute;piskolai tudom&aacute;nyos tanulm&aacute;nyi versenyen eredm&eacute;nyesen teljes&iacute;t\u0151, els\u0151&eacute;ves tehets&eacute;ges hallgat&oacute;k kutat&aacute;si tev&eacute;kenys&eacute;g&eacute;nek &eacute;s szakmai fejl\u0151d&eacute;s&eacute;nek t&aacute;mogat&aacute;sa, a megkezdett fels\u0151oktat&aacute;si tanulm&aacute;nyok mellett az &ouml;ntev&eacute;keny kutat&oacute;, alkot&oacute;, tanulm&aacute;nyi k&ouml;telezetts&eacute;gen t&uacute;lmutat&oacute; kutat&oacute;i tev&eacute;kenys&eacute;g&eacute;nek t&aacute;mogat&aacute;sa, amelynek eredm&eacute;nye szakirodalmi<\/p>\n","protected":false},"author":1,"featured_media":0,"parent":6051,"menu_order":172,"comment_status":"closed","ping_status":"closed","template":"","meta":{"_acf_changed":false,"footnotes":""},"categories":[],"tags":[],"class_list":["post-6057","page","type-page","status-publish","hentry"],"acf":[],"_links":{"self":[{"href":"https:\/\/univet.hu\/hu\/wp-json\/wp\/v2\/pages\/6057","targetHints":{"allow":["GET"]}}],"collection":[{"href":"https:\/\/univet.hu\/hu\/wp-json\/wp\/v2\/pages"}],"about":[{"href":"https:\/\/univet.hu\/hu\/wp-json\/wp\/v2\/types\/page"}],"author":[{"embeddable":true,"href":"https:\/\/univet.hu\/hu\/wp-json\/wp\/v2\/users\/1"}],"replies":[{"embeddable":true,"href":"https:\/\/univet.hu\/hu\/wp-json\/wp\/v2\/comments?post=6057"}],"version-history":[{"count":0,"href":"https:\/\/univet.hu\/hu\/wp-json\/wp\/v2\/pages\/6057\/revisions"}],"up":[{"embeddable":true,"href":"https:\/\/univet.hu\/hu\/wp-json\/wp\/v2\/pages\/6051"}],"wp:attachment":[{"href":"https:\/\/univet.hu\/hu\/wp-json\/wp\/v2\/media?parent=6057"}],"wp:term":[{"taxonomy":"category","embeddable":true,"href":"https:\/\/univet.hu\/hu\/wp-json\/wp\/v2\/categories?post=6057"},{"taxonomy":"post_tag","embeddable":true,"href":"https:\/\/univet.hu\/hu\/wp-json\/wp\/v2\/tags?post=6057"}],"curies":[{"name":"wp","href":"https:\/\/api.w.org\/{rel}","templated":true}]}}