{"id":6060,"date":"2018-04-10T11:13:00","date_gmt":"2018-04-10T09:13:00","guid":{"rendered":"http:\/\/univet.hu\/egyetem\/a-fogado-felsooktatasi-intezmeny-szandeknyilatkozata\/"},"modified":"2018-09-08T20:49:32","modified_gmt":"2018-09-08T18:49:32","slug":"a-fogado-felsooktatasi-intezmeny-szandeknyilatkozata","status":"publish","type":"page","link":"https:\/\/univet.hu\/hu\/kutatas\/uj-nemzeti-kivalosag-program-unkp-2018-2019\/a-fogado-felsooktatasi-intezmeny-szandeknyilatkozata\/","title":{"rendered":"A fogad\u00f3 fels\u0151oktat\u00e1si int\u00e9zm\u00e9ny sz\u00e1nd\u00e9knyilatkozata"},"content":{"rendered":"<p><a href=\"https:\/\/univet.hu\/files\/subpages\/474\/files\/2_2_2_UNKP_PALYAZATI_ADATLAP_2_MELLEKLET_A_FELSOOKTATASI_INTEZMENY_SZANDEK_NYILATKOZATA_UNKP_2018_0409.docx\" data-replaced=\"true\">https:\/\/univet.hu\/files\/subpages\/474\/files\/2_2_2_UNKP_PALYAZATI_ADATLAP_2_MELLEKLET_A_FELSOOKTATASI_INTEZMENY_SZANDEK_NYILATKOZATA_UNKP_2018_0409.docx<\/a><\/p>","protected":false},"excerpt":{"rendered":"<p>https:\/\/univet.hu\/files\/subpages\/474\/files\/2_2_2_UNKP_PALYAZATI_ADATLAP_2_MELLEKLET_A_FELSOOKTATASI_INTEZMENY_SZANDEK_NYILATKOZATA_UNKP_2018_0409.docx<\/p>\n","protected":false},"author":1,"featured_media":0,"parent":6051,"menu_order":172,"comment_status":"closed","ping_status":"closed","template":"","meta":{"_acf_changed":false,"footnotes":""},"categories":[],"tags":[],"class_list":["post-6060","page","type-page","status-publish","hentry"],"acf":[],"_links":{"self":[{"href":"https:\/\/univet.hu\/hu\/wp-json\/wp\/v2\/pages\/6060","targetHints":{"allow":["GET"]}}],"collection":[{"href":"https:\/\/univet.hu\/hu\/wp-json\/wp\/v2\/pages"}],"about":[{"href":"https:\/\/univet.hu\/hu\/wp-json\/wp\/v2\/types\/page"}],"author":[{"embeddable":true,"href":"https:\/\/univet.hu\/hu\/wp-json\/wp\/v2\/users\/1"}],"replies":[{"embeddable":true,"href":"https:\/\/univet.hu\/hu\/wp-json\/wp\/v2\/comments?post=6060"}],"version-history":[{"count":0,"href":"https:\/\/univet.hu\/hu\/wp-json\/wp\/v2\/pages\/6060\/revisions"}],"up":[{"embeddable":true,"href":"https:\/\/univet.hu\/hu\/wp-json\/wp\/v2\/pages\/6051"}],"wp:attachment":[{"href":"https:\/\/univet.hu\/hu\/wp-json\/wp\/v2\/media?parent=6060"}],"wp:term":[{"taxonomy":"category","embeddable":true,"href":"https:\/\/univet.hu\/hu\/wp-json\/wp\/v2\/categories?post=6060"},{"taxonomy":"post_tag","embeddable":true,"href":"https:\/\/univet.hu\/hu\/wp-json\/wp\/v2\/tags?post=6060"}],"curies":[{"name":"wp","href":"https:\/\/api.w.org\/{rel}","templated":true}]}}