{"id":6061,"date":"2018-04-10T11:13:00","date_gmt":"2018-04-10T09:13:00","guid":{"rendered":"http:\/\/univet.hu\/egyetem\/palyazoi-nyilatkozat\/"},"modified":"2018-09-08T20:49:33","modified_gmt":"2018-09-08T18:49:33","slug":"palyazoi-nyilatkozat","status":"publish","type":"page","link":"https:\/\/univet.hu\/hu\/kutatas\/uj-nemzeti-kivalosag-program-unkp-2018-2019\/palyazoi-nyilatkozat\/","title":{"rendered":"P\u00c1LY\u00c1Z\u00d3I NYILATKOZAT"},"content":{"rendered":"<p><a href=\"https:\/\/univet.hu\/files\/subpages\/475\/files\/2_2_3_UNKP_PALYAZATI_ADATLAP_3_MELLEKLET_PALYAZOI_NYILATKOZAT_UNKP_2018_0409.docx\" data-replaced=\"true\">https:\/\/univet.hu\/files\/subpages\/475\/files\/2_2_3_UNKP_PALYAZATI_ADATLAP_3_MELLEKLET_PALYAZOI_NYILATKOZAT_UNKP_2018_0409.docx<\/a><\/p>","protected":false},"excerpt":{"rendered":"<p>https:\/\/univet.hu\/files\/subpages\/475\/files\/2_2_3_UNKP_PALYAZATI_ADATLAP_3_MELLEKLET_PALYAZOI_NYILATKOZAT_UNKP_2018_0409.docx<\/p>\n","protected":false},"author":1,"featured_media":0,"parent":6051,"menu_order":172,"comment_status":"closed","ping_status":"closed","template":"","meta":{"_acf_changed":false,"footnotes":""},"categories":[],"tags":[],"class_list":["post-6061","page","type-page","status-publish","hentry"],"acf":[],"_links":{"self":[{"href":"https:\/\/univet.hu\/hu\/wp-json\/wp\/v2\/pages\/6061","targetHints":{"allow":["GET"]}}],"collection":[{"href":"https:\/\/univet.hu\/hu\/wp-json\/wp\/v2\/pages"}],"about":[{"href":"https:\/\/univet.hu\/hu\/wp-json\/wp\/v2\/types\/page"}],"author":[{"embeddable":true,"href":"https:\/\/univet.hu\/hu\/wp-json\/wp\/v2\/users\/1"}],"replies":[{"embeddable":true,"href":"https:\/\/univet.hu\/hu\/wp-json\/wp\/v2\/comments?post=6061"}],"version-history":[{"count":0,"href":"https:\/\/univet.hu\/hu\/wp-json\/wp\/v2\/pages\/6061\/revisions"}],"up":[{"embeddable":true,"href":"https:\/\/univet.hu\/hu\/wp-json\/wp\/v2\/pages\/6051"}],"wp:attachment":[{"href":"https:\/\/univet.hu\/hu\/wp-json\/wp\/v2\/media?parent=6061"}],"wp:term":[{"taxonomy":"category","embeddable":true,"href":"https:\/\/univet.hu\/hu\/wp-json\/wp\/v2\/categories?post=6061"},{"taxonomy":"post_tag","embeddable":true,"href":"https:\/\/univet.hu\/hu\/wp-json\/wp\/v2\/tags?post=6061"}],"curies":[{"name":"wp","href":"https:\/\/api.w.org\/{rel}","templated":true}]}}