{"id":60760,"date":"2020-12-03T11:59:08","date_gmt":"2020-12-03T10:59:08","guid":{"rendered":"https:\/\/univet.hu\/hu\/egyetem\/munkatarsak\/new-staff-member-page-3\/"},"modified":"2026-03-25T09:37:44","modified_gmt":"2026-03-25T08:37:44","slug":"jozwiak-akos","status":"publish","type":"page","link":"https:\/\/univet.hu\/hu\/egyetem\/munkatarsak\/jozwiak-akos\/","title":{"rendered":"J\u00f3\u017awiak \u00c1kos Bernard"},"content":{"rendered":"<p>Tov\u00e1bbi inform\u00e1ci\u00f3k a D\u00c9T <a href=\"https:\/\/dfi.univet.hu\/rolunk\/jozwiak-akos\/\" target=\"_blank\" rel=\"noopener\">oldal\u00e1n<\/a> \u00e9rhet\u0151k el.<\/p>","protected":false},"excerpt":{"rendered":"<p>Tov\u00e1bbi inform\u00e1ci\u00f3k a D\u00c9T oldal\u00e1n \u00e9rhet\u0151k el.<\/p>\n","protected":false},"author":5824,"featured_media":0,"parent":858,"menu_order":37,"comment_status":"open","ping_status":"open","template":"","meta":{"_acf_changed":false,"footnotes":""},"categories":[56],"tags":[],"class_list":["post-60760","page","type-page","status-publish","hentry","category-munkatarsak"],"acf":[],"_links":{"self":[{"href":"https:\/\/univet.hu\/hu\/wp-json\/wp\/v2\/pages\/60760","targetHints":{"allow":["GET"]}}],"collection":[{"href":"https:\/\/univet.hu\/hu\/wp-json\/wp\/v2\/pages"}],"about":[{"href":"https:\/\/univet.hu\/hu\/wp-json\/wp\/v2\/types\/page"}],"author":[{"embeddable":true,"href":"https:\/\/univet.hu\/hu\/wp-json\/wp\/v2\/users\/5824"}],"replies":[{"embeddable":true,"href":"https:\/\/univet.hu\/hu\/wp-json\/wp\/v2\/comments?post=60760"}],"version-history":[{"count":5,"href":"https:\/\/univet.hu\/hu\/wp-json\/wp\/v2\/pages\/60760\/revisions"}],"predecessor-version":[{"id":204149,"href":"https:\/\/univet.hu\/hu\/wp-json\/wp\/v2\/pages\/60760\/revisions\/204149"}],"up":[{"embeddable":true,"href":"https:\/\/univet.hu\/hu\/wp-json\/wp\/v2\/pages\/858"}],"wp:attachment":[{"href":"https:\/\/univet.hu\/hu\/wp-json\/wp\/v2\/media?parent=60760"}],"wp:term":[{"taxonomy":"category","embeddable":true,"href":"https:\/\/univet.hu\/hu\/wp-json\/wp\/v2\/categories?post=60760"},{"taxonomy":"post_tag","embeddable":true,"href":"https:\/\/univet.hu\/hu\/wp-json\/wp\/v2\/tags?post=60760"}],"curies":[{"name":"wp","href":"https:\/\/api.w.org\/{rel}","templated":true}]}}