{"id":60957,"date":"2020-12-15T09:41:56","date_gmt":"2020-12-15T08:41:56","guid":{"rendered":"https:\/\/univet.hu\/hu\/felveteli\/marek-osztondij\/gyik\/"},"modified":"2025-06-30T13:03:54","modified_gmt":"2025-06-30T11:03:54","slug":"gyik","status":"publish","type":"page","link":"https:\/\/univet.hu\/hu\/felveteli\/marek-osztondij\/gyik\/","title":{"rendered":"GYIK"},"content":{"rendered":"<p style=\"text-align: center\"><strong>MAREK J\u00d3ZSEF \u00d6SZT\u00d6ND\u00cdJPROGRAM<\/strong><\/p> <h4 style=\"text-align: center\">Gyakran ism\u00e9telt k\u00e9rd\u00e9sek<\/h4> <p>&nbsp;<\/p> <p><strong>Mi a Marek J\u00f3zsef \u00d6szt\u00f6nd\u00edj? <\/strong><\/p> <p>A Marek J\u00f3zsef Alap\u00edtv\u00e1ny \u00e1ltal finansz\u00edrozott \u00f6nk\u00f6lts\u00e9ges k\u00e9pz\u00e9si forma a magyar nyelv\u0171 k\u00e9pz\u00e9s \u00e1llatorvosi szak\u00e1n tanulm\u00e1nyokat folytat\u00f3 hallgat\u00f3k sz\u00e1m\u00e1ra a k\u00e9pz\u00e9s\u00fck idej\u00e9re.<\/p> <p>&nbsp;<\/p> <p><strong>Ki fizeti az \u00f6nk\u00f6lts\u00e9g \u00f6sszeg\u00e9t?<\/strong><\/p> <p>A Marek J\u00f3zsef Alap\u00edtv\u00e1ny Kurat\u00f3riuma.<\/p> <p>&nbsp;<\/p> <p><strong>H\u00e1ny ponttal van es\u00e9lyem beker\u00fclni az \u00f6szt\u00f6nd\u00edjas programba?<\/strong><\/p> <p>Minimum 400 felv\u00e9teli ponttal.<\/p> <p>&nbsp;<\/p> <p><strong>H\u00e1ny \u00f6szt\u00f6nd\u00edjas hallgat\u00f3 ker\u00fcl felv\u00e9telre egy \u00e9vben?<\/strong><\/p> <p>Legal\u00e1bb 15 f\u0151.<\/p> <p>&nbsp;<\/p> <p><strong>Hogyan kell jelentkezni a Marek J\u00f3zsef \u00d6szt\u00f6nd\u00edjra?<\/strong><\/p> <p>A jelentkez\u00e9shez sz\u00fcks\u00e9ges eredeti, al\u00e1\u00edrt dokumentumokat szkennelve a <a class=\"decrypt\" rel=\"gfmwfufmj\/nbsflAvojwfu\/iv\" href=\"javascript:void(0);\">[Kattintson az emailc\u00edmhez]<\/a> e-mail c\u00edmre k\u00e9rj\u00fck bek\u00fcldeni <strong>2022. j\u00fanius 30-ig.<\/strong> Az \u00f6szt\u00f6nd\u00edjra p\u00e1ly\u00e1z\u00f3 hallgat\u00f3knak az \u00f6szt\u00f6nd\u00edjra val\u00f3 jelentkez\u00e9s\u00fcket a felv\u00e9teli d\u00f6nt\u00e9st k\u00f6vet\u0151en, <strong>2022. j\u00falius 28-ig<\/strong> ugyanezen az el\u00e9rhet\u0151s\u00e9gen kell <strong>meger\u0151s\u00edteni<\/strong>, ezt k\u00f6vet\u0151en csak azon hallgat\u00f3kkal folytatjuk le a sz\u00f3beli szakmai besz\u00e9lget\u00e9st, akik ezt megtett\u00e9k.<\/p> <p>&nbsp;<\/p> <p><strong>Milyen \u00e1tlaggal kell rendelkeznem, hogy a tanulm\u00e1nyaim v\u00e9g\u00e9ig Marek \u00d6szt\u00f6nd\u00edjas lehessek?<\/strong><\/p> <p>Nincs k\u00fcl\u00f6n\u00f6sebb kit\u00e9tel, a Tanulm\u00e1nyi \u00e9s Vizsgaszab\u00e1lyzat el\u0151\u00edr\u00e1sainak teljes\u00edt\u00e9se sz\u00fcks\u00e9ges a hallgat\u00f3i jogviszony, \u00e9s ezzel egy\u00fctt a Marek J\u00f3zsef \u00d6szt\u00f6nd\u00edjas jogviszony fenntart\u00e1s\u00e1hoz.<\/p> <p>&nbsp;<\/p> <p><strong>Hogyan vesz\u00edthetem el az \u00d6szt\u00f6nd\u00edjra val\u00f3 jogosults\u00e1got?<\/strong><\/p> <p>Amennyiben az \u00f6szt\u00f6nd\u00edjas nem v\u00e1llalja, ill. nem tartja be a k\u00e9pz\u00e9si szerz\u0151d\u00e9sben le\u00edrtakat.<\/p> <p>&nbsp;<\/p> <p><strong>H\u00e1ny f\u00e9l\u00e9vre j\u00e1r az \u00f6szt\u00f6nd\u00edj?<\/strong><\/p> <p>11 f\u00e9l\u00e9vre, mely m\u00e9lt\u00e1nyoss\u00e1gb\u00f3l meghosszabb\u00edthat\u00f3 tov\u00e1bbi k\u00e9t f\u00e9l\u00e9vvel.<\/p> <p>&nbsp;<\/p> <p><strong>Mennyi ideig lehetek Marek \u00f6szt\u00f6nd\u00edjas?<\/strong><\/p> <p>11 f\u00e9l\u00e9v, mely m\u00e9lt\u00e1nyoss\u00e1gb\u00f3l meghosszabb\u00edthat\u00f3 tov\u00e1bbi k\u00e9t f\u00e9l\u00e9vvel.<\/p> <p>&nbsp;<\/p> <p><strong>Csak a magyar nyelv\u0171 k\u00e9pz\u00e9sre vonatkozik az \u00f6szt\u00f6nd\u00edj?<\/strong><\/p> <p>Igen<\/p> <p>&nbsp;<\/p> <p><strong>\u00c1tv\u00e1llalhatja-e m\u00e1s az \u00f6szt\u00f6nd\u00edjat pl.: munk\u00e1ltat\u00f3?<\/strong><\/p> <p>Az Alap\u00edtv\u00e1nyt\u00f3l nem v\u00e1llalhatja \u00e1t, de plusz \u00f6szt\u00f6nd\u00edj p\u00e1ly\u00e1z\u00e1s\u00e1ra ugyan\u00fagy lehet\u0151s\u00e9g van.<\/p> <p>&nbsp;<\/p> <p><strong>Milyen oklevelet kapok a szak elv\u00e9gz\u00e9se ut\u00e1n?<\/strong><\/p> <p>Okleveles \u00e1llatorvos-doktor oklevelet \u00e9s rektori tan\u00fas\u00edtv\u00e1nyt, amely igazolja, hogy a szakot Marek J\u00f3zsef \u00d6szt\u00f6nd\u00edjjal v\u00e9gezte el.<\/p> <p>&nbsp;<\/p> <p><strong>Milyen k\u00f6telezetts\u00e9gekkel j\u00e1r az \u00f6szt\u00f6nd\u00edj v\u00e1llal\u00e1sa? <\/strong><\/p> <p>A k\u00e9pz\u00e9s id\u0151tartama alatt az \u00f6szt\u00f6nd\u00edjas hallgat\u00f3 v\u00e1llalja, hogy a k\u00e9pz\u00e9se sor\u00e1n 10 f\u00e9l\u00e9ven kereszt\u00fcl \u00f6sszesen 30 kreditpontot gy\u0171jt a haszon\u00e1llat-gy\u00f3gy\u00e1szat \u00e9s az \u00e9lelmiszerl\u00e1nc-biztons\u00e1g t\u00e9mak\u00f6r\u00e9be tartoz\u00f3 fakultat\u00edv tant\u00e1rgyakb\u00f3l. V\u00e9gz\u00e9s ut\u00e1n pedig 10 \u00e9vig kell a megadott szakter\u00fcleten, azaz haszon\u00e1llat-gy\u00f3gy\u00e1szat vagy \u00e9lelmiszerl\u00e1nc-biztons\u00e1g ter\u00fclet\u00e9n teljes munkaid\u0151ben munk\u00e1t v\u00e1llalni Magyarorsz\u00e1gon.<\/p> <p>&nbsp;<\/p> <p><strong>V\u00e9gz\u00e9s ut\u00e1n csak a v\u00e1llalt ter\u00fcleteken helyezkedhetek el?<\/strong><\/p> <p>A v\u00e9gz\u00e9s ut\u00e1ni 10 \u00e9vben igen.<\/p> <p>&nbsp;<\/p> <p><strong>Mivel kell t\u00f6bbet teljes\u00edtenem Marek \u00d6szt\u00f6nd\u00edjask\u00e9nt?<\/strong><\/p> <p>A fakultat\u00edv tant\u00e1rgyak teljes\u00edt\u00e9se sor\u00e1n 30 kreditpontot kell \u00f6sszegy\u0171jteni a haszon\u00e1llat-gy\u00f3gy\u00e1szat \u00e9s az \u00e9lelmiszerl\u00e1nc-biztons\u00e1g t\u00e9mak\u00f6r\u00e9be tartoz\u00f3 fakultat\u00edv tant\u00e1rgyakb\u00f3l.<\/p> <p><strong>\u00a0<\/strong><\/p>","protected":false},"excerpt":{"rendered":"<p>MAREK J\u00d3ZSEF \u00d6SZT\u00d6ND\u00cdJPROGRAM Gyakran ism\u00e9telt k\u00e9rd\u00e9sek &nbsp; Mi a Marek J\u00f3zsef \u00d6szt\u00f6nd\u00edj? A Marek J\u00f3zsef Alap\u00edtv\u00e1ny \u00e1ltal finansz\u00edrozott \u00f6nk\u00f6lts\u00e9ges k\u00e9pz\u00e9si forma a magyar nyelv\u0171 k\u00e9pz\u00e9s \u00e1llatorvosi szak\u00e1n tanulm\u00e1nyokat folytat\u00f3 hallgat\u00f3k sz\u00e1m\u00e1ra a k\u00e9pz\u00e9s\u00fck idej\u00e9re. &nbsp; Ki fizeti az \u00f6nk\u00f6lts\u00e9g \u00f6sszeg\u00e9t? A Marek J\u00f3zsef Alap\u00edtv\u00e1ny Kurat\u00f3riuma. &nbsp; H\u00e1ny ponttal van es\u00e9lyem beker\u00fclni az \u00f6szt\u00f6nd\u00edjas programba? Minimum<\/p>\n","protected":false},"author":2518,"featured_media":0,"parent":60928,"menu_order":0,"comment_status":"open","ping_status":"open","template":"","meta":{"_acf_changed":false,"footnotes":""},"categories":[],"tags":[],"class_list":["post-60957","page","type-page","status-publish","hentry"],"acf":[],"_links":{"self":[{"href":"https:\/\/univet.hu\/hu\/wp-json\/wp\/v2\/pages\/60957","targetHints":{"allow":["GET"]}}],"collection":[{"href":"https:\/\/univet.hu\/hu\/wp-json\/wp\/v2\/pages"}],"about":[{"href":"https:\/\/univet.hu\/hu\/wp-json\/wp\/v2\/types\/page"}],"author":[{"embeddable":true,"href":"https:\/\/univet.hu\/hu\/wp-json\/wp\/v2\/users\/2518"}],"replies":[{"embeddable":true,"href":"https:\/\/univet.hu\/hu\/wp-json\/wp\/v2\/comments?post=60957"}],"version-history":[{"count":1,"href":"https:\/\/univet.hu\/hu\/wp-json\/wp\/v2\/pages\/60957\/revisions"}],"predecessor-version":[{"id":187554,"href":"https:\/\/univet.hu\/hu\/wp-json\/wp\/v2\/pages\/60957\/revisions\/187554"}],"up":[{"embeddable":true,"href":"https:\/\/univet.hu\/hu\/wp-json\/wp\/v2\/pages\/60928"}],"wp:attachment":[{"href":"https:\/\/univet.hu\/hu\/wp-json\/wp\/v2\/media?parent=60957"}],"wp:term":[{"taxonomy":"category","embeddable":true,"href":"https:\/\/univet.hu\/hu\/wp-json\/wp\/v2\/categories?post=60957"},{"taxonomy":"post_tag","embeddable":true,"href":"https:\/\/univet.hu\/hu\/wp-json\/wp\/v2\/tags?post=60957"}],"curies":[{"name":"wp","href":"https:\/\/api.w.org\/{rel}","templated":true}]}}