{"id":60962,"date":"2020-12-15T10:11:19","date_gmt":"2020-12-15T09:11:19","guid":{"rendered":"https:\/\/univet.hu\/hu\/felveteli\/marek-osztondij\/szakmai-anyagok\/"},"modified":"2020-12-15T10:13:13","modified_gmt":"2020-12-15T09:13:13","slug":"szakmai-anyagok-a-felveteli-elbeszelgeteshez","status":"publish","type":"page","link":"https:\/\/univet.hu\/hu\/felveteli\/marek-osztondij\/szakmai-anyagok-a-felveteli-elbeszelgeteshez\/","title":{"rendered":"Szakmai anyagok a felv\u00e9teli elbesz\u00e9lget\u00e9shez"},"content":{"rendered":"<p>&nbsp;<\/p> <p><a href=\"https:\/\/univet.hu\/wp-content\/uploads\/2020\/12\/433-441-Lakner-et-al._bioterrorizmus.pdf\" target=\"_blank\" rel=\"noopener\">Lakner Zolt\u00e1n &#8211; Kasza Gyula &#8211; \u00d3zsv\u00e1ri L\u00e1szl\u00f3: A bioterrorizmus t\u00f6rt\u00e9nete \u00e9s jelent\u0151s\u00e9ge<\/a><\/p> <p><a href=\"https:\/\/univet.hu\/wp-content\/uploads\/2020\/12\/2016.138.-391-400_Hejel-et-al.pdf\" target=\"_blank\" rel=\"noopener\">Hejel &#8211; Csorba &#8211; Gubik &#8211; J\u00f3n\u00e1s &#8211; K\u00f6nyves: A gyakoribb takarm\u00e1nyoz\u00e1si, \u00e1llom\u00e1ny-eg\u00e9szs\u00e9g\u00fcgyi \u00e9s tart\u00e1stechnol\u00f3giai kock\u00e1zati t\u00e9nyez\u0151k az ell\u00e9s k\u00f6r\u00fcli id\u0151szakban tejel\u0151 tehenekben<\/a><\/p> <p><a href=\"https:\/\/univet.hu\/wp-content\/uploads\/2020\/12\/2019.141.281-287_Kondr\u00e1k-Albert.pdf\" target=\"_blank\" rel=\"noopener\">Kondr\u00e1k &#8211; Albert: T\u00f6meges f\u00fclv\u00e9gelhal\u00e1s egy sert\u00e9s\u00e1llom\u00e1nyban<\/a><\/p> <p><a href=\"https:\/\/univet.hu\/wp-content\/uploads\/2020\/12\/2019_141_101_Olasz_virol\u00f3gia.pdf\" target=\"_blank\" rel=\"noopener\">Olasz &#8211; M\u00e9sz\u00e1ros &#8211; Tam\u00e1s &#8211; B\u00e1lint &#8211; Bruczy\u0144ska &#8211; Wozniakowski &#8211; Z\u00e1dori: Az afrikai sert\u00e9spestis j\u00e1rv\u00e1nytana \u00e9s a v\u00e9dekez\u00e9s lehet\u0151s\u00e9gei<\/a><\/p> <p><a href=\"https:\/\/univet.hu\/wp-content\/uploads\/2020\/12\/2019_141_659-675_Bognar_szarvasmarha.pdf\" target=\"_blank\" rel=\"noopener\">Bogn\u00e1r &#8211; Farkas &#8211; Fornyos &#8211; Zrufk\u00f3 &#8211; Baumgartner &#8211; Khol &#8211; Jurkovich: A szarvasmarh\u00e1k paratuberculosisa \u00e9s az ember Crohn-betegs\u00e9ge k\u00f6z\u00f6tti lehets\u00e9ges kapcsolat<\/a><\/p> <p><a href=\"https:\/\/univet.hu\/wp-content\/uploads\/2020\/12\/2020.142.117-127_Pomothy-et-al.pdf\" target=\"_blank\" rel=\"noopener\">Pomothy &#8211; Barna &#8211; Czimmermann &#8211; Sz\u00f3l\u00e1di &#8211; P\u00e1sztin\u00e9 Gere: A deoxinivalenol mikotoxin toxikus hat\u00e1sai a gazdas\u00e1gi haszon\u00e1llatokra<\/a><\/p> <p><a href=\"https:\/\/univet.hu\/wp-content\/uploads\/2020\/12\/2020.142.195-205_Kov\u00e1cs-et-al.pdf\" target=\"_blank\" rel=\"noopener\">Kov\u00e1cs &#8211; Konc &#8211; Kutasi- K\u00f6nyves: A nagy\u00fczemben tartott pulyk\u00e1k rendellenes magatart\u00e1sform\u00e1i <\/a><\/p> <p><a href=\"https:\/\/univet.hu\/wp-content\/uploads\/2020\/12\/2020.142.665-669_Vincze-et-al.pdf\" target=\"_blank\" rel=\"noopener\">Vincze &#8211; Solti &#8211; Volman &#8211; Cseh &#8211; Gyulay: Telepi k\u00f6r\u00fclm\u00e9nyek k\u00f6z\u00f6tt in vitro el\u0151\u00e1ll\u00edtott \u00e9s fagyasztott szarvasmarha-embri\u00f3k sikeres \u00e1t\u00fcltet\u00e9se az \u00fan. direkt transzfer technik\u00e1val<\/a><\/p> <p><a href=\"https:\/\/univet.hu\/wp-content\/uploads\/2020\/12\/2020_142_323-348-BGY_Virologia_COVID-II.pdf\" target=\"_blank\" rel=\"noopener\">Balka &#8211; B\u00e1lint &#8211; Cs\u00e1gola &#8211; Farsang &#8211; Jezsele &#8211; Kiss &#8211; Z\u00e1dori: A h\u00e1zi\u00e1llatok f\u0151bb coronav\u00edrusai, \u00e9s a SARS-CoV-2 elleni vakcin\u00e1s \u00e9s gy\u00f3gyszeres v\u00e9dekez\u00e9s lehet\u0151s\u00e9gei<\/a><\/p> <p><a href=\"https:\/\/univet.hu\/wp-content\/uploads\/2020\/12\/2020_142_681_688_Pleva_\u00e9lelmiszerbizt.pdf\" target=\"_blank\" rel=\"noopener\">Pleva &#8211; Szakm\u00e1r &#8211; T\u0151zs\u00e9r &#8211; Sweeney &#8211; Domak &#8211; Laczay: Kiskereskedelmi forgalomban kaphat\u00f3 csirkeh\u00fasok Salmonellaszennyezetts\u00e9g\u00e9nek \u00e9s a Salmonella Enteritidis grillez\u00e9s k\u00f6zbeni h\u0151pusztul\u00e1s\u00e1nak vizsg\u00e1lata<\/a><\/p>","protected":false},"excerpt":{"rendered":"<p>&nbsp; Lakner Zolt\u00e1n &#8211; Kasza Gyula &#8211; \u00d3zsv\u00e1ri L\u00e1szl\u00f3: A bioterrorizmus t\u00f6rt\u00e9nete \u00e9s jelent\u0151s\u00e9ge Hejel &#8211; Csorba &#8211; Gubik &#8211; J\u00f3n\u00e1s &#8211; K\u00f6nyves: A gyakoribb takarm\u00e1nyoz\u00e1si, \u00e1llom\u00e1ny-eg\u00e9szs\u00e9g\u00fcgyi \u00e9s tart\u00e1stechnol\u00f3giai kock\u00e1zati t\u00e9nyez\u0151k az ell\u00e9s k\u00f6r\u00fcli id\u0151szakban tejel\u0151 tehenekben Kondr\u00e1k &#8211; Albert: T\u00f6meges f\u00fclv\u00e9gelhal\u00e1s egy sert\u00e9s\u00e1llom\u00e1nyban Olasz &#8211; M\u00e9sz\u00e1ros &#8211; Tam\u00e1s &#8211; B\u00e1lint &#8211; Bruczy\u0144ska &#8211; Wozniakowski<\/p>\n","protected":false},"author":2518,"featured_media":0,"parent":60928,"menu_order":0,"comment_status":"open","ping_status":"open","template":"","meta":{"_acf_changed":false,"footnotes":""},"categories":[],"tags":[],"class_list":["post-60962","page","type-page","status-publish","hentry"],"acf":[],"_links":{"self":[{"href":"https:\/\/univet.hu\/hu\/wp-json\/wp\/v2\/pages\/60962","targetHints":{"allow":["GET"]}}],"collection":[{"href":"https:\/\/univet.hu\/hu\/wp-json\/wp\/v2\/pages"}],"about":[{"href":"https:\/\/univet.hu\/hu\/wp-json\/wp\/v2\/types\/page"}],"author":[{"embeddable":true,"href":"https:\/\/univet.hu\/hu\/wp-json\/wp\/v2\/users\/2518"}],"replies":[{"embeddable":true,"href":"https:\/\/univet.hu\/hu\/wp-json\/wp\/v2\/comments?post=60962"}],"version-history":[{"count":0,"href":"https:\/\/univet.hu\/hu\/wp-json\/wp\/v2\/pages\/60962\/revisions"}],"up":[{"embeddable":true,"href":"https:\/\/univet.hu\/hu\/wp-json\/wp\/v2\/pages\/60928"}],"wp:attachment":[{"href":"https:\/\/univet.hu\/hu\/wp-json\/wp\/v2\/media?parent=60962"}],"wp:term":[{"taxonomy":"category","embeddable":true,"href":"https:\/\/univet.hu\/hu\/wp-json\/wp\/v2\/categories?post=60962"},{"taxonomy":"post_tag","embeddable":true,"href":"https:\/\/univet.hu\/hu\/wp-json\/wp\/v2\/tags?post=60962"}],"curies":[{"name":"wp","href":"https:\/\/api.w.org\/{rel}","templated":true}]}}