{"id":61116,"date":"2021-01-04T15:13:03","date_gmt":"2021-01-04T14:13:03","guid":{"rendered":"https:\/\/univet.hu\/?page_id=61116"},"modified":"2023-07-28T23:17:10","modified_gmt":"2023-07-28T21:17:10","slug":"rovarok-a-human-taplalkozasban-es-takarmanyozasban","status":"publish","type":"page","link":"https:\/\/univet.hu\/hu\/oktatas\/kurzusok\/rovarok-a-human-taplalkozasban-es-takarmanyozasban\/","title":{"rendered":"Rovarok a hum\u00e1n t\u00e1pl\u00e1lkoz\u00e1sban \u00e9s takarm\u00e1nyoz\u00e1sban"},"content":{"rendered":"<p><strong>A tant\u00e1rgy \u00e1ltal\u00e1nos c\u00e9lja:<\/strong><\/p> <p>A tant\u00e1rgy c\u00e9lja, hogy megismertesse a hallgat\u00f3kat a rovarok takarm\u00e1nyoz\u00e1si \u00e9s hum\u00e1n t\u00e1pl\u00e1lkoz\u00e1si c\u00e9l\u00fa felhaszn\u00e1l\u00e1s\u00e1val. A F\u00f6ld egyre n\u00f6vekv\u0151 feh\u00e9rjeig\u00e9nye \u00e9s a fenntarthat\u00f3 fejl\u0151d\u00e9sre val\u00f3 t\u00f6rekv\u00e9s egyar\u00e1nt abba az ir\u00e1nyba mutat, hogy a j\u00f6v\u0151ben jelent\u0151sen megn\u0151 az ilyen jelleg\u0171 takarm\u00e1nyok- illetve \u00e9lelmiszerek el\u0151\u00e1ll\u00edt\u00e1sa \u00e9s felhaszn\u00e1l\u00e1sa.<\/p> <p><strong>A tant\u00e1rgy felel\u0151se:\u00a0<\/strong>Dr. Het\u00e9nyi Nikoletta<\/p> <p><strong>El\u0151tanulm\u00e1nyi k\u00f6vetelm\u00e9nyek:<\/strong>\u00a0nincs<\/p>","protected":false},"excerpt":{"rendered":"<p>A tant\u00e1rgy \u00e1ltal\u00e1nos c\u00e9lja: A tant\u00e1rgy c\u00e9lja, hogy megismertesse a hallgat\u00f3kat a rovarok takarm\u00e1nyoz\u00e1si \u00e9s hum\u00e1n t\u00e1pl\u00e1lkoz\u00e1si c\u00e9l\u00fa felhaszn\u00e1l\u00e1s\u00e1val. A F\u00f6ld egyre n\u00f6vekv\u0151 feh\u00e9rjeig\u00e9nye \u00e9s a fenntarthat\u00f3 fejl\u0151d\u00e9sre val\u00f3 t\u00f6rekv\u00e9s egyar\u00e1nt abba az ir\u00e1nyba mutat, hogy a j\u00f6v\u0151ben jelent\u0151sen megn\u0151 az ilyen jelleg\u0171 takarm\u00e1nyok- illetve \u00e9lelmiszerek el\u0151\u00e1ll\u00edt\u00e1sa \u00e9s felhaszn\u00e1l\u00e1sa. A tant\u00e1rgy felel\u0151se:\u00a0Dr. Het\u00e9nyi Nikoletta El\u0151tanulm\u00e1nyi<\/p>\n","protected":false},"author":3837,"featured_media":0,"parent":677,"menu_order":0,"comment_status":"closed","ping_status":"closed","template":"","meta":{"_acf_changed":false,"footnotes":""},"categories":[64],"tags":[],"class_list":["post-61116","page","type-page","status-publish","hentry","category-kurzusok"],"acf":[],"_links":{"self":[{"href":"https:\/\/univet.hu\/hu\/wp-json\/wp\/v2\/pages\/61116","targetHints":{"allow":["GET"]}}],"collection":[{"href":"https:\/\/univet.hu\/hu\/wp-json\/wp\/v2\/pages"}],"about":[{"href":"https:\/\/univet.hu\/hu\/wp-json\/wp\/v2\/types\/page"}],"author":[{"embeddable":true,"href":"https:\/\/univet.hu\/hu\/wp-json\/wp\/v2\/users\/3837"}],"replies":[{"embeddable":true,"href":"https:\/\/univet.hu\/hu\/wp-json\/wp\/v2\/comments?post=61116"}],"version-history":[{"count":0,"href":"https:\/\/univet.hu\/hu\/wp-json\/wp\/v2\/pages\/61116\/revisions"}],"up":[{"embeddable":true,"href":"https:\/\/univet.hu\/hu\/wp-json\/wp\/v2\/pages\/677"}],"wp:attachment":[{"href":"https:\/\/univet.hu\/hu\/wp-json\/wp\/v2\/media?parent=61116"}],"wp:term":[{"taxonomy":"category","embeddable":true,"href":"https:\/\/univet.hu\/hu\/wp-json\/wp\/v2\/categories?post=61116"},{"taxonomy":"post_tag","embeddable":true,"href":"https:\/\/univet.hu\/hu\/wp-json\/wp\/v2\/tags?post=61116"}],"curies":[{"name":"wp","href":"https:\/\/api.w.org\/{rel}","templated":true}]}}