{"id":61160,"date":"2021-01-08T08:52:09","date_gmt":"2021-01-08T07:52:09","guid":{"rendered":"https:\/\/univet.hu\/?page_id=61160"},"modified":"2026-02-10T03:45:02","modified_gmt":"2026-02-10T02:45:02","slug":"allatvedelmi-jogi-elemzo-es-modszertani-kozpont","status":"publish","type":"page","link":"https:\/\/univet.hu\/hu\/egyetem\/szervezeti-egysegek\/allatvedelmi-jogi-elemzo-es-modszertani-kozpont\/","title":{"rendered":"\u00c1llatv\u00e9delmi K\u00f6zpont"},"content":{"rendered":"<p>A 2021. janu\u00e1r elsej\u00e9n alakult\u00a0\u00c1llatorvostudom\u00e1nyi Egyetem \u00c1llatv\u00e9delmi Jogi, Elemz\u0151- \u00e9s M\u00f3dszertani K\u00f6zpont (r\u00f6viden \u00c1TE \u00c1llatv\u00e9delmi K\u00f6zpont) feladata, hogy multidiszciplin\u00e1ris szeml\u00e9lettel tudom\u00e1nyos h\u00e1tteret biztos\u00edtson az \u00e1llatv\u00e9delem elm\u00e9let\u00e9nek \u00e9s gyakorlat\u00e1nak, seg\u00edtve mind az \u00e1llatv\u00e9delemmel kapcsolatos \u00e1llami d\u00f6nt\u00e9sek meghozatal\u00e1t, mind a terepen dolgoz\u00f3 \u00e1llatorvosokat \u00e9s \u00e1llatv\u00e9d\u0151ket. A K\u00f6zpont egy hi\u00e1nyp\u00f3tl\u00f3 tud\u00e1sb\u00e1zis, amely nem csup\u00e1n az \u00e1llatorvosk\u00e9pz\u00e9sben biztos\u00edtja a korszer\u0171 \u00e1llatv\u00e9delmi ismeretek \u00e1tad\u00e1s\u00e1t, hanem a nem \u00e1llatorvos szakembereknek, civileknek is szervez k\u00e9pz\u00e9seket, szakmai napokat. V\u00e1llalkozik tov\u00e1bb\u00e1 a leg\u00fajabb \u00e1llatv\u00e9delmi kutat\u00e1si eredm\u00e9nyek k\u00f6z\u00e9rthet\u0151 nagyk\u00f6z\u00f6ns\u00e9gi kommunik\u00e1ci\u00f3j\u00e1ra is.<\/p> <p>E-mail:\u00a0<a class=\"decrypt\" rel=\"bmmbuwfefmnjlp{qpouAvojwfu\/iv\" href=\"javascript:void(0);\">[Kattintson az emailc\u00edmhez]<\/a><\/p> <p>Facebook:\u00a0<a href=\"https:\/\/www.facebook.com\/AllatvedelmiKozpont\">https:\/\/www.facebook.com\/AllatvedelmiKozpont<\/a><\/p>","protected":false},"excerpt":{"rendered":"<p>A 2021. janu\u00e1r elsej\u00e9n alakult\u00a0\u00c1llatorvostudom\u00e1nyi Egyetem \u00c1llatv\u00e9delmi Jogi, Elemz\u0151- \u00e9s M\u00f3dszertani K\u00f6zpont (r\u00f6viden \u00c1TE \u00c1llatv\u00e9delmi K\u00f6zpont) feladata, hogy multidiszciplin\u00e1ris szeml\u00e9lettel tudom\u00e1nyos h\u00e1tteret biztos\u00edtson az \u00e1llatv\u00e9delem elm\u00e9let\u00e9nek \u00e9s gyakorlat\u00e1nak, seg\u00edtve mind az \u00e1llatv\u00e9delemmel kapcsolatos \u00e1llami d\u00f6nt\u00e9sek meghozatal\u00e1t, mind a terepen dolgoz\u00f3 \u00e1llatorvosokat \u00e9s \u00e1llatv\u00e9d\u0151ket. A K\u00f6zpont egy hi\u00e1nyp\u00f3tl\u00f3 tud\u00e1sb\u00e1zis, amely nem csup\u00e1n az \u00e1llatorvosk\u00e9pz\u00e9sben biztos\u00edtja a<\/p>\n","protected":false},"author":3837,"featured_media":0,"parent":861,"menu_order":0,"comment_status":"closed","ping_status":"closed","template":"","meta":{"_acf_changed":false,"footnotes":""},"categories":[58],"tags":[],"class_list":["post-61160","page","type-page","status-publish","hentry","category-szervezeti-egysegek"],"acf":[],"_links":{"self":[{"href":"https:\/\/univet.hu\/hu\/wp-json\/wp\/v2\/pages\/61160","targetHints":{"allow":["GET"]}}],"collection":[{"href":"https:\/\/univet.hu\/hu\/wp-json\/wp\/v2\/pages"}],"about":[{"href":"https:\/\/univet.hu\/hu\/wp-json\/wp\/v2\/types\/page"}],"author":[{"embeddable":true,"href":"https:\/\/univet.hu\/hu\/wp-json\/wp\/v2\/users\/3837"}],"replies":[{"embeddable":true,"href":"https:\/\/univet.hu\/hu\/wp-json\/wp\/v2\/comments?post=61160"}],"version-history":[{"count":2,"href":"https:\/\/univet.hu\/hu\/wp-json\/wp\/v2\/pages\/61160\/revisions"}],"predecessor-version":[{"id":199020,"href":"https:\/\/univet.hu\/hu\/wp-json\/wp\/v2\/pages\/61160\/revisions\/199020"}],"up":[{"embeddable":true,"href":"https:\/\/univet.hu\/hu\/wp-json\/wp\/v2\/pages\/861"}],"wp:attachment":[{"href":"https:\/\/univet.hu\/hu\/wp-json\/wp\/v2\/media?parent=61160"}],"wp:term":[{"taxonomy":"category","embeddable":true,"href":"https:\/\/univet.hu\/hu\/wp-json\/wp\/v2\/categories?post=61160"},{"taxonomy":"post_tag","embeddable":true,"href":"https:\/\/univet.hu\/hu\/wp-json\/wp\/v2\/tags?post=61160"}],"curies":[{"name":"wp","href":"https:\/\/api.w.org\/{rel}","templated":true}]}}