{"id":61162,"date":"2021-01-08T08:56:53","date_gmt":"2021-01-08T07:56:53","guid":{"rendered":"https:\/\/univet.hu\/?page_id=61162"},"modified":"2021-02-06T21:04:50","modified_gmt":"2021-02-06T20:04:50","slug":"osszehasonlito-allatvedelem","status":"publish","type":"page","link":"https:\/\/univet.hu\/hu\/oktatas\/kurzusok\/osszehasonlito-allatvedelem\/","title":{"rendered":"\u00d6sszehasonl\u00edt\u00f3 \u00e1llatv\u00e9delem"},"content":{"rendered":"<p>A tant\u00e1rgy c\u00e9lja az els\u0151 \u00e9vben kapott \u00e1llatv\u00e9delmi alapok meger\u0151s\u00edt\u00e9se, elm\u00e9ly\u00edt\u00e9se \u00e9s olyan szintre emel\u00e9se, amely nemzetk\u00f6zileg is versenyk\u00e9pes tud\u00e1st biztos\u00edt. Mind az etikus fogyaszt\u00e1s t\u00e9rnyer\u00e9se, mind a t\u00e1rsadalom \u00e1llatokkal szembeni attit\u0171dj\u00e9nek folyamatos v\u00e1ltoz\u00e1sa, mind az egyre differenci\u00e1ltabb \u00e9s szigor\u00fabb szankci\u00f3kkal rendelkez\u0151 hazai \u00e9s nemzetk\u00f6zi jogszab\u00e1lyi k\u00f6rnyezet, mind a term\u00e9szetv\u00e9delemmel, biodiverzit\u00e1s meg\u0151rz\u00e9s\u00e9vel val\u00f3 szoros \u00f6sszef\u00fcgg\u00e9s azt eredm\u00e9nyezte, hogy az \u00e1llatv\u00e9delem korunkban rendk\u00edv\u00fcl jelent\u0151s ter\u00fclett\u00e9 v\u00e1lt, amely kiz\u00e1r\u00f3lag multidiszciplin\u00e1ris megk\u00f6zel\u00edt\u00e9sben \u00e9rtelmezhet\u0151 helyesen. Az \u201e\u00d6sszehasonl\u00edt\u00f3 \u00e1llatv\u00e9delem\u201d tant\u00e1rgy keret\u00e9ben a negyed\u00e9ves hallgat\u00f3k bepillant\u00e1st nyernek az \u00e1llatv\u00e9delem nemzetk\u00f6zi trendjeibe \u00e9s j\u00f3 gyakorlataiba, felt\u00e9rk\u00e9pezik az \u00e1llatv\u00e9delem aktu\u00e1lis \u201ehot-spotjait\u201d, \u00fctk\u00f6z\u0151pontjait, rendszerszinten \u00e9rtik meg \u00e9s saj\u00e1t\u00edtj\u00e1k el az \u00e1llatv\u00e9delem szerepl\u0151inek m\u0171k\u00f6d\u00e9s\u00e9t \u00e9s kapcsol\u00f3d\u00e1sait, r\u00e9szletesen megismerkednek a relev\u00e1ns jogszab\u00e1lyokkal, alkotm\u00e1nyjogi, polg\u00e1ri- \u00e9s b\u00fcntet\u0151jogi jogint\u00e9zm\u00e9nyekkel, valamint ezek gyakorlati \u00e9rv\u00e9nyes\u00fcl\u00e9s\u00e9vel. A hallgat\u00f3k igen sz\u00e9lesk\u00f6r\u0171, integrat\u00edv, kritikai l\u00e1t\u00e1sm\u00f3dra tesznek szert, mik\u00f6zben az \u00e1llatv\u00e9delmet \u00e9s az \u00e1llatk\u00ednz\u00e1s jelens\u00e9g\u00e9t a kapcsol\u00f3d\u00f3 tudom\u00e1ny\u00e1gak &#8211; mint p\u00e9ld\u00e1ul a pszichol\u00f3gia, kriminol\u00f3gia, szociol\u00f3gia, filoz\u00f3fia, kommunik\u00e1ci\u00f3 &#8211; &#8222;szem\u00fcveg\u00e9n&#8221; kereszt\u00fcl is megvizsg\u00e1lhatj\u00e1k. A tant\u00e1rgy kiemelt figyelmet ford\u00edt a 21. sz\u00e1zadi \u00e1llatv\u00e9delem nemzetk\u00f6zi tendenci\u00e1inak, legkorszer\u0171bb megold\u00e1sainak megismertet\u00e9s\u00e9re.<\/p>","protected":false},"excerpt":{"rendered":"<p>A tant\u00e1rgy c\u00e9lja az els\u0151 \u00e9vben kapott \u00e1llatv\u00e9delmi alapok meger\u0151s\u00edt\u00e9se, elm\u00e9ly\u00edt\u00e9se \u00e9s olyan szintre emel\u00e9se, amely nemzetk\u00f6zileg is versenyk\u00e9pes tud\u00e1st biztos\u00edt. Mind az etikus fogyaszt\u00e1s t\u00e9rnyer\u00e9se, mind a t\u00e1rsadalom \u00e1llatokkal szembeni attit\u0171dj\u00e9nek folyamatos v\u00e1ltoz\u00e1sa, mind az egyre differenci\u00e1ltabb \u00e9s szigor\u00fabb szankci\u00f3kkal rendelkez\u0151 hazai \u00e9s nemzetk\u00f6zi jogszab\u00e1lyi k\u00f6rnyezet, mind a term\u00e9szetv\u00e9delemmel, biodiverzit\u00e1s meg\u0151rz\u00e9s\u00e9vel val\u00f3 szoros \u00f6sszef\u00fcgg\u00e9s<\/p>\n","protected":false},"author":3837,"featured_media":0,"parent":677,"menu_order":0,"comment_status":"closed","ping_status":"closed","template":"","meta":{"_acf_changed":false,"footnotes":""},"categories":[64],"tags":[],"class_list":["post-61162","page","type-page","status-publish","hentry","category-kurzusok"],"acf":[],"_links":{"self":[{"href":"https:\/\/univet.hu\/hu\/wp-json\/wp\/v2\/pages\/61162","targetHints":{"allow":["GET"]}}],"collection":[{"href":"https:\/\/univet.hu\/hu\/wp-json\/wp\/v2\/pages"}],"about":[{"href":"https:\/\/univet.hu\/hu\/wp-json\/wp\/v2\/types\/page"}],"author":[{"embeddable":true,"href":"https:\/\/univet.hu\/hu\/wp-json\/wp\/v2\/users\/3837"}],"replies":[{"embeddable":true,"href":"https:\/\/univet.hu\/hu\/wp-json\/wp\/v2\/comments?post=61162"}],"version-history":[{"count":0,"href":"https:\/\/univet.hu\/hu\/wp-json\/wp\/v2\/pages\/61162\/revisions"}],"up":[{"embeddable":true,"href":"https:\/\/univet.hu\/hu\/wp-json\/wp\/v2\/pages\/677"}],"wp:attachment":[{"href":"https:\/\/univet.hu\/hu\/wp-json\/wp\/v2\/media?parent=61162"}],"wp:term":[{"taxonomy":"category","embeddable":true,"href":"https:\/\/univet.hu\/hu\/wp-json\/wp\/v2\/categories?post=61162"},{"taxonomy":"post_tag","embeddable":true,"href":"https:\/\/univet.hu\/hu\/wp-json\/wp\/v2\/tags?post=61162"}],"curies":[{"name":"wp","href":"https:\/\/api.w.org\/{rel}","templated":true}]}}