{"id":61165,"date":"2021-01-08T09:00:27","date_gmt":"2021-01-08T08:00:27","guid":{"rendered":"https:\/\/univet.hu\/?page_id=61165"},"modified":"2023-04-26T11:13:50","modified_gmt":"2023-04-26T09:13:50","slug":"allatorvosi-fenykepeszet","status":"publish","type":"page","link":"https:\/\/univet.hu\/hu\/oktatas\/kurzusok\/allatorvosi-fenykepeszet\/","title":{"rendered":"\u00c1llatorvosi f\u00e9nyk\u00e9p\u00e9szet"},"content":{"rendered":"<p>Az \u00c1llatorvosi f\u00e9nyk\u00e9p\u00e9szet fakultat\u00edv tant\u00e1rgy egy 15 \u00f3r\u00e1b\u00f3l \u00e1ll\u00f3 elm\u00e9leti k\u00e9pz\u00e9s, melyet a 3. f\u00e9l\u00e9vt\u0151l vehetnek fel az \u00e1llatorvos hallgat\u00f3k.<\/p> <p>A tant\u00e1rgy \u00e1ltal\u00e1nos c\u00e9lja a j\u00f3 f\u00e9nyk\u00e9pes dokument\u00e1ci\u00f3 lehet\u0151s\u00e9geinek bemutat\u00e1sa, a j\u00f3 min\u0151s\u00e9g\u0171 \u00e1llatorvosi fot\u00f3dokument\u00e1ci\u00f3 k\u00e9sz\u00edt\u00e9s\u00e9nek el\u0151seg\u00edt\u00e9se. A tant\u00e1rgy tematik\u00e1j\u00e1ban a f\u00e9nyk\u00e9p\u00e9szeti alapismeretek elsaj\u00e1t\u00edt\u00e1s\u00e1n t\u00fal megismerkednek a hallgat\u00f3k a f\u00e9nyk\u00e9pez\u0151g\u00e9p-rendszerekkel \u00e9s kieg\u00e9sz\u00edt\u0151kkel, objekt\u00edvekkel \u00e9s tartoz\u00e9kokkal, szoftverekkel.<\/p> <p>Tov\u00e1bbi t\u00e9m\u00e1k: \u00e9less\u00e9g, kompoz\u00edci\u00f3; telephotography; fekete \u00e9s feh\u00e9r, f\u00e9nyes \u00e9s s\u00f6t\u00e9t, elvesz\u0151 r\u00e9szletek; macro photography; prepar\u00e1tumok fot\u00f3z\u00e1sa, CT, MR, 3D; szem\u00e9szet, endoscopia; kriminalisztikai f\u00e9nyk\u00e9pez\u00e9s; okostelefon; Rtg, sz\u00f6vettan, \u00e1llatv\u00e9delem; k\u00f3rlapok dokument\u00e1ci\u00f3ja, adatkezel\u00e9s.<\/p> <p>A tant\u00e1rgy keret\u00e9ben \u00e9rintett sokf\u00e9le t\u00e9ma seg\u00edts\u00e9g\u00e9vel els\u0151sorban az \u00e9rdekl\u0151d\u00e9st k\u00edv\u00e1njuk felkelteni a fot\u00f3z\u00e1s ir\u00e1nt. N\u00e9h\u00e1ny alapszab\u00e1ly elsaj\u00e1t\u00edt\u00e1s\u00e1val felk\u00e9sz\u00fclhetnek a hallgat\u00f3k a szakmai tev\u00e9kenys\u00e9g\u00fckh\u00f6z alkalmas f\u00e9nyk\u00e9pfelv\u00e9telek k\u00e9sz\u00edt\u00e9s\u00e9re is.<\/p>","protected":false},"excerpt":{"rendered":"<p>Az \u00c1llatorvosi f\u00e9nyk\u00e9p\u00e9szet fakultat\u00edv tant\u00e1rgy egy 15 \u00f3r\u00e1b\u00f3l \u00e1ll\u00f3 elm\u00e9leti k\u00e9pz\u00e9s, melyet a 3. f\u00e9l\u00e9vt\u0151l vehetnek fel az \u00e1llatorvos hallgat\u00f3k. A tant\u00e1rgy \u00e1ltal\u00e1nos c\u00e9lja a j\u00f3 f\u00e9nyk\u00e9pes dokument\u00e1ci\u00f3 lehet\u0151s\u00e9geinek bemutat\u00e1sa, a j\u00f3 min\u0151s\u00e9g\u0171 \u00e1llatorvosi fot\u00f3dokument\u00e1ci\u00f3 k\u00e9sz\u00edt\u00e9s\u00e9nek el\u0151seg\u00edt\u00e9se. A tant\u00e1rgy tematik\u00e1j\u00e1ban a f\u00e9nyk\u00e9p\u00e9szeti alapismeretek elsaj\u00e1t\u00edt\u00e1s\u00e1n t\u00fal megismerkednek a hallgat\u00f3k a f\u00e9nyk\u00e9pez\u0151g\u00e9p-rendszerekkel \u00e9s kieg\u00e9sz\u00edt\u0151kkel, objekt\u00edvekkel \u00e9s tartoz\u00e9kokkal,<\/p>\n","protected":false},"author":3837,"featured_media":0,"parent":677,"menu_order":0,"comment_status":"closed","ping_status":"closed","template":"","meta":{"_acf_changed":false,"footnotes":""},"categories":[64],"tags":[],"class_list":["post-61165","page","type-page","status-publish","hentry","category-kurzusok"],"acf":[],"_links":{"self":[{"href":"https:\/\/univet.hu\/hu\/wp-json\/wp\/v2\/pages\/61165","targetHints":{"allow":["GET"]}}],"collection":[{"href":"https:\/\/univet.hu\/hu\/wp-json\/wp\/v2\/pages"}],"about":[{"href":"https:\/\/univet.hu\/hu\/wp-json\/wp\/v2\/types\/page"}],"author":[{"embeddable":true,"href":"https:\/\/univet.hu\/hu\/wp-json\/wp\/v2\/users\/3837"}],"replies":[{"embeddable":true,"href":"https:\/\/univet.hu\/hu\/wp-json\/wp\/v2\/comments?post=61165"}],"version-history":[{"count":0,"href":"https:\/\/univet.hu\/hu\/wp-json\/wp\/v2\/pages\/61165\/revisions"}],"up":[{"embeddable":true,"href":"https:\/\/univet.hu\/hu\/wp-json\/wp\/v2\/pages\/677"}],"wp:attachment":[{"href":"https:\/\/univet.hu\/hu\/wp-json\/wp\/v2\/media?parent=61165"}],"wp:term":[{"taxonomy":"category","embeddable":true,"href":"https:\/\/univet.hu\/hu\/wp-json\/wp\/v2\/categories?post=61165"},{"taxonomy":"post_tag","embeddable":true,"href":"https:\/\/univet.hu\/hu\/wp-json\/wp\/v2\/tags?post=61165"}],"curies":[{"name":"wp","href":"https:\/\/api.w.org\/{rel}","templated":true}]}}