{"id":61441,"date":"2021-01-20T18:39:20","date_gmt":"2021-01-20T17:39:20","guid":{"rendered":"https:\/\/univet.hu\/hu\/egyetem\/palyazati-projektek\/nkfih-palyazatok\/name-2\/"},"modified":"2023-01-19T15:13:34","modified_gmt":"2023-01-19T14:13:34","slug":"microbi-intelligens-mikroreaktorok-alkalmazasa-biologiai-szennyviztisztitasban","status":"publish","type":"page","link":"https:\/\/univet.hu\/hu\/egyetem\/palyazati-projektek\/nkfih-palyazatok\/microbi-intelligens-mikroreaktorok-alkalmazasa-biologiai-szennyviztisztitasban\/","title":{"rendered":"MICROBI \u2013 Intelligens mikroreaktorok alkalmaz\u00e1sa biol\u00f3giai szennyv\u00edztiszt\u00edt\u00e1sban"},"content":{"rendered":"<p><strong><u>A p\u00e1ly\u00e1zat r\u00e9szletei:<\/u><\/strong><\/p> <p><strong>Projekt szerz\u0151d\u00e9ssz\u00e1ma:<\/strong> 2019-1.1.1-PIACI-KFI-2019-00118<\/p> <p><strong>Projekt c\u00edm:<\/strong> MICROBI \u2013 Intelligens mikroreaktorok alkalmaz\u00e1sa biol\u00f3giai szennyv\u00edztiszt\u00edt\u00e1sban<\/p> <p><strong>T\u00e1mogat\u00e1s \u00f6sszege:<\/strong> 199 884\u00a0000 Ft<br \/> <strong>T\u00e1mogat\u00e1s intenzit\u00e1sa: <\/strong>100%<\/p> <p><strong>A projekt megval\u00f3s\u00edt\u00e1s\u00e1nak kezdete:\u00a0<\/strong>2020.01.01.<\/p> <p><strong>A projekt v\u00e1rhat\u00f3 befejez\u00e9se:\u00a0<\/strong>2022.12.31.<\/p> <p><strong>Projekt szakmai vezet\u0151je az egyetemen:<\/strong> Dr. habil. Jerzsele \u00c1kos PhD tudom\u00e1nyos \u00e9s kutat\u00e1si rektorhelyettes, tansz\u00e9kvezet\u0151 egyetemi docens<\/p> <p>A Nemzeti Kutat\u00e1si, Fejleszt\u00e9si \u00e9s Innov\u00e1ci\u00f3s Alapb\u00f3l (a tov\u00e1bbiakban: NKFI Alap) a Nemzeti Kutat\u00e1si, Fejleszt\u00e9si \u00e9s Innov\u00e1ci\u00f3s Hivatal (a tov\u00e1bbiakban: NKFI Hivatal) \u00e1ltal meghirdetett Felh\u00edv\u00e1s c\u00e9lja a v\u00e1llalkoz\u00e1sok versenyk\u00e9pess\u00e9g\u00e9nek jav\u00edt\u00e1sa piacorient\u00e1lt kutat\u00e1s-fejleszt\u00e9si \u00e9s innov\u00e1ci\u00f3s projektjeik t\u00e1mogat\u00e1s\u00e1val.<\/p> <p>Egyetem\u00fcnk az Inno-Water Kutat\u00f3 \u00e9s K\u00f6rnyezetv\u00e9delmi Szolg\u00e1ltat\u00f3 Zrt., valamint DAK\u00d6V Dabas \u00e9s K\u00f6rny\u00e9ke V\u00edz\u00fcgyi Kft. mellett konzorciumi partnerk\u00e9nt vesz r\u00e9szt a projekt megval\u00f3s\u00edt\u00e1s\u00e1ban.\u00a0<strong>A 816.157.871 Ft \u00f6sszeg\u0171 t\u00e1mogat\u00e1sb\u00f3l egyetem\u00fcnk 199.884.000 Ft-ot ford\u00edthat a szakmai munk\u00e1ra,<\/strong>\u00a0amelyben a Gy\u00f3gyszertani \u00e9s M\u00e9regtani Tansz\u00e9k, a K\u00e9miai Tansz\u00e9k, az \u00c1llathigi\u00e9niai, \u00e9s \u00c1llom\u00e1ny-eg\u00e9szs\u00e9gtani Tansz\u00e9k \u00e9s az \u00dcll\u0151i Tangazdas\u00e1g munkat\u00e1rsai vesznek r\u00e9szt.<\/p> <p><strong>A projekt tartalma:<\/strong><\/p> <p>Xenobiotikumok adszorbensek haszn\u00e1lat\u00e1val t\u00f6rt\u00e9n\u0151 elt\u00e1vol\u00edt\u00e1s\u00e1nak laborat\u00f3riumi vizsg\u00e1lata:<\/p> <ul> <li>Az adott adszorbensek hat\u00e9konys\u00e1g\u00e1nak t\u00f6megspektroszk\u00f3pi\u00e1s m\u00f3dszerekkel t\u00f6rt\u00e9n\u0151 laborat\u00f3riumi tesztel\u00e9se az \u00c1TE feladata. A kiindul\u00e1si k\u00f6zegek a xenobiotikumokat ismert koncentr\u00e1ci\u00f3ban tartalmaz\u00f3 \u201emesters\u00e9ges\u201d oldatokt\u00f3l a nyersiszapon \u00e1t a tiszt\u00edtott szennyvizekig terjednek. A f\u0151 c\u00e9l a vizsg\u00e1land\u00f3 anyag adszorpci\u00f3s kapacit\u00e1s\u00e1nak meghat\u00e1roz\u00e1sa t\u00f6bb adszorbens anyag tekintet\u00e9ben. Fontos feladat a megfelel\u0151 j\u00e1rv\u00e1nyv\u00e9delmi int\u00e9zked\u00e9sek betart\u00e1s\u00e1val a mint\u00e1k feldolgoz\u00e1sa, az alapos mintael\u0151k\u00e9sz\u00edt\u00e9s a k\u00e9s\u0151bbi analitikai vizsg\u00e1latokhoz. A m\u00e9r\u00e9seket a megfelel\u0151 mintael\u0151k\u00e9sz\u00edt\u00e9s ut\u00e1n Sciex ExionLC AD UHPLC-vel csatolt SCIEX QTRAP\u00ae 4500 t\u00f6megspektroszk\u00f3ppal v\u00e9gezz\u00fck, mely a vizsg\u00e1land\u00f3 vegy\u00fcletek pikogrammos mennyis\u00e9g\u00e9t is k\u00e9pes detekt\u00e1lni. A m\u00e9r\u00e9seket az adszorbe\u00e1l\u00e1s el\u0151tti, majd azt k\u00f6vet\u0151 oldatokb\u00f3l v\u00e9gezz\u00fck, az adott id\u0151 alatt, adott h\u0151m\u00e9rs\u00e9kleten jellemz\u0151 adszorpci\u00f3s kapacit\u00e1s meghat\u00e1roz\u00e1s\u00e1hoz.<\/li> <\/ul> <p>K\u00fcl\u00f6nb\u00f6z\u0151 adszorbens anyagok hordoz\u00f3anyagba val\u00f3 szintetiz\u00e1l\u00e1s\u00e1nak vizsg\u00e1lata:<\/p> <ul> <li>Ennek a f\u00e1zisnak a folyamata nagyban hasonl\u00edt az el\u0151z\u0151 f\u00e1zisban le\u00edrtakhoz, de itt m\u00e1r a hidrog\u00e9lbe szintetiz\u00e1lt adszorbensekkel t\u00f6rt\u00e9nnek a vizsg\u00e1latok. A jelen feladatban a konzorciumvezet\u0151 \u00e1ltal el\u0151\u00e1ll\u00edtott \u00fajfajta hordoz\u00f3 anyag t\u00edpusok adszorpci\u00f3s kapacit\u00e1s\u00e1t fogjuk meghat\u00e1rozni, k\u00fcl\u00f6nb\u00f6z\u0151, el\u0151re meghat\u00e1rozott szennyez\u0151 anyagokra vonatkoz\u00f3an, mely szennyez\u0151 anyagokat az el\u0151z\u0151 feladatunk tapasztalatai \u00e9s az adott t\u00edpus\u00fa hordoz\u00f3anyagba szintetiz\u00e1lt adszorbensek (szelekt\u00edv \u00e9s nem szelekt\u00edv) alapj\u00e1n fogunk kijel\u00f6lni. A m\u00e9r\u00e9seket a megfelel\u0151 mintael\u0151k\u00e9sz\u00edt\u00e9s ut\u00e1n szint\u00e9n Sciex ExionLC AD UHPLC-vel csatolt SCIEX QTRAP\u00ae 4500 t\u00f6megspektroszk\u00f3ppal vizsg\u00e1ljuk.<\/li> <\/ul> <p>Bakteri\u00e1lis biofilmmel bevont, adszorbenst tartalmaz\u00f3 hidrog\u00e9lek \u201ef\u00e9l\u00fczemi\u201d vizsg\u00e1lata:<\/p> <ul> <li>Ebben a kontroll\u00e1lt \u00fczemi vizsg\u00e1latban sert\u00e9s, ill. baromfitelepeken tesztelj\u00fck a bioreaktor m\u0171k\u00f6d\u00e9s\u00e9t. Vizsg\u00e1lataink helysz\u00edne az \u00c1TE D\u00f3ramajor haszon\u00e1llatokat tart\u00f3 tangazdas\u00e1ga lesz. Antibiotikumok (amoxicillin, enrofloxacin) 3-5 napos itat\u00e1s\u00e1t k\u00f6vet\u0151en a h\u00edgtr\u00e1gy\u00e1t a mobil bioreaktorsorokba vezetj\u00fck. T\u00f6bb elrendez\u00e9ssel, t\u00f6bb adszorbenst tartalmaz\u00f3 t\u00f6bbf\u00e9le hidrog\u00e9les rendszert vizsg\u00e1lunk. Elemezz\u00fck az antibiotikumok adszorpci\u00f3j\u00e1nak fok\u00e1t a k\u00fcl\u00f6nb\u00f6z\u0151 rendszerekben. Tov\u00e1bb\u00e1, vizsg\u00e1ljuk a bioreaktor mikroorganizmusainak a neh\u00e9zf\u00e9mek elt\u00e1vol\u00edt\u00e1s\u00e1ra vonatkoz\u00f3 k\u00e9pess\u00e9g\u00e9t is. Ehhez LC-SC-ICP-MS (single cell ICP-MS) rendszert alkalmazunk, mely egyed\u00fcl\u00e1ll\u00f3 technol\u00f3gia a neh\u00e9zf\u00e9mek intracellularis (pl. bakt\u00e9riumok) szintj\u00e9nek m\u00e9r\u00e9s\u00e9hez. Ezen vizsg\u00e1lataink eredm\u00e9nyek\u00e9pp meg\u00e1llap\u00edthatjuk, hogy a hidrog\u00e9l fel\u00fclet\u00e9re ker\u00fcl\u0151, biofilmekbe \u00e1gyazott bakt\u00e9riumok k\u00e9pesek lehetnek-e a k\u00e1ros f\u00e9mek elt\u00e1vol\u00edt\u00e1s\u00e1ra a h\u00edgtr\u00e1gy\u00e1b\u00f3l. Ennek els\u0151sorban a cink-oxid eset\u00e9ben van \u00f3ri\u00e1si jelent\u0151s\u00e9ge, melyet sz\u00e9lesk\u00f6rben alkalmaznak sert\u00e9sek <em> coli<\/em> enteritis\u00e9nek prevenci\u00f3j\u00e1ra, technol\u00f3gi\u00e1ba \u00e9p\u00edtve, jelent\u0151s mennyis\u00e9gben.<\/li> <\/ul> <p><a href=\"https:\/\/univet.hu\/wp-content\/uploads\/2023\/01\/Mikrobi-Sajt\u00f3k\u00f6zlem\u00e9ny_2023_-zs.pdf\">Sajt\u00f3k\u00f6zlem\u00e9ny a projekt z\u00e1r\u00e1s\u00e1r\u00f3l<\/a><\/p> <p>&nbsp;<\/p> <p>&nbsp;<\/p> <p><img loading=\"lazy\" decoding=\"async\" class=\"wp-image-61442 alignright\" src=\"https:\/\/univet.hu\/wp-content\/uploads\/2021\/01\/NKFIA_infoblokk_kerettel_program_fekvo_2019_HU-320x136.jpg\" alt=\"\" width=\"633\" height=\"269\" srcset=\"https:\/\/univet.hu\/wp-content\/uploads\/2021\/01\/NKFIA_infoblokk_kerettel_program_fekvo_2019_HU-320x136.jpg 320w, https:\/\/univet.hu\/wp-content\/uploads\/2021\/01\/NKFIA_infoblokk_kerettel_program_fekvo_2019_HU-768x326.jpg 768w, https:\/\/univet.hu\/wp-content\/uploads\/2021\/01\/NKFIA_infoblokk_kerettel_program_fekvo_2019_HU-960x407.jpg 960w\" sizes=\"auto, (max-width: 633px) 100vw, 633px\" \/><\/p>","protected":false},"excerpt":{"rendered":"<p>A p\u00e1ly\u00e1zat r\u00e9szletei: Projekt szerz\u0151d\u00e9ssz\u00e1ma: 2019-1.1.1-PIACI-KFI-2019-00118 Projekt c\u00edm: MICROBI \u2013 Intelligens mikroreaktorok alkalmaz\u00e1sa biol\u00f3giai szennyv\u00edztiszt\u00edt\u00e1sban T\u00e1mogat\u00e1s \u00f6sszege: 199 884\u00a0000 Ft T\u00e1mogat\u00e1s intenzit\u00e1sa: 100% A projekt megval\u00f3s\u00edt\u00e1s\u00e1nak kezdete:\u00a02020.01.01. A projekt v\u00e1rhat\u00f3 befejez\u00e9se:\u00a02022.12.31. Projekt szakmai vezet\u0151je az egyetemen: Dr. habil. Jerzsele \u00c1kos PhD tudom\u00e1nyos \u00e9s kutat\u00e1si rektorhelyettes, tansz\u00e9kvezet\u0151 egyetemi docens A Nemzeti Kutat\u00e1si, Fejleszt\u00e9si \u00e9s Innov\u00e1ci\u00f3s Alapb\u00f3l<\/p>\n","protected":false},"author":61,"featured_media":0,"parent":45583,"menu_order":0,"comment_status":"open","ping_status":"open","template":"","meta":{"_acf_changed":false,"footnotes":""},"categories":[],"tags":[],"class_list":["post-61441","page","type-page","status-publish","hentry"],"acf":[],"_links":{"self":[{"href":"https:\/\/univet.hu\/hu\/wp-json\/wp\/v2\/pages\/61441","targetHints":{"allow":["GET"]}}],"collection":[{"href":"https:\/\/univet.hu\/hu\/wp-json\/wp\/v2\/pages"}],"about":[{"href":"https:\/\/univet.hu\/hu\/wp-json\/wp\/v2\/types\/page"}],"author":[{"embeddable":true,"href":"https:\/\/univet.hu\/hu\/wp-json\/wp\/v2\/users\/61"}],"replies":[{"embeddable":true,"href":"https:\/\/univet.hu\/hu\/wp-json\/wp\/v2\/comments?post=61441"}],"version-history":[{"count":0,"href":"https:\/\/univet.hu\/hu\/wp-json\/wp\/v2\/pages\/61441\/revisions"}],"up":[{"embeddable":true,"href":"https:\/\/univet.hu\/hu\/wp-json\/wp\/v2\/pages\/45583"}],"wp:attachment":[{"href":"https:\/\/univet.hu\/hu\/wp-json\/wp\/v2\/media?parent=61441"}],"wp:term":[{"taxonomy":"category","embeddable":true,"href":"https:\/\/univet.hu\/hu\/wp-json\/wp\/v2\/categories?post=61441"},{"taxonomy":"post_tag","embeddable":true,"href":"https:\/\/univet.hu\/hu\/wp-json\/wp\/v2\/tags?post=61441"}],"curies":[{"name":"wp","href":"https:\/\/api.w.org\/{rel}","templated":true}]}}