{"id":615,"date":"2018-02-26T00:16:00","date_gmt":"2016-09-26T12:11:00","guid":{"rendered":"http:\/\/univet.hu\/oktatas\/tanulmanyi-osztaly\/"},"modified":"2025-11-04T10:04:49","modified_gmt":"2025-11-04T09:04:49","slug":"tanulmanyi-osztaly","status":"publish","type":"page","link":"https:\/\/univet.hu\/hu\/oktatas\/tanulmanyi-osztaly\/","title":{"rendered":"Tanulm\u00e1nyi Oszt\u00e1ly"},"content":{"rendered":"<p><a href=\"https:\/\/univet.hu\/wp-content\/uploads\/2025\/11\/251027-ATE-hallgatoi-adatkezelesi-tajekoztato-magyar.pdf\">Hallgat\u00f3i Adatkezel\u00e9si T\u00e1j\u00e9koztat\u00f3<\/a><\/p> <p><strong>Fogad\u00f3\u00f3r\u00e1k<\/strong><\/p> <p>Tanulm\u00e1nyi Oszt\u00e1ly munkat\u00e1rsai:<\/p> <p><strong>\u00a0H\u00e9tf\u0151 9:00 &#8211; 13:00<\/strong><\/p> <p><strong>Szerda 9:00 &#8211; 13:00<\/strong><\/p> <p><strong>Cs\u00fct\u00f6rt\u00f6k \u00a09:00 &#8211; 11:00<br \/> 13:00 &#8211; 15:00<\/strong><\/p> <p>&nbsp;<\/p> <p>Oktat\u00e1si Rektorhelyettes:<\/p> <p style=\"text-align: start\"><strong>El\u0151zetes bejelentkez\u00e9s ut\u00e1n az &#8216;<a class=\"decrypt\" rel=\"p{twbsj\/mbt{mpAvojwfu\/iv\" href=\"javascript:void(0);\">[Kattintson az emailc\u00edmhez]<\/a>&#8216; e-mail c\u00edmen a T\u00f6rv\u00e9nysz\u00e9ki Tansz\u00e9ken (&#8222;B1&#8221; \u00e9p\u00fclet I. emelet) <\/strong><\/p> <p style=\"text-align: start\"><strong>H\u00e9tf\u0151 17:00 &#8211; 19:00<\/strong><\/p> <p>&nbsp;<\/p> <p>&nbsp;<\/p> <p>2025.09.01:<\/p> <p><a href=\"https:\/\/univet.hu\/wp-content\/uploads\/2025\/09\/Tajekoztato-a-tanulok-es-hallgatok-altal-igenybe-veheto-kedvezmenyek-felhasznalasarol.pdf\">Friss inform\u00e1ci\u00f3 a M\u00c1V-t\u00f3l<\/a><\/p>","protected":false},"excerpt":{"rendered":"<p>A Tanulm\u00e1nyi oszt\u00e1ly munkat\u00e1rsai seg\u00edtik \u00e9s v\u00e9gig k\u00eds\u00e9rik di\u00e1kjainkat az els\u0151 \u00e9vt\u0151l eg\u00e9szen a diploma megszerz\u00e9s\u00e9sig, legyen sz\u00f3 \u00f3rarendr\u0151l, vizsg\u00e1r\u00f3l vagy \u00f6szt\u00f6nd\u00edjlehet\u0151s\u00e9gr\u0151l.<\/p>\n","protected":false},"author":1,"featured_media":0,"parent":350,"menu_order":22,"comment_status":"closed","ping_status":"closed","template":"","meta":{"_acf_changed":false,"footnotes":""},"categories":[],"tags":[],"class_list":["post-615","page","type-page","status-publish","hentry"],"acf":[],"_links":{"self":[{"href":"https:\/\/univet.hu\/hu\/wp-json\/wp\/v2\/pages\/615","targetHints":{"allow":["GET"]}}],"collection":[{"href":"https:\/\/univet.hu\/hu\/wp-json\/wp\/v2\/pages"}],"about":[{"href":"https:\/\/univet.hu\/hu\/wp-json\/wp\/v2\/types\/page"}],"author":[{"embeddable":true,"href":"https:\/\/univet.hu\/hu\/wp-json\/wp\/v2\/users\/1"}],"replies":[{"embeddable":true,"href":"https:\/\/univet.hu\/hu\/wp-json\/wp\/v2\/comments?post=615"}],"version-history":[{"count":6,"href":"https:\/\/univet.hu\/hu\/wp-json\/wp\/v2\/pages\/615\/revisions"}],"predecessor-version":[{"id":194558,"href":"https:\/\/univet.hu\/hu\/wp-json\/wp\/v2\/pages\/615\/revisions\/194558"}],"up":[{"embeddable":true,"href":"https:\/\/univet.hu\/hu\/wp-json\/wp\/v2\/pages\/350"}],"wp:attachment":[{"href":"https:\/\/univet.hu\/hu\/wp-json\/wp\/v2\/media?parent=615"}],"wp:term":[{"taxonomy":"category","embeddable":true,"href":"https:\/\/univet.hu\/hu\/wp-json\/wp\/v2\/categories?post=615"},{"taxonomy":"post_tag","embeddable":true,"href":"https:\/\/univet.hu\/hu\/wp-json\/wp\/v2\/tags?post=615"}],"curies":[{"name":"wp","href":"https:\/\/api.w.org\/{rel}","templated":true}]}}