{"id":61821,"date":"2021-02-03T12:41:01","date_gmt":"2021-02-03T11:41:01","guid":{"rendered":"https:\/\/univet.hu\/?page_id=61821"},"modified":"2023-02-07T10:56:18","modified_gmt":"2023-02-07T09:56:18","slug":"eheto-vadnovenyek","status":"publish","type":"page","link":"https:\/\/univet.hu\/hu\/oktatas\/kurzusok\/eheto-vadnovenyek\/","title":{"rendered":"Ehet\u0151 vadn\u00f6v\u00e9nyek"},"content":{"rendered":"<p>A tant\u00e1rgy c\u00e9lja r\u00e1ir\u00e1ny\u00edtani a figyelmet vadon \u00e9l\u0151 n\u00f6v\u00e9nyfajainkra, amelyek az ember sz\u00e1m\u00e1ra t\u00e1pl\u00e1l\u00e9kul szolg\u00e1lhatnak. A t\u00e1rgyalt fajok a K\u00e1rp\u00e1t-medence ter\u00fclet\u00e9n el\u0151fordul\u00f3 n\u00f6v\u00e9nyfajok, de egyes esetekben t\u00e1volabbi vid\u00e9kekre is ell\u00e1togatunk. Megk\u00fcl\u00f6nb\u00f6ztet\u00fcnk vadon \u00e9l\u0151 \u00e9s kult\u00farn\u00f6v\u00e9nyeket, azok felhaszn\u00e1l\u00e1si m\u00f3dja, gy\u0171jt\u00e9si ideje \u00e9s rendszertani besorol\u00e1sa szerint. Term\u00e9szetesen fontosnak tartjuk az ehet\u0151 \u00e9s a m\u00e9rgez\u0151 n\u00f6v\u00e9nyek pontos megk\u00fcl\u00f6nb\u00f6ztet\u00e9s\u00e9t is.<\/p> <p><strong>A tant\u00e1rgy felel\u0151se\/oktat\u00f3ja:<\/strong> Dr. H\u00e1zi Judit (Hazi.Judit @univet.hu)<\/p> <p><strong>El\u0151tanulm\u00e1nyi k\u00f6vetelm\u00e9nyek:<\/strong> nincsenek<\/p> <p><strong>Aj\u00e1nlott szakirodalom<\/strong>: D\u00e9nes Andrea (szerk.): Ehet\u0151 vadn\u00f6v\u00e9nyek a K\u00e1rp\u00e1t-medenc\u00e9ben, 2013.<\/p> <p><strong>K\u00f6telez\u0151 irodalom:<\/strong><\/p> <p>Az el\u0151ad\u00e1sok anyaga.<\/p>","protected":false},"excerpt":{"rendered":"<p>A tant\u00e1rgy c\u00e9lja r\u00e1ir\u00e1ny\u00edtani a figyelmet vadon \u00e9l\u0151 n\u00f6v\u00e9nyfajainkra, amelyek az ember sz\u00e1m\u00e1ra t\u00e1pl\u00e1l\u00e9kul szolg\u00e1lhatnak. A t\u00e1rgyalt fajok a K\u00e1rp\u00e1t-medence ter\u00fclet\u00e9n el\u0151fordul\u00f3 n\u00f6v\u00e9nyfajok, de egyes esetekben t\u00e1volabbi vid\u00e9kekre is ell\u00e1togatunk. Megk\u00fcl\u00f6nb\u00f6ztet\u00fcnk vadon \u00e9l\u0151 \u00e9s kult\u00farn\u00f6v\u00e9nyeket, azok felhaszn\u00e1l\u00e1si m\u00f3dja, gy\u0171jt\u00e9si ideje \u00e9s rendszertani besorol\u00e1sa szerint. Term\u00e9szetesen fontosnak tartjuk az ehet\u0151 \u00e9s a m\u00e9rgez\u0151 n\u00f6v\u00e9nyek pontos megk\u00fcl\u00f6nb\u00f6ztet\u00e9s\u00e9t<\/p>\n","protected":false},"author":3837,"featured_media":0,"parent":677,"menu_order":0,"comment_status":"closed","ping_status":"closed","template":"","meta":{"_acf_changed":false,"footnotes":""},"categories":[],"tags":[],"class_list":["post-61821","page","type-page","status-publish","hentry"],"acf":[],"_links":{"self":[{"href":"https:\/\/univet.hu\/hu\/wp-json\/wp\/v2\/pages\/61821","targetHints":{"allow":["GET"]}}],"collection":[{"href":"https:\/\/univet.hu\/hu\/wp-json\/wp\/v2\/pages"}],"about":[{"href":"https:\/\/univet.hu\/hu\/wp-json\/wp\/v2\/types\/page"}],"author":[{"embeddable":true,"href":"https:\/\/univet.hu\/hu\/wp-json\/wp\/v2\/users\/3837"}],"replies":[{"embeddable":true,"href":"https:\/\/univet.hu\/hu\/wp-json\/wp\/v2\/comments?post=61821"}],"version-history":[{"count":0,"href":"https:\/\/univet.hu\/hu\/wp-json\/wp\/v2\/pages\/61821\/revisions"}],"up":[{"embeddable":true,"href":"https:\/\/univet.hu\/hu\/wp-json\/wp\/v2\/pages\/677"}],"wp:attachment":[{"href":"https:\/\/univet.hu\/hu\/wp-json\/wp\/v2\/media?parent=61821"}],"wp:term":[{"taxonomy":"category","embeddable":true,"href":"https:\/\/univet.hu\/hu\/wp-json\/wp\/v2\/categories?post=61821"},{"taxonomy":"post_tag","embeddable":true,"href":"https:\/\/univet.hu\/hu\/wp-json\/wp\/v2\/tags?post=61821"}],"curies":[{"name":"wp","href":"https:\/\/api.w.org\/{rel}","templated":true}]}}