{"id":61987,"date":"2021-02-08T08:04:50","date_gmt":"2021-02-08T07:04:50","guid":{"rendered":"https:\/\/univet.hu\/?page_id=61987"},"modified":"2021-03-11T09:55:05","modified_gmt":"2021-03-11T08:55:05","slug":"diplomaoszto-2021","status":"publish","type":"page","link":"https:\/\/univet.hu\/hu\/diplomaoszto-2021\/","title":{"rendered":"Doktorr\u00e1 avat\u00f3 \u00e9s diplomaoszt\u00f3 \u00fcnneps\u00e9g 2021"},"content":{"rendered":"<p>&nbsp;<\/p> <p><strong>Az \u00c1llatorvostudom\u00e1nyi Egyetem Szen\u00e1tusa nev\u00e9ben szeretettel megh\u00edvjuk doktorr\u00e1 avat\u00f3 \u00e9s diplomaoszt\u00f3 \u00fcnneps\u00e9g\u00fcnkre, melyet online k\u00f6zvet\u00edt\u00fcnk.<\/strong><\/p> <p><strong>Id\u0151pont<\/strong>:\u00a02021. febru\u00e1r 26, p\u00e9ntek 10.00 \u00f3ra<\/p> <p><iframe loading=\"lazy\" width=\"950\" height=\"550\" src=\"https:\/\/videosquare.eu\/recordings\/embed\/8812?fullscale=yes\" frameborder=\"0\" allowfullscreen=\"true\"><\/iframe><\/p>","protected":false},"excerpt":{"rendered":"<p>&nbsp; Az \u00c1llatorvostudom\u00e1nyi Egyetem Szen\u00e1tusa nev\u00e9ben szeretettel megh\u00edvjuk doktorr\u00e1 avat\u00f3 \u00e9s diplomaoszt\u00f3 \u00fcnneps\u00e9g\u00fcnkre, melyet online k\u00f6zvet\u00edt\u00fcnk. Id\u0151pont:\u00a02021. febru\u00e1r 26, p\u00e9ntek 10.00 \u00f3ra<\/p>\n","protected":false},"author":2518,"featured_media":0,"parent":0,"menu_order":0,"comment_status":"closed","ping_status":"closed","template":"","meta":{"_acf_changed":false,"footnotes":""},"categories":[],"tags":[],"class_list":["post-61987","page","type-page","status-publish","hentry"],"acf":[],"_links":{"self":[{"href":"https:\/\/univet.hu\/hu\/wp-json\/wp\/v2\/pages\/61987","targetHints":{"allow":["GET"]}}],"collection":[{"href":"https:\/\/univet.hu\/hu\/wp-json\/wp\/v2\/pages"}],"about":[{"href":"https:\/\/univet.hu\/hu\/wp-json\/wp\/v2\/types\/page"}],"author":[{"embeddable":true,"href":"https:\/\/univet.hu\/hu\/wp-json\/wp\/v2\/users\/2518"}],"replies":[{"embeddable":true,"href":"https:\/\/univet.hu\/hu\/wp-json\/wp\/v2\/comments?post=61987"}],"version-history":[{"count":0,"href":"https:\/\/univet.hu\/hu\/wp-json\/wp\/v2\/pages\/61987\/revisions"}],"wp:attachment":[{"href":"https:\/\/univet.hu\/hu\/wp-json\/wp\/v2\/media?parent=61987"}],"wp:term":[{"taxonomy":"category","embeddable":true,"href":"https:\/\/univet.hu\/hu\/wp-json\/wp\/v2\/categories?post=61987"},{"taxonomy":"post_tag","embeddable":true,"href":"https:\/\/univet.hu\/hu\/wp-json\/wp\/v2\/tags?post=61987"}],"curies":[{"name":"wp","href":"https:\/\/api.w.org\/{rel}","templated":true}]}}