{"id":61999,"date":"2021-02-08T08:38:30","date_gmt":"2021-02-08T07:38:30","guid":{"rendered":"https:\/\/univet.hu\/hu\/oktatas\/kurzusok\/egzotikus-allatok-gyogyaszata\/"},"modified":"2025-05-01T09:24:22","modified_gmt":"2025-05-01T07:24:22","slug":"egzotikus-allatok-gyogyaszata","status":"publish","type":"page","link":"https:\/\/univet.hu\/hu\/oktatas\/kurzusok\/egzotikus-allatok-gyogyaszata\/","title":{"rendered":"Egzotikus \u00e1llatok gy\u00f3gy\u00e1szata"},"content":{"rendered":"<p><strong>A tant\u00e1rgy felel\u0151se:<\/strong>\u00a0Dr. G\u00e1l J\u00e1nos<\/p> <p><strong>A tant\u00e1rgy oktat\u00e1s\u00e1ban r\u00e9szt vev\u0151 oktat\u00f3k:<\/strong><\/p> <ul> <li>Dr. G\u00e1l J\u00e1nos,<\/li> <li>Dr. Papp Antal,<\/li> <li>Dr. N\u00f3gr\u00e1di Anna,<\/li> <li>Dr. S\u00f3s Endre,<\/li> <li>Dr. Csat\u00e1ri D\u00f3ra<\/li> <li>\u00a0Dr. Hoitsy M\u00e1rton<\/li> <li>\u00a0Dr. Koroknai Vikt\u00f3ria<\/li> <li>Dr. Ziszisz \u00c1risz<\/li> <\/ul> <p><strong>El\u0151tanulm\u00e1nyi k\u00f6vetelm\u00e9nyek:<\/strong><\/p> <table id=\"dtbBaseData2_tableDescription1\" cellspacing=\"0\" cellpadding=\"0\"> <tbody> <tr id=\"dtbBaseData2_0\"> <td id=\"dtbBaseData2_0dataValue\" class=\"tableRowData\" style=\"width: 342px\">\u00c1llatorvosi gy\u00f3gyszertan 2.,Kis\u00e1llatgy\u00f3gy\u00e1szat 2.<\/td> <\/tr> <\/tbody> <\/table> <p>A tant\u00e1rgy keret\u00e9ben a hallgat\u00f3k megismerhetik az egzotikus \u00e1llatok biol\u00f3gi\u00e1j\u00e1t, tart\u00e1s\u00e1t, szapor\u00edt\u00e1s\u00e1t \u00e9s az ehhez k\u00f6t\u0151d\u0151 gyakoribb elt\u00e9r\u00e9seket, k\u00f3rk\u00e9peket. Az el\u0151ad\u00e1sok keret\u00e9ben a betegvizsg\u00e1lat alapjai, a mindennapi praxisban alkalmazhat\u00f3 diagnosztikai vizsg\u00e1l\u00f3 m\u00f3dszerek bemutat\u00e1sa is r\u00e9sz\u00e9t k\u00e9pezi a tananyagnak. Az egyes \u00e1llatcsoportok fert\u0151z\u0151- \u00e9s nem fert\u0151z\u0151 betegs\u00e9gei is t\u00e1rgyal\u00e1sra ker\u00fclnek, kiemelve azok diagnosztikai \u00e9s ter\u00e1pi\u00e1s lehet\u0151s\u00e9geit.<\/p> <p>&nbsp;<\/p> <p><strong>Tanul\u00e1shoz aj\u00e1nlott szakirodalmak<\/strong><\/p> <p>G\u00e1l J.: H\u00fcll\u0151k tart\u00e1sa, takarm\u00e1nyoz\u00e1sa \u00e9s eg\u00e9szs\u00e9gv\u00e9delme. Boll\u00f3k \u00e9s Tsa. Bt. Budapest. 2006. pp. 1-252<\/p> <p>G\u00e1l J.: Egzotikus madarak eg\u00e9szs\u00e9gv\u00e9delme. MG. Ker. \u00e9s Szolg. Bt. Szombathely. 2006. pp. 1-204.<\/p>","protected":false},"excerpt":{"rendered":"<p>A tant\u00e1rgy felel\u0151se:\u00a0Dr. G\u00e1l J\u00e1nos A tant\u00e1rgy oktat\u00e1s\u00e1ban r\u00e9szt vev\u0151 oktat\u00f3k: Dr. G\u00e1l J\u00e1nos, Dr. Papp Antal, Dr. N\u00f3gr\u00e1di Anna, Dr. S\u00f3s Endre, Dr. Csat\u00e1ri D\u00f3ra \u00a0Dr. Hoitsy M\u00e1rton \u00a0Dr. Koroknai Vikt\u00f3ria Dr. Ziszisz \u00c1risz El\u0151tanulm\u00e1nyi k\u00f6vetelm\u00e9nyek: \u00c1llatorvosi gy\u00f3gyszertan 2.,Kis\u00e1llatgy\u00f3gy\u00e1szat 2. A tant\u00e1rgy keret\u00e9ben a hallgat\u00f3k megismerhetik az egzotikus \u00e1llatok biol\u00f3gi\u00e1j\u00e1t, tart\u00e1s\u00e1t, szapor\u00edt\u00e1s\u00e1t \u00e9s az<\/p>\n","protected":false},"author":3837,"featured_media":0,"parent":677,"menu_order":0,"comment_status":"open","ping_status":"open","template":"","meta":{"_acf_changed":false,"footnotes":""},"categories":[],"tags":[],"class_list":["post-61999","page","type-page","status-publish","hentry"],"acf":[],"_links":{"self":[{"href":"https:\/\/univet.hu\/hu\/wp-json\/wp\/v2\/pages\/61999","targetHints":{"allow":["GET"]}}],"collection":[{"href":"https:\/\/univet.hu\/hu\/wp-json\/wp\/v2\/pages"}],"about":[{"href":"https:\/\/univet.hu\/hu\/wp-json\/wp\/v2\/types\/page"}],"author":[{"embeddable":true,"href":"https:\/\/univet.hu\/hu\/wp-json\/wp\/v2\/users\/3837"}],"replies":[{"embeddable":true,"href":"https:\/\/univet.hu\/hu\/wp-json\/wp\/v2\/comments?post=61999"}],"version-history":[{"count":5,"href":"https:\/\/univet.hu\/hu\/wp-json\/wp\/v2\/pages\/61999\/revisions"}],"predecessor-version":[{"id":181684,"href":"https:\/\/univet.hu\/hu\/wp-json\/wp\/v2\/pages\/61999\/revisions\/181684"}],"up":[{"embeddable":true,"href":"https:\/\/univet.hu\/hu\/wp-json\/wp\/v2\/pages\/677"}],"wp:attachment":[{"href":"https:\/\/univet.hu\/hu\/wp-json\/wp\/v2\/media?parent=61999"}],"wp:term":[{"taxonomy":"category","embeddable":true,"href":"https:\/\/univet.hu\/hu\/wp-json\/wp\/v2\/categories?post=61999"},{"taxonomy":"post_tag","embeddable":true,"href":"https:\/\/univet.hu\/hu\/wp-json\/wp\/v2\/tags?post=61999"}],"curies":[{"name":"wp","href":"https:\/\/api.w.org\/{rel}","templated":true}]}}