{"id":62008,"date":"2021-02-08T09:20:17","date_gmt":"2021-02-08T08:20:17","guid":{"rendered":"https:\/\/univet.hu\/hu\/oktatas\/kurzusok\/new-course-page-2\/"},"modified":"2024-10-15T11:35:14","modified_gmt":"2024-10-15T09:35:14","slug":"regresszios-statisztikai-adatelemzes","status":"publish","type":"page","link":"https:\/\/univet.hu\/hu\/oktatas\/kurzusok\/regresszios-statisztikai-adatelemzes\/","title":{"rendered":"Regresszi\u00f3s statisztikai adatelemz\u00e9s"},"content":{"rendered":"<p>A tant\u00e1rgy c\u00e9lja a korrel\u00e1lt, illetve hierarchikus adatok regresszi\u00f3s modellez\u00e9s\u00e9nek bemutat\u00e1sa esettanulm\u00e1nyokon kereszt\u00fcl.<br \/> <strong><br \/> Tematika:<\/strong><br \/> \u00c1ltal\u00e1nos\u00edtott legkisebb n\u00e9gyzetek. Korrel\u00e1ci\u00f3s strukt\u00far\u00e1k. Fix \u00e9s random hat\u00e1sok. A modell fel\u00edr\u00e1sa, param\u00e9terbecsl\u00e9sek. Maximum likelihood \u00e9s restricted maximum likelihood becsl\u00e9s, ezek \u00f6sszehasonl\u00edt\u00e1sa. Hipot\u00e9zisvizsg\u00e1latok. Modelldiagnosztika. Modellszelekci\u00f3. Predikci\u00f3. T\u00f6bbsz\u00f6r\u00f6s \u00f6sszehasonl\u00edt\u00e1sok. \u00c1ltal\u00e1nos\u00edtott gee \u00e9s kevert modellek: binomi\u00e1lis, Poisson, negat\u00edv binomin\u00e1lis kevert modell. Nemline\u00e1ris modellek. Esettanulm\u00e1nyok.<\/p> <p><strong>K\u00f6telez\u0151 irodalom:<\/strong><br \/> Zuur, A. F., Ieno, E. N., Walker, N., Saveliev, A. A. and Smith, G. M. 2009. Mixed Effects Models and Extensions in Ecology with R. Springer.<\/p> <p><strong>Aj\u00e1nlott irodalom: <\/strong><br \/> Faraway J. J. Extending the Linear Model with R: Generalized Linear, Mixed Effects and Nonparametric Regression Models, Chapman &amp; Hall\/CRC, Boca Raton, Florida, 2004 and 2006.<\/p> <p>Wood, S. N. (2017). Generalized additive models: an introduction with R. Chapman and Hall\/CRC.<\/p>","protected":false},"excerpt":{"rendered":"<p>A tant\u00e1rgy c\u00e9lja a korrel\u00e1lt, illetve hierarchikus adatok regresszi\u00f3s modellez\u00e9s\u00e9nek bemutat\u00e1sa esettanulm\u00e1nyokon kereszt\u00fcl. Tematika: \u00c1ltal\u00e1nos\u00edtott legkisebb n\u00e9gyzetek. Korrel\u00e1ci\u00f3s strukt\u00far\u00e1k. Fix \u00e9s random hat\u00e1sok. A modell fel\u00edr\u00e1sa, param\u00e9terbecsl\u00e9sek. Maximum likelihood \u00e9s restricted maximum likelihood becsl\u00e9s, ezek \u00f6sszehasonl\u00edt\u00e1sa. Hipot\u00e9zisvizsg\u00e1latok. Modelldiagnosztika. Modellszelekci\u00f3. Predikci\u00f3. T\u00f6bbsz\u00f6r\u00f6s \u00f6sszehasonl\u00edt\u00e1sok. \u00c1ltal\u00e1nos\u00edtott gee \u00e9s kevert modellek: binomi\u00e1lis, Poisson, negat\u00edv binomin\u00e1lis kevert modell. Nemline\u00e1ris modellek.<\/p>\n","protected":false},"author":3837,"featured_media":0,"parent":677,"menu_order":0,"comment_status":"open","ping_status":"open","template":"","meta":{"_acf_changed":false,"footnotes":""},"categories":[],"tags":[],"class_list":["post-62008","page","type-page","status-publish","hentry"],"acf":[],"_links":{"self":[{"href":"https:\/\/univet.hu\/hu\/wp-json\/wp\/v2\/pages\/62008","targetHints":{"allow":["GET"]}}],"collection":[{"href":"https:\/\/univet.hu\/hu\/wp-json\/wp\/v2\/pages"}],"about":[{"href":"https:\/\/univet.hu\/hu\/wp-json\/wp\/v2\/types\/page"}],"author":[{"embeddable":true,"href":"https:\/\/univet.hu\/hu\/wp-json\/wp\/v2\/users\/3837"}],"replies":[{"embeddable":true,"href":"https:\/\/univet.hu\/hu\/wp-json\/wp\/v2\/comments?post=62008"}],"version-history":[{"count":0,"href":"https:\/\/univet.hu\/hu\/wp-json\/wp\/v2\/pages\/62008\/revisions"}],"up":[{"embeddable":true,"href":"https:\/\/univet.hu\/hu\/wp-json\/wp\/v2\/pages\/677"}],"wp:attachment":[{"href":"https:\/\/univet.hu\/hu\/wp-json\/wp\/v2\/media?parent=62008"}],"wp:term":[{"taxonomy":"category","embeddable":true,"href":"https:\/\/univet.hu\/hu\/wp-json\/wp\/v2\/categories?post=62008"},{"taxonomy":"post_tag","embeddable":true,"href":"https:\/\/univet.hu\/hu\/wp-json\/wp\/v2\/tags?post=62008"}],"curies":[{"name":"wp","href":"https:\/\/api.w.org\/{rel}","templated":true}]}}