{"id":62092,"date":"2021-02-09T19:26:35","date_gmt":"2021-02-09T18:26:35","guid":{"rendered":"https:\/\/univet.hu\/hu\/otdk2021\/tagozatok\/elelmiszertudomanyi-b-tagozat\/"},"modified":"2021-03-25T13:20:14","modified_gmt":"2021-03-25T12:20:14","slug":"elelmiszertudomanyi-b-tagozat","status":"publish","type":"page","link":"https:\/\/univet.hu\/hu\/otdk2021\/tagozatok\/elelmiszertudomanyi-b-tagozat\/","title":{"rendered":"\u00c9lelmiszertudom\u00e1nyi B tagozat"},"content":{"rendered":"<p>&nbsp;<\/p> <p><strong>Zs\u0171ri eln\u00f6ke:<\/strong> Simonn\u00e9 Dr. Sarkadi L\u00edvia<\/p> <p><strong>Tagok:\u00a0<\/strong> Dr. \u00c1sv\u00e1nyi Bal\u00e1zs<\/p> <p style=\"padding-left: 60px;\">Dr. Kov\u00e1cs B\u00e9la<\/p> <p style=\"padding-left: 60px;\">Dr. Andr\u00e1s Csaba Dezs\u0151<\/p> <p style=\"padding-left: 60px;\">Dr. Tak\u00e1cs Krisztina<\/p> <p><strong>Hallgat\u00f3:<\/strong> Sipiczki Gizella<\/p> <p><strong>Titk\u00e1r:<\/strong>\u00a0Dr. Adorj\u00e1n Andr\u00e1s \/\u00a0dr. Becker Zsolt<\/p> <p>&nbsp;<\/p> <table width=\"866\"> <tbody> <tr> <td style=\"width: 176.8px;\"><strong>Szerz\u0151<\/strong><\/td> <td style=\"width: 273.6px;\"><strong>Dolgozat c\u00edme<\/strong><\/td> <td style=\"width: 207.2px;\"><strong>T\u00e9mavezet\u0151<\/strong><\/td> <td style=\"width: 182.4px;\"><strong>K\u00fcld\u0151 int\u00e9zm\u00e9ny<\/strong><\/td> <\/tr> <tr> <td style=\"width: 176.8px;\"><strong>Andr\u00e1si Ilka<\/strong><\/td> <td style=\"width: 273.6px;\">A Bennett-kenguru tejsavbakt\u00e9rium k\u00f6z\u00f6ss\u00e9g\u00e9nek vizsg\u00e1lata<\/td> <td style=\"width: 207.2px;\"> <p>Dr. Csernus Olivia,<\/p> <p>Kosztik Judit<\/td> <td style=\"width: 182.4px;\">Szent Istv\u00e1n Egyetem<\/td> <\/tr> <tr> <td style=\"width: 176.8px;\"><strong>Hatvan Zolt\u00e1n<\/strong><\/td> <td style=\"width: 273.6px;\">In vitro tesztrendszer alkalmaz\u00e1sa probiotikus bakt\u00e9riumt\u00f6rzsek szelekt\u00e1l\u00e1s\u00e1ra<\/td> <td style=\"width: 207.2px;\"> <p>Dr. S\u00fcle Judit,<\/p> <p>Dr. Varga L\u00e1szl\u00f3<\/td> <td style=\"width: 182.4px;\">Sz\u00e9chenyi Istv\u00e1n Egyetem<\/td> <\/tr> <tr> <td style=\"width: 176.8px;\"><strong>Juh\u00e1sz Kriszti\u00e1n Zolt\u00e1n<\/strong><\/td> <td style=\"width: 273.6px;\">A h\u00e1zilag k\u00e9sz\u00edtett \u00e9s a kereskedelmi forgalomban kaphat\u00f3 mandulaitalok komponenseinek \u00f6sszehasonl\u00edt\u00f3 elemz\u00e9se<\/td> <td style=\"width: 207.2px;\">Dr. Markovics Arnold<\/td> <td style=\"width: 182.4px;\">Debreceni Egyetem<\/td> <\/tr> <tr> <td style=\"width: 176.8px;\"><strong>Kajdi Krist\u00f3f<\/strong><\/td> <td style=\"width: 273.6px;\">Pu&#8217;er \u00e9s wulong te\u00e1k mikrobiol\u00f3giai vizsg\u00e1lata<\/td> <td style=\"width: 207.2px;\">Dr. Pom\u00e1zi Andrea<\/td> <td style=\"width: 182.4px;\">Szent Istv\u00e1n Egyetem<\/td> <\/tr> <tr> <td style=\"width: 176.8px;\"><strong>Nagy Attila<\/strong><\/td> <td style=\"width: 273.6px;\">A Rosa fajok szirm\u00e1nak felhaszn\u00e1l\u00e1sa funkcion\u00e1lis \u00e9lelmiszerk\u00e9nt<\/td> <td style=\"width: 207.2px;\">Ecseri K\u00e1roly<\/td> <td style=\"width: 182.4px;\">Neumann J\u00e1nos Egyetem<\/td> <\/tr> <tr> <td style=\"width: 176.8px;\"><strong>T\u00f3th Barnab\u00e1s<\/strong><\/td> <td style=\"width: 273.6px;\">T\u00e1pk\u00f6zeg optim\u00e1l\u00e1s probiotikus Lactobacillus t\u00f6rzsek intracellul\u00e1ris \u03b2-galaktozid\u00e1z termel\u00e9s\u00e9re<\/td> <td style=\"width: 207.2px;\"> <p>Dr. Bujna Erika,<\/p> <p>Dr. Nguyen Duc Quang<\/td> <td style=\"width: 182.4px;\">Szent Istv\u00e1n Egyetem<\/td> <\/tr> <tr> <td style=\"width: 176.8px;\"><strong>Urb\u00e1n Imola<\/strong><\/td> <td style=\"width: 273.6px;\">Probiotikus Lactobacillus t\u00f6rzsek hidrog\u00e9n-peroxid szint\u00e9zis\u00e9nek tanulm\u00e1nyoz\u00e1sa<\/td> <td style=\"width: 207.2px;\"> <p>Rezessyn\u00e9 Dr. Szab\u00f3 Judit,<\/p> <p>Kilin \u00c1kos<\/td> <td style=\"width: 182.4px;\">Szent Istv\u00e1n Egyetem<\/td> <\/tr> <tr> <td style=\"width: 176.8px;\"><strong>Varga Laura<\/strong><\/td> <td style=\"width: 273.6px;\">Gy\u00f3gyn\u00f6v\u00e9nyekkel kieg\u00e9sz\u00edtett gy\u00fcm\u00f6lcscefre polifenol \u00e9s antioxid\u00e1ns tartalm\u00e1nak analitikai vizsg\u00e1lata<\/td> <td style=\"width: 207.2px;\"> <p>Dr. Kapcs\u00e1nydi Vikt\u00f3ria,<\/p> <p>Dr. Sz\u00e9kelyhidi Rita<\/td> <td style=\"width: 182.4px;\">Sz\u00e9chenyi Istv\u00e1n Egyetem<\/td> <\/tr> <\/tbody> <\/table> <p>&nbsp;<\/p>","protected":false},"excerpt":{"rendered":"<p>&nbsp; Zs\u0171ri eln\u00f6ke: Simonn\u00e9 Dr. Sarkadi L\u00edvia Tagok:\u00a0 Dr. \u00c1sv\u00e1nyi Bal\u00e1zs Dr. Kov\u00e1cs B\u00e9la Dr. Andr\u00e1s Csaba Dezs\u0151 Dr. Tak\u00e1cs Krisztina Hallgat\u00f3: Sipiczki Gizella Titk\u00e1r:\u00a0Dr. Adorj\u00e1n Andr\u00e1s \/\u00a0dr. Becker Zsolt &nbsp; Szerz\u0151 Dolgozat c\u00edme T\u00e9mavezet\u0151 K\u00fcld\u0151 int\u00e9zm\u00e9ny Andr\u00e1si Ilka A Bennett-kenguru tejsavbakt\u00e9rium k\u00f6z\u00f6ss\u00e9g\u00e9nek vizsg\u00e1lata Dr. Csernus Olivia, Kosztik Judit Szent Istv\u00e1n Egyetem Hatvan Zolt\u00e1n In<\/p>\n","protected":false},"author":2518,"featured_media":0,"parent":55197,"menu_order":0,"comment_status":"open","ping_status":"open","template":"","meta":{"_acf_changed":false,"footnotes":""},"categories":[],"tags":[],"class_list":["post-62092","page","type-page","status-publish","hentry"],"acf":[],"_links":{"self":[{"href":"https:\/\/univet.hu\/hu\/wp-json\/wp\/v2\/pages\/62092","targetHints":{"allow":["GET"]}}],"collection":[{"href":"https:\/\/univet.hu\/hu\/wp-json\/wp\/v2\/pages"}],"about":[{"href":"https:\/\/univet.hu\/hu\/wp-json\/wp\/v2\/types\/page"}],"author":[{"embeddable":true,"href":"https:\/\/univet.hu\/hu\/wp-json\/wp\/v2\/users\/2518"}],"replies":[{"embeddable":true,"href":"https:\/\/univet.hu\/hu\/wp-json\/wp\/v2\/comments?post=62092"}],"version-history":[{"count":0,"href":"https:\/\/univet.hu\/hu\/wp-json\/wp\/v2\/pages\/62092\/revisions"}],"up":[{"embeddable":true,"href":"https:\/\/univet.hu\/hu\/wp-json\/wp\/v2\/pages\/55197"}],"wp:attachment":[{"href":"https:\/\/univet.hu\/hu\/wp-json\/wp\/v2\/media?parent=62092"}],"wp:term":[{"taxonomy":"category","embeddable":true,"href":"https:\/\/univet.hu\/hu\/wp-json\/wp\/v2\/categories?post=62092"},{"taxonomy":"post_tag","embeddable":true,"href":"https:\/\/univet.hu\/hu\/wp-json\/wp\/v2\/tags?post=62092"}],"curies":[{"name":"wp","href":"https:\/\/api.w.org\/{rel}","templated":true}]}}