{"id":62095,"date":"2021-02-09T19:28:59","date_gmt":"2021-02-09T18:28:59","guid":{"rendered":"https:\/\/univet.hu\/hu\/otdk2021\/tagozatok\/kerteszeti-b-tagozat\/"},"modified":"2021-03-30T10:38:47","modified_gmt":"2021-03-30T08:38:47","slug":"kerteszeti-b-tagozat","status":"publish","type":"page","link":"https:\/\/univet.hu\/hu\/otdk2021\/tagozatok\/kerteszeti-b-tagozat\/","title":{"rendered":"Kert\u00e9szeti B tagozat"},"content":{"rendered":"<p><span class=\"emphasis\">A tagozat f\u0151 t\u00e1mogat\u00f3ja:<\/span><\/p> <p><a href=\"https:\/\/www.kite.hu\/\"><img loading=\"lazy\" decoding=\"async\" class=\"alignleft wp-image-63211\" src=\"https:\/\/univet.hu\/wp-content\/uploads\/2021\/03\/kite.jpg\" alt=\"\" width=\"120\" height=\"53\" srcset=\"https:\/\/univet.hu\/wp-content\/uploads\/2021\/03\/kite.jpg 338w, https:\/\/univet.hu\/wp-content\/uploads\/2021\/03\/kite-320x141.jpg 320w\" sizes=\"auto, (max-width: 120px) 100vw, 120px\" \/><\/a><\/p> <p>&nbsp;<\/p> <p>&nbsp;<\/p> <p><strong>Zs\u0171ri eln\u00f6ke:<\/strong> Dr. Heged\u0171s Attila<\/p> <p><strong>Tagok:<\/strong>\u00a0 Horv\u00e1thn\u00e9 Dr. Baracsi \u00c9va<\/p> <p style=\"padding-left: 60px;\">Dr. Korbuly J\u00e1nos<\/p> <p style=\"padding-left: 60px;\">Dr. Kentelky Endre Csaba<\/p> <p style=\"padding-left: 60px;\">Dr. Ap\u00e1ti Ferenc<\/p> <p><strong>Hallgat\u00f3:<\/strong> Magyar B\u00e1lint<\/p> <p><strong>Titk\u00e1r:<\/strong> D\u00e9nes Lilla<\/p> <p>&nbsp;<\/p> <table width=\"866\"> <tbody> <tr> <td style=\"width: 158.4px;\"><strong>Szerz\u0151<\/strong><\/td> <td style=\"width: 334.4px;\"><strong>Dolgozat c\u00edme<\/strong><\/td> <td style=\"width: 184.8px;\"><strong>T\u00e9mavezet\u0151<\/strong><\/td> <td style=\"width: 162.4px;\"><strong>K\u00fcld\u0151 int\u00e9zm\u00e9ny<\/strong><\/td> <\/tr> <tr> <td style=\"width: 158.4px;\"><strong>Bogn\u00e1r Enik\u0151<\/strong><\/td> <td style=\"width: 334.4px;\">T\u00e1panyag-ell\u00e1t\u00e1si k\u00eds\u00e9rletek \u00e9rt\u00e9kel\u00e9se talajn\u00e9lk\u00fcli technol\u00f3gi\u00e1val \u00e9s szabadf\u00f6ld\u00f6n nevelt sz\u0151l\u0151oltv\u00e1nyokon<\/td> <td style=\"width: 184.8px;\"> <p>Dr. S\u00e1rdi Katalin,<\/p> <p>Szab\u00f3 P\u00e9ter<\/td> <td style=\"width: 162.4px;\">Pannon Egyetem<\/td> <\/tr> <tr> <td style=\"width: 158.4px;\"><strong>Egyed L\u00e1szl\u00f3<\/strong><\/td> <td style=\"width: 334.4px;\">N\u00e9gy \u2019H\u00e1rslevel\u0171\u2019 kl\u00f3n vegetat\u00edv \u00e9s generat\u00edv teljes\u00edtm\u00e9ny\u00e9nek \u00f6sszehasonl\u00edt\u00f3 \u00e9rt\u00e9kel\u00e9se<\/td> <td style=\"width: 184.8px;\">Dr. De\u00e1k Tam\u00e1s<\/td> <td style=\"width: 162.4px;\">Szent Istv\u00e1n Egyetem<\/td> <\/tr> <tr> <td style=\"width: 158.4px;\"><strong>Gy\u00f6rgy Barna-Csaba<\/strong><\/td> <td style=\"width: 334.4px;\">\u00c9rt\u00e9kes h\u00fasos somszelekci\u00f3k (Cornus mas L.) felt\u00e9rk\u00e9pez\u00e9se \u00e9s vizsg\u00e1lata Marossz\u00e9k vid\u00e9k\u00e9n<\/td> <td style=\"width: 184.8px;\">dr. Bandi Attila<\/td> <td style=\"width: 162.4px;\">Sapientia Erd\u00e9lyi Magyar Tudom\u00e1nyegyetem<\/td> <\/tr> <tr> <td style=\"width: 158.4px;\"><strong>Kiss Eszter<\/strong><\/td> <td style=\"width: 334.4px;\">Szilvafajt\u00e1k ikresed\u00e9sre val\u00f3 hajlam\u00e1nak vizsg\u00e1lata<\/td> <td style=\"width: 184.8px;\">Dr. Kir\u00e1ly Ildik\u00f3<\/td> <td style=\"width: 162.4px;\">Neumann J\u00e1nos Egyetem<\/td> <\/tr> <tr> <td style=\"width: 158.4px;\"><strong>Knolmajer Bence<\/strong><\/td> <td style=\"width: 334.4px;\">Egy \u00faj helyben olt\u00e1si m\u00f3dszer eredm\u00e9nyes alkalmaz\u00e1sa sz\u0151l\u0151\u00fcltetv\u00e9nyek \u00e1tolt\u00e1s\u00e1ra, \u00fcltetv\u00e9nyl\u00e9tes\u00edt\u00e9sre<\/td> <td style=\"width: 184.8px;\">Dr. Kocsis L\u00e1szl\u00f3<\/td> <td style=\"width: 162.4px;\">Pannon Egyetem<\/td> <\/tr> <tr> <td style=\"width: 158.4px;\"><strong>Slez\u00e1k Dorottya<\/strong><\/td> <td style=\"width: 334.4px;\">A sz\u0151l\u0151 k\u00f6nnyez\u00e9si nedve, mint lehets\u00e9ges t\u00e1panyag ell\u00e1totts\u00e1gi szint becsl\u00e9si forr\u00e1sa<\/td> <td style=\"width: 184.8px;\">Dr. Kocsis L\u00e1szl\u00f3<\/td> <td style=\"width: 162.4px;\">Pannon Egyetem<\/td> <\/tr> <\/tbody> <\/table> <p>&nbsp;<\/p>","protected":false},"excerpt":{"rendered":"<p>A tagozat f\u0151 t\u00e1mogat\u00f3ja: &nbsp; &nbsp; Zs\u0171ri eln\u00f6ke: Dr. Heged\u0171s Attila Tagok:\u00a0 Horv\u00e1thn\u00e9 Dr. Baracsi \u00c9va Dr. Korbuly J\u00e1nos Dr. Kentelky Endre Csaba Dr. Ap\u00e1ti Ferenc Hallgat\u00f3: Magyar B\u00e1lint Titk\u00e1r: D\u00e9nes Lilla &nbsp; Szerz\u0151 Dolgozat c\u00edme T\u00e9mavezet\u0151 K\u00fcld\u0151 int\u00e9zm\u00e9ny Bogn\u00e1r Enik\u0151 T\u00e1panyag-ell\u00e1t\u00e1si k\u00eds\u00e9rletek \u00e9rt\u00e9kel\u00e9se talajn\u00e9lk\u00fcli technol\u00f3gi\u00e1val \u00e9s szabadf\u00f6ld\u00f6n nevelt sz\u0151l\u0151oltv\u00e1nyokon Dr. S\u00e1rdi Katalin, Szab\u00f3 P\u00e9ter<\/p>\n","protected":false},"author":2518,"featured_media":0,"parent":55197,"menu_order":0,"comment_status":"open","ping_status":"open","template":"","meta":{"_acf_changed":false,"footnotes":""},"categories":[],"tags":[],"class_list":["post-62095","page","type-page","status-publish","hentry"],"acf":[],"_links":{"self":[{"href":"https:\/\/univet.hu\/hu\/wp-json\/wp\/v2\/pages\/62095","targetHints":{"allow":["GET"]}}],"collection":[{"href":"https:\/\/univet.hu\/hu\/wp-json\/wp\/v2\/pages"}],"about":[{"href":"https:\/\/univet.hu\/hu\/wp-json\/wp\/v2\/types\/page"}],"author":[{"embeddable":true,"href":"https:\/\/univet.hu\/hu\/wp-json\/wp\/v2\/users\/2518"}],"replies":[{"embeddable":true,"href":"https:\/\/univet.hu\/hu\/wp-json\/wp\/v2\/comments?post=62095"}],"version-history":[{"count":0,"href":"https:\/\/univet.hu\/hu\/wp-json\/wp\/v2\/pages\/62095\/revisions"}],"up":[{"embeddable":true,"href":"https:\/\/univet.hu\/hu\/wp-json\/wp\/v2\/pages\/55197"}],"wp:attachment":[{"href":"https:\/\/univet.hu\/hu\/wp-json\/wp\/v2\/media?parent=62095"}],"wp:term":[{"taxonomy":"category","embeddable":true,"href":"https:\/\/univet.hu\/hu\/wp-json\/wp\/v2\/categories?post=62095"},{"taxonomy":"post_tag","embeddable":true,"href":"https:\/\/univet.hu\/hu\/wp-json\/wp\/v2\/tags?post=62095"}],"curies":[{"name":"wp","href":"https:\/\/api.w.org\/{rel}","templated":true}]}}