{"id":62097,"date":"2021-02-09T19:31:51","date_gmt":"2021-02-09T18:31:51","guid":{"rendered":"https:\/\/univet.hu\/hu\/otdk2021\/tagozatok\/novenyvedelmi-b-tagozat\/"},"modified":"2021-03-26T13:23:12","modified_gmt":"2021-03-26T12:23:12","slug":"novenyvedelmi-b-tagozat","status":"publish","type":"page","link":"https:\/\/univet.hu\/hu\/otdk2021\/tagozatok\/novenyvedelmi-b-tagozat\/","title":{"rendered":"N\u00f6v\u00e9nyv\u00e9delmi B tagozat"},"content":{"rendered":"<p><span class=\"emphasis\">A tagozat f\u0151 t\u00e1mogat\u00f3ja:\u00a0<\/span><\/p> <p style=\"padding-left: 210px;\"><a href=\"https:\/\/www.basf.com\/hu\/hu.html\"><img loading=\"lazy\" decoding=\"async\" class=\"alignleft wp-image-63378\" src=\"https:\/\/univet.hu\/wp-content\/uploads\/2021\/03\/basf.jpg\" alt=\"\" width=\"150\" height=\"75\" \/><\/a><\/p> <p>&nbsp;<\/p> <p>&nbsp;<\/p> <p>&nbsp;<\/p> <p><strong>Zs\u0171ri eln\u00f6ke:<\/strong> Dr. Ripka G\u00e9za<\/p> <p><strong>Tagok:<\/strong> Dr. Sipos Kitti<\/p> <p style=\"padding-left: 60px;\">Dr. Keszhelyi S\u00e1ndor<\/p> <p style=\"padding-left: 60px;\">Dr. Imrei Zolt\u00e1n<\/p> <p style=\"padding-left: 60px;\">Dr. B\u00e1lint J\u00e1nos<\/p> <p style=\"padding-left: 60px;\">Pacsesz\u00e1kn\u00e9 Dr. Kazinczi Gabriella<\/p> <p><strong>Hallgat\u00f3:<\/strong> Petrikovszki Ren\u00e1ta<\/p> <p><strong>Titk\u00e1r:<\/strong> Falus Fruzsina<\/p> <p>&nbsp;<\/p> <table width=\"866\"> <tbody> <tr> <td style=\"width: 147px;\"><strong>Szerz\u0151<\/strong><\/td> <td style=\"width: 290px;\"><strong>Dolgozat c\u00edme<\/strong><\/td> <td style=\"width: 219px;\"><strong>T\u00e9mavezet\u0151<\/strong><\/td> <td style=\"width: 182px;\"><strong>K\u00fcld\u0151 int\u00e9zm\u00e9ny<\/strong><\/td> <\/tr> <tr> <td style=\"width: 147px;\"><strong>Apagyi Vivien<\/strong><\/td> <td style=\"width: 290px;\">Az allelop\u00e1tia szerepe a csillagf\u00fcrt (Lupinus albus L.) \u00e1llom\u00e1nyok gyomfl\u00f3r\u00e1j\u00e1nak alakul\u00e1s\u00e1ban<\/td> <td style=\"width: 219px;\">Dr. T\u00f3th Csilla<\/td> <td style=\"width: 182px;\">Ny\u00edregyh\u00e1zi Egyetem<\/td> <\/tr> <tr> <td style=\"width: 147px;\"><strong>Fazekas Klaudia<\/strong><\/td> <td style=\"width: 290px;\">Ill\u00f3olajok \u00f6sszehasonl\u00edt\u00f3 elektrofiziol\u00f3giai elemz\u00e9se a tarka- \u00e9s nyerges sz\u0151l\u0151molyn\u00e1l<\/td> <td style=\"width: 219px;\"> <p>Dr. Koczka No\u00e9mi,<\/p> <p>Dr. Moln\u00e1r B\u00e9la P\u00e9ter,<\/p> <p>Dr. T\u00f3th Ferenc<\/td> <td style=\"width: 182px;\">Szent Istv\u00e1n Egyetem<\/td> <\/tr> <tr> <td style=\"width: 147px;\"><strong>Forg\u00e1cs J\u00e1nos<\/strong><\/td> <td style=\"width: 290px;\">Gyomirt\u00e1si Techol\u00f3giafejleszt\u00e9s Csemegekukoric\u00e1ban<\/td> <td style=\"width: 219px;\"> <p>Dr. Nagy Viktor,<\/p> <p>Dr. Rad\u00f3cz L\u00e1szl\u00f3<\/td> <td style=\"width: 182px;\">Debreceni Egyetem<\/td> <\/tr> <tr> <td style=\"width: 147px;\"><strong>Keresztes Benj\u00e1min<\/strong><\/td> <td style=\"width: 290px;\">\u00c9tkez\u00e9si \u00e9s ipari burgonyafajt\u00e1k ellen\u00e1ll\u00f3s\u00e1g\u00e1nak vizsg\u00e1lata gum\u00f3ront\u00f3-fon\u00e1lf\u00e9reggel (Ditylenchus destructor) szemben<\/td> <td style=\"width: 219px;\">drd. Szab\u00f3 K\u00e1roly-Attila<\/td> <td style=\"width: 182px;\">Erd\u00e9lyi Tudom\u00e1nyos Di\u00e1kk\u00f6ri Konferencia<\/td> <\/tr> <tr> <td style=\"width: 147px;\"><strong>M\u00e1jer P\u00e9ter<\/strong><\/td> <td style=\"width: 290px;\">H\u00e1zim\u00e9h-repellens illatanyagok vizsg\u00e1lata kukoricamoly illatanyag csapd\u00e1kban<\/td> <td style=\"width: 219px;\"> <p>Dr. Nagy Antal<\/p> <p>Dr. Szaruk\u00e1n Istv\u00e1n<\/td> <td style=\"width: 182px;\">Debreceni Egyetem<\/td> <\/tr> <tr> <td style=\"width: 147px;\"><strong>M\u00e1jer P\u00e9ter<\/strong><\/td> <td style=\"width: 290px;\">Lepkefajok napi aktivit\u00e1s\u00e1nak vizsg\u00e1lata k\u00e1rtev\u0151 csapd\u00e1k specifikuss\u00e1g\u00e1nak n\u00f6vel\u00e9se c\u00e9lj\u00e1b\u00f3l<\/td> <td style=\"width: 219px;\"> <p>Dr. Nagy Antal<\/p> <p>&nbsp;<\/td> <td style=\"width: 182px;\">Debreceni Egyetem<\/td> <\/tr> <tr> <td style=\"width: 147px;\"><strong>\u0150sz Aletta<\/strong><\/td> <td style=\"width: 290px;\">Invaz\u00edv m\u00e1rv\u00e1nyos poloska [Halyomorpha halys (St\u00e5l, 1855)] (Heteroptera: Pentatomidae) telel\u0151hely v\u00e1laszt\u00e1sa \u00e9s telel\u00e9si sikere v\u00e1rosi k\u00f6rnyezetben<\/td> <td style=\"width: 219px;\">Dr. Nagy Antal<\/td> <td style=\"width: 182px;\">Debreceni Egyetem<\/td> <\/tr> <tr> <td style=\"width: 147px;\"><strong>S\u00e1s Csilla<\/strong><\/td> <td style=\"width: 290px;\">A z\u00f6ld gy\u00f6ngyvessz\u0151-lev\u00e9ltet\u0171 (Aphis spiraecola Patch, Hemiptera: Aphididae) elterjedts\u00e9ge k\u00f6z\u00e9p-eur\u00f3pai alma\u00fcltetv\u00e9nyekben egy \u00e9szak-d\u00e9li gradiens ment\u00e9n<\/td> <td style=\"width: 219px;\"> <p>Dr. Mark\u00f3 G\u00e1bor,<\/p> <p>Dr. Mark\u00f3 Viktor,<\/p> <p>Dr. Simon Gergely,<\/p> <p>Borb\u00e9ly Csaba<\/td> <td style=\"width: 182px;\">Szent Istv\u00e1n Egyetem<\/td> <\/tr> <tr> <td style=\"width: 147px;\"><strong>Somogyi Eszter<\/strong><\/td> <td style=\"width: 290px;\">Meloidogyne-fert\u0151z\u00f6tt n\u00f6v\u00e9nyi r\u00e9szek \u00e1rtalmatlan\u00edt\u00e1sa komposztlak\u00f3 \u00e1szkar\u00e1kokkal<\/td> <td style=\"width: 219px;\"> <p>Dr. T\u00f3th Ferenc,<\/p> <p>Petrikovszki Ren\u00e1ta<\/td> <td style=\"width: 182px;\">Szent Istv\u00e1n Egyetem<\/td> <\/tr> <tr> <td style=\"width: 147px;\"><strong>Szab\u00f3 Gr\u00e9ta<\/strong><\/td> <td style=\"width: 290px;\">Biol\u00f3giai v\u00e9dekez\u00e9s rovarvektoros technol\u00f3gi\u00e1val<\/td> <td style=\"width: 219px;\"> <p>Dr. Sz\u00e9n\u00e1si \u00c1gnes,<\/p> <p>Dr. Tur\u00f3czi Gy\u00f6rgy,<\/p> <p>Horv\u00e1thn\u00e9 Dr. Kiss T\u00fcnde<\/td> <td style=\"width: 182px;\">Szent Istv\u00e1n Egyetem<\/td> <\/tr> <tr> <td style=\"width: 147px;\"><strong>Sz\u00e1nt\u00f3 Fruzsina Veronika<\/strong><\/td> <td style=\"width: 290px;\">A TSWV fert\u0151z\u00f6tts\u00e9g hat\u00e1sa a doh\u00e1nytripsz \u00e9lett\u00e1bla param\u00e9tereire<\/td> <td style=\"width: 219px;\"> <p>Dr. Fail J\u00f3zsef,<\/p> <p>Kir\u00e1ly Krist\u00f3f<\/td> <td style=\"width: 182px;\">Szent Istv\u00e1n Egyetem<\/td> <\/tr> <tr> <td style=\"width: 147px;\"><strong>Taranyi D\u00f3ra \u00c1gnes<\/strong><\/td> <td style=\"width: 290px;\">Viselked\u00e9si mutat\u00f3k vizsg\u00e1lata a rozsd\u00e1s ugr\u00f3p\u00f3kn\u00e1l (Carrhotus xanthogramma) peszticidterhel\u00e9si gradiens ment\u00e9n<\/td> <td style=\"width: 219px;\"> <p>Dr. Mark\u00f3 G\u00e1bor,<\/p> <p>Dr. Mark\u00f3 Viktor,<\/p> <p>Mez\u0151fi L\u00e1szl\u00f3<\/td> <td style=\"width: 182px;\">Szent Istv\u00e1n Egyetem<\/td> <\/tr> <tr> <td style=\"width: 147px;\"><strong>Zseb\u0151 S\u00e1ndor<\/strong><\/td> <td style=\"width: 290px;\">N\u00f6v\u00e9nyv\u00e9d\u0151szer megtakar\u00edt\u00e1s UAV alap\u00fa gyomfolt felv\u00e9telek elemz\u00e9se alapj\u00e1n<\/td> <td style=\"width: 219px;\">Dr. Milics G\u00e1bor<\/td> <td style=\"width: 182px;\">Sz\u00e9chenyi\u00a0Istv\u00e1n Egyetem<\/td> <\/tr> <\/tbody> <\/table> <p>&nbsp;<\/p>","protected":false},"excerpt":{"rendered":"<p>A tagozat f\u0151 t\u00e1mogat\u00f3ja:\u00a0 &nbsp; &nbsp; &nbsp; Zs\u0171ri eln\u00f6ke: Dr. Ripka G\u00e9za Tagok: Dr. Sipos Kitti Dr. Keszhelyi S\u00e1ndor Dr. Imrei Zolt\u00e1n Dr. B\u00e1lint J\u00e1nos Pacsesz\u00e1kn\u00e9 Dr. Kazinczi Gabriella Hallgat\u00f3: Petrikovszki Ren\u00e1ta Titk\u00e1r: Falus Fruzsina &nbsp; Szerz\u0151 Dolgozat c\u00edme T\u00e9mavezet\u0151 K\u00fcld\u0151 int\u00e9zm\u00e9ny Apagyi Vivien Az allelop\u00e1tia szerepe a csillagf\u00fcrt (Lupinus albus L.) \u00e1llom\u00e1nyok gyomfl\u00f3r\u00e1j\u00e1nak alakul\u00e1s\u00e1ban<\/p>\n","protected":false},"author":2518,"featured_media":0,"parent":55197,"menu_order":0,"comment_status":"open","ping_status":"open","template":"","meta":{"_acf_changed":false,"footnotes":""},"categories":[],"tags":[],"class_list":["post-62097","page","type-page","status-publish","hentry"],"acf":[],"_links":{"self":[{"href":"https:\/\/univet.hu\/hu\/wp-json\/wp\/v2\/pages\/62097","targetHints":{"allow":["GET"]}}],"collection":[{"href":"https:\/\/univet.hu\/hu\/wp-json\/wp\/v2\/pages"}],"about":[{"href":"https:\/\/univet.hu\/hu\/wp-json\/wp\/v2\/types\/page"}],"author":[{"embeddable":true,"href":"https:\/\/univet.hu\/hu\/wp-json\/wp\/v2\/users\/2518"}],"replies":[{"embeddable":true,"href":"https:\/\/univet.hu\/hu\/wp-json\/wp\/v2\/comments?post=62097"}],"version-history":[{"count":0,"href":"https:\/\/univet.hu\/hu\/wp-json\/wp\/v2\/pages\/62097\/revisions"}],"up":[{"embeddable":true,"href":"https:\/\/univet.hu\/hu\/wp-json\/wp\/v2\/pages\/55197"}],"wp:attachment":[{"href":"https:\/\/univet.hu\/hu\/wp-json\/wp\/v2\/media?parent=62097"}],"wp:term":[{"taxonomy":"category","embeddable":true,"href":"https:\/\/univet.hu\/hu\/wp-json\/wp\/v2\/categories?post=62097"},{"taxonomy":"post_tag","embeddable":true,"href":"https:\/\/univet.hu\/hu\/wp-json\/wp\/v2\/tags?post=62097"}],"curies":[{"name":"wp","href":"https:\/\/api.w.org\/{rel}","templated":true}]}}