{"id":621,"date":"2017-08-16T21:59:00","date_gmt":"2017-08-16T19:59:00","guid":{"rendered":"http:\/\/univet.hu\/oktatas\/tanulmanyi-osztaly\/koszonto\/"},"modified":"2018-09-04T12:19:18","modified_gmt":"2018-09-04T10:19:18","slug":"koszonto","status":"publish","type":"page","link":"https:\/\/univet.hu\/hu\/oktatas\/tanulmanyi-osztaly\/koszonto\/","title":{"rendered":"K\u00f6sz\u00f6nt\u0151"},"content":{"rendered":"<p>K&ouml;sz&ouml;nt&ouml;m &Ouml;nt, legyen ak&aacute;r egyetemista, oktat&oacute; vagy a gyakorlatban dolgoz&oacute; &aacute;llatorvos, aki els\u0151k&eacute;nt vagy sokadj&aacute;ra l&aacute;togat a ATE Tanulm&aacute;nyi Oszt&aacute;ly&aacute;nak a honlapj&aacute;ra! Napjaink felgyorsult vil&aacute;g&aacute;ban sz&uuml;ks&eacute;g van az inform&aacute;ci&oacute;k miel\u0151bbi &aacute;tad&aacute;s&aacute;ra &eacute;s el&eacute;r&eacute;s&eacute;re. Munkat&aacute;rsaimmal &uacute;gy gondoltuk, hogy a tan&eacute;vi t&aacute;j&eacute;koztat&oacute; mellett sz&uuml;ks&eacute;g van egy honlapra is, ahol a hallgat&oacute;k &eacute;s oktat&oacute;k k&ouml;nnyen &eacute;s gyorsan el&eacute;rhetik az oktat&aacute;st &eacute;rint\u0151 jogszab&aacute;lyokat, k&ouml;vetelm&eacute;nyeket, &oacute;rarendeket, a kari &uuml;nneps&eacute;gekkel &eacute;s rendezv&eacute;nyekkel (tan&eacute;vnyit&oacute;, diplomaoszt&oacute;, ballag&aacute;s, g&oacute;lyat&aacute;bor) kapcsolatos t&aacute;j&eacute;koztat&aacute;st, besz&aacute;mol&oacute;t, megtekinthetik az ezeken k&eacute;sz&uuml;lt k&eacute;peket. Rem&eacute;lj&uuml;k, hogy az inform&aacute;ci&oacute;k miel\u0151bbi k&ouml;zread&aacute;s&aacute;val, a honlap folyamatos friss&iacute;t&eacute;s&eacute;vel seg&iacute;thetj&uuml;k hallgat&oacute;ink &eacute;s oktat&oacute;ink munk&aacute;j&aacute;t. A m&eacute;g ki nem haszn&aacute;lt lehet\u0151s&eacute;gekkel a j&oacute;t k&iacute;v&aacute;njuk jobb&aacute; tenni! C&eacute;ljaink el&eacute;r&eacute;s&eacute;hez azonban &Ouml;nre is sz&uuml;ks&eacute;g van! K&eacute;rj&uuml;k, hogy javaslataival, h&iacute;r- &eacute;s k&eacute;panyagaival, kritik&aacute;j&aacute;val seg&iacute;tse k&ouml;z&ouml;s munk&aacute;nkat. V&eacute;gezet&uuml;l ez&uacute;ton szeretn&eacute;k k&ouml;sz&ouml;netet mondani mindazoknak, akik hozz&aacute;j&aacute;rultak a honlap elind&iacute;t&aacute;s&aacute;hoz &eacute;s folyamatos karbantart&aacute;s&aacute;hoz.<\/p> <p>&nbsp;<\/p> <p><a href=\"https:\/\/univet.hu\/hu\/egyetem\/munkatarsak\/ozsvari-laszlo\/\" data-replaced=\"true\">DR. &Oacute;ZSV&Aacute;RI L&Aacute;SZL&Oacute;<\/a> <strong>&nbsp;<\/strong><br \/>  <strong>oktat&aacute;si rektorhelyettes<\/strong><\/p>","protected":false},"excerpt":{"rendered":"<p>K&ouml;sz&ouml;nt&ouml;m &Ouml;nt, legyen ak&aacute;r egyetemista, oktat&oacute; vagy a gyakorlatban dolgoz&oacute; &aacute;llatorvos, aki els\u0151k&eacute;nt vagy sokadj&aacute;ra l&aacute;togat a ATE Tanulm&aacute;nyi Oszt&aacute;ly&aacute;nak a honlapj&aacute;ra! Napjaink felgyorsult vil&aacute;g&aacute;ban sz&uuml;ks&eacute;g van az inform&aacute;ci&oacute;k miel\u0151bbi &aacute;tad&aacute;s&aacute;ra &eacute;s el&eacute;r&eacute;s&eacute;re. Munkat&aacute;rsaimmal &uacute;gy gondoltuk, hogy a tan&eacute;vi t&aacute;j&eacute;koztat&oacute; mellett sz&uuml;ks&eacute;g van egy honlapra is, ahol a hallgat&oacute;k &eacute;s oktat&oacute;k k&ouml;nnyen &eacute;s gyorsan el&eacute;rhetik<\/p>\n","protected":false},"author":1,"featured_media":0,"parent":615,"menu_order":229,"comment_status":"closed","ping_status":"closed","template":"","meta":{"_acf_changed":false,"footnotes":""},"categories":[],"tags":[],"class_list":["post-621","page","type-page","status-publish","hentry"],"acf":[],"_links":{"self":[{"href":"https:\/\/univet.hu\/hu\/wp-json\/wp\/v2\/pages\/621","targetHints":{"allow":["GET"]}}],"collection":[{"href":"https:\/\/univet.hu\/hu\/wp-json\/wp\/v2\/pages"}],"about":[{"href":"https:\/\/univet.hu\/hu\/wp-json\/wp\/v2\/types\/page"}],"author":[{"embeddable":true,"href":"https:\/\/univet.hu\/hu\/wp-json\/wp\/v2\/users\/1"}],"replies":[{"embeddable":true,"href":"https:\/\/univet.hu\/hu\/wp-json\/wp\/v2\/comments?post=621"}],"version-history":[{"count":0,"href":"https:\/\/univet.hu\/hu\/wp-json\/wp\/v2\/pages\/621\/revisions"}],"up":[{"embeddable":true,"href":"https:\/\/univet.hu\/hu\/wp-json\/wp\/v2\/pages\/615"}],"wp:attachment":[{"href":"https:\/\/univet.hu\/hu\/wp-json\/wp\/v2\/media?parent=621"}],"wp:term":[{"taxonomy":"category","embeddable":true,"href":"https:\/\/univet.hu\/hu\/wp-json\/wp\/v2\/categories?post=621"},{"taxonomy":"post_tag","embeddable":true,"href":"https:\/\/univet.hu\/hu\/wp-json\/wp\/v2\/tags?post=621"}],"curies":[{"name":"wp","href":"https:\/\/api.w.org\/{rel}","templated":true}]}}