{"id":62318,"date":"2021-02-12T16:13:27","date_gmt":"2021-02-12T15:13:27","guid":{"rendered":"https:\/\/univet.hu\/hu\/egyetem\/munkatarsak\/new-staff-member-page-3\/"},"modified":"2026-03-06T12:13:04","modified_gmt":"2026-03-06T11:13:04","slug":"igriczi-barbara","status":"publish","type":"page","link":"https:\/\/univet.hu\/hu\/egyetem\/munkatarsak\/igriczi-barbara\/","title":{"rendered":"Igriczi Barbara"},"content":{"rendered":"<p style=\"text-align: center\"><b><span data-contrast=\"none\">Bemutatkoz\u00e1s\u00a0\u00a0 <\/span><\/b><\/p> <p><span data-contrast=\"none\">Egyetemi tanulm\u00e1nyaimat a Budapesti M\u0171szaki \u00e9s Gazdas\u00e1gtudom\u00e1nyi Egyetem Vegy\u00e9szm\u00e9rn\u00f6ki \u00e9s Biom\u00e9rn\u00f6ki Kar\u00e1n folytattam. 2020-ban v\u00e9geztem a biom\u00e9rn\u00f6k mesterk\u00e9pz\u00e9s eg\u00e9szs\u00e9gv\u00e9delmi szakir\u00e1ny\u00e1n. Kutat\u00f3munk\u00e1mat jelenleg az \u00c1llatorvostudom\u00e1nyi Egyetem PhD k\u00e9pz\u00e9s\u00e9nek keretein bel\u00fcl, a Patol\u00f3giai Tansz\u00e9k molekul\u00e1ris biol\u00f3giai laborat\u00f3rium\u00e1ban folytatom. F\u0151 kutat\u00e1si t\u00e9m\u00e1m a sert\u00e9s circo- \u00e9s parvov\u00edrusok elterjedts\u00e9g\u00e9nek, genetikai v\u00e1ltozatoss\u00e1g\u00e1nak vizsg\u00e1lata a magyar sert\u00e9s\u00e1llom\u00e1nyokban.<\/span><span data-ccp-props=\"{&quot;134233118&quot;:true,&quot;201341983&quot;:0,&quot;335551550&quot;:6,&quot;335551620&quot;:6,&quot;335559739&quot;:160,&quot;335559740&quot;:240}\">\u00a0<\/span><\/p> <p><strong>F\u0151bb kutat\u00e1si ter\u00fcletek:<\/strong><\/p> <ul> <li><span data-contrast=\"none\">Sert\u00e9s circo- \u00e9s parvov\u00edrusok fert\u0151z\u00e9sdinamikai \u00e9s \u00f6sszehasonl\u00edt\u00f3 genetikai vizsg\u00e1lata nagyl\u00e9tsz\u00e1m\u00fa sert\u00e9s\u00e1llom\u00e1nyokba<\/span><\/li> <\/ul> <p><span class=\"TextRun SCXW63786072 BCX8\" lang=\"HU-HU\" xml:lang=\"HU-HU\" data-contrast=\"none\"><strong><span class=\"NormalTextRun SCXW63786072 BCX8\">Eddigi szakdolgozat\/TDK hallgat\u00f3k sz\u00e1ma<\/span><\/strong><span class=\"NormalTextRun SCXW63786072 BCX8\">:<\/span><span class=\"NormalTextRun SCXW63786072 BCX8\"> 1<\/span><\/span><span class=\"EOP SCXW63786072 BCX8\" data-ccp-props=\"{&quot;134233118&quot;:true,&quot;201341983&quot;:0,&quot;335559739&quot;:160,&quot;335559740&quot;:240}\">\u00a0<\/span><\/p> <p><b><span data-contrast=\"none\">Publik\u00e1ci\u00f3s lista <\/span><\/b><\/p> <p><span data-contrast=\"none\">MTMT:\u202f 10075035<\/span><span data-ccp-props=\"{&quot;134233118&quot;:true,&quot;201341983&quot;:0,&quot;335551550&quot;:2,&quot;335551620&quot;:2,&quot;335559739&quot;:160,&quot;335559740&quot;:240}\">\u00a0<\/span><\/p> <table style=\"height: 10px\" width=\"1165\"> <tbody> <tr style=\"height: 10px\"> <td style=\"width: 32.0333px;height: 10px\">1.<\/td> <td style=\"width: 1116.97px;height: 10px\"> <p><span data-contrast=\"auto\">Rakv\u00e1cs Zs, Kucsma N, Gera M, Igriczi B., Kiss K., Barna J, Kov\u00e1cs D., Vellai T, Bencs L, Reisecker J.M., Szoboszlai N, Szak\u00e1cs G: The human ABCB6 protein is the functional homologue of HMT-1 proteins mediating cadmium detoxification<\/span><span data-ccp-props=\"{&quot;201341983&quot;:0,&quot;335559739&quot;:160,&quot;335559740&quot;:259}\">\u00a0<\/span><\/p> <p><span data-contrast=\"auto\">CELLULAR AND MOLECULAR LIFE SCIENCES 76 : 20 pp. 4131-4144. , 14 p. (2019)<\/span><span data-ccp-props=\"{&quot;201341983&quot;:0,&quot;335559739&quot;:160,&quot;335559740&quot;:259}\"><br \/> <\/span><\/td> <\/tr> <\/tbody> <\/table> <p>&nbsp;<\/p>","protected":false},"excerpt":{"rendered":"<p>Bemutatkoz\u00e1s\u00a0\u00a0 Egyetemi tanulm\u00e1nyaimat a Budapesti M\u0171szaki \u00e9s Gazdas\u00e1gtudom\u00e1nyi Egyetem Vegy\u00e9szm\u00e9rn\u00f6ki \u00e9s Biom\u00e9rn\u00f6ki Kar\u00e1n folytattam. 2020-ban v\u00e9geztem a biom\u00e9rn\u00f6k mesterk\u00e9pz\u00e9s eg\u00e9szs\u00e9gv\u00e9delmi szakir\u00e1ny\u00e1n. Kutat\u00f3munk\u00e1mat jelenleg az \u00c1llatorvostudom\u00e1nyi Egyetem PhD k\u00e9pz\u00e9s\u00e9nek keretein bel\u00fcl, a Patol\u00f3giai Tansz\u00e9k molekul\u00e1ris biol\u00f3giai laborat\u00f3rium\u00e1ban folytatom. F\u0151 kutat\u00e1si t\u00e9m\u00e1m a sert\u00e9s circo- \u00e9s parvov\u00edrusok elterjedts\u00e9g\u00e9nek, genetikai v\u00e1ltozatoss\u00e1g\u00e1nak vizsg\u00e1lata a magyar sert\u00e9s\u00e1llom\u00e1nyokban.\u00a0 F\u0151bb kutat\u00e1si ter\u00fcletek:<\/p>\n","protected":false},"author":5824,"featured_media":0,"parent":858,"menu_order":37,"comment_status":"open","ping_status":"open","template":"","meta":{"_acf_changed":false,"footnotes":""},"categories":[],"tags":[],"class_list":["post-62318","page","type-page","status-publish","hentry"],"acf":[],"_links":{"self":[{"href":"https:\/\/univet.hu\/hu\/wp-json\/wp\/v2\/pages\/62318","targetHints":{"allow":["GET"]}}],"collection":[{"href":"https:\/\/univet.hu\/hu\/wp-json\/wp\/v2\/pages"}],"about":[{"href":"https:\/\/univet.hu\/hu\/wp-json\/wp\/v2\/types\/page"}],"author":[{"embeddable":true,"href":"https:\/\/univet.hu\/hu\/wp-json\/wp\/v2\/users\/5824"}],"replies":[{"embeddable":true,"href":"https:\/\/univet.hu\/hu\/wp-json\/wp\/v2\/comments?post=62318"}],"version-history":[{"count":3,"href":"https:\/\/univet.hu\/hu\/wp-json\/wp\/v2\/pages\/62318\/revisions"}],"predecessor-version":[{"id":202438,"href":"https:\/\/univet.hu\/hu\/wp-json\/wp\/v2\/pages\/62318\/revisions\/202438"}],"up":[{"embeddable":true,"href":"https:\/\/univet.hu\/hu\/wp-json\/wp\/v2\/pages\/858"}],"wp:attachment":[{"href":"https:\/\/univet.hu\/hu\/wp-json\/wp\/v2\/media?parent=62318"}],"wp:term":[{"taxonomy":"category","embeddable":true,"href":"https:\/\/univet.hu\/hu\/wp-json\/wp\/v2\/categories?post=62318"},{"taxonomy":"post_tag","embeddable":true,"href":"https:\/\/univet.hu\/hu\/wp-json\/wp\/v2\/tags?post=62318"}],"curies":[{"name":"wp","href":"https:\/\/api.w.org\/{rel}","templated":true}]}}