{"id":624,"date":"2018-08-07T15:32:00","date_gmt":"2017-09-18T15:25:00","guid":{"rendered":"http:\/\/univet.hu\/oktatas\/tanulmanyi-osztaly\/munkatarsak\/"},"modified":"2026-02-05T09:46:04","modified_gmt":"2026-02-05T08:46:04","slug":"munkatarsak","status":"publish","type":"page","link":"https:\/\/univet.hu\/hu\/oktatas\/tanulmanyi-osztaly\/munkatarsak\/","title":{"rendered":"Munkat\u00e1rsak"},"content":{"rendered":"<p>A Tanulm\u00e1nyi Oszt\u00e1ly munkat\u00e1rsai \u00e9s el\u00e9rhet\u0151s\u00e9geik<\/p> <table border=\"0\"> <tbody> <tr> <td colspan=\"2\"> <h2>OKTAT\u00c1SI REKTORHELYETTES<\/h2> <\/td> <\/tr> <tr> <td><img decoding=\"async\" style=\"height: 200px; width: 140px;\" src=\"https:\/\/univet.hu\/files\/menus\/6\/images\/zsv%C3%A1ri-ig.k%C3%A9p.jpg\" alt=\"FR\" data-replaced=\"true\" \/><\/td> <td> <p>Dr. \u00d3zsv\u00e1ri L\u00e1szl\u00f3<\/p> <p>Tansz\u00e9kvezet\u0151 egyetemi tan\u00e1r<br \/> Rektorhelyettes<\/p> <p><strong>El\u00e9rhet\u0151s\u00e9g: <\/strong>L \u00e9p\u00fclet 3. emelet 302 szoba<\/p> <p><strong>Email:\u00a0<\/strong> <a class=\"decrypt\" rel=\"p{twbsj\/mbt{mpAvojwfu\/iv\" href=\"javascript:void(0);\">[Kattintson az emailc\u00edmhez]<\/a><\/p> <p>&nbsp;<\/td> <\/tr> <\/tbody> <\/table> <p>&nbsp;<\/p> <p>&nbsp;<\/p> <table style=\"width: 451px;\" border=\"0\"> <tbody> <tr> <td style=\"width: 441px;\" colspan=\"2\"> <h2>OSZT\u00c1LYVEZET\u0150<\/h2> <\/td> <\/tr> <tr> <td style=\"width: 131px;\"><img decoding=\"async\" class=\"\" style=\"height: 226px; width: 148px;\" src=\"https:\/\/univet.hu\/files\/subpages\/4\/images\/CST.jpg\" alt=\"CST\" data-replaced=\"true\" \/><\/td> <td style=\"width: 304px;\"> <p>Horv\u00e1thn\u00e9 Csap\u00f3 T\u00edmea<\/p> <p>Oszt\u00e1lyvezet\u0151<\/p> <p><strong>El\u00e9rhet\u0151s\u00e9g:<\/strong> H \u00e9p\u00fclet 1. emelet<\/p> <p><strong>Email:\u00a0<\/strong><a class=\"decrypt\" rel=\"dtbqp\/ujnfbAvojwfu\/iv\" href=\"javascript:void(0);\">[Kattintson az emailc\u00edmhez]<\/a><\/p> <p><strong>Telefon:\u00a0<\/strong>06\/1 478-4115<\/td> <\/tr> <\/tbody> <\/table> <p>&nbsp;<\/p> <p>&nbsp;<\/p> <table border=\"0\"> <tbody> <tr> <td colspan=\"2\"> <h2>NEPTUN ADMINISZTR\u00c1TOR<\/h2> <\/td> <\/tr> <tr> <td><img decoding=\"async\" style=\"height: 139px; width: 138px;\" src=\"https:\/\/univet.hu\/files\/subpages\/4\/images\/katona.jpg\" alt=\"CST\" data-replaced=\"true\" \/><\/td> <td> <p>Dr. Katona G\u00e1bor<\/p> <p>Oktat\u00e1sszervez\u00e9si \u00e9s neptun szakreferens<\/p> <p><strong>El\u00e9rhet\u0151s\u00e9g: <\/strong>D \u00e9p\u00fclet Fsz. 4.<\/p> <p><strong>Email: <\/strong><a class=\"decrypt\" rel=\"lbupob\/hbcpsAvojwfu\/iv\" href=\"javascript:void(0);\">[Kattintson az emailc\u00edmhez]<\/a><\/p> <p><strong>Telefon: <\/strong>+3614784100\/8773<\/p> <p><strong>Mobil:\u00a0<\/strong>\u00a0+36307464753<\/td> <\/tr> <tr> <td><\/td> <td> <p>Szab\u00f3 Zolt\u00e1n<\/p> <p>neptun \u00fcgyint\u00e9z\u0151<\/p> <p><strong>El\u00e9rhet\u0151s\u00e9g: <\/strong>D \u00e9p\u00fclet Fsz. 4.<\/p> <p><strong>Email: <\/strong><a class=\"decrypt\" rel=\"t{bcp\/{pmubo\/kp{tfgAvojwfu\/iv\" href=\"javascript:void(0);\">[Kattintson az emailc\u00edmhez]<\/a><\/p> <p><strong>Telefon: <\/strong>+3614784100\/8987<\/p> <p><strong>Mobil:<\/strong> +3630<span data-olk-copy-source=\"MessageBody\">1597833<\/span><\/td> <\/tr> <\/tbody> <\/table> <p>&nbsp;<\/p> <p>&nbsp;<\/p> <table style=\"height: 683px;\" border=\"0\"> <tbody> <tr style=\"height: 75px;\"> <td style=\"height: 75px; width: 433.05px;\" colspan=\"2\"> <h2>TANULM\u00c1NYI EL\u0150AD\u00d3K<\/h2> <\/td> <\/tr> <tr style=\"height: 216px;\"> <td style=\"height: 216px; width: 149px;\"><img decoding=\"async\" style=\"height: 200px; width: 149px;\" src=\"https:\/\/univet.hu\/files\/subpages\/4\/images\/oR.jpg\" alt=\"OR\" data-replaced=\"true\" \/><\/td> <td style=\"height: 216px; width: 278.717px;\"> <p>\u0150szi-Szalczer Rita<\/p> <p>Tanulm\u00e1nyi el\u0151ad\u00f3<\/p> <p><strong>El\u00e9rhet\u0151s\u00e9g: <\/strong>H \u00e9p\u00fclet 1.emelet<\/p> <p><strong>Email:\u00a0<\/strong><a class=\"decrypt\" rel=\"pt{j\/sjubAvojwfu\/iv\" href=\"javascript:void(0);\">[Kattintson az emailc\u00edmhez]<\/a><\/p> <p><strong>Telefon:\u00a0<\/strong>06\/1 478-4100 \/ 8128 mell\u00e9k<\/td> <\/tr> <tr style=\"height: 216px;\"> <td style=\"height: 216px; width: 149px;\"><\/td> <td style=\"height: 216px; width: 278.717px;\"> <p>Kajor Szilvia<\/p> <p>Tanulm\u00e1nyi el\u0151ad\u00f3<\/p> <p><strong>El\u00e9rhet\u0151s\u00e9g: <\/strong>H \u00e9p\u00fclet 1. emelet<\/p> <p><strong>Email: <\/strong><a class=\"decrypt\" rel=\"lbkps\/t{jmwjbAvojwfu\/iv\" href=\"javascript:void(0);\">[Kattintson az emailc\u00edmhez]<\/a><\/p> <p><strong>Telefon:\u00a0<\/strong> 06\/1 478-4100\/8159 mell\u00e9k<\/td> <\/tr> <tr style=\"height: 176px;\"> <td style=\"height: 176px; width: 149px;\">\u00a0<img loading=\"lazy\" decoding=\"async\" class=\"alignnone size-full wp-image-91124\" src=\"https:\/\/univet.hu\/wp-content\/uploads\/2023\/08\/Tari-Klaudia12131.jpg\" alt=\"\" width=\"2229\" height=\"2874\" srcset=\"https:\/\/univet.hu\/wp-content\/uploads\/2023\/08\/Tari-Klaudia12131.jpg 2229w, https:\/\/univet.hu\/wp-content\/uploads\/2023\/08\/Tari-Klaudia12131-248x320.jpg 248w, https:\/\/univet.hu\/wp-content\/uploads\/2023\/08\/Tari-Klaudia12131-768x990.jpg 768w, https:\/\/univet.hu\/wp-content\/uploads\/2023\/08\/Tari-Klaudia12131-745x960.jpg 745w\" sizes=\"auto, (max-width: 2229px) 100vw, 2229px\" \/><\/td> <td style=\"height: 176px; width: 278.717px;\"> <p>Tari Klaudia<\/p> <p>Tanulm\u00e1nyi el\u0151ad\u00f3<\/p> <p><strong>El\u00e9rhet\u0151s\u00e9g<\/strong>: H \u00e9p\u00fclet 1.emelet<\/p> <p><strong>Email<\/strong>: <a class=\"decrypt\" rel=\"ubsj\/lmbvejbAvojwfu\/iv\" href=\"javascript:void(0);\">[Kattintson az emailc\u00edmhez]<\/a><\/p> <p><strong>Telefon<\/strong>: 06\/1 478-4100\/8123 mell\u00e9k<\/td> <\/tr> <\/tbody> <\/table> <p>&nbsp;<\/p>","protected":false},"excerpt":{"rendered":"<p>A Tanulm\u00e1nyi Oszt\u00e1ly munkat\u00e1rsai \u00e9s el\u00e9rhet\u0151s\u00e9geik OKTAT\u00c1SI REKTORHELYETTES Dr. \u00d3zsv\u00e1ri L\u00e1szl\u00f3 Tansz\u00e9kvezet\u0151 egyetemi tan\u00e1r Rektorhelyettes El\u00e9rhet\u0151s\u00e9g: L \u00e9p\u00fclet 3. emelet 302 szoba Email:\u00a0 [Kattintson az emailc\u00edmhez] &nbsp; &nbsp; &nbsp; OSZT\u00c1LYVEZET\u0150 Horv\u00e1thn\u00e9 Csap\u00f3 T\u00edmea Oszt\u00e1lyvezet\u0151 El\u00e9rhet\u0151s\u00e9g: H \u00e9p\u00fclet 1. emelet Email:\u00a0[Kattintson az emailc\u00edmhez] Telefon:\u00a006\/1 478-4115 &nbsp; &nbsp; NEPTUN ADMINISZTR\u00c1TOR Dr. Katona G\u00e1bor Oktat\u00e1sszervez\u00e9si \u00e9s neptun szakreferens<\/p>\n","protected":false},"author":1,"featured_media":0,"parent":615,"menu_order":69,"comment_status":"closed","ping_status":"closed","template":"","meta":{"_acf_changed":false,"footnotes":""},"categories":[],"tags":[],"class_list":["post-624","page","type-page","status-publish","hentry"],"acf":[],"_links":{"self":[{"href":"https:\/\/univet.hu\/hu\/wp-json\/wp\/v2\/pages\/624","targetHints":{"allow":["GET"]}}],"collection":[{"href":"https:\/\/univet.hu\/hu\/wp-json\/wp\/v2\/pages"}],"about":[{"href":"https:\/\/univet.hu\/hu\/wp-json\/wp\/v2\/types\/page"}],"author":[{"embeddable":true,"href":"https:\/\/univet.hu\/hu\/wp-json\/wp\/v2\/users\/1"}],"replies":[{"embeddable":true,"href":"https:\/\/univet.hu\/hu\/wp-json\/wp\/v2\/comments?post=624"}],"version-history":[{"count":4,"href":"https:\/\/univet.hu\/hu\/wp-json\/wp\/v2\/pages\/624\/revisions"}],"predecessor-version":[{"id":198706,"href":"https:\/\/univet.hu\/hu\/wp-json\/wp\/v2\/pages\/624\/revisions\/198706"}],"up":[{"embeddable":true,"href":"https:\/\/univet.hu\/hu\/wp-json\/wp\/v2\/pages\/615"}],"wp:attachment":[{"href":"https:\/\/univet.hu\/hu\/wp-json\/wp\/v2\/media?parent=624"}],"wp:term":[{"taxonomy":"category","embeddable":true,"href":"https:\/\/univet.hu\/hu\/wp-json\/wp\/v2\/categories?post=624"},{"taxonomy":"post_tag","embeddable":true,"href":"https:\/\/univet.hu\/hu\/wp-json\/wp\/v2\/tags?post=624"}],"curies":[{"name":"wp","href":"https:\/\/api.w.org\/{rel}","templated":true}]}}