{"id":627,"date":"2018-08-23T16:22:00","date_gmt":"2018-02-03T19:14:00","guid":{"rendered":"http:\/\/univet.hu\/oktatas\/tanulmanyi-osztaly\/gyakorlati-felev\/"},"modified":"2026-03-11T09:37:45","modified_gmt":"2026-03-11T08:37:45","slug":"gyakorlati-felev","status":"publish","type":"page","link":"https:\/\/univet.hu\/hu\/oktatas\/tanulmanyi-osztaly\/gyakorlati-felev\/","title":{"rendered":"Gyakorlati f\u00e9l\u00e9v"},"content":{"rendered":"<p><a href=\"https:\/\/univet.hu\/wp-content\/uploads\/2026\/03\/2026-27-11.-gyakorlati-fe\u0301le\u0301v-hallgatoi-ta\u0301jekoztato-VEGLEGES.pdf\" target=\"_blank\" rel=\"noopener\">T\u00e1j\u00e9koztat\u00f3 a gyakorlati f\u00e9l\u00e9v szervez\u00e9s\u00e9vel\/teljes\u00edt\u00e9s\u00e9vel kapcsolatosan<\/a><\/p> <p>&nbsp;<\/p> <p>Szakmai gyakorlat k\u00fclf\u00f6ld\u00f6n t\u00f6rt\u00e9n\u0151 teljes\u00edt\u00e9sekor haszn\u00e1latos nyomtatv\u00e1nyok (angolul):<\/p> <p><a href=\"https:\/\/univet.hu\/wp-content\/uploads\/2021\/06\/certificate.doc\">Teljes\u00edt\u00e9sigazol\u00e1s<\/a><\/p> <p><a href=\"https:\/\/univet.hu\/wp-content\/uploads\/2021\/06\/Letter-of-Acceptance.pdf\">Befogad\u00f3nyilatkozat<\/a><\/p> <p><a href=\"https:\/\/univet.hu\/wp-content\/uploads\/2024\/04\/Cover-note-insurance-Generali-2024-1.pdf\">Fedezetigazol\u00e1s biztos\u00edt\u00e1shoz<\/a><\/p> <p><a href=\"https:\/\/univet.hu\/wp-content\/uploads\/2024\/04\/Insurance_Special-conditions-for-schools.pdf\">A felel\u0151ss\u00e9gbiztos\u00edt\u00e1s felt\u00e9telei<\/a><\/p> <p>&nbsp;<\/p> <p><a href=\"https:\/\/univet.hu\/wp-content\/uploads\/2025\/04\/Jelentkezes-a-11-felevre.pdf\">Hallgat\u00f3i seg\u00e9dlet a gyakorlati f\u00e9l\u00e9v gyakorlataira t\u00f6rt\u00e9n\u0151 Neptunos jelentkez\u00e9shez<\/a><\/p> <p>&nbsp;<\/p>","protected":false},"excerpt":{"rendered":"<p>T\u00e1j\u00e9koztat\u00f3 a gyakorlati f\u00e9l\u00e9v szervez\u00e9s\u00e9vel\/teljes\u00edt\u00e9s\u00e9vel kapcsolatosan &nbsp; Szakmai gyakorlat k\u00fclf\u00f6ld\u00f6n t\u00f6rt\u00e9n\u0151 teljes\u00edt\u00e9sekor haszn\u00e1latos nyomtatv\u00e1nyok (angolul): Teljes\u00edt\u00e9sigazol\u00e1s Befogad\u00f3nyilatkozat Fedezetigazol\u00e1s biztos\u00edt\u00e1shoz A felel\u0151ss\u00e9gbiztos\u00edt\u00e1s felt\u00e9telei &nbsp; Hallgat\u00f3i seg\u00e9dlet a gyakorlati f\u00e9l\u00e9v gyakorlataira t\u00f6rt\u00e9n\u0151 Neptunos jelentkez\u00e9shez &nbsp;<\/p>\n","protected":false},"author":1,"featured_media":0,"parent":615,"menu_order":31,"comment_status":"closed","ping_status":"closed","template":"","meta":{"_acf_changed":false,"footnotes":""},"categories":[],"tags":[],"class_list":["post-627","page","type-page","status-publish","hentry"],"acf":[],"_links":{"self":[{"href":"https:\/\/univet.hu\/hu\/wp-json\/wp\/v2\/pages\/627","targetHints":{"allow":["GET"]}}],"collection":[{"href":"https:\/\/univet.hu\/hu\/wp-json\/wp\/v2\/pages"}],"about":[{"href":"https:\/\/univet.hu\/hu\/wp-json\/wp\/v2\/types\/page"}],"author":[{"embeddable":true,"href":"https:\/\/univet.hu\/hu\/wp-json\/wp\/v2\/users\/1"}],"replies":[{"embeddable":true,"href":"https:\/\/univet.hu\/hu\/wp-json\/wp\/v2\/comments?post=627"}],"version-history":[{"count":5,"href":"https:\/\/univet.hu\/hu\/wp-json\/wp\/v2\/pages\/627\/revisions"}],"predecessor-version":[{"id":202567,"href":"https:\/\/univet.hu\/hu\/wp-json\/wp\/v2\/pages\/627\/revisions\/202567"}],"up":[{"embeddable":true,"href":"https:\/\/univet.hu\/hu\/wp-json\/wp\/v2\/pages\/615"}],"wp:attachment":[{"href":"https:\/\/univet.hu\/hu\/wp-json\/wp\/v2\/media?parent=627"}],"wp:term":[{"taxonomy":"category","embeddable":true,"href":"https:\/\/univet.hu\/hu\/wp-json\/wp\/v2\/categories?post=627"},{"taxonomy":"post_tag","embeddable":true,"href":"https:\/\/univet.hu\/hu\/wp-json\/wp\/v2\/tags?post=627"}],"curies":[{"name":"wp","href":"https:\/\/api.w.org\/{rel}","templated":true}]}}