{"id":62750,"date":"2021-02-25T14:27:48","date_gmt":"2021-02-25T13:27:48","guid":{"rendered":"https:\/\/univet.hu\/hu\/egyetem\/munkatarsak\/new-staff-member-page-3\/"},"modified":"2026-02-10T03:58:04","modified_gmt":"2026-02-10T02:58:04","slug":"keve-gergo","status":"publish","type":"page","link":"https:\/\/univet.hu\/hu\/egyetem\/munkatarsak\/keve-gergo\/","title":{"rendered":"Keve Gerg\u0151"},"content":{"rendered":"<p style=\"text-align: center\"><strong><span style=\"font-size: 14pt\">Bemutatkoz\u00e1s<\/span><\/strong><\/p> <p>2021-ben az \u00c1llatorvostudom\u00e1nyi Egyetemen v\u00e9geztem, mint \u00e1llatorvos. Ez \u00e9v m\u00e1rcius\u00e1t\u00f3l vagyok a tansz\u00e9k munkat\u00e1rsa, ahol jelenleg, mint tansz\u00e9ki \u00e1llatorvos \u00e9s PhD hallhat\u00f3 tev\u00e9kenykedem.<\/p> <p><strong>F\u0151bb kutat\u00e1si ter\u00fcletek: <\/strong><\/p> <ul> <li>Madarak k\u00fcls\u0151 \u00e9l\u0151sk\u00f6d\u0151i<br \/> Vector-borne k\u00f3rokoz\u00f3k j\u00e1rv\u00e1nytana<\/li> <\/ul> <p><strong>El\u0151rehalad\u00e1s<\/strong><\/p> <p><strong>Szakmai szervezeti tags\u00e1g<\/strong><\/p> <p><strong>\u00a0<\/strong><strong>Eddigi szakdolgozat\/TDK hallgat\u00f3k sz\u00e1ma: <\/strong><\/p> <table width=\"569\"> <tbody> <tr> <td colspan=\"2\" width=\"569\"><strong>PhD-hallgat\u00f3k<\/strong><\/td> <\/tr> <\/tbody> <\/table> <p><strong>Publik\u00e1ci\u00f3s lista (Top10)<\/strong><\/p> <p>MTMT:<\/p>","protected":false},"excerpt":{"rendered":"<p>Bemutatkoz\u00e1s 2021-ben az \u00c1llatorvostudom\u00e1nyi Egyetemen v\u00e9geztem, mint \u00e1llatorvos. Ez \u00e9v m\u00e1rcius\u00e1t\u00f3l vagyok a tansz\u00e9k munkat\u00e1rsa, ahol jelenleg, mint tansz\u00e9ki \u00e1llatorvos \u00e9s PhD hallhat\u00f3 tev\u00e9kenykedem. F\u0151bb kutat\u00e1si ter\u00fcletek: Madarak k\u00fcls\u0151 \u00e9l\u0151sk\u00f6d\u0151i Vector-borne k\u00f3rokoz\u00f3k j\u00e1rv\u00e1nytana El\u0151rehalad\u00e1s Szakmai szervezeti tags\u00e1g \u00a0Eddigi szakdolgozat\/TDK hallgat\u00f3k sz\u00e1ma: PhD-hallgat\u00f3k Publik\u00e1ci\u00f3s lista (Top10) MTMT:<\/p>\n","protected":false},"author":5824,"featured_media":0,"parent":858,"menu_order":37,"comment_status":"open","ping_status":"open","template":"","meta":{"_acf_changed":false,"footnotes":""},"categories":[],"tags":[],"class_list":["post-62750","page","type-page","status-publish","hentry"],"acf":[],"_links":{"self":[{"href":"https:\/\/univet.hu\/hu\/wp-json\/wp\/v2\/pages\/62750","targetHints":{"allow":["GET"]}}],"collection":[{"href":"https:\/\/univet.hu\/hu\/wp-json\/wp\/v2\/pages"}],"about":[{"href":"https:\/\/univet.hu\/hu\/wp-json\/wp\/v2\/types\/page"}],"author":[{"embeddable":true,"href":"https:\/\/univet.hu\/hu\/wp-json\/wp\/v2\/users\/5824"}],"replies":[{"embeddable":true,"href":"https:\/\/univet.hu\/hu\/wp-json\/wp\/v2\/comments?post=62750"}],"version-history":[{"count":1,"href":"https:\/\/univet.hu\/hu\/wp-json\/wp\/v2\/pages\/62750\/revisions"}],"predecessor-version":[{"id":198659,"href":"https:\/\/univet.hu\/hu\/wp-json\/wp\/v2\/pages\/62750\/revisions\/198659"}],"up":[{"embeddable":true,"href":"https:\/\/univet.hu\/hu\/wp-json\/wp\/v2\/pages\/858"}],"wp:attachment":[{"href":"https:\/\/univet.hu\/hu\/wp-json\/wp\/v2\/media?parent=62750"}],"wp:term":[{"taxonomy":"category","embeddable":true,"href":"https:\/\/univet.hu\/hu\/wp-json\/wp\/v2\/categories?post=62750"},{"taxonomy":"post_tag","embeddable":true,"href":"https:\/\/univet.hu\/hu\/wp-json\/wp\/v2\/tags?post=62750"}],"curies":[{"name":"wp","href":"https:\/\/api.w.org\/{rel}","templated":true}]}}