{"id":630,"date":"2017-10-24T21:25:00","date_gmt":"2017-10-24T19:25:00","guid":{"rendered":"http:\/\/univet.hu\/oktatas\/tanulmanyi-osztaly\/bizottsagok\/"},"modified":"2020-11-13T14:21:26","modified_gmt":"2020-11-13T13:21:26","slug":"bizottsagok","status":"publish","type":"page","link":"https:\/\/univet.hu\/hu\/oktatas\/tanulmanyi-osztaly\/bizottsagok\/","title":{"rendered":"Bizotts\u00e1gok"},"content":{"rendered":"<h2>Az \u00e1lland\u00f3\u00a0bizotts\u00e1gok\u00a0szem\u00e9lyi \u00f6sszet\u00e9tele<\/h2> <p><strong>\u00a0<\/strong><\/p> <p><u>\u00a0<\/u><\/p> <p><strong><u>Oktat\u00e1si Bizotts\u00e1g (Elfogadva 2020. j\u00falius 27-\u00e9n)<\/u><\/strong><\/p> <table> <tbody> <tr> <td width=\"300\"><strong>Eln\u00f6k:<\/strong><\/td> <td width=\"299\"><\/td> <\/tr> <tr> <td width=\"300\">oktat\u00e1si rektorhelyettes<\/td> <td width=\"299\">Dr. \u00d3zsv\u00e1ri L\u00e1szl\u00f3<\/td> <\/tr> <tr> <td width=\"300\"><strong>Titk\u00e1r:<\/strong><\/td> <td width=\"299\"><\/td> <\/tr> <tr> <td width=\"300\">Tanulm\u00e1nyi Oszt\u00e1ly oktat\u00e1si rektorhelyettes \u00e1ltal felk\u00e9rt tagja (szavazati jog n\u00e9lk\u00fcl)<\/td> <td width=\"299\">Horv\u00e1thn\u00e9 Csap\u00f3 T\u00edmea<\/td> <\/tr> <tr> <td width=\"300\"><strong>Tagjai:<\/strong><\/td> <td width=\"299\"><\/td> <\/tr> <tr> <td width=\"300\"><strong>hivatalb\u00f3l tagok<\/strong><\/td> <td width=\"299\"><\/td> <\/tr> <tr> <td width=\"300\">tudom\u00e1nyos rektorhelyettes<\/td> <td width=\"299\">Dr. Jerzsele \u00c1kos<\/td> <\/tr> <tr> <td width=\"300\">nemzetk\u00f6zi rektorhelyettes<\/td> <td width=\"299\">Dr. Bartha Tibor<\/td> <\/tr> <tr> <td width=\"300\">klinikai rektorhelyettes<\/td> <td width=\"299\">Dr. N\u00e9meth Tibor<\/td> <\/tr> <tr> <td width=\"300\">oktat\u00e1si igazgat\u00f3<\/td> <td width=\"299\">Dr. M\u00e1tis G\u00e1bor<\/td> <\/tr> <tr> <td width=\"300\"><strong>v\u00e1lasztott tagok<\/strong><\/td> <td width=\"299\"><\/td> <\/tr> <tr> <td width=\"300\">1.\u00a0\u00a0\u00a0 vezet\u0151 oktat\u00f3<\/td> <td width=\"299\">Dr. R\u00e1cz Bence<\/td> <\/tr> <tr> <td width=\"300\">2.\u00a0\u00a0\u00a0 vezet\u0151 oktat\u00f3<\/td> <td width=\"299\">Dr. Kosztol\u00e1nyi Andr\u00e1s<\/td> <\/tr> <tr> <td width=\"300\">3.\u00a0\u00a0\u00a0 vezet\u0151 oktat\u00f3<\/td> <td width=\"299\">Dr. Bakos Zolt\u00e1n<\/td> <\/tr> <tr> <td width=\"300\">4.\u00a0\u00a0\u00a0 vezet\u0151 oktat\u00f3<\/td> <td width=\"299\">Dr. Farkas R\u00f3bert<\/td> <\/tr> <tr> <td width=\"300\">1.\u00a0\u00a0\u00a0 beosztott oktat\u00f3<\/td> <td width=\"299\">Dr. Reinitz Zolt\u00e1n<\/td> <\/tr> <tr> <td width=\"300\">2.\u00a0\u00a0\u00a0 beosztott oktat\u00f3<\/td> <td width=\"299\">Dr. Kov\u00e1cs P\u00e9ter<\/td> <\/tr> <tr> <td width=\"300\">1.\u00a0\u00a0\u00a0 hallgat\u00f3<\/td> <td width=\"299\">Hrutka Ivett<\/td> <\/tr> <tr> <td width=\"300\">2.\u00a0\u00a0\u00a0 hallgat\u00f3<\/td> <td width=\"299\">\u00c1gics M\u00e1ty\u00e1s Istv\u00e1n<\/td> <\/tr> <tr> <td width=\"300\">1.\u00a0\u00a0\u00a0 doktorandusz hallgat\u00f3<\/td> <td width=\"299\">dr. Kiss Gerda<\/td> <\/tr> <\/tbody> <\/table> <p><u>\u00a0<\/u><\/p> <p><strong><u>Egyetemi Hallgat\u00f3i Fel\u00fclb\u00edr\u00e1lati Bizotts\u00e1g<\/u><\/strong><\/p> <table> <tbody> <tr> <td width=\"302\"><strong>Eln\u00f6k:<\/strong><\/td> <td width=\"302\"><\/td> <\/tr> <tr> <td width=\"302\">vezet\u0151 oktat\u00f3<\/td> <td width=\"302\">Dr. Laczay P\u00e9ter<\/td> <\/tr> <tr> <td width=\"302\"><strong>Titk\u00e1r:<\/strong><\/td> <td width=\"302\"><\/td> <\/tr> <tr> <td width=\"302\">rektor \u00e1ltal megb\u00edzott k\u00f6zalkalmazott<\/td> <td width=\"302\">Horv\u00e1thn\u00e9 Csap\u00f3 T\u00edmea<\/td> <\/tr> <tr> <td width=\"302\"><strong>Tagjai:<\/strong><\/td> <td width=\"302\"><\/td> <\/tr> <tr> <td width=\"302\">1.\u00a0\u00a0\u00a0\u00a0\u00a0 vezet\u0151 oktat\u00f3<\/td> <td width=\"302\">Dr. Hull\u00e1r Istv\u00e1n<\/td> <\/tr> <tr> <td width=\"302\">2.\u00a0\u00a0\u00a0\u00a0\u00a0 vezet\u0151 oktat\u00f3<\/td> <td width=\"302\">Dr. Sterczer \u00c1gnes<\/td> <\/tr> <tr> <td width=\"302\">oktat\u00e1sban k\u00f6zrem\u0171k\u00f6d\u0151 k\u00f6zalkalmazott<\/td> <td width=\"302\">Dr. Csintalan Csaba<\/td> <\/tr> <tr> <td width=\"302\">DH\u00d6K-k\u00e9pvisel\u0151<\/td> <td width=\"302\">Palkovicsn\u00e9 P\u00e9zsa Nikolett<\/td> <\/tr> <tr> <td width=\"302\">1.\u00a0\u00a0\u00a0\u00a0\u00a0 hallgat\u00f3<\/td> <td width=\"302\">\u00c1gics M\u00e1ty\u00e1s<\/td> <\/tr> <tr> <td width=\"302\">2.\u00a0\u00a0\u00a0\u00a0\u00a0 hallgat\u00f3<\/td> <td width=\"302\">Hrutka Ivett<\/td> <\/tr> <\/tbody> <\/table> <p><strong><u>Di\u00e1kj\u00f3l\u00e9ti Bizotts\u00e1g<\/u><\/strong><\/p> <table> <tbody> <tr> <td width=\"300\"><strong>Eln\u00f6k:<\/strong><\/td> <td width=\"299\"><\/td> <\/tr> <tr> <td width=\"300\">oktat\u00e1si rektorhelyettes<\/td> <td width=\"299\">Dr. \u00d3zsv\u00e1ri L\u00e1szl\u00f3<\/td> <\/tr> <tr> <td width=\"300\"><strong>Titk\u00e1r:<\/strong><\/td> <td width=\"299\"><\/td> <\/tr> <tr> <td width=\"300\">rektor \u00e1ltal megb\u00edzott k\u00f6zalkalmazott<\/td> <td width=\"299\">Horv\u00e1thn\u00e9 Csap\u00f3 T\u00edmea<\/td> <\/tr> <tr> <td width=\"300\"><strong>Tagjai:<\/strong><\/td> <td width=\"299\"><\/td> <\/tr> <tr> <td width=\"300\">1.\u00a0\u00a0\u00a0\u00a0\u00a0\u00a0 vezet\u0151 oktat\u00f3<\/td> <td width=\"299\">Dr. Szalay Ferenc<\/td> <\/tr> <tr> <td width=\"300\">2.\u00a0\u00a0\u00a0\u00a0\u00a0\u00a0 vezet\u0151 oktat\u00f3<\/td> <td width=\"299\">Dr. M\u00e1tis G\u00e1bor<\/td> <\/tr> <tr> <td width=\"300\">1.\u00a0\u00a0\u00a0\u00a0\u00a0\u00a0 beosztott oktat\u00f3 vagy kutat\u00f3<\/td> <td width=\"299\">Abonyi-T\u00f3th Zsolt<\/td> <\/tr> <tr> <td width=\"300\">2.\u00a0\u00a0\u00a0\u00a0\u00a0\u00a0 beosztott oktat\u00f3 vagy kutat\u00f3<\/td> <td width=\"299\">Dr. Reinitz Zolt\u00e1n<\/td> <\/tr> <tr> <td width=\"300\">1.\u00a0\u00a0\u00a0\u00a0\u00a0\u00a0 hallgat\u00f3<\/td> <td width=\"299\">Kiss Eszter<\/td> <\/tr> <tr> <td width=\"300\">2.\u00a0\u00a0\u00a0\u00a0\u00a0\u00a0 hallgat\u00f3<\/td> <td width=\"299\">\u00c1gics M\u00e1ty\u00e1s Istv\u00e1n<\/td> <\/tr> <\/tbody> <\/table> <p><strong><u>Fegyelmi Bizotts\u00e1g<\/u><\/strong><\/p> <table style=\"height: 276px;\"> <tbody> <tr style=\"height: 23px;\"> <td style=\"height: 23px; width: 300px;\"><strong>Eln\u00f6k:<\/strong><\/td> <td style=\"height: 23px; width: 299.2px;\"><\/td> <\/tr> <tr style=\"height: 23px;\"> <td style=\"height: 23px; width: 300px;\">vezet\u0151 oktat\u00f3<\/td> <td style=\"height: 23px; width: 299.2px;\">Dr. Hull\u00e1r Istv\u00e1n<\/td> <\/tr> <tr style=\"height: 23px;\"> <td style=\"height: 23px; width: 300px;\"><strong>Titk\u00e1r:<\/strong><\/td> <td style=\"height: 23px; width: 299.2px;\"><\/td> <\/tr> <tr style=\"height: 23px;\"> <td style=\"height: 23px; width: 300px;\">megb\u00edzott k\u00f6zalkalmazott<\/td> <td style=\"height: 23px; width: 299.2px;\">Horv\u00e1thn\u00e9 Csap\u00f3 T\u00edmea<\/td> <\/tr> <tr style=\"height: 23px;\"> <td style=\"height: 23px; width: 300px;\"><strong>Tagjai:<\/strong><\/td> <td style=\"height: 23px; width: 299.2px;\"><\/td> <\/tr> <tr style=\"height: 23px;\"> <td style=\"height: 23px; width: 300px;\">1.\u00a0\u00a0\u00a0\u00a0\u00a0 oktat\u00f3, kutat\u00f3<\/td> <td style=\"height: 23px; width: 299.2px;\">Dr. Lehel J\u00f3zsef<\/td> <\/tr> <tr style=\"height: 23px;\"> <td style=\"height: 23px; width: 300px;\">2.\u00a0\u00a0\u00a0\u00a0\u00a0 oktat\u00f3, kutat\u00f3<\/td> <td style=\"height: 23px; width: 299.2px;\">Dr. Szalay Ferenc<\/td> <\/tr> <tr style=\"height: 23px;\"> <td style=\"height: 23px; width: 300px;\">3.\u00a0\u00a0\u00a0\u00a0\u00a0 oktat\u00f3, kutat\u00f3<\/td> <td style=\"height: 23px; width: 299.2px;\">Dr. Hornok S\u00e1ndor<\/td> <\/tr> <tr style=\"height: 23px;\"> <td style=\"height: 23px; width: 300px;\">4.\u00a0\u00a0\u00a0\u00a0\u00a0 oktat\u00f3, kutat\u00f3<\/td> <td style=\"height: 23px; width: 299.2px;\">Dr. Csintalan Csaba<\/td> <\/tr> <tr style=\"height: 23px;\"> <td style=\"height: 23px; width: 300px;\">1.\u00a0\u00a0\u00a0\u00a0\u00a0 hallgat\u00f3<\/td> <td style=\"height: 23px; width: 299.2px;\">Lipthay Ildik\u00f3<\/td> <\/tr> <tr style=\"height: 23px;\"> <td style=\"height: 23px; width: 300px;\">2.\u00a0\u00a0\u00a0\u00a0\u00a0 hallgat\u00f3<\/td> <td style=\"height: 23px; width: 299.2px;\">Danyi Zolt\u00e1n<\/td> <\/tr> <tr style=\"height: 23px;\"> <td style=\"height: 23px; width: 300px;\">3.\u00a0\u00a0\u00a0\u00a0\u00a0 hallgat\u00f3<\/td> <td style=\"height: 23px; width: 299.2px;\">\u00c1gics M\u00e1ty\u00e1s Istv\u00e1n<\/td> <\/tr> <\/tbody> <\/table> <p>&nbsp;<\/p>","protected":false},"excerpt":{"rendered":"<p>Az \u00e1lland\u00f3\u00a0bizotts\u00e1gok\u00a0szem\u00e9lyi \u00f6sszet\u00e9tele \u00a0 \u00a0 Oktat\u00e1si Bizotts\u00e1g (Elfogadva 2020. j\u00falius 27-\u00e9n) Eln\u00f6k: oktat\u00e1si rektorhelyettes Dr. \u00d3zsv\u00e1ri L\u00e1szl\u00f3 Titk\u00e1r: Tanulm\u00e1nyi Oszt\u00e1ly oktat\u00e1si rektorhelyettes \u00e1ltal felk\u00e9rt tagja (szavazati jog n\u00e9lk\u00fcl) Horv\u00e1thn\u00e9 Csap\u00f3 T\u00edmea Tagjai: hivatalb\u00f3l tagok tudom\u00e1nyos rektorhelyettes Dr. Jerzsele \u00c1kos nemzetk\u00f6zi rektorhelyettes Dr. Bartha Tibor klinikai rektorhelyettes Dr. N\u00e9meth Tibor oktat\u00e1si igazgat\u00f3 Dr. M\u00e1tis G\u00e1bor v\u00e1lasztott<\/p>\n","protected":false},"author":1,"featured_media":0,"parent":615,"menu_order":229,"comment_status":"closed","ping_status":"closed","template":"","meta":{"_acf_changed":false,"footnotes":""},"categories":[],"tags":[],"class_list":["post-630","page","type-page","status-publish","hentry"],"acf":[],"_links":{"self":[{"href":"https:\/\/univet.hu\/hu\/wp-json\/wp\/v2\/pages\/630","targetHints":{"allow":["GET"]}}],"collection":[{"href":"https:\/\/univet.hu\/hu\/wp-json\/wp\/v2\/pages"}],"about":[{"href":"https:\/\/univet.hu\/hu\/wp-json\/wp\/v2\/types\/page"}],"author":[{"embeddable":true,"href":"https:\/\/univet.hu\/hu\/wp-json\/wp\/v2\/users\/1"}],"replies":[{"embeddable":true,"href":"https:\/\/univet.hu\/hu\/wp-json\/wp\/v2\/comments?post=630"}],"version-history":[{"count":0,"href":"https:\/\/univet.hu\/hu\/wp-json\/wp\/v2\/pages\/630\/revisions"}],"up":[{"embeddable":true,"href":"https:\/\/univet.hu\/hu\/wp-json\/wp\/v2\/pages\/615"}],"wp:attachment":[{"href":"https:\/\/univet.hu\/hu\/wp-json\/wp\/v2\/media?parent=630"}],"wp:term":[{"taxonomy":"category","embeddable":true,"href":"https:\/\/univet.hu\/hu\/wp-json\/wp\/v2\/categories?post=630"},{"taxonomy":"post_tag","embeddable":true,"href":"https:\/\/univet.hu\/hu\/wp-json\/wp\/v2\/tags?post=630"}],"curies":[{"name":"wp","href":"https:\/\/api.w.org\/{rel}","templated":true}]}}