{"id":632,"date":"2018-08-24T11:27:00","date_gmt":"2018-02-15T09:10:00","guid":{"rendered":"http:\/\/univet.hu\/oktatas\/tanulmanyi-osztaly\/orarendek\/"},"modified":"2026-01-15T14:04:39","modified_gmt":"2026-01-15T13:04:39","slug":"orarendek","status":"publish","type":"page","link":"https:\/\/univet.hu\/hu\/oktatas\/tanulmanyi-osztaly\/orarendek\/","title":{"rendered":"\u00d3rarendek"},"content":{"rendered":"<p><strong>2025\/26\/2 f\u00e9l\u00e9v \u00f3rarendjei<\/strong><\/p> <p>&nbsp;<\/p> <p><a href=\"https:\/\/univet.hu\/wp-content\/uploads\/2026\/01\/Allatorvos-magyar-2025-26-2.xlsm\">\u00c1llatorvos magyar 2025-26-2<\/a><\/p> <p><a href=\"https:\/\/univet.hu\/wp-content\/uploads\/2026\/01\/Biologus-MSc-2025-26-2.xlsm\">Biol\u00f3gus MSc 2025-26-2<\/a><\/p> <p><a href=\"https:\/\/univet.hu\/wp-content\/uploads\/2026\/01\/Kutato-zoologus-2025-26-2.xlsm\">Kutat\u00f3 zool\u00f3gus angol 2025-26-2<\/a><\/p> <p>&nbsp;<\/p> <p><a href=\"https:\/\/univet.hu\/wp-content\/uploads\/2026\/01\/HETZEL.xlsm\">HETZEL Henrik el\u0151ad\u00f3<\/a><\/p> <p><a href=\"https:\/\/univet.hu\/wp-content\/uploads\/2026\/01\/KEMENY.xlsm\">KEM\u00c9NY Armand el\u0151ad\u00f3<\/a><\/p> <p><a href=\"https:\/\/univet.hu\/wp-content\/uploads\/2026\/01\/KOMAR.xlsm\">K\u00d3M\u00c1R Gyula el\u0151ad\u00f3<\/a><\/p> <p>&nbsp;<\/p> <p><a href=\"https:\/\/univet.hu\/wp-content\/uploads\/2026\/01\/KOTLAN.xlsm\">KOTL\u00c1N S\u00e1ndor el\u0151ad\u00f3<\/a><\/p> <p><a href=\"https:\/\/univet.hu\/wp-content\/uploads\/2026\/01\/MAGYARY.xlsm\">MAGYARY-Kossa Gyula el\u0151ad\u00f3\u00a0<\/a><\/p> <p><a href=\"https:\/\/univet.hu\/wp-content\/uploads\/2026\/01\/MAREK.xlsm\">MAREK J\u00f3zsef el\u0151ad\u00f3<\/a><\/p> <p><a href=\"https:\/\/univet.hu\/wp-content\/uploads\/2026\/01\/TORMAY.xlsm\">TORMAY B\u00e9la el\u0151ad\u00f3<\/a><\/p> <p><a href=\"https:\/\/univet.hu\/wp-content\/uploads\/2026\/01\/URBANYI.xlsm\">URB\u00c1NYI L\u00e1szl\u00f3 el\u0151ad\u00f3<\/a><\/p> <p>&nbsp;<\/p> <p><a href=\"https:\/\/univet.hu\/wp-content\/uploads\/2026\/01\/ZIMMERMANN.xlsm\">ZIMMERMANN \u00c1goston el\u0151ad\u00f3<\/a><\/p> <p><a href=\"https:\/\/univet.hu\/wp-content\/uploads\/2026\/01\/ZLAMAL.xlsm\">ZLAM\u00c1L Vilmos el\u0151ad\u00f3<\/a><\/p> <p>&nbsp;<\/p> <p><a href=\"https:\/\/univet.hu\/wp-content\/uploads\/2026\/01\/GUZSAL.xlsm\">GUZSAL Ern\u0151 gyakorl\u00f3<\/a><\/p> <p><a href=\"https:\/\/univet.hu\/wp-content\/uploads\/2026\/01\/J-304.xlsm\">J-304 gyakorl\u00f3<\/a><\/p> <p>&nbsp;<\/p> <p><a href=\"https:\/\/univet.hu\/wp-content\/uploads\/2026\/01\/SZG1.xlsm\">Sz\u00e1m\u00edt\u00f3g\u00e9pterem 1.<\/a><\/p> <p><a href=\"https:\/\/univet.hu\/wp-content\/uploads\/2026\/01\/SZG2.xlsm\">Sz\u00e1m\u00edt\u00f3g\u00e9pterem 2.<\/a><\/p> <p><a href=\"https:\/\/univet.hu\/wp-content\/uploads\/2026\/01\/SZG3.xlsm\">Sz\u00e1m\u00edt\u00f3g\u00e9pterem 3.<\/a><\/p> <p>&nbsp;<\/p>","protected":false},"excerpt":{"rendered":"<p>2025\/26\/2 f\u00e9l\u00e9v \u00f3rarendjei &nbsp; \u00c1llatorvos magyar 2025-26-2 Biol\u00f3gus MSc 2025-26-2 Kutat\u00f3 zool\u00f3gus angol 2025-26-2 &nbsp; HETZEL Henrik el\u0151ad\u00f3 KEM\u00c9NY Armand el\u0151ad\u00f3 K\u00d3M\u00c1R Gyula el\u0151ad\u00f3 &nbsp; KOTL\u00c1N S\u00e1ndor el\u0151ad\u00f3 MAGYARY-Kossa Gyula el\u0151ad\u00f3\u00a0 MAREK J\u00f3zsef el\u0151ad\u00f3 TORMAY B\u00e9la el\u0151ad\u00f3 URB\u00c1NYI L\u00e1szl\u00f3 el\u0151ad\u00f3 &nbsp; ZIMMERMANN \u00c1goston el\u0151ad\u00f3 ZLAM\u00c1L Vilmos el\u0151ad\u00f3 &nbsp; GUZSAL Ern\u0151 gyakorl\u00f3 J-304 gyakorl\u00f3 &nbsp; Sz\u00e1m\u00edt\u00f3g\u00e9pterem<\/p>\n","protected":false},"author":1,"featured_media":0,"parent":615,"menu_order":22,"comment_status":"closed","ping_status":"closed","template":"","meta":{"_acf_changed":false,"footnotes":""},"categories":[],"tags":[],"class_list":["post-632","page","type-page","status-publish","hentry"],"acf":[],"_links":{"self":[{"href":"https:\/\/univet.hu\/hu\/wp-json\/wp\/v2\/pages\/632","targetHints":{"allow":["GET"]}}],"collection":[{"href":"https:\/\/univet.hu\/hu\/wp-json\/wp\/v2\/pages"}],"about":[{"href":"https:\/\/univet.hu\/hu\/wp-json\/wp\/v2\/types\/page"}],"author":[{"embeddable":true,"href":"https:\/\/univet.hu\/hu\/wp-json\/wp\/v2\/users\/1"}],"replies":[{"embeddable":true,"href":"https:\/\/univet.hu\/hu\/wp-json\/wp\/v2\/comments?post=632"}],"version-history":[{"count":5,"href":"https:\/\/univet.hu\/hu\/wp-json\/wp\/v2\/pages\/632\/revisions"}],"predecessor-version":[{"id":197982,"href":"https:\/\/univet.hu\/hu\/wp-json\/wp\/v2\/pages\/632\/revisions\/197982"}],"up":[{"embeddable":true,"href":"https:\/\/univet.hu\/hu\/wp-json\/wp\/v2\/pages\/615"}],"wp:attachment":[{"href":"https:\/\/univet.hu\/hu\/wp-json\/wp\/v2\/media?parent=632"}],"wp:term":[{"taxonomy":"category","embeddable":true,"href":"https:\/\/univet.hu\/hu\/wp-json\/wp\/v2\/categories?post=632"},{"taxonomy":"post_tag","embeddable":true,"href":"https:\/\/univet.hu\/hu\/wp-json\/wp\/v2\/tags?post=632"}],"curies":[{"name":"wp","href":"https:\/\/api.w.org\/{rel}","templated":true}]}}