{"id":63459,"date":"2021-03-24T14:44:58","date_gmt":"2021-03-24T13:44:58","guid":{"rendered":"https:\/\/univet.hu\/hu\/otdk2021\/tagozatok\/name\/"},"modified":"2021-03-24T17:49:07","modified_gmt":"2021-03-24T16:49:07","slug":"kozepiskolai-tagozat","status":"publish","type":"page","link":"https:\/\/univet.hu\/hu\/otdk2021\/tagozatok\/kozepiskolai-tagozat\/","title":{"rendered":"K\u00f6z\u00e9piskol\u00e1s tagozat"},"content":{"rendered":"<p><strong>Zs\u0171ritagok:<\/strong>\u00a0 Dr.\u00a0 Reinitz L\u00e1szl\u00f3<\/p> <p style=\"padding-left: 90px;\">dr. Farkas Orsolya<\/p> <p style=\"padding-left: 90px;\">Winkler Bea<\/p> <p>&nbsp;<\/p> <table style=\"height: 304px; width: 1016px;\" width=\"1379\"> <tbody> <tr style=\"height: 23px;\"> <td style=\"width: 208px; height: 23px;\"><strong>Szerz\u0151<\/strong><\/td> <td style=\"width: 288px; height: 23px;\"><strong>K\u00fcld\u0151 int\u00e9zm\u00e9ny<\/strong><\/td> <td style=\"width: 77.6px; height: 23px;\"><strong>\u00c9vfolyam<\/strong><\/td> <td style=\"width: 416.8px; height: 23px;\"><strong>Dolgozat c\u00edme<\/strong><\/td> <\/tr> <tr style=\"height: 47px;\"> <td style=\"width: 208px; height: 47px;\"><strong>Bar\u00e1th \u00c1gnes Magdolna\u00a0<\/strong><\/td> <td style=\"width: 288px; height: 47px;\">Berzsenyi D\u00e1niel Evang\u00e9likus (L\u00edceum) Gimn\u00e1zium \u00e9s Koll\u00e9gium<\/td> <td style=\"width: 77.6px; height: 47px;\">11.<\/td> <td style=\"width: 416.8px; height: 47px;\">Sert\u00e9stelepi iv\u00f3v\u00edz savany\u00edt\u00e1s vizsg\u00e1lata<\/td> <\/tr> <tr style=\"height: 23px;\"> <td style=\"width: 208px; height: 23px;\"><strong>Szab\u00f3 Bence\u00a0<\/strong><\/td> <td style=\"width: 288px; height: 23px;\">Jurisich Mikl\u00f3s Gimn\u00e1zium \u00e9s Koll\u00e9gium<\/td> <td style=\"width: 77.6px; height: 23px;\"><\/td> <td style=\"width: 416.8px; height: 23px;\">Ikerell\u00e9sek elemz\u00e9se egy h\u00fasmarhatart\u00f3 gazdas\u00e1gban<\/td> <\/tr> <tr style=\"height: 23px;\"> <td style=\"width: 208px; height: 23px;\"><strong>Guly\u00e1s Dorka<\/strong><\/td> <td style=\"width: 288px; height: 23px;\">Miskolc Avasi Gimn\u00e1zium<\/td> <td style=\"width: 77.6px; height: 23px;\">11.<\/td> <td style=\"width: 416.8px; height: 23px;\">Sz\u00fcrke lovak genetik\u00e1ja<\/td> <\/tr> <tr style=\"height: 47px;\"> <td style=\"width: 208px; height: 47px;\"> <p><strong>Lamp\u00e9rt Ant\u00f3nia,<\/strong><\/p> <p><strong> B\u00f6r\u00f6cz B\u00e1lint<\/strong><\/td> <td style=\"width: 288px; height: 47px;\">KmASzC Bercs\u00e9nyi Mikl\u00f3s \u00c9lelmiszeripari Technikum,Szakk\u00e9pz\u0151 Iskola \u00e9s Koll\u00e9gium<\/td> <td style=\"width: 77.6px; height: 47px;\">10.<\/td> <td style=\"width: 416.8px; height: 47px;\">Hagyom\u00e1nyos kal\u00e1csk\u00e9sz\u00edt\u00e9s<\/td> <\/tr> <tr style=\"height: 47px;\"> <td style=\"width: 208px; height: 47px;\"> <p><strong>Kiss Nikolett,<\/strong><\/p> <p><strong>Somogyi Nikolett<\/strong><\/td> <td style=\"width: 288px; height: 47px;\">KmASzC Bercs\u00e9nyi Mikl\u00f3s \u00c9lelmiszeripari Technikum,Szakk\u00e9pz\u0151 Iskola \u00e9s Koll\u00e9gium<\/td> <td style=\"width: 77.6px; height: 47px;\">11.<\/td> <td style=\"width: 416.8px; height: 47px;\">K\u00f6rnyezetv\u00e9delem, \u00e9lelmiszerbiztons\u00e1g, Tudatform\u00e1l\u00e1s az \u00e9lelmiszeriparban<\/td> <\/tr> <tr style=\"height: 47px;\"> <td style=\"width: 208px; height: 47px;\"><strong>Katona Vir\u00e1g<\/strong><\/td> <td style=\"width: 288px; height: 47px;\">KmASzC Bercs\u00e9nyi Mikl\u00f3s \u00c9lelmiszeripari Technikum,Szakk\u00e9pz\u0151 Iskola \u00e9s Koll\u00e9gium<\/td> <td style=\"width: 77.6px; height: 47px;\">15.<\/td> <td style=\"width: 416.8px; height: 47px;\">H\u00e1zi csokol\u00e1d\u00e9 gy\u00e1rt\u00e1s levendul\u00e1val d\u00fas\u00edtva<\/td> <\/tr> <tr style=\"height: 47px;\"> <td style=\"width: 208px; height: 47px;\"><strong>T\u00f3th G\u00e1bor<\/strong><\/td> <td style=\"width: 288px; height: 47px;\">KmASzC Bercs\u00e9nyi Mikl\u00f3s \u00c9lelmiszeripari Technikum,Szakk\u00e9pz\u0151 Iskola \u00e9s Koll\u00e9gium<\/td> <td style=\"width: 77.6px; height: 47px;\">15.<\/td> <td style=\"width: 416.8px; height: 47px;\">A torta k\u00e9sz\u00edt\u00e9sr\u0151l<\/td> <\/tr> <\/tbody> <\/table> <p>&nbsp;<\/p>","protected":false},"excerpt":{"rendered":"<p>Zs\u0171ritagok:\u00a0 Dr.\u00a0 Reinitz L\u00e1szl\u00f3 dr. Farkas Orsolya Winkler Bea &nbsp; Szerz\u0151 K\u00fcld\u0151 int\u00e9zm\u00e9ny \u00c9vfolyam Dolgozat c\u00edme Bar\u00e1th \u00c1gnes Magdolna\u00a0 Berzsenyi D\u00e1niel Evang\u00e9likus (L\u00edceum) Gimn\u00e1zium \u00e9s Koll\u00e9gium 11. Sert\u00e9stelepi iv\u00f3v\u00edz savany\u00edt\u00e1s vizsg\u00e1lata Szab\u00f3 Bence\u00a0 Jurisich Mikl\u00f3s Gimn\u00e1zium \u00e9s Koll\u00e9gium Ikerell\u00e9sek elemz\u00e9se egy h\u00fasmarhatart\u00f3 gazdas\u00e1gban Guly\u00e1s Dorka Miskolc Avasi Gimn\u00e1zium 11. Sz\u00fcrke lovak genetik\u00e1ja Lamp\u00e9rt Ant\u00f3nia, B\u00f6r\u00f6cz<\/p>\n","protected":false},"author":2518,"featured_media":0,"parent":55197,"menu_order":0,"comment_status":"open","ping_status":"open","template":"","meta":{"_acf_changed":false,"footnotes":""},"categories":[],"tags":[],"class_list":["post-63459","page","type-page","status-publish","hentry"],"acf":[],"_links":{"self":[{"href":"https:\/\/univet.hu\/hu\/wp-json\/wp\/v2\/pages\/63459","targetHints":{"allow":["GET"]}}],"collection":[{"href":"https:\/\/univet.hu\/hu\/wp-json\/wp\/v2\/pages"}],"about":[{"href":"https:\/\/univet.hu\/hu\/wp-json\/wp\/v2\/types\/page"}],"author":[{"embeddable":true,"href":"https:\/\/univet.hu\/hu\/wp-json\/wp\/v2\/users\/2518"}],"replies":[{"embeddable":true,"href":"https:\/\/univet.hu\/hu\/wp-json\/wp\/v2\/comments?post=63459"}],"version-history":[{"count":0,"href":"https:\/\/univet.hu\/hu\/wp-json\/wp\/v2\/pages\/63459\/revisions"}],"up":[{"embeddable":true,"href":"https:\/\/univet.hu\/hu\/wp-json\/wp\/v2\/pages\/55197"}],"wp:attachment":[{"href":"https:\/\/univet.hu\/hu\/wp-json\/wp\/v2\/media?parent=63459"}],"wp:term":[{"taxonomy":"category","embeddable":true,"href":"https:\/\/univet.hu\/hu\/wp-json\/wp\/v2\/categories?post=63459"},{"taxonomy":"post_tag","embeddable":true,"href":"https:\/\/univet.hu\/hu\/wp-json\/wp\/v2\/tags?post=63459"}],"curies":[{"name":"wp","href":"https:\/\/api.w.org\/{rel}","templated":true}]}}