{"id":637,"date":"2018-02-20T11:50:00","date_gmt":"2018-02-20T10:50:00","guid":{"rendered":"http:\/\/univet.hu\/oktatas\/tanulmanyi-osztaly\/ulloi-busz-menetrend\/"},"modified":"2026-04-13T09:26:12","modified_gmt":"2026-04-13T07:26:12","slug":"ulloi-busz-menetrend","status":"publish","type":"page","link":"https:\/\/univet.hu\/hu\/oktatas\/tanulmanyi-osztaly\/ulloi-busz-menetrend\/","title":{"rendered":"\u00dcll\u0151i busz menetrend"},"content":{"rendered":"<p>2026.04.13<\/p> <p>Regisztr\u00e1ci\u00f3s link a 17. h\u00e9ten (2026.04.20-24.) k\u00f6zleked\u0151 j\u00e1ratokra:<\/p> <p><a href=\"https:\/\/forms.cloud.microsoft\/e\/tmcJ6k7f81\" target=\"_blank\" rel=\"noopener\"><span data-olk-copy-source=\"MessageBody\">Busz foglal\u00e1s 17 h\u00e9t \/Bus requesting week 17 \u2013 \u0170rlap kit\u00f6lt\u00e9se<\/span><\/a><\/p> <p>&nbsp;<\/p> <p>2026.04.08<\/p> <p>Regisztr\u00e1ci\u00f3s link a 16. h\u00e9ten (2026.04.13-17.) k\u00f6zleked\u0151 j\u00e1ratokra:<\/p> <p><a href=\"https:\/\/forms.cloud.microsoft\/e\/WVB9XPubSN\" target=\"_blank\" rel=\"noopener\">Busz foglal\u00e1s 16 h\u00e9t \/Bus requesting week 16 \u2013 \u0170rlap kit\u00f6lt\u00e9se<\/a><\/p> <p>&nbsp;<\/p> <p>2026.03.30<\/p> <p>Regisztr\u00e1ci\u00f3s link a 15. h\u00e9ten (2026.04.07-10.) k\u00f6zleked\u0151 j\u00e1ratokra:<\/p> <p><a href=\"https:\/\/forms.cloud.microsoft\/e\/Bn8UpLnpCn\" target=\"_blank\" rel=\"noopener\">Busz foglal\u00e1s 15 h\u00e9t \/Bus requesting week 15 \u2013 \u0170rlap kit\u00f6lt\u00e9se<\/a><\/p> <p>&nbsp;<\/p> <p>2026.03.23<\/p> <p>Regisztr\u00e1ci\u00f3s link a 14. h\u00e9ten (2026.03.30-04.06.) k\u00f6zleked\u0151 j\u00e1ratokra:<\/p> <p>Tavaszi sz\u00fcnet, <span data-olk-copy-source=\"MessageBody\">a h\u00e9tv\u00e9gi menetrend \u00e9rv\u00e9nyes (vonat+kisbusz). Ezekre a j\u00e1ratokra nem kell regisztr\u00e1lni.<\/span><\/p> <p><a href=\"https:\/\/univet.hu\/wp-content\/uploads\/2026\/03\/TIMETABLE-2026-spring_HOLIDAY-WEEKEND-FOR-TRAIN.pdf\" target=\"_blank\" rel=\"noopener\">Menetrend<\/a><\/p> <p>&nbsp;<\/p> <p>2026.03.16<\/p> <p>Regisztr\u00e1ci\u00f3s link a 13. h\u00e9ten (2026.03.23-27.) k\u00f6zleked\u0151 j\u00e1ratokra:<\/p> <p><a title=\"https:\/\/forms.office.com\/e\/prG9H7nxpC\" href=\"https:\/\/forms.office.com\/e\/prG9H7nxpC\" data-auth=\"NotApplicable\" data-linkindex=\"0\" data-olk-copy-source=\"MessageBody\">Busz foglal\u00e1s 13 h\u00e9t \/Bus requesting week 13 \u2013 \u0170rlap kit\u00f6lt\u00e9se<\/a><\/p> <p>&nbsp;<\/p> <p>2026.03.09<\/p> <p>Regisztr\u00e1ci\u00f3s link a 12. h\u00e9ten (2026.03.16-20.) k\u00f6zleked\u0151 j\u00e1ratokra:<\/p> <p><a title=\"https:\/\/forms.office.com\/e\/1CsipCW84L\" href=\"https:\/\/forms.office.com\/e\/1CsipCW84L\" data-auth=\"NotApplicable\" data-linkindex=\"0\" data-olk-copy-source=\"MessageBody\">Busz foglal\u00e1s 12 h\u00e9t \/Bus requesting week 12 \u2013 \u0170rlap kit\u00f6lt\u00e9se<\/a><\/p> <p>&nbsp;<\/p> <p>2026.03.02<\/p> <p>Regisztr\u00e1ci\u00f3s link a 11. h\u00e9ten (2026.03.09-13.) k\u00f6zleked\u0151 j\u00e1ratokra:<\/p> <p><a title=\"https:\/\/forms.office.com\/e\/sy8TaQSQD6\" href=\"https:\/\/forms.office.com\/e\/sy8TaQSQD6\" data-auth=\"NotApplicable\" data-linkindex=\"1\" data-olk-copy-source=\"MessageBody\">Busz foglal\u00e1s 11 h\u00e9t \/Bus requesting week 11 \u2013 \u0170rlap kit\u00f6lt\u00e9se<\/a><\/p> <p>&nbsp;<\/p> <p>2026.02.23<\/p> <p>Regisztr\u00e1ci\u00f3s link a 10. h\u00e9ten (2026.03.02-06.) k\u00f6zleked\u0151 j\u00e1ratokra:<\/p> <p><a title=\"https:\/\/forms.office.com\/e\/Rw8FV1TE0w\" href=\"https:\/\/forms.office.com\/e\/Rw8FV1TE0w\" data-auth=\"NotApplicable\" data-linkindex=\"0\" data-olk-copy-source=\"MessageBody\">Busz foglal\u00e1s 10 h\u00e9t \/Bus requesting week 10 \u2013 \u0170rlap kit\u00f6lt\u00e9se<\/a><\/p> <p>&nbsp;<\/p> <p>2026.02.16<\/p> <p>Regisztr\u00e1ci\u00f3s link a 9. h\u00e9ten (2026.02.23-27.) k\u00f6zleked\u0151 j\u00e1ratokra:<\/p> <p><a title=\"https:\/\/forms.office.com\/e\/7Py5KTs7ne\" href=\"https:\/\/forms.office.com\/e\/7Py5KTs7ne\" data-auth=\"NotApplicable\" data-linkindex=\"0\" data-olk-copy-source=\"MessageBody\">Busz foglal\u00e1s 9 h\u00e9t \/Bus requesting week 9 \u2013 \u0170rlap kit\u00f6lt\u00e9se<\/a><\/p> <p>&nbsp;<\/p> <p>2026.02.09<\/p> <p>Regisztr\u00e1ci\u00f3s link a 8. h\u00e9ten (2026.02.16-20.) k\u00f6zleked\u0151 j\u00e1ratokra:<\/p> <p><a href=\"https:\/\/forms.office.com\/e\/Vv4KHL6JUN\" target=\"_blank\" rel=\"noopener\"><span data-olk-copy-source=\"MessageBody\">Busz foglal\u00e1s 8 h\u00e9t \/Bus requesting week\u00a08 \u2013 \u0170rlap kit\u00f6lt\u00e9se<\/span><\/a><\/p> <p>&nbsp;<\/p> <p>2026.02.02<\/p> <p>Regisztr\u00e1ci\u00f3s link a 7. h\u00e9ten (2026.02.09-13.) k\u00f6zleked\u0151 j\u00e1ratokra:<\/p> <p><a href=\"https:\/\/forms.office.com\/e\/0L26XApEYN\" target=\"_blank\" rel=\"noopener\">https:\/\/forms.office.com\/e\/0L26XApEYN<\/a><\/p> <p>&nbsp;<\/p> <p>2026.01.26<\/p> <p>Regisztr\u00e1ci\u00f3s link a 6. h\u00e9ten (2026.02.02-06.) k\u00f6zleked\u0151 j\u00e1ratokra:<\/p> <p><a href=\"https:\/\/forms.office.com\/e\/75J23nFpjz\" target=\"_blank\" rel=\"noopener\">https:\/\/forms.office.com\/e\/75J23nFpjz<\/a><\/p> <p>&nbsp;<\/p> <hr \/> <p>2026.01.26<\/p> <p><a href=\"https:\/\/univet.hu\/wp-content\/uploads\/2026\/01\/buszmenetrend-2026-tavasz_VEGLEGES.pdf\">\u00dcll\u0151i busz menetrend 2025\/26\/2<\/a><\/p> <p><a href=\"https:\/\/univet.hu\/wp-content\/uploads\/2026\/01\/TIMETABLE-2026-spring_HOLIDAY-WEEKEND-FOR-TRAIN.pdf\">\u00dcll\u0151i busz menetrend 2025\/26\/2 &#8211; h\u00e9tv\u00e9ge<\/a><\/p> <p><a href=\"https:\/\/univet.hu\/wp-content\/uploads\/2026\/01\/busz-hazirend_2026_HUN_ENG_GER.pdf\">Busz h\u00e1zirend 2026<\/a><\/p> <hr \/> <p>&nbsp;<\/p> <p>Kedves Hallgat\u00f3k!<\/p> <p>A regisztr\u00e1ci\u00f3 p\u00e9nteken 12:00-kor z\u00e1rul.<\/p> <p>&nbsp;<\/p> <p><u>Saj\u00e1toss\u00e1gok az \u00fcll\u0151i menetrendben<\/u><\/p> <p>A p\u00e9nteki j\u00e1ratok az al\u00e1bbiak szerint k\u00f6zlekednek:<\/p> <ul> <li>indul\u00e1s Budapest: Istv\u00e1n utca 12:30, c\u00e9l\u00e1llom\u00e1s \u00dcll\u0151n, L\u00f3gy\u00f3gy\u00e1szati Klinik\u00e1ra \u00e9rkezik (amennyiben van utas)<\/li> <li>indul\u00e1s \u00dcll\u0151: TANGAZDAS\u00c1G 13:30 a hetesi gyakorlatos hallgat\u00f3kat hozza vissza, a L\u00f3gy\u00f3gy\u00e1szati tansz\u00e9ken \u00fcgyel\u0151ket <u>NEM<\/u><\/li> <\/ul> <p>P\u00e9nteken a L\u00f3gy\u00f3gy\u00e1szati Tansz\u00e9ken \u00fcgyel\u0151 hallgat\u00f3k<\/p> <ul> <li>P\u00e9nteken reggel az \u00fcgyel\u0151 hallgat\u00f3k ki tudnak menni a 7 \u00f3r\u00e1s j\u00e1rattal \u00dcll\u0151re. D\u00e9lut\u00e1n viszont vonattal tudnak visszaj\u00f6nni Budapestre. Illetve aki p\u00e9ntek est\u00e9re megy \u00fcgyeletbe, az is vonattal tud kik\u00f6zlekedni a h\u00e9tv\u00e9gi menetrendnek megfelel\u0151en.<\/li> <\/ul> <p>&nbsp;<\/p> <p>\u00dcnnepnapokon a h\u00e9tv\u00e9gi menetrendnek megfelel\u0151en vonattal lehet \u00dcll\u0151re\/Budapestre eljutni.<\/p> <p>&nbsp;<\/p> <p>Mell\u00e9kelten k\u00fcld\u00f6m a \u201eBusz h\u00e1zirendet\u201d, k\u00e9rj\u00fck a hallgat\u00f3k sz\u00edveskedjenek betartani az abban foglaltakat.<\/p> <p>\u00dcdv\u00f6zlettel:<\/p> <p><strong>Csap\u00f3 T\u00edmea<\/strong><\/p> <p><strong>\u00fcgyviv\u0151 szak\u00e9rt\u0151, oszt\u00e1lyvezet\u0151<\/strong><\/p> <p style=\"text-align: center\">","protected":false},"excerpt":{"rendered":"<p>2026.04.13 Regisztr\u00e1ci\u00f3s link a 17. h\u00e9ten (2026.04.20-24.) k\u00f6zleked\u0151 j\u00e1ratokra: Busz foglal\u00e1s 17 h\u00e9t \/Bus requesting week 17 \u2013 \u0170rlap kit\u00f6lt\u00e9se &nbsp; 2026.04.08 Regisztr\u00e1ci\u00f3s link a 16. h\u00e9ten (2026.04.13-17.) k\u00f6zleked\u0151 j\u00e1ratokra: Busz foglal\u00e1s 16 h\u00e9t \/Bus requesting week 16 \u2013 \u0170rlap kit\u00f6lt\u00e9se &nbsp; 2026.03.30 Regisztr\u00e1ci\u00f3s link a 15. h\u00e9ten (2026.04.07-10.) k\u00f6zleked\u0151 j\u00e1ratokra: Busz foglal\u00e1s 15 h\u00e9t<\/p>\n","protected":false},"author":1,"featured_media":0,"parent":615,"menu_order":229,"comment_status":"closed","ping_status":"closed","template":"","meta":{"_acf_changed":false,"footnotes":""},"categories":[],"tags":[],"class_list":["post-637","page","type-page","status-publish","hentry"],"acf":[],"_links":{"self":[{"href":"https:\/\/univet.hu\/hu\/wp-json\/wp\/v2\/pages\/637","targetHints":{"allow":["GET"]}}],"collection":[{"href":"https:\/\/univet.hu\/hu\/wp-json\/wp\/v2\/pages"}],"about":[{"href":"https:\/\/univet.hu\/hu\/wp-json\/wp\/v2\/types\/page"}],"author":[{"embeddable":true,"href":"https:\/\/univet.hu\/hu\/wp-json\/wp\/v2\/users\/1"}],"replies":[{"embeddable":true,"href":"https:\/\/univet.hu\/hu\/wp-json\/wp\/v2\/comments?post=637"}],"version-history":[{"count":5,"href":"https:\/\/univet.hu\/hu\/wp-json\/wp\/v2\/pages\/637\/revisions"}],"predecessor-version":[{"id":205153,"href":"https:\/\/univet.hu\/hu\/wp-json\/wp\/v2\/pages\/637\/revisions\/205153"}],"up":[{"embeddable":true,"href":"https:\/\/univet.hu\/hu\/wp-json\/wp\/v2\/pages\/615"}],"wp:attachment":[{"href":"https:\/\/univet.hu\/hu\/wp-json\/wp\/v2\/media?parent=637"}],"wp:term":[{"taxonomy":"category","embeddable":true,"href":"https:\/\/univet.hu\/hu\/wp-json\/wp\/v2\/categories?post=637"},{"taxonomy":"post_tag","embeddable":true,"href":"https:\/\/univet.hu\/hu\/wp-json\/wp\/v2\/tags?post=637"}],"curies":[{"name":"wp","href":"https:\/\/api.w.org\/{rel}","templated":true}]}}