{"id":638,"date":"2018-01-11T22:27:00","date_gmt":"2018-01-11T21:27:00","guid":{"rendered":"http:\/\/univet.hu\/oktatas\/tanulmanyi-osztaly\/nyomtatvanyok-urlapok-segedletek\/"},"modified":"2026-02-02T15:43:28","modified_gmt":"2026-02-02T14:43:28","slug":"nyomtatvanyok-urlapok-segedletek","status":"publish","type":"page","link":"https:\/\/univet.hu\/hu\/oktatas\/tanulmanyi-osztaly\/nyomtatvanyok-urlapok-segedletek\/","title":{"rendered":"Nyomtatv\u00e1nyok, \u0171rlapok, seg\u00e9dletek"},"content":{"rendered":"<p>K\u00e9relmek:<\/p> <ul> <li><a href=\"https:\/\/univet.hu\/files\/subpages\/31\/files\/ltal%C3%A1nos%20k%C3%A9rv%C3%A9ny.pdf\" target=\"_blank\" rel=\"noopener\" data-replaced=\"true\">\u00c1ltal\u00e1nos k\u00e9relem<\/a><\/li> <li>Jogviszony megsz\u00fcntet\u00e9s &#8211; Tanulm\u00e1nyi rendszerb\u0151l ind\u00edtand\u00f3 online k\u00e9rv\u00e9ny<\/li> <li><a href=\"https:\/\/univet.hu\/wp-content\/uploads\/2020\/09\/kredit\u00e1tvitel.docx\">Kredit\u00e1tvitel<\/a><\/li> <li><a href=\"https:\/\/univet.hu\/wp-content\/uploads\/2020\/12\/kreditelismer\u00e9si-k\u00e9relem-biol\u00f3gus-MSc-2020.pdf\">Kredit elismer\u00e9si k\u00e9relem<\/a><\/li> <li><a href=\"https:\/\/univet.hu\/files\/subpages\/31\/files\/KERELEM_hallgat%C3%B3i_egyenleg_visszautalasahoz_hallgato_altal_kitoltendo.pdf\" data-replaced=\"true\">Hallgat\u00f3i egyenleg visszautal\u00e1s<\/a><\/li> <li>Eseti szoci\u00e1lis t\u00e1mogat\u00e1s &#8211; Tanulm\u00e1nyi rendszerb\u0151l ind\u00edtand\u00f3 online k\u00e9rv\u00e9ny<\/li> <li>R\u00e9szletfizet\u00e9si k\u00e9relem &#8211; Tanulm\u00e1nyi rendszerb\u0151l ind\u00edtand\u00f3 online k\u00e9rv\u00e9ny<\/li> <\/ul> <p>Nyomtatv\u00e1nyok:<\/p> <p style=\"padding-left: 40px\"><a href=\"https:\/\/univet.hu\/wp-content\/uploads\/2026\/02\/Rendszeres-Szocia\u0301lis-Ta\u0301mogata\u0301s-Dokumentum-25-26-2.docx\" target=\"_blank\" rel=\"noopener\">RENDSZERES SZOCI\u00c1LIS T\u00c1MOGAT\u00c1S \u00c9S ALAPT\u00c1MOGAT\u00c1S P\u00c1LY\u00c1ZATI KI\u00cdR\u00c1SA, \u00c9S IGAZOL\u00c1SRENDSZERE<\/a><\/p> <ul> <li><a href=\"https:\/\/univet.hu\/wp-content\/uploads\/2026\/02\/adatlap-koltsegteriteshez-2025-26-2.docx\" target=\"_blank\" rel=\"noopener\">Adatlap a k\u00f6lts\u00e9gt\u00e9r\u00edt\u00e9s\/ \u00f6nk\u00f6lts\u00e9g d\u00edjkedvezm\u00e9nyhez<\/a><\/li> <li><a href=\"https:\/\/univet.hu\/wp-content\/uploads\/2026\/02\/benyu\u0301jtando\u0301-o\u0308nko\u0308ltse\u0301ges-ko\u0308ltse\u0301gte\u0301ri\u0301te\u0301shez-25-26-2.pdf\">Beny\u00fajtand\u00f3 dokumentumok list\u00e1ja a k\u00f6lts\u00e9gt\u00e9r\u00edt\u00e9s\/ \u00f6nk\u00f6lts\u00e9g fizet\u00e9se al\u00f3li kedvezm\u00e9nyhez<\/a><\/li> <li><a href=\"https:\/\/univet.hu\/wp-content\/uploads\/2023\/07\/Vagyonnyilatkozat.pdf\" target=\"_blank\" rel=\"noopener\">Vagyonnyilatkozat<\/a><\/li> <li><a href=\"https:\/\/univet.hu\/wp-content\/uploads\/2025\/09\/Alapta\u0301mogata\u0301s-2025-26-1.docx\" target=\"_blank\" rel=\"noopener\">Adatlap az alapt\u00e1mogat\u00e1s ig\u00e9nyl\u00e9s\u00e9hez<\/a><\/li> <li><a href=\"https:\/\/univet.hu\/wp-content\/uploads\/2022\/03\/\u00c1TE_Egy\u00fcttm\u0171k\u00f6d\u00e9si-meg\u00e1llapod\u00e1s-minta_Gyakorl\u00f3helyek_20220316.docx\">Egy\u00fcttm\u0171k\u00f6d\u00e9si meg\u00e1llapod\u00e1s\u00a0(szakmai gyakorlat szervez\u00e9se \u00e9s lebonyol\u00edt\u00e1sa t\u00e1rgy\u00e1ban)<\/a><\/li> <li><a href=\"https:\/\/univet.hu\/wp-content\/uploads\/2022\/04\/\u00c1TE_Egy\u00fcttm\u0171k\u00f6d\u00e9si-meg\u00e1llapod\u00e1s-minta_Gyakorl\u00f3helyek_20220316-ENG2367.doc\">Egy\u00fcttm\u0171k\u00f6d\u00e9si meg\u00e1llapod\u00e1s\u00a0(szakmai gyakorlat szervez\u00e9se \u00e9s lebonyol\u00edt\u00e1sa t\u00e1rgy\u00e1ban) (angol)<\/a><\/li> <\/ul> <p>Seg\u00e9dlet:<\/p> <ul> <li><a href=\"https:\/\/univet.hu\/wp-content\/uploads\/2025\/08\/A-gyujtoszamlara-valo-utalas-menetenek-altalanos-leiras-2025-1.pdf\">Gy\u0171jt\u0151sz\u00e1ml\u00e1s befizet\u00e9s a Neptun rendszeren kereszt\u00fcl<\/a><\/li> <li><a href=\"https:\/\/univet.hu\/files\/subpages\/31\/files\/IV%20d%C3%ADj%20ki%C3%ADr%C3%A1sa%20a%20Neptunban.pdf\" data-replaced=\"true\"><u>IV d\u00edj ki\u00edr\u00e1sa a Neptunban<\/u><\/a><\/li> <li><a href=\"https:\/\/univet.hu\/wp-content\/uploads\/2019\/09\/P\u00e9nzvisszautal\u00e1s.pdf\">P\u00e9nzvisszautal\u00e1s menete<\/a><\/li> <li><a href=\"https:\/\/univet.hu\/wp-content\/uploads\/2021\/04\/tdkt\u00e9mabejelent\u0151lap-felt\u00f6lt\u00e9s\u00e9nek-menete.pdf\">A TDK jelentkez\u00e9si lap beny\u00fajt\u00e1s\u00e1nak menete<\/a><\/li> <li><a href=\"https:\/\/univet.hu\/wp-content\/uploads\/2021\/04\/diplomabejelent\u0151lap-felt\u00f6lt\u00e9s\u00e9nek-menete.pdf\">A Diplomamunka t\u00e9ma-bejelent\u0151 lap kit\u00f6lt\u00e9s\u00e9nek menete<\/a><\/li> <\/ul>","protected":false},"excerpt":{"rendered":"<p>K\u00e9relmek: \u00c1ltal\u00e1nos k\u00e9relem Jogviszony megsz\u00fcntet\u00e9s &#8211; Tanulm\u00e1nyi rendszerb\u0151l ind\u00edtand\u00f3 online k\u00e9rv\u00e9ny Kredit\u00e1tvitel Kredit elismer\u00e9si k\u00e9relem Hallgat\u00f3i egyenleg visszautal\u00e1s Eseti szoci\u00e1lis t\u00e1mogat\u00e1s &#8211; Tanulm\u00e1nyi rendszerb\u0151l ind\u00edtand\u00f3 online k\u00e9rv\u00e9ny R\u00e9szletfizet\u00e9si k\u00e9relem &#8211; Tanulm\u00e1nyi rendszerb\u0151l ind\u00edtand\u00f3 online k\u00e9rv\u00e9ny Nyomtatv\u00e1nyok: RENDSZERES SZOCI\u00c1LIS T\u00c1MOGAT\u00c1S \u00c9S ALAPT\u00c1MOGAT\u00c1S P\u00c1LY\u00c1ZATI KI\u00cdR\u00c1SA, \u00c9S IGAZOL\u00c1SRENDSZERE Adatlap a k\u00f6lts\u00e9gt\u00e9r\u00edt\u00e9s\/ \u00f6nk\u00f6lts\u00e9g d\u00edjkedvezm\u00e9nyhez Beny\u00fajtand\u00f3 dokumentumok list\u00e1ja a k\u00f6lts\u00e9gt\u00e9r\u00edt\u00e9s\/<\/p>\n","protected":false},"author":1,"featured_media":0,"parent":615,"menu_order":229,"comment_status":"closed","ping_status":"closed","template":"","meta":{"_acf_changed":false,"footnotes":""},"categories":[],"tags":[],"class_list":["post-638","page","type-page","status-publish","hentry"],"acf":[],"_links":{"self":[{"href":"https:\/\/univet.hu\/hu\/wp-json\/wp\/v2\/pages\/638","targetHints":{"allow":["GET"]}}],"collection":[{"href":"https:\/\/univet.hu\/hu\/wp-json\/wp\/v2\/pages"}],"about":[{"href":"https:\/\/univet.hu\/hu\/wp-json\/wp\/v2\/types\/page"}],"author":[{"embeddable":true,"href":"https:\/\/univet.hu\/hu\/wp-json\/wp\/v2\/users\/1"}],"replies":[{"embeddable":true,"href":"https:\/\/univet.hu\/hu\/wp-json\/wp\/v2\/comments?post=638"}],"version-history":[{"count":5,"href":"https:\/\/univet.hu\/hu\/wp-json\/wp\/v2\/pages\/638\/revisions"}],"predecessor-version":[{"id":198571,"href":"https:\/\/univet.hu\/hu\/wp-json\/wp\/v2\/pages\/638\/revisions\/198571"}],"up":[{"embeddable":true,"href":"https:\/\/univet.hu\/hu\/wp-json\/wp\/v2\/pages\/615"}],"wp:attachment":[{"href":"https:\/\/univet.hu\/hu\/wp-json\/wp\/v2\/media?parent=638"}],"wp:term":[{"taxonomy":"category","embeddable":true,"href":"https:\/\/univet.hu\/hu\/wp-json\/wp\/v2\/categories?post=638"},{"taxonomy":"post_tag","embeddable":true,"href":"https:\/\/univet.hu\/hu\/wp-json\/wp\/v2\/tags?post=638"}],"curies":[{"name":"wp","href":"https:\/\/api.w.org\/{rel}","templated":true}]}}