{"id":63831,"date":"2021-04-06T18:27:55","date_gmt":"2021-04-06T16:27:55","guid":{"rendered":"https:\/\/univet.hu\/hu\/kutatas\/deokfii\/kutatasi-projektek\/name\/"},"modified":"2021-04-06T18:27:55","modified_gmt":"2021-04-06T16:27:55","slug":"netpoulsafe-projekt","status":"publish","type":"page","link":"https:\/\/univet.hu\/hu\/kutatas\/deokfii\/kutatasi-projektek\/netpoulsafe-projekt\/","title":{"rendered":"NETPOULSAFE projekt"},"content":{"rendered":"<p>&nbsp;<\/p> <p>A NETPOULSAFE egy Eur\u00f3pai Uni\u00f3s Horizon2020 projekt, melynek c\u00e9lja, hogy t\u00e1mogassa az \u00e9rdekelt feleket a biol\u00f3giai biztons\u00e1gi gyakorlatok hat\u00e9kony megval<span data-contrast=\"auto\">\u00f3s\u00edt<\/span><span data-contrast=\"auto\">\u00e1<\/span><span data-contrast=\"auto\">s\u00e1<\/span><span data-contrast=\"auto\">ban. A 2020-ban indult projekt c<\/span><span data-contrast=\"auto\">\u00e9lkit\u0171z\u00e9se<\/span><span data-contrast=\"auto\">, hogy jav\u00edtsa<\/span><span data-contrast=\"auto\"> h\u00e9t<\/span><span data-contrast=\"auto\"> nagy baromfiteny\u00e9sz<\/span><span data-contrast=\"auto\">t\u0151 orsz\u00e1gban<\/span><span data-contrast=\"auto\"> a biol\u00f3giai<\/span><span data-contrast=\"auto\"> biztons\u00e1gi<\/span><span data-contrast=\"auto\"> e<\/span><span data-contrast=\"auto\">l\u0151\u00edr\u00e1soknak<\/span><span data-contrast=\"auto\"> val\u00f3<\/span><span data-contrast=\"auto\"> megfelel<\/span><span data-contrast=\"auto\">\u00e9<\/span><span data-contrast=\"auto\">st<\/span><span data-contrast=\"auto\"> a baromfiteny\u00e9szt\u00e9sben<\/span><span data-contrast=\"auto\"> a m\u00e1r<\/span><span data-contrast=\"auto\"> bevezetett vagy bevezet\u00e9s<\/span><span data-contrast=\"auto\"> el\u0151tt<\/span><span data-contrast=\"auto\"> \u00e1ll<\/span><span data-contrast=\"auto\">\u00f3 elj\u00e1r\u00e1sok<\/span><span data-contrast=\"auto\"> adatainak \u00f6sszegy\u0171jt\u00e9s\u00e9vel,<\/span><span data-contrast=\"auto\"> \u00e9rt\u00e9kel\u00e9s\u00e9vel<\/span><span data-contrast=\"auto\"> \u00e9s<\/span><span data-contrast=\"auto\"> megoszt\u00e1s\u00e1val.<\/span><\/p> <p><span class=\"TextRun  BCX9 SCXW222701439\" lang=\"HU-HU\" xml:lang=\"HU-HU\" data-contrast=\"auto\"><span class=\"NormalTextRun  BCX9 SCXW222701439\"><img loading=\"lazy\" decoding=\"async\" class=\"wp-image-63832 aligncenter\" src=\"https:\/\/univet.hu\/wp-content\/uploads\/2021\/04\/Netpoulsafe.png\" alt=\"\" width=\"239\" height=\"241\" srcset=\"https:\/\/univet.hu\/wp-content\/uploads\/2021\/04\/Netpoulsafe.png 325w, https:\/\/univet.hu\/wp-content\/uploads\/2021\/04\/Netpoulsafe-317x320.png 317w\" sizes=\"auto, (max-width: 239px) 100vw, 239px\" \/><\/span><\/span><\/p> <p>A j<span data-contrast=\"auto\">\u00e1<\/span><span data-contrast=\"auto\">rv<\/span><span data-contrast=\"auto\">\u00e1<\/span><span data-contrast=\"auto\">nyv<\/span><span data-contrast=\"auto\">\u00e9<\/span><span data-contrast=\"auto\">delmet<\/span><span data-contrast=\"auto\"> jav<\/span><span data-contrast=\"auto\">\u00ed<\/span><span data-contrast=\"auto\">t<\/span><span data-contrast=\"auto\">\u00f3<\/span><span data-contrast=\"auto\">, t<\/span><span data-contrast=\"auto\">\u00e1<\/span><span data-contrast=\"auto\">mogat<\/span><span data-contrast=\"auto\">\u00f3<\/span><span data-contrast=\"auto\"> int<\/span><span data-contrast=\"auto\">\u00e9<\/span><span data-contrast=\"auto\">zked<\/span><span data-contrast=\"auto\">\u00e9<\/span><span data-contrast=\"auto\">seket<\/span><span data-contrast=\"auto\"> a konzorcium szak\u00e9rt\u0151i h\u00e1l\u00f3zat\u00e1b\u00f3l<\/span><span data-contrast=\"auto\">, a<\/span><span data-contrast=\"auto\"> relev<\/span><span data-contrast=\"auto\">\u00e1<\/span><span data-contrast=\"auto\">ns<\/span><span data-contrast=\"auto\"> szakte<\/span><span data-contrast=\"auto\">r<\/span><span data-contrast=\"auto\">\u00fc<\/span><span data-contrast=\"auto\">letekr<\/span><span data-contrast=\"auto\">\u0151l<\/span><span data-contrast=\"auto\"> \u00e9<\/span><span data-contrast=\"auto\">s<\/span><span data-contrast=\"auto\"> szakirodal<\/span><span data-contrast=\"auto\">omb\u00f3l<\/span><span data-contrast=\"auto\"> gy<\/span><span data-contrast=\"auto\">\u0171<\/span><span data-contrast=\"auto\">jt<\/span><span data-contrast=\"auto\">j\u00fck<\/span><span data-contrast=\"auto\"> \u00f6<\/span><span data-contrast=\"auto\">ssze<\/span><span data-contrast=\"auto\">. Az eredm<\/span><span data-contrast=\"auto\">\u00e9<\/span><span data-contrast=\"auto\">nyek<\/span><span data-contrast=\"auto\"> a konzorcium elemzi, a<\/span><span data-contrast=\"auto\"> k<\/span><span data-contrast=\"auto\">\u00ed<\/span><span data-contrast=\"auto\">s<\/span><span data-contrast=\"auto\">\u00e9<\/span><span data-contrast=\"auto\">rleti<\/span><span data-contrast=\"auto\"> telepeken valid<\/span><span data-contrast=\"auto\">\u00e1<\/span><span data-contrast=\"auto\">lj<\/span><span data-contrast=\"auto\">a<\/span><span data-contrast=\"auto\">, \u00e9s<\/span><span data-contrast=\"auto\"> k<\/span><span data-contrast=\"auto\">\u00f6z<\/span><span data-contrast=\"auto\">vetle<\/span><span data-contrast=\"auto\">n\u00fcl<\/span><span data-contrast=\"auto\"> a teny<\/span><span data-contrast=\"auto\">\u00e9<\/span><span data-contrast=\"auto\">szt<\/span><span data-contrast=\"auto\">\u0151<\/span><span data-contrast=\"auto\">k<\/span><span data-contrast=\"auto\">, \u00fc<\/span><span data-contrast=\"auto\">zemeltet<\/span><span data-contrast=\"auto\">\u0151<\/span><span data-contrast=\"auto\">k<\/span><span data-contrast=\"auto\"> \u00e9<\/span><span data-contrast=\"auto\">s<\/span><span data-contrast=\"auto\"> tan<\/span><span data-contrast=\"auto\">\u00e1<\/span><span data-contrast=\"auto\">csad<\/span><span data-contrast=\"auto\">\u00f3<\/span><span data-contrast=\"auto\">k<\/span><span data-contrast=\"auto\"> (<\/span><span data-contrast=\"auto\">bele<\/span><span data-contrast=\"auto\">\u00e9<\/span><span data-contrast=\"auto\">rtve<\/span><span data-contrast=\"auto\"> az \u00e1<\/span><span data-contrast=\"auto\">llatorvosokat<\/span><span data-contrast=\"auto\"> is) rendelkez<\/span><span data-contrast=\"auto\">\u00e9<\/span><span data-contrast=\"auto\">s<\/span><span data-contrast=\"auto\">\u00e9<\/span><span data-contrast=\"auto\">re<\/span><span data-contrast=\"auto\"> bocs<\/span><span data-contrast=\"auto\">\u00e1<\/span><span data-contrast=\"auto\">jtj<\/span><span data-contrast=\"auto\">a<\/span><span data-contrast=\"auto\">. A hazai szerepl\u0151ket az Int\u00e9zet \u00e9s az \u00c1llathigi\u00e9niai, \u00c1llom\u00e1ny-eg\u00e9szs\u00e9gtani Tansz\u00e9k \u00e9s Mobilklinika k\u00f6z\u00f6sen fogja \u00f6ssze.<\/span><span data-ccp-props=\"{&quot;201341983&quot;:0,&quot;335551550&quot;:6,&quot;335551620&quot;:6,&quot;335559739&quot;:160,&quot;335559740&quot;:259}\">\u00a0<\/span><\/p>","protected":false},"excerpt":{"rendered":"<p>&nbsp; A NETPOULSAFE egy Eur\u00f3pai Uni\u00f3s Horizon2020 projekt, melynek c\u00e9lja, hogy t\u00e1mogassa az \u00e9rdekelt feleket a biol\u00f3giai biztons\u00e1gi gyakorlatok hat\u00e9kony megval\u00f3s\u00edt\u00e1s\u00e1ban. A 2020-ban indult projekt c\u00e9lkit\u0171z\u00e9se, hogy jav\u00edtsa h\u00e9t nagy baromfiteny\u00e9szt\u0151 orsz\u00e1gban a biol\u00f3giai biztons\u00e1gi el\u0151\u00edr\u00e1soknak val\u00f3 megfelel\u00e9st a baromfiteny\u00e9szt\u00e9sben a m\u00e1r bevezetett vagy bevezet\u00e9s el\u0151tt \u00e1ll\u00f3 elj\u00e1r\u00e1sok adatainak \u00f6sszegy\u0171jt\u00e9s\u00e9vel, \u00e9rt\u00e9kel\u00e9s\u00e9vel \u00e9s megoszt\u00e1s\u00e1val. A j\u00e1rv\u00e1nyv\u00e9delmet<\/p>\n","protected":false},"author":3268,"featured_media":0,"parent":54366,"menu_order":0,"comment_status":"open","ping_status":"open","template":"","meta":{"_acf_changed":false,"footnotes":""},"categories":[],"tags":[],"class_list":["post-63831","page","type-page","status-publish","hentry"],"acf":[],"_links":{"self":[{"href":"https:\/\/univet.hu\/hu\/wp-json\/wp\/v2\/pages\/63831","targetHints":{"allow":["GET"]}}],"collection":[{"href":"https:\/\/univet.hu\/hu\/wp-json\/wp\/v2\/pages"}],"about":[{"href":"https:\/\/univet.hu\/hu\/wp-json\/wp\/v2\/types\/page"}],"author":[{"embeddable":true,"href":"https:\/\/univet.hu\/hu\/wp-json\/wp\/v2\/users\/3268"}],"replies":[{"embeddable":true,"href":"https:\/\/univet.hu\/hu\/wp-json\/wp\/v2\/comments?post=63831"}],"version-history":[{"count":0,"href":"https:\/\/univet.hu\/hu\/wp-json\/wp\/v2\/pages\/63831\/revisions"}],"up":[{"embeddable":true,"href":"https:\/\/univet.hu\/hu\/wp-json\/wp\/v2\/pages\/54366"}],"wp:attachment":[{"href":"https:\/\/univet.hu\/hu\/wp-json\/wp\/v2\/media?parent=63831"}],"wp:term":[{"taxonomy":"category","embeddable":true,"href":"https:\/\/univet.hu\/hu\/wp-json\/wp\/v2\/categories?post=63831"},{"taxonomy":"post_tag","embeddable":true,"href":"https:\/\/univet.hu\/hu\/wp-json\/wp\/v2\/tags?post=63831"}],"curies":[{"name":"wp","href":"https:\/\/api.w.org\/{rel}","templated":true}]}}