{"id":640,"date":"2017-09-25T21:25:00","date_gmt":"2017-09-25T19:25:00","guid":{"rendered":"http:\/\/univet.hu\/oktatas\/tanulmanyi-osztaly\/aktualis-informaciok\/"},"modified":"2022-07-26T11:23:08","modified_gmt":"2022-07-26T09:23:08","slug":"aktualis-informaciok","status":"publish","type":"page","link":"https:\/\/univet.hu\/hu\/oktatas\/tanulmanyi-osztaly\/aktualis-informaciok\/","title":{"rendered":"Aktu\u00e1lis inform\u00e1ci\u00f3k"},"content":{"rendered":"<div class=\"col-sm-7 col-md-8 col-lg-9 aote-content\"> <div align=\"justify\">2022.07.25<\/div> <div align=\"justify\"><a href=\"https:\/\/univet.hu\/hu\/oktatas\/tanulmanyi-osztaly\/diakhitel\/\">Di\u00e1khitel inform\u00e1ci\u00f3k<\/a><\/div> <\/div> <div align=\"justify\"><\/div> <div class=\"col-sm-7 col-md-8 col-lg-9 aote-content\"> <div align=\"justify\"><\/div> <div align=\"justify\">2020.02.25<\/div> <\/div> <div align=\"justify\"><\/div> <div align=\"justify\">Tisztel Hallgat\u00f3!<\/div> <div align=\"justify\"><\/div> <div align=\"justify\"> <p>Ez\u00faton \u00e9rtes\u00edtem, hogy a 2020. els\u0151 f\u00e9l\u00e9vi \u00f6nk\u00e9ntes \u00e9s t\u00e9r\u00edt\u00e9smentes v\u00e9rad\u00e1sra a VII. ker\u00fcleti V\u00f6r\u00f6skereszt \u00fctemez\u00e9se alapj\u00e1n 2020. m\u00e1rcius 4-\u00e9n <u>(szerd\u00e1n) 10-16 \u00f3ra k\u00f6z\u00f6tt<\/u> ker\u00fcl sor\u00a0 <b><u>Egyetem\u00fcnk<\/u><\/b><u> <b>P. \u00e9p\u00fclet\u00e9ben a Di\u00e1k Centrumban.<\/b><\/u><\/p> <p><b>FONTOS: K\u00e9rj\u00fck leend\u0151 v\u00e9rad\u00f3inkat, hogy az \u00faj rendelkez\u00e9seknek megfelel\u0151en legyenek sz\u00edvesek a k\u00f6vetkez\u0151eket magukkal hozni:<\/b><\/p> <ul> <li><b>\u00a0szem\u00e9lyi igazolv\u00e1nyukat (r\u00e9gi) \u00e9s TAJ-k\u00e1rty\u00e1jukat<\/b><\/li> <\/ul> <p><b>VAGY<\/b><\/p> <ul> <li><b>szem\u00e9lyi igazolv\u00e1nyukat (\u00faj), lakc\u00edmk\u00e1rty\u00e1jukat \u00e9s TAJ-k\u00e1rty\u00e1jukat!<\/b><\/li> <\/ul> <p><b>EU-s TAJ is j\u00f3!!<\/b><\/p> <p><b><u>Aki m\u00e1r adott v\u00e9rt, annak elfogadj\u00e1k a TAJ-k\u00e1rtya m\u00e1solat\u00e1t is.<\/u><\/b><\/p> <\/div> <div align=\"justify\"><\/div> <div class=\"col-sm-7 col-md-8 col-lg-9 aote-content\"> <div> <div align=\"justify\">2020.02.18<\/div> <\/div> <\/div> <div align=\"justify\"><\/div> <div align=\"justify\">Kedves Hallgat\u00f3k!<\/div> <div align=\"justify\"><\/div> <div align=\"justify\"><span style=\"font-size: 18pt;\"><strong>A Tanulm\u00e1nyi Oszt\u00e1ly 2020. febru\u00e1r 27-\u00e9n Z\u00c1RVA tart.<\/strong><\/span><\/div> <div align=\"justify\"> <p>\u00dcdv\u00f6zlettel:<\/p> <p><strong>Csap\u00f3 T\u00edmea<\/strong><\/p> <p><strong>\u00fcgyviv\u0151 szak\u00e9rt\u0151, oszt\u00e1lyvezet\u0151<\/strong><\/p> <\/div> <div align=\"justify\"><\/div> <div class=\"col-sm-7 col-md-8 col-lg-9 aote-content\"> <div> <div align=\"justify\">2020.02.13<\/div> <\/div> <div align=\"justify\"> <p>Kedves Hallgat\u00f3k!<\/p> <p>\u00c9rtes\u00edtem \u00d6n\u00f6ket, hogy a 2019\/2020. tan\u00e9v m\u00e1sodik f\u00e9l\u00e9v\u00e9re vonatkoz\u00f3 \u00e9rv\u00e9nyes\u00edt\u0151 matric\u00e1k <strong>2020. m\u00e1rcius 2-a h\u00e9tf\u0151 9.00 \u00f3r\u00e1t\u00f3l<\/strong> vehet\u0151k \u00e1t a Tanulm\u00e1nyi Oszt\u00e1lyon tanulm\u00e1nyi el\u0151ad\u00f3jukn\u00e1l.<\/p> <p>A matrica csak szem\u00e9lyesen vehet\u0151 \u00e1t, az \u00e1lland\u00f3 igazolv\u00e1nyra ragasztjuk majd fel az \u00fcgyint\u00e9z\u00e9s sor\u00e1n, \u00edgy k\u00e9rj\u00fck, az igazolv\u00e1ny\u00e1t mindenk\u00e9pp hozza mag\u00e1val, k\u00e9sz\u00edtse el\u0151.<\/p> <p>T\u00e1j\u00e9koztatom, hogy az el\u0151z\u0151, \u0151szi f\u00e9l\u00e9ves matrica 2020. m\u00e1rcius 31-ig \u00e9rv\u00e9nyes, a most \u00e1tvehet\u0151 tavaszi f\u00e9l\u00e9ves matrica pedig 2020. okt\u00f3ber 31-ig.<\/p> <p>Felh\u00edvom figyelm\u00e9t, hogy di\u00e1kigazolv\u00e1ny matric\u00e1ra kiz\u00e1r\u00f3lag azon hallgat\u00f3k jogosultak, akik a 2019\/20-as tan\u00e9v tavaszi f\u00e9l\u00e9v\u00e9ben akt\u00edv hallgat\u00f3i jogviszonnyal rendelkeznek.<\/p> <p>\u00dcdv\u00f6zlettel:<\/p> <p><strong>Csap\u00f3 T\u00edmea<\/strong><\/p> <p><strong>\u00fcgyviv\u0151 szak\u00e9rt\u0151, oszt\u00e1lyvezet\u0151<\/strong><\/p> <p>&nbsp;<\/p> <\/div> <div> <div align=\"justify\">2020.01.25.<\/div> <div align=\"justify\"><\/div> <\/div> <\/div> <div align=\"justify\"> <p style=\"text-align: center;\"><strong>A M\u00c1SODIK F\u00c9L\u00c9VRE VAL\u00d3 BEJELENTKEZ\u00c9S AZ AL\u00c1BBI ID\u0150PONTOKBAN LESZ AZ \u00c1LLATORVOSTAN HALLGAT\u00d3K SZ\u00c1M\u00c1RA<\/strong><\/p> <ol start=\"2020\"> <li>FEBRU\u00c1R 3-\u00c1N AZ OKTAT\u00c1S M\u00c1R REGGEL 8.15-T\u0150L KEZD\u0150DIK.<\/li> <\/ol> <p><span style=\"font-size: 12pt;\">I. \u00c9VF.:\u00a0\u00a0\u00a0\u00a0\u00a0\u00a0 FEBR. 3. (H\u00c9TF\u0150)\u00a0 14.00 \u00d3RA\u00a0\u00a0\u00a0\u00a0\u00a0\u00a0\u00a0\u00a0 KOTL\u00c1N S\u00c1NDOR EA.<\/span><\/p> <p>II. \u00c9VF.:\u00a0 FEBR. 3. (H\u00c9TF\u0150) 9.00 \u00d3RA \u00a0\u00a0\u00a0\u00a0\u00a0\u00a0\u00a0\u00a0\u00a0\u00a0\u00a0\u00a0 PL\u00d3SZ B\u00c9LA EA.<\/p> <p>III. \u00c9VF.: \u00a0\u00a0\u00a0\u00a0\u00a0\u00a0\u00a0 FEBR. 4. (KEDD)\u00a0\u00a0 15.00 \u00d3RA \u00a0\u00a0\u00a0\u00a0\u00a0\u00a0\u00a0\u00a0\u00a0\u00a0 HETZEL HENRIK EA.<\/p> <p>IV. \u00c9VF.: FEBR. 5. (SZERDA) 9.00 \u00d3RA\u00a0\u00a0\u00a0 \u00a0\u00a0\u00a0\u00a0\u00a0\u00a0 PL\u00d3SZ B\u00c9LA EA.<\/p> <p>V. \u00c9VF.:\u00a0 FEBR. 3. (H\u00c9TF\u0150) 11.00 \u00d3RA\u00a0\u00a0\u00a0\u00a0\u00a0\u00a0\u00a0\u00a0\u00a0\u00a0\u00a0 KEM\u00c9NY ARMAND EA.<\/p> <p>&nbsp;<\/p> <\/div> <div class=\"col-sm-7 col-md-8 col-lg-9 aote-content\"> <div> <div align=\"justify\">2019.10.12<\/div> <div align=\"justify\"> <p>Kedves Hallgat\u00f3k! Kedves Volt Hallgat\u00f3k!<\/p> <p>A Korm\u00e1ny m\u00e1jusi d\u00f6nt\u00e9s\u00e9nek megfelel\u0151en 2019. okt\u00f3ber 1-t\u0151l el\u00e9rhet\u0151 a Di\u00e1khitel K\u00f6zpont \u00faj term\u00e9ke, a Nyelvtanul\u00e1si Di\u00e1khitel.<\/p> <p>Az ak\u00e1r 500 ezer forint \u00f6sszeg\u0171, diplomaszerz\u00e9shez sz\u00fcks\u00e9ges nyelvvizsga megszerz\u00e9s\u00e9hez, adminisztrat\u00edv k\u00f6t\u00f6tts\u00e9gek n\u00e9lk\u00fcl felvehet\u0151 \u00faj hitelterm\u00e9k egy \u00e9ves t\u00fcrelmi id\u0151 ut\u00e1n ak\u00e1r 5 \u00e9ves futamid\u0151vel t\u00f6rleszthet\u0151 a Di\u00e1khitel Zrt. fel\u00e9. A Nyelvtanul\u00e1si Di\u00e1khitel seg\u00edts\u00e9get ny\u00fajt a volt \u00e9s jelenlegi di\u00e1koknak a diploma megszerz\u00e9s\u00e9hez sz\u00fcks\u00e9ges nyelvvizsga let\u00e9tel\u00e9hez.<\/p> <p>A term\u00e9k kamatoz\u00e1sa rendk\u00edv\u00fcl kedvez\u0151: foly\u00f3s\u00edt\u00e1skor a Di\u00e1khitel 1-el megegyez\u0151 (jelenleg 1,99 %), a nyelvvizsga megszerz\u00e9s\u00e9t k\u00f6vet\u0151en pedig a nyelvek d\u00f6nt\u0151 t\u00f6bbs\u00e9ge eset\u00e9n (\u00fan. \u201et\u00e1mogatott nyelvek\u201d) a hitel kamatmentess\u00e9 v\u00e1lik.<\/p> <p><a href=\"https:\/\/univet.hu\/wp-content\/uploads\/2019\/10\/Nyelvtanul\u00e1si-di\u00e1khitel-t\u00e1j\u00e9koztat\u00f3.pdf\">Nyelvtanul\u00e1si di\u00e1khitel t\u00e1j\u00e9koztat\u00f3<\/a><\/p> <\/div> <div align=\"justify\">2019.09.23<\/div> <div align=\"justify\"> <p>Kedves Hallgat\u00f3k!<\/p> <p>\u00c9rtes\u00edtem \u00d6n\u00f6ket, hogy a 2019\/2020. tan\u00e9v els\u0151 f\u00e9l\u00e9v\u00e9re vonatkoz\u00f3 \u00e9rv\u00e9nyes\u00edt\u0151 matric\u00e1k <strong>2019. szeptember 30-a h\u00e9tf\u0151 9.00 \u00f3r\u00e1t\u00f3l<\/strong> vehet\u0151k \u00e1t a Tanulm\u00e1nyi Oszt\u00e1lyon tanulm\u00e1nyi el\u0151ad\u00f3jukn\u00e1l.<\/p> <p>A matrica csak szem\u00e9lyesen vehet\u0151 \u00e1t, az \u00e1lland\u00f3 igazolv\u00e1nyra ragasztjuk majd fel az \u00fcgyint\u00e9z\u00e9s sor\u00e1n, \u00edgy k\u00e9rj\u00fck, az igazolv\u00e1ny\u00e1t mindenk\u00e9pp hozza mag\u00e1val, k\u00e9sz\u00edtse el\u0151.<\/p> <p>T\u00e1j\u00e9koztatom, hogy az el\u0151z\u0151, tavaszi f\u00e9l\u00e9ves matrica 2019. okt\u00f3ber 31-ig \u00e9rv\u00e9nyes, a most \u00e1tvehet\u0151 \u0151szi f\u00e9l\u00e9ves matrica pedig 2020. m\u00e1rcius 31-ig.<\/p> <p>Felh\u00edvom figyelm\u00e9t, hogy di\u00e1kigazolv\u00e1ny matric\u00e1ra kiz\u00e1r\u00f3lag azon hallgat\u00f3k jogosultak, akik a 2019\/20-as tan\u00e9v \u0151szi f\u00e9l\u00e9v\u00e9ben akt\u00edv hallgat\u00f3i jogviszonnyal rendelkeznek.<\/p> <p><strong><em>Az els\u0151 \u00e9vfolyamos hallgat\u00f3k sz\u00e1m\u00e1ra, amint meg\u00e9rkeznek az elk\u00e9sz\u00fclt di\u00e1kigazolv\u00e1nyok folyamatosan k\u00fcld\u00f6m majd az \u00e9rtes\u00edt\u0151 e-mailt.<\/em><\/strong><\/p> <\/div> <\/div> <\/div> <p>\u00dcdv\u00f6zlettel: Csap\u00f3 T\u00edmea<\/p> <p>&nbsp;<\/p> <div class=\"col-sm-7 col-md-8 col-lg-9 aote-content\"> <div> <div align=\"justify\"><span style=\"font-family: 'Times New Roman', Times, serif;\">Tisztelt Tansz\u00e9kvezet\u0151 Asszony\/\u00dar!<br \/> <\/span><\/div> <div align=\"justify\"><\/div> <div align=\"justify\"><span style=\"font-family: 'Times New Roman', Times, serif;\">T\u00e1j\u00e9koztatom, hogy a Tanulm\u00e1nyi Oszt\u00e1ly \u00e9s a Tov\u00e1bbk\u00e9pz\u00e9si Csoport 2019. augusztus 5-t\u0151l az &#8222;O&#8221; \u00e9p\u00fcletben (volt Patika hely\u00e9n) v\u00e1rja a hallgat\u00f3kat \u00e9s munkat\u00e1rsakat v\u00e1ltozatlan \u00fcgyf\u00e9lfogad\u00e1si id\u0151ben.<\/span><\/div> <div align=\"justify\"><span style=\"font-family: 'Times New Roman', Times, serif;\"><br \/> <\/span><span style=\"font-family: 'Times New Roman', Times, serif;\">\u00dcdv\u00f6zlettel:<\/span><\/div> <div align=\"justify\"><span style=\"font-family: 'Times New Roman', Times, serif;\">Dr. \u00d3zsv\u00e1ri L\u00e1szl\u00f3<\/span><br \/> <span style=\"font-family: 'Times New Roman', Times, serif;\">rektorhelyettes<\/span><\/div> <\/div> <p>AZ \u0150SZI F\u00c9L\u00c9VRE VAL\u00d3 BEJELENTKEZ\u00c9S AZ AL\u00c1BBI ID\u0150PONTOKBAN LESZ AZ \u00c1LLATORVOSTAN HALLGAT\u00d3K SZ\u00c1M\u00c1RA<\/p> <p><strong>2019. SZEPTEMBER 09-\u00c9N AZ OKTAT\u00c1S M\u00c1R REGGEL 8.15-T\u0150L KEZD\u0150DIK.<\/strong><\/p> <p><strong>II. \u00c9VF.: SZEPT. 10. (KEDD)<\/strong><strong> 8:15 \u00d3RA \u00a0\u00a0 KEM\u00c9NY ARMAND EA.<\/strong><\/p> <p><strong>III. \u00c9VF.:\u00a0\u00a0\u00a0 SZEPT. 09. (H\u00c9TF\u0150)<\/strong><strong>\u00a0\u00a0\u00a0\u00a0 9:00 \u00d3RA \u00a0\u00a0 URB\u00c1NYI L\u00c1SZL\u00d3 EA.<\/strong><\/p> <p><strong>IV.\u00a0<\/strong><strong>\u00c9VF.: SZEPT. 10. (KEDD) 11:00 \u00d3RA\u00a0 <\/strong><strong>MAREK J\u00d3ZSEF EA.<\/strong><\/p> <p><strong>V. \u00c9VF.: SZEPT. 09 (H\u00c9TF\u0150) 15:00 \u00d3RA\u00a0\u00a0\u00a0\u00a0\u00a0\u00a0 MAGYARY-KOSSA GY. EA.<\/strong><\/p> <p><strong><u><br \/> <\/u><\/strong><\/p> <p><strong><u>KEDVES BIOL\u00d3GIA BSC \u00c9S BIOL\u00d3GUS MSC HALLGAT\u00d3K!<\/u><\/strong><\/p> <p><strong>K\u00c9RJ\u00dcK \u00d6N\u00d6KET, HOGY A F\u00c9L\u00c9VRE VAL\u00d3 BEJELENTKEZ\u00c9SRE,<\/strong><\/p> <p><strong><u>SZEPT. 09. \u00c9S SZEPT. 13. K\u00d6Z\u00d6TT\u00a0<\/u><\/strong><strong>LEGYENEK SZ\u00cdVESEK BEF\u00c1RADNI A TANULM\u00c1NYI OSZT\u00c1LYRA.<\/strong><\/p> <p><strong>\u00a0<\/strong><\/p> <p><strong><u>OKTAT\u00d3I \u00c9RT\u00c9KEL\u00c9S K\u00c9RD\u0150\u00cdV KIT\u00d6LT\u00c9SE:<\/u><\/strong><\/p> <p><strong>\u00a02019.\u00a0<\/strong><strong>augusztus 26. (h\u00e9tf\u0151) 8.00 \u2013 2019. szeptember 13. (p\u00e9ntek) 13.00<\/strong><\/p> <p><strong>\u00a0<\/strong><\/p> <p><strong><u>NEPTUNBA VAL\u00d3 BEJELENTKEZ\u00c9S ID\u0150PONTJA:<\/u><\/strong><\/p> <p><strong>2019. SZEPT. 06. (P\u00c9NTEK) 20.00 \u00d3R\u00c1T\u00d3L \u2013 2019.\u00a0<\/strong><strong>SZEPT. 13. (P\u00c9NTEK) 13.00 \u00d3R\u00c1IG.<\/strong><\/p> <p><strong>\u00a0<\/strong><\/p> <p><strong><u>TANT\u00c1RGYFELV\u00c9TEL A NEPTUNBAN:<\/u><\/strong><\/p> <p>&nbsp;<\/p> <p><strong>2019. SZEPT. 06. (P\u00c9NTEK) 20.00 \u00d3R\u00c1T\u00d3L \u2013 2019.\u00a0<\/strong><strong>SZEPT. 20. (P\u00c9NTEK) 23.00 \u00d3RI\u00c1G<\/strong><\/p> <p><strong>\u00a0<\/strong><\/p> <p><strong><u>KEDVES HALLGAT\u00d3K!<\/u><\/strong><\/p> <p><strong>K\u00c9RJ\u00dcK AZ ID\u0150PONTOK PONTOS BETART\u00c1S\u00c1T, MERT K\u00c9SEDELMES BEJELENTKEZ\u00c9S \u00c9S TANT\u00c1RGYFELV\u00c9TEL ESET\u00c9N K\u00c9SEDELMI D\u00cdJAT SZ\u00c1M\u00cdTUNK FEL.<\/strong><\/p> <p><strong>M\u00c1SODIK H\u00c9TEN VAL\u00d3 <u>BEJELENTKEZ\u00c9SN\u00c9L<\/u> EGYSZERI <u>5.000 FT<\/u>, TANT\u00c1RGYFELV\u00c9TELN\u00c9L <u>3.000 FT\/TANT\u00c1RGY.<\/u><\/strong><\/p> <p>&nbsp;<\/p> <p><strong><u>FIGYELEM!<\/u><\/strong><\/p> <p><strong><u>Azon hallgat\u00f3k, akik az oktat\u00f3i \u00e9rt\u00e9kel\u00e9st nem t\u00f6ltik ki, tov\u00e1bb\u00e1 p\u00e9nz\u00fcgyi tartoz\u00e1suk van, nem tudnak bejelentkezni \u00e9s tant\u00e1rgyat felvenni!<\/u><\/strong><\/p> <p>&nbsp;<\/p> <p><strong>\u00a0\u00a0\u00a0\u00a0\u00a0\u00a0\u00a0\u00a0\u00a0\u00a0\u00a0\u00a0\u00a0\u00a0\u00a0\u00a0\u00a0\u00a0\u00a0\u00a0\u00a0\u00a0\u00a0 K\u00d6SZ\u00d6NETTEL:<\/strong><\/p> <p><strong>\u00a0<\/strong><\/p> <p><strong>\u00a0\u00a0\u00a0\u00a0\u00a0\u00a0\u00a0\u00a0\u00a0\u00a0\u00a0\u00a0\u00a0\u00a0\u00a0\u00a0\u00a0\u00a0\u00a0\u00a0\u00a0\u00a0\u00a0\u00a0\u00a0\u00a0\u00a0\u00a0\u00a0\u00a0\u00a0\u00a0\u00a0\u00a0\u00a0\u00a0\u00a0\u00a0\u00a0\u00a0\u00a0\u00a0\u00a0\u00a0\u00a0\u00a0\u00a0\u00a0\u00a0\u00a0\u00a0\u00a0\u00a0\u00a0\u00a0\u00a0\u00a0\u00a0\u00a0\u00a0\u00a0\u00a0\u00a0\u00a0\u00a0\u00a0\u00a0\u00a0\u00a0\u00a0 \u00a0\u00a0\u00a0\u00a0\u00a0\u00a0\u00a0\u00a0\u00a0\u00a0\u00a0\u00a0\u00a0\u00a0\u00a0 TANULM\u00c1NYI OSZT\u00c1LY<\/strong><\/p> <p>&nbsp;<\/p> <p>&nbsp;<\/p> <p>Kedves Hallgat\u00f3k!<\/p> <p>\u00c9rtes\u00edtem \u00d6n\u00f6ket, hogy a 2018\/2019. tan\u00e9v m\u00e1sodik f\u00e9l\u00e9v\u00e9re vonatkoz\u00f3 \u00e9rv\u00e9nyes\u00edt\u0151 matric\u00e1k <strong>2019. m\u00e1rcius 4-e h\u00e9tf\u0151 9.00 \u00f3r\u00e1t\u00f3l<\/strong> vehet\u0151k \u00e1t a Tanulm\u00e1nyi Oszt\u00e1lyon tanulm\u00e1nyi el\u0151ad\u00f3jukn\u00e1l.<\/p> <p>A matrica csak szem\u00e9lyesen vehet\u0151 \u00e1t, az \u00e1lland\u00f3 igazolv\u00e1nyra ragasztjuk majd fel az \u00fcgyint\u00e9z\u00e9s sor\u00e1n, \u00edgy k\u00e9rj\u00fck, az igazolv\u00e1ny\u00e1t mindenk\u00e9pp hozza mag\u00e1val, k\u00e9sz\u00edtse el\u0151.<\/p> <p>T\u00e1j\u00e9koztatom, hogy az el\u0151z\u0151, \u0151szi f\u00e9l\u00e9ves matrica 2019. m\u00e1rcius 31-ig \u00e9rv\u00e9nyes, a most \u00e1tvehet\u0151 tavaszi f\u00e9l\u00e9ves matrica pedig 2019. okt\u00f3ber 31-ig.<\/p> <p>Felh\u00edvom figyelm\u00e9t, hogy di\u00e1kigazolv\u00e1ny matric\u00e1ra kiz\u00e1r\u00f3lag azon hallgat\u00f3k jogosultak, akik a 2018\/19-es tan\u00e9v tavaszi f\u00e9l\u00e9v\u00e9ben akt\u00edv hallgat\u00f3i jogviszonnyal rendelkeznek.<\/p> <p>\u00dcdv\u00f6zlettel:<\/p> <p>Csap\u00f3 T\u00edmea<br \/> tanulm\u00e1nyi oszt\u00e1lyvezet\u0151<\/p> <p>&nbsp;<\/p> <p>&nbsp;<\/p> <p>Tisztelt Hallgat\u00f3k!<\/p> <p>T\u00e1j\u00e9koztatom \u00d6n\u00f6ket, hogy a 2017\/2018. tan\u00e9v 2. f\u00e9l\u00e9v\u00e9nek \u00e9rv\u00e9nyes\u00edt\u0151 matric\u00e1i <strong><u>2018. okt\u00f3ber 31-ig \u00e9rv\u00e9nyesek.<\/u><\/strong><\/p> <p><strong>A 2018\/19\/1 f\u00e9l\u00e9vre<\/strong> vonatkoz\u00f3 di\u00e1kigazolv\u00e1nyt \u00e9rv\u00e9nyes\u00edt\u0151 matric\u00e1t\u00a0<strong><u>2018. okt\u00f3ber 1-t\u0151l<\/u><\/strong><strong> (h\u00e9tf\u0151) \u00fcgyf\u00e9lfogad\u00e1si id\u0151ben<\/strong>\u00a0a tanulm\u00e1nyi el\u0151ad\u00f3jukt\u00f3l vehetik \u00e1t.<\/p> <p>\u00dcdv\u00f6zlettel:<\/p> <p>Csap\u00f3 T\u00edmea<br \/> tanulm\u00e1nyi oszt\u00e1lyvezet\u0151<\/p> <p>&nbsp;<\/p> <p>AZ ELS\u0150 F\u00c9L\u00c9VRE VAL\u00d3 BEJELENTKEZ\u00c9S AZ AL\u00c1BBI ID\u0150PONTOKBAN LESZ AZ \u00c1LLATORVOSTAN HALLGAT\u00d3K SZ\u00c1M\u00c1RA<\/p> <p>&nbsp;<\/p> <p><strong>2018. SZEPTEMBER 10-\u00c9N AZ OKTAT\u00c1S M\u00c1R REGGEL 8.15-T\u0150L KEZD\u0150DIK.<\/strong><\/p> <p>&nbsp;<\/p> <p><strong>II. \u00c9VF.:\u00a0\u00a0\u00a0\u00a0\u00a0\u00a0\u00a0\u00a0\u00a0\u00a0 SZEPT. 10. (H\u00c9TF\u0150)<\/strong><strong>\u00a014.00 \u00d3RA \u00a0\u00a0\u00a0\u00a0\u00a0\u00a0\u00a0<\/strong><strong>Kem\u00e9ny Armand ea.<\/strong><\/p> <p>&nbsp;<\/p> <p><strong>III. \u00c9VF.:\u00a0\u00a0\u00a0\u00a0\u00a0\u00a0\u00a0\u00a0 \u00f3rarendi leterhelts\u00e9g miatt nincs k\u00f6z\u00f6s id\u0151pont, \u00fcgyf\u00e9lfogad\u00e1si id\u0151ben a Tanulm\u00e1nyi Oszt\u00e1lyon<\/strong><\/p> <p>&nbsp;<\/p> <p><strong>IV. \u00c9VF.:\u00a0\u00a0\u00a0\u00a0\u00a0\u00a0\u00a0\u00a0\u00a0 SZEPT. 11. (KEDD)\u00a0\u00a0\u00a0 11.00 \u00d3RA \u00a0\u00a0\u00a0\u00a0\u00a0\u00a0\u00a0<\/strong><strong>Hetzel Henrik ea.<\/strong><\/p> <p>&nbsp;<\/p> <p><strong>V. \u00c9VF.:\u00a0\u00a0\u00a0\u00a0\u00a0\u00a0\u00a0\u00a0\u00a0\u00a0 SZEPT. 10. (H\u00c9TF\u0150) 15.00 \u00d3RA \u00a0\u00a0\u00a0\u00a0\u00a0\u00a0\u00a0<\/strong><strong>Hetzel Henrik ea.<\/strong><\/p> <p>&nbsp;<\/p> <p><strong><u>KEDVES BIOL\u00d3GIA BSC \u00c9S BIOL\u00d3GUS MSC HALLGAT\u00d3K!<\/u><\/strong><\/p> <p><strong>K\u00c9RJ\u00dcK \u00d6N\u00d6KET, HOGY A F\u00c9L\u00c9VRE VAL\u00d3 BEJELENTKEZ\u00c9SRE,<\/strong><\/p> <p><strong><u>2018. szept. 10. \u00e9s 14. K\u00d6Z\u00d6TT<\/u><\/strong><\/p> <p><strong>LEGYENEK SZ\u00cdVESEK BEF\u00c1RADNI A TANULM\u00c1NYI OSZT\u00c1LYRA.<\/strong><\/p> <p>&nbsp;<\/p> <p><strong><u>NEPTUNBA VAL\u00d3 BEJELENTKEZ\u00c9S ID\u0150PONTJA:<\/u><\/strong><\/p> <p><strong>2018. szept. 7. (P\u00c9NTEK) 20.00 \u00d3R\u00c1T\u00d3L \u2013<\/strong><\/p> <p><strong>2018. szept. 14. (P\u00c9NTEK) 13.00 \u00d3R\u00c1IG.<\/strong><\/p> <p>&nbsp;<\/p> <p><strong><u>TANT\u00c1RGYFELV\u00c9TEL A NEPTUNBAN:<\/u><\/strong><\/p> <p><strong>2018. szept. 7. (P\u00c9NTEK) 20.00 \u00d3R\u00c1T\u00d3L \u2013<\/strong><\/p> <p><strong>2018. szept. 21. (P\u00c9NTEK) 23.00 \u00d3RI\u00c1G<\/strong><\/p> <p>&nbsp;<\/p> <p><strong><u>KEDVES HALLGAT\u00d3K!<\/u><\/strong><\/p> <p><strong>K\u00c9RJ\u00dcK AZ ID\u0150PONTOK PONTOS BETART\u00c1S\u00c1T, MERT K\u00c9SEDELMES BEJELENTKEZ\u00c9S \u00c9S TANT\u00c1RGYFELV\u00c9TEL ESET\u00c9N K\u00c9SEDELMI D\u00cdJAT SZ\u00c1M\u00cdTUNK FEL.<\/strong><\/p> <p><strong>M\u00c1SODIK H\u00c9TEN VAL\u00d3\u00a0<u>BEJELENTKEZ\u00c9SN\u00c9L<\/u>\u00a0EGYSZERI\u00a0<u>5.000 FT<\/u>, TANT\u00c1RGYFELV\u00c9TELN\u00c9L\u00a0<u>3.000 FT\/TANT\u00c1RGY.<\/u><\/strong><\/p> <p>&nbsp;<\/p> <p>&nbsp;<\/p> <p><strong>\u00a0\u00a0\u00a0\u00a0\u00a0\u00a0\u00a0\u00a0\u00a0\u00a0\u00a0\u00a0\u00a0\u00a0\u00a0\u00a0\u00a0\u00a0\u00a0\u00a0\u00a0\u00a0\u00a0 K\u00d6SZ\u00d6NETTEL:<\/strong><\/p> <p>&nbsp;<\/p> <p><strong>\u00a0\u00a0\u00a0\u00a0\u00a0\u00a0\u00a0\u00a0\u00a0\u00a0\u00a0\u00a0\u00a0\u00a0\u00a0\u00a0\u00a0\u00a0\u00a0\u00a0\u00a0\u00a0\u00a0\u00a0\u00a0\u00a0\u00a0\u00a0\u00a0\u00a0\u00a0\u00a0\u00a0\u00a0\u00a0\u00a0\u00a0\u00a0\u00a0\u00a0\u00a0\u00a0\u00a0\u00a0\u00a0\u00a0\u00a0\u00a0\u00a0\u00a0\u00a0\u00a0\u00a0\u00a0\u00a0\u00a0\u00a0\u00a0\u00a0\u00a0\u00a0\u00a0\u00a0\u00a0\u00a0\u00a0\u00a0\u00a0\u00a0\u00a0 \u00a0\u00a0\u00a0\u00a0\u00a0\u00a0\u00a0\u00a0\u00a0\u00a0\u00a0\u00a0\u00a0\u00a0\u00a0 TANULM\u00c1NYI OSZT\u00c1LY<\/strong><\/p> <\/div>","protected":false},"excerpt":{"rendered":"<p>2022.07.25 Di\u00e1khitel inform\u00e1ci\u00f3k 2020.02.25 Tisztel Hallgat\u00f3! Ez\u00faton \u00e9rtes\u00edtem, hogy a 2020. els\u0151 f\u00e9l\u00e9vi \u00f6nk\u00e9ntes \u00e9s t\u00e9r\u00edt\u00e9smentes v\u00e9rad\u00e1sra a VII. ker\u00fcleti V\u00f6r\u00f6skereszt \u00fctemez\u00e9se alapj\u00e1n 2020. m\u00e1rcius 4-\u00e9n (szerd\u00e1n) 10-16 \u00f3ra k\u00f6z\u00f6tt ker\u00fcl sor\u00a0 Egyetem\u00fcnk P. \u00e9p\u00fclet\u00e9ben a Di\u00e1k Centrumban. FONTOS: K\u00e9rj\u00fck leend\u0151 v\u00e9rad\u00f3inkat, hogy az \u00faj rendelkez\u00e9seknek megfelel\u0151en legyenek sz\u00edvesek a k\u00f6vetkez\u0151eket magukkal hozni: \u00a0szem\u00e9lyi igazolv\u00e1nyukat<\/p>\n","protected":false},"author":1,"featured_media":0,"parent":615,"menu_order":229,"comment_status":"closed","ping_status":"closed","template":"","meta":{"_acf_changed":false,"footnotes":""},"categories":[],"tags":[],"class_list":["post-640","page","type-page","status-publish","hentry"],"acf":[],"_links":{"self":[{"href":"https:\/\/univet.hu\/hu\/wp-json\/wp\/v2\/pages\/640","targetHints":{"allow":["GET"]}}],"collection":[{"href":"https:\/\/univet.hu\/hu\/wp-json\/wp\/v2\/pages"}],"about":[{"href":"https:\/\/univet.hu\/hu\/wp-json\/wp\/v2\/types\/page"}],"author":[{"embeddable":true,"href":"https:\/\/univet.hu\/hu\/wp-json\/wp\/v2\/users\/1"}],"replies":[{"embeddable":true,"href":"https:\/\/univet.hu\/hu\/wp-json\/wp\/v2\/comments?post=640"}],"version-history":[{"count":0,"href":"https:\/\/univet.hu\/hu\/wp-json\/wp\/v2\/pages\/640\/revisions"}],"up":[{"embeddable":true,"href":"https:\/\/univet.hu\/hu\/wp-json\/wp\/v2\/pages\/615"}],"wp:attachment":[{"href":"https:\/\/univet.hu\/hu\/wp-json\/wp\/v2\/media?parent=640"}],"wp:term":[{"taxonomy":"category","embeddable":true,"href":"https:\/\/univet.hu\/hu\/wp-json\/wp\/v2\/categories?post=640"},{"taxonomy":"post_tag","embeddable":true,"href":"https:\/\/univet.hu\/hu\/wp-json\/wp\/v2\/tags?post=640"}],"curies":[{"name":"wp","href":"https:\/\/api.w.org\/{rel}","templated":true}]}}