{"id":64103,"date":"2021-04-23T15:38:04","date_gmt":"2021-04-23T13:38:04","guid":{"rendered":"https:\/\/univet.hu\/hu\/egyetem\/palyazati-projektek\/nkfih-palyazatok\/uj-nemzeti-kivalosag-program\/unkp-2021-2022\/"},"modified":"2021-08-26T10:38:43","modified_gmt":"2021-08-26T08:38:43","slug":"unkp-2021-2022","status":"publish","type":"page","link":"https:\/\/univet.hu\/hu\/egyetem\/palyazati-projektek\/nkfih-palyazatok\/uj-nemzeti-kivalosag-program\/unkp-2021-2022\/","title":{"rendered":"\u00daNKP 2021\/2022"},"content":{"rendered":"<p>Az \u00daj Nemzeti Kiv\u00e1l\u00f3s\u00e1g Program 2016-ban indult,\u00a0<strong>t\u00f6bb t\u00e9mak\u00f6rben ki\u00edrt \u00f6szt\u00f6nd\u00edjp\u00e1ly\u00e1zatokat mag\u00e1ban foglal\u00f3 program<\/strong>, melynek c\u00e9lja, hogy a fels\u0151oktat\u00e1sban r\u00e9szt vev\u0151 hallgat\u00f3i, kutat\u00f3i kiv\u00e1l\u00f3s\u00e1got t\u00e1mogassa. Az \u00daNKP olyan\u00a0\u2013 alap-, mester- vagy doktori k\u00e9pz\u00e9sben tanul\u00f3\u00a0\u2013 hallgat\u00f3kat, doktorjel\u00f6lteket, valamint fiatal oktat\u00f3kat, kutat\u00f3kat t\u00e1mogat, akik a programban r\u00e9szt vev\u0151 fels\u0151oktat\u00e1si int\u00e9zm\u00e9nyben eredm\u00e9nyes kutat\u00e1si \u00e9s alkot\u00f3i tev\u00e9kenys\u00e9get folytatnak.<\/p> <p><a href=\"https:\/\/univet.hu\/wp-content\/uploads\/2021\/04\/\u00d6MSZ_osztondij_mukodesi_szabalyzat.pdf\">\u00daNKP &#8211; \u00d6szt\u00f6nd\u00edj m\u0171k\u00f6d\u00e9si szab\u00e1lyzat (\u00d6MSZ)<\/a><\/p> <p><a href=\"https:\/\/univet.hu\/wp-content\/uploads\/2021\/04\/OMSZ_2_melleklet_osztondijak.pdf\">\u00daNKP &#8211; \u00f6szt\u00f6nd\u00edjak \u00f6sszege<\/a><\/p> <p><a href=\"https:\/\/univet.hu\/wp-content\/uploads\/2021\/04\/\u00d6MSZ_5_elszamolhato_koltsegek.pdf\">\u00d6MSZ 5.sz. mell\u00e9klet &#8211; Elsz\u00e1molhat\u00f3 k\u00f6lts\u00e9gek<\/a><\/p> <p><a href=\"https:\/\/univet.hu\/wp-content\/uploads\/2021\/04\/2.sz_.melleklet_tudomanyagi_besorolas.pdf\">\u00daNKP &#8211; tudom\u00e1ny\u00e1gi besorol\u00e1s<\/a><\/p> <p>&nbsp;<\/p> <p><a href=\"https:\/\/univet.hu\/en\/egyetem\/palyazati-projektek\/nkfih-palyazatok\/uj-nemzeti-kivalosag-program\/unkp-2021-2022\/sum_palyazok_unkp_2021\/\" rel=\"attachment wp-att-67337\">\u00daNKP \u00d6SZT\u00d6ND\u00cdJASOK 2021\/2022<\/a><\/p> <p>&nbsp;<\/p> <p>B\u0151vebb felvil\u00e1gos\u00edt\u00e1s: <a class=\"decrypt\" rel=\"volq\/lppsejobupsAvojwfu\/iv\" href=\"javascript:void(0);\">[Kattintson az emailc\u00edmhez]<\/a><\/p> <p>Udvarias Csilla<\/p> <p>P\u00e1ly\u00e1zati \u00e9s Innov\u00e1ci\u00f3s Oszt\u00e1ly, H. \u00e9p. III. emelet. 06-1-478-4100\/8387<\/p> <p>&nbsp;<\/p> <p><img loading=\"lazy\" decoding=\"async\" class=\"alignnone wp-image-64162\" src=\"https:\/\/univet.hu\/wp-content\/uploads\/2021\/04\/UNKP_jovo_te_vagy-320x200.jpg\" alt=\"\" width=\"413\" height=\"258\" srcset=\"https:\/\/univet.hu\/wp-content\/uploads\/2021\/04\/UNKP_jovo_te_vagy-320x200.jpg 320w, https:\/\/univet.hu\/wp-content\/uploads\/2021\/04\/UNKP_jovo_te_vagy.jpg 720w\" sizes=\"auto, (max-width: 413px) 100vw, 413px\" \/><\/p>","protected":false},"excerpt":{"rendered":"<p>Az \u00daj Nemzeti Kiv\u00e1l\u00f3s\u00e1g Program 2016-ban indult,\u00a0t\u00f6bb t\u00e9mak\u00f6rben ki\u00edrt \u00f6szt\u00f6nd\u00edjp\u00e1ly\u00e1zatokat mag\u00e1ban foglal\u00f3 program, melynek c\u00e9lja, hogy a fels\u0151oktat\u00e1sban r\u00e9szt vev\u0151 hallgat\u00f3i, kutat\u00f3i kiv\u00e1l\u00f3s\u00e1got t\u00e1mogassa. Az \u00daNKP olyan\u00a0\u2013 alap-, mester- vagy doktori k\u00e9pz\u00e9sben tanul\u00f3\u00a0\u2013 hallgat\u00f3kat, doktorjel\u00f6lteket, valamint fiatal oktat\u00f3kat, kutat\u00f3kat t\u00e1mogat, akik a programban r\u00e9szt vev\u0151 fels\u0151oktat\u00e1si int\u00e9zm\u00e9nyben eredm\u00e9nyes kutat\u00e1si \u00e9s alkot\u00f3i tev\u00e9kenys\u00e9get folytatnak. \u00daNKP &#8211;<\/p>\n","protected":false},"author":2572,"featured_media":0,"parent":49839,"menu_order":0,"comment_status":"open","ping_status":"open","template":"","meta":{"_acf_changed":false,"footnotes":""},"categories":[],"tags":[],"class_list":["post-64103","page","type-page","status-publish","hentry"],"acf":[],"_links":{"self":[{"href":"https:\/\/univet.hu\/hu\/wp-json\/wp\/v2\/pages\/64103","targetHints":{"allow":["GET"]}}],"collection":[{"href":"https:\/\/univet.hu\/hu\/wp-json\/wp\/v2\/pages"}],"about":[{"href":"https:\/\/univet.hu\/hu\/wp-json\/wp\/v2\/types\/page"}],"author":[{"embeddable":true,"href":"https:\/\/univet.hu\/hu\/wp-json\/wp\/v2\/users\/2572"}],"replies":[{"embeddable":true,"href":"https:\/\/univet.hu\/hu\/wp-json\/wp\/v2\/comments?post=64103"}],"version-history":[{"count":0,"href":"https:\/\/univet.hu\/hu\/wp-json\/wp\/v2\/pages\/64103\/revisions"}],"up":[{"embeddable":true,"href":"https:\/\/univet.hu\/hu\/wp-json\/wp\/v2\/pages\/49839"}],"wp:attachment":[{"href":"https:\/\/univet.hu\/hu\/wp-json\/wp\/v2\/media?parent=64103"}],"wp:term":[{"taxonomy":"category","embeddable":true,"href":"https:\/\/univet.hu\/hu\/wp-json\/wp\/v2\/categories?post=64103"},{"taxonomy":"post_tag","embeddable":true,"href":"https:\/\/univet.hu\/hu\/wp-json\/wp\/v2\/tags?post=64103"}],"curies":[{"name":"wp","href":"https:\/\/api.w.org\/{rel}","templated":true}]}}