{"id":64128,"date":"2021-04-23T16:11:38","date_gmt":"2021-04-23T14:11:38","guid":{"rendered":"https:\/\/univet.hu\/hu\/egyetem\/palyazati-projektek\/nkfih-palyazatok\/uj-nemzeti-kivalosag-program\/unkp-2021-2022\/bolyai\/"},"modified":"2021-04-26T10:33:16","modified_gmt":"2021-04-26T08:33:16","slug":"bolyai-felsooktatasi-fiatal-oktatoi-kutatoi-osztondij","status":"publish","type":"page","link":"https:\/\/univet.hu\/hu\/egyetem\/palyazati-projektek\/nkfih-palyazatok\/uj-nemzeti-kivalosag-program\/unkp-2021-2022\/bolyai-felsooktatasi-fiatal-oktatoi-kutatoi-osztondij\/","title":{"rendered":"6. Bolyai+ Fels\u0151oktat\u00e1si Fiatal Oktat\u00f3i, Kutat\u00f3i \u00d6szt\u00f6nd\u00edj"},"content":{"rendered":"<p>P\u00e1ly\u00e1z\u00e1shoz sz\u00fcks\u00e9ges dokumentumok:<\/p> <p><a href=\"https:\/\/univet.hu\/wp-content\/uploads\/2021\/04\/1.5_UNKP_PALYAZATI_KIIRAS_BOLYAI_PLUSZ_2021.pdf\">P\u00e1ly\u00e1zati ki\u00edr\u00e1s 2021-2022<\/a><\/p> <p><a href=\"https:\/\/univet.hu\/wp-content\/uploads\/2021\/04\/2.1.1_UNKP_PALYAZATI_KIIRAS_1_M_Palyazati_adatlap_2021.xlsx\">P\u00e1ly\u00e1zati adatlap<\/a><\/p> <p><a href=\"https:\/\/univet.hu\/wp-content\/uploads\/2021\/04\/Kutatasi_terv_Bolyai.docx\">Kutat\u00e1si terv Bolyai+<\/a><\/p> <p><a href=\"https:\/\/univet.hu\/wp-content\/uploads\/2021\/04\/Szandeknyilatkozat_ATE.docx\">\u00c1TE befogad\u00f3i sz\u00e1nd\u00e9knyilatkozat<\/a>\u00a0(rektori al\u00e1\u00edr\u00e1s n\u00e9lk\u00fcl k\u00e9rj\u00fck beny\u00fajtani)<\/p> <p><a href=\"https:\/\/univet.hu\/wp-content\/uploads\/2021\/04\/Palyazoi_nyilatakozat.docx\">P\u00e1ly\u00e1z\u00f3i nyilatkozat<\/a><\/p> <p>A p\u00e1ly\u00e1zati dokument\u00e1ci\u00f3t az\u00a0<a class=\"decrypt\" rel=\"volq\/cpmzbjqmvt{Avojwfu\/iv\" href=\"javascript:void(0);\">[Kattintson az emailc\u00edmhez]<\/a>\u00a0e-mail c\u00edmre v\u00e1rj\u00e1k\u00a0<strong>2021. j\u00fanius 22-ig.<\/strong><\/p>","protected":false},"excerpt":{"rendered":"<p>P\u00e1ly\u00e1z\u00e1shoz sz\u00fcks\u00e9ges dokumentumok: P\u00e1ly\u00e1zati ki\u00edr\u00e1s 2021-2022 P\u00e1ly\u00e1zati adatlap Kutat\u00e1si terv Bolyai+ \u00c1TE befogad\u00f3i sz\u00e1nd\u00e9knyilatkozat\u00a0(rektori al\u00e1\u00edr\u00e1s n\u00e9lk\u00fcl k\u00e9rj\u00fck beny\u00fajtani) P\u00e1ly\u00e1z\u00f3i nyilatkozat A p\u00e1ly\u00e1zati dokument\u00e1ci\u00f3t az\u00a0[Kattintson az emailc\u00edmhez]\u00a0e-mail c\u00edmre v\u00e1rj\u00e1k\u00a02021. j\u00fanius 22-ig.<\/p>\n","protected":false},"author":2572,"featured_media":0,"parent":64103,"menu_order":0,"comment_status":"open","ping_status":"open","template":"","meta":{"_acf_changed":false,"footnotes":""},"categories":[],"tags":[],"class_list":["post-64128","page","type-page","status-publish","hentry"],"acf":[],"_links":{"self":[{"href":"https:\/\/univet.hu\/hu\/wp-json\/wp\/v2\/pages\/64128","targetHints":{"allow":["GET"]}}],"collection":[{"href":"https:\/\/univet.hu\/hu\/wp-json\/wp\/v2\/pages"}],"about":[{"href":"https:\/\/univet.hu\/hu\/wp-json\/wp\/v2\/types\/page"}],"author":[{"embeddable":true,"href":"https:\/\/univet.hu\/hu\/wp-json\/wp\/v2\/users\/2572"}],"replies":[{"embeddable":true,"href":"https:\/\/univet.hu\/hu\/wp-json\/wp\/v2\/comments?post=64128"}],"version-history":[{"count":0,"href":"https:\/\/univet.hu\/hu\/wp-json\/wp\/v2\/pages\/64128\/revisions"}],"up":[{"embeddable":true,"href":"https:\/\/univet.hu\/hu\/wp-json\/wp\/v2\/pages\/64103"}],"wp:attachment":[{"href":"https:\/\/univet.hu\/hu\/wp-json\/wp\/v2\/media?parent=64128"}],"wp:term":[{"taxonomy":"category","embeddable":true,"href":"https:\/\/univet.hu\/hu\/wp-json\/wp\/v2\/categories?post=64128"},{"taxonomy":"post_tag","embeddable":true,"href":"https:\/\/univet.hu\/hu\/wp-json\/wp\/v2\/tags?post=64128"}],"curies":[{"name":"wp","href":"https:\/\/api.w.org\/{rel}","templated":true}]}}