{"id":64195,"date":"2021-04-28T08:24:37","date_gmt":"2021-04-28T06:24:37","guid":{"rendered":"https:\/\/univet.hu\/?page_id=64195"},"modified":"2026-02-10T03:59:31","modified_gmt":"2026-02-10T02:59:31","slug":"toth-szabina","status":"publish","type":"page","link":"https:\/\/univet.hu\/hu\/egyetem\/munkatarsak\/toth-szabina\/","title":{"rendered":"T\u00f3th Szabina"},"content":{"rendered":"<p>Fogad\u00f3\u00f3ra: Cs\u00fct\u00f6rt\u00f6k\u00f6nk\u00e9nt, el\u0151zetes id\u0151pont-egyeztet\u00e9ssel<\/p>","protected":false},"excerpt":{"rendered":"<p>Fogad\u00f3\u00f3ra: Cs\u00fct\u00f6rt\u00f6k\u00f6nk\u00e9nt, el\u0151zetes id\u0151pont-egyeztet\u00e9ssel<\/p>\n","protected":false},"author":5824,"featured_media":0,"parent":858,"menu_order":38,"comment_status":"closed","ping_status":"closed","template":"","meta":{"_acf_changed":false,"footnotes":""},"categories":[56],"tags":[],"class_list":["post-64195","page","type-page","status-publish","hentry","category-munkatarsak"],"acf":[],"_links":{"self":[{"href":"https:\/\/univet.hu\/hu\/wp-json\/wp\/v2\/pages\/64195","targetHints":{"allow":["GET"]}}],"collection":[{"href":"https:\/\/univet.hu\/hu\/wp-json\/wp\/v2\/pages"}],"about":[{"href":"https:\/\/univet.hu\/hu\/wp-json\/wp\/v2\/types\/page"}],"author":[{"embeddable":true,"href":"https:\/\/univet.hu\/hu\/wp-json\/wp\/v2\/users\/5824"}],"replies":[{"embeddable":true,"href":"https:\/\/univet.hu\/hu\/wp-json\/wp\/v2\/comments?post=64195"}],"version-history":[{"count":1,"href":"https:\/\/univet.hu\/hu\/wp-json\/wp\/v2\/pages\/64195\/revisions"}],"predecessor-version":[{"id":199497,"href":"https:\/\/univet.hu\/hu\/wp-json\/wp\/v2\/pages\/64195\/revisions\/199497"}],"up":[{"embeddable":true,"href":"https:\/\/univet.hu\/hu\/wp-json\/wp\/v2\/pages\/858"}],"wp:attachment":[{"href":"https:\/\/univet.hu\/hu\/wp-json\/wp\/v2\/media?parent=64195"}],"wp:term":[{"taxonomy":"category","embeddable":true,"href":"https:\/\/univet.hu\/hu\/wp-json\/wp\/v2\/categories?post=64195"},{"taxonomy":"post_tag","embeddable":true,"href":"https:\/\/univet.hu\/hu\/wp-json\/wp\/v2\/tags?post=64195"}],"curies":[{"name":"wp","href":"https:\/\/api.w.org\/{rel}","templated":true}]}}