{"id":642,"date":"2018-02-14T17:32:00","date_gmt":"2018-02-14T16:32:00","guid":{"rendered":"http:\/\/univet.hu\/oktatas\/tanulmanyi-osztaly\/szabalyzatok\/"},"modified":"2025-08-14T09:59:37","modified_gmt":"2025-08-14T07:59:37","slug":"szabalyzatok","status":"publish","type":"page","link":"https:\/\/univet.hu\/hu\/oktatas\/tanulmanyi-osztaly\/szabalyzatok\/","title":{"rendered":"Szab\u00e1lyzatok"},"content":{"rendered":"<ul> <li><a href=\"https:\/\/univet.hu\/wp-content\/uploads\/2025\/08\/ATE_HKR_03_TVSZ_20250724_v1.pdf\" target=\"_blank\" rel=\"noopener\">Tanulm\u00e1nyi \u00e9s vizsgaszab\u00e1lyzat<\/a><\/li> <li><a href=\"https:\/\/univet.hu\/wp-content\/uploads\/2025\/08\/ATE_HKR_04_HJT_20250724.pdf\" target=\"_blank\" rel=\"noopener\">Hallgat\u00f3i t\u00e9r\u00edt\u00e9sek \u00e9s juttat\u00e1sok szab\u00e1lyzata<\/a><\/li> <li><a href=\"https:\/\/net.jogtar.hu\/getpdf?docid=a1100204.tv&amp;targetdate=&amp;printTitle=2011.+%C3%A9vi+CCIV.+t%C3%B6rv%C3%A9ny\" data-replaced=\"true\">2011. \u00e9vi CCIV. t\u00f6rv\u00e9ny a nemzeti fels\u0151oktat\u00e1sr\u00f3l<\/a><\/li> <li>18\/2016. (VIII. 5.) EMMI rendelet a fels\u0151oktat\u00e1si szakk\u00e9pz\u00e9sek, az alap- \u00e9s mesterk\u00e9pz\u00e9sek k\u00e9pz\u00e9si \u00e9s kimeneti k\u00f6vetelm\u00e9nyeir\u0151l <ul> <li><a href=\"https:\/\/univet.hu\/wp-content\/uploads\/2019\/02\/\u00c1llatorvos-KKK.pdf\" data-replaced=\"true\">\u00c1llatorvosi osztatlan szak k\u00e9pz\u00e9si \u00e9s kimeneti k\u00f6vetelm\u00e9nyei<\/a><\/li> <li><a href=\"https:\/\/univet.hu\/wp-content\/uploads\/2019\/02\/Biol\u00f3gia-KKK.pdf\" data-replaced=\"true\">Biol\u00f3gia alapk\u00e9pz\u00e9si szak k\u00e9pz\u00e9si \u00e9s kimeneti k\u00f6vetelm\u00e9nyei<\/a><\/li> <li><a href=\"https:\/\/univet.hu\/wp-content\/uploads\/2019\/02\/Biol\u00f3gus-KKK.pdf\" data-replaced=\"true\">Biol\u00f3gus mesterk\u00e9pz\u00e9si szak k\u00e9pz\u00e9si \u00e9s kimeneti k\u00f6vetelm\u00e9nyei<\/a><\/li> <\/ul> <\/li> <\/ul> <ul> <li><a href=\"https:\/\/univet.hu\/wp-content\/uploads\/2025\/05\/ATE_HKR_felve\u0301teli-szaba\u0301lyzat_20241212_v-2.pdf.pdf\">Felv\u00e9teli szab\u00e1lyzat<\/a><\/li> <li><a href=\"https:\/\/univet.hu\/wp-content\/uploads\/2023\/01\/fakultat\u00edv-t\u00e1rgyak.xlsx\">Fakultat\u00edv tant\u00e1rgyak ismertet\u0151i<\/a><\/li> <li><a href=\"https:\/\/univet.hu\/wp-content\/uploads\/2019\/09\/\u00c1tsorol\u00e1sr\u00f3l-t\u00e1j\u00e9koztat\u00f3_2019_szeptembert\u0151l-\u00e9rv\u00e9nyes.pdf\">\u00c1tsorol\u00e1si t\u00e1j\u00e9koztat\u00f3<\/a><\/li> <li><a href=\"https:\/\/univet.hu\/wp-content\/uploads\/2019\/07\/\u00e1tsorol\u00e1si-t\u00e1j\u00e9koztat\u00f3.pdf\">\u00c1tsorol\u00e1si t\u00e1j\u00e9koztat\u00f3 minim\u00e1lisan el\u00e9rend\u0151 tanulm\u00e1nyi \u00e1tlagr\u00f3l<\/a><\/li> <\/ul>","protected":false},"excerpt":{"rendered":"<p>Tanulm\u00e1nyi \u00e9s vizsgaszab\u00e1lyzat Hallgat\u00f3i t\u00e9r\u00edt\u00e9sek \u00e9s juttat\u00e1sok szab\u00e1lyzata 2011. \u00e9vi CCIV. t\u00f6rv\u00e9ny a nemzeti fels\u0151oktat\u00e1sr\u00f3l 18\/2016. (VIII. 5.) EMMI rendelet a fels\u0151oktat\u00e1si szakk\u00e9pz\u00e9sek, az alap- \u00e9s mesterk\u00e9pz\u00e9sek k\u00e9pz\u00e9si \u00e9s kimeneti k\u00f6vetelm\u00e9nyeir\u0151l \u00c1llatorvosi osztatlan szak k\u00e9pz\u00e9si \u00e9s kimeneti k\u00f6vetelm\u00e9nyei Biol\u00f3gia alapk\u00e9pz\u00e9si szak k\u00e9pz\u00e9si \u00e9s kimeneti k\u00f6vetelm\u00e9nyei Biol\u00f3gus mesterk\u00e9pz\u00e9si szak k\u00e9pz\u00e9si \u00e9s kimeneti k\u00f6vetelm\u00e9nyei Felv\u00e9teli szab\u00e1lyzat Fakultat\u00edv<\/p>\n","protected":false},"author":1,"featured_media":0,"parent":615,"menu_order":229,"comment_status":"closed","ping_status":"closed","template":"","meta":{"_acf_changed":false,"footnotes":""},"categories":[],"tags":[],"class_list":["post-642","page","type-page","status-publish","hentry"],"acf":[],"_links":{"self":[{"href":"https:\/\/univet.hu\/hu\/wp-json\/wp\/v2\/pages\/642","targetHints":{"allow":["GET"]}}],"collection":[{"href":"https:\/\/univet.hu\/hu\/wp-json\/wp\/v2\/pages"}],"about":[{"href":"https:\/\/univet.hu\/hu\/wp-json\/wp\/v2\/types\/page"}],"author":[{"embeddable":true,"href":"https:\/\/univet.hu\/hu\/wp-json\/wp\/v2\/users\/1"}],"replies":[{"embeddable":true,"href":"https:\/\/univet.hu\/hu\/wp-json\/wp\/v2\/comments?post=642"}],"version-history":[{"count":5,"href":"https:\/\/univet.hu\/hu\/wp-json\/wp\/v2\/pages\/642\/revisions"}],"predecessor-version":[{"id":188758,"href":"https:\/\/univet.hu\/hu\/wp-json\/wp\/v2\/pages\/642\/revisions\/188758"}],"up":[{"embeddable":true,"href":"https:\/\/univet.hu\/hu\/wp-json\/wp\/v2\/pages\/615"}],"wp:attachment":[{"href":"https:\/\/univet.hu\/hu\/wp-json\/wp\/v2\/media?parent=642"}],"wp:term":[{"taxonomy":"category","embeddable":true,"href":"https:\/\/univet.hu\/hu\/wp-json\/wp\/v2\/categories?post=642"},{"taxonomy":"post_tag","embeddable":true,"href":"https:\/\/univet.hu\/hu\/wp-json\/wp\/v2\/tags?post=642"}],"curies":[{"name":"wp","href":"https:\/\/api.w.org\/{rel}","templated":true}]}}