{"id":643,"date":"2018-01-31T09:26:00","date_gmt":"2018-01-31T08:26:00","guid":{"rendered":"http:\/\/univet.hu\/oktatas\/tanulmanyi-osztaly\/mintatantervek\/"},"modified":"2026-01-26T13:55:08","modified_gmt":"2026-01-26T12:55:08","slug":"mintatantervek","status":"publish","type":"page","link":"https:\/\/univet.hu\/hu\/oktatas\/tanulmanyi-osztaly\/mintatantervek\/","title":{"rendered":"Mintatantervek"},"content":{"rendered":"<p><a href=\"https:\/\/univet.hu\/wp-content\/uploads\/2025\/09\/Fakultaciok_Marek-osztondijas-hallgatoknak_felevekkel-2025_09_08.xlsx\" target=\"_blank\" rel=\"noopener\">MAREK J\u00d3ZSEF \u00d6SZT\u00d6ND\u00cdJAS HALLGAT\u00d3K SZ\u00c1M\u00c1RA ELFOGADOTT FAKULTAT\u00cdV TANT\u00c1RGYAK LIST\u00c1JA<\/a><\/p> <p><a href=\"https:\/\/univet.hu\/wp-content\/uploads\/2026\/01\/Fakultaciok_Marek-osztondijas-hallgatoknak_felevekkel-2026_01_26.pdf\" target=\"_blank\" rel=\"noopener\">MAREK J\u00d3ZSEF \u00d6SZT\u00d6ND\u00cdJAS HALLGAT\u00d3K SZ\u00c1M\u00c1RA ELFOGADOTT FAKULTAT\u00cdV TANT\u00c1RGYAK LIST\u00c1JA 2025\/26\/2<\/a><\/p> <p>&nbsp;<\/p> <p><strong><span style=\"font-size: 14pt\">\u00c1llatorvosi osztatlan szak<\/span><\/strong><\/p> <p><a href=\"https:\/\/univet.hu\/wp-content\/uploads\/2024\/12\/03_El\u0151tanulm\u00e1nyi-felt\u00e9telek_allatorvos-2024_12_12-i-m\u00f3dos\u00edt\u00e1s.pdf\">El\u0151tanulm\u00e1nyi felt\u00e9telek az \u00faj mintatantervhez 2024.12.12-i m\u00f3dos\u00edt\u00e1s<\/a><\/p> <p><a href=\"https:\/\/univet.hu\/wp-content\/uploads\/2023\/01\/El\u0151tanulm\u00e1nyi-felt\u00e9telek-az-\u00faj-mintatantervhez-2022.07.30-i-m\u00f3dos\u00edt\u00e1s.docx\">El\u0151tanulm\u00e1nyi felt\u00e9telek az \u00faj mintatantervhez 2022.07.30-i m\u00f3dos\u00edt\u00e1s<\/a><\/p> <p><a href=\"https:\/\/univet.hu\/wp-content\/uploads\/2022\/01\/El\u0151tanulm\u00e1nyi-felt\u00e9telek-az-\u00faj-mintatantervhez-2021.12.02-i-m\u00f3dos\u00edt\u00e1s.docx\">El\u0151tanulm\u00e1nyi felt\u00e9telek az \u00faj mintatantervhez 2021.12.02-i m\u00f3dos\u00edt\u00e1s<\/a><\/p> <p><a href=\"https:\/\/univet.hu\/wp-content\/uploads\/2021\/06\/El\u0151tanulm\u00e1nyi-felt\u00e9telek-az-\u00faj-mintatantervhez-2021.05.19-i-m\u00f3dos\u00edt\u00e1s.docx\">El\u0151tanulm\u00e1nyi felt\u00e9telek az \u00faj mintatantervhez 2021.05.19-i m\u00f3dos\u00edt\u00e1s<\/a><\/p> <p><a href=\"https:\/\/univet.hu\/wp-content\/uploads\/2021\/08\/El\u0151tanulm\u00e1nyi-felt\u00e9telek-az-\u00faj-mintatantervhez-2020.12.10-i-m\u00f3dos\u00edt\u00e1s.docx\">El\u0151tanulm\u00e1nyi felt\u00e9telek 2017, 2018, 2019-es mintatantervekhez<\/a><\/p> <p><a href=\"https:\/\/univet.hu\/wp-content\/uploads\/2025\/08\/Mintatanterv_vizsgakkal_HU_2025_07_17.xlsx\">\u00c1llatorvosi osztatlan szak mintatanterve 2025-t\u0151l &#8211; magyar nyelv\u0171 k\u00e9pz\u00e9s<\/a><\/p> <p><a href=\"https:\/\/univet.hu\/wp-content\/uploads\/2023\/07\/Mintatanterv_vizsg\u00e1kkal_HU_2023_03_24.xlsx\">\u00c1llatorvosi egys\u00e9ges, osztatlan szak mintatanterve 2023-t\u00f3l &#8211; magyar nyelv\u0171 k\u00e9pz\u00e9s<\/a><\/p> <p><a href=\"https:\/\/univet.hu\/wp-content\/uploads\/2023\/01\/Mintatanterv_vizsg\u00e1kkal_HU_2022_07_30.xlsx\">\u00c1llatorvosi egys\u00e9ges, osztatlan szak mintatanterve 2022-t\u0151l &#8211; magyar nyelv\u0171 k\u00e9pz\u00e9s<\/a><\/p> <p><a href=\"https:\/\/univet.hu\/wp-content\/uploads\/2022\/01\/Mintatanterv_vizsg\u00e1kkal_HU_2021_12_01.xlsx\">\u00c1llatorvosi egys\u00e9ges, osztatlan szak mintatanterve 2021-t\u0151l &#8211; magyar nyelv\u0171 k\u00e9pz\u00e9s<\/a><\/p> <p><a href=\"https:\/\/univet.hu\/wp-content\/uploads\/2021\/06\/Mintatanterv_vizsg\u00e1kkal_HU_2021_05_05.xlsx\">\u00c1llatorvosi egys\u00e9ges, osztatlan szak mintatanterve 2020-t\u00f3l &#8211; magyar nyelv\u0171 k\u00e9pz\u00e9s<\/a><\/p> <p><a href=\"https:\/\/univet.hu\/wp-content\/uploads\/2021\/08\/Mintatanterv_vizsg\u00e1kkal_HU_2020_12_05-1.xlsx\">\u00c1llatorvosi egys\u00e9ges, osztatlan szak mintatanterve 2017, 2018, 2019 &#8211; magyar nyelv\u0171 k\u00e9pz\u00e9s<\/a><\/p> <p><a title=\"Mintatanterv \u00c1llatorvos\" href=\"https:\/\/univet.hu\/files\/subpages\/34\/files\/allatorvosi-mintatanterv_2013.pdf\" target=\"_blank\" rel=\"noopener\" data-replaced=\"true\">\u00c1llatorvosi egys\u00e9ges, osztatlan szak mintatanterve 2013-t\u00f3l<\/a><\/p> <p><a href=\"https:\/\/univet.hu\/files\/subpages\/34\/files\/AO_MT_2014.pdf\" target=\"_blank\" rel=\"noopener\" data-replaced=\"true\">\u00c1llatorvosi egys\u00e9ges, osztatlan szak mintatanterve 2014-t\u0151l<\/a><\/p> <p><a href=\"https:\/\/univet.hu\/wp-content\/uploads\/2023\/01\/Az-\u00c1llatorvostudom\u00e1nyi-Egyetem-K\u00e9pz\u00e9si-programja.docx\">\u00c1llatorvosi szak k\u00e9pz\u00e9si programja<\/a><\/p> <p>&nbsp;<\/p> <p><span style=\"font-size: 14pt\"><strong>Kutat\u00f3 zool\u00f3gus osztatlan szak<\/strong><\/span><\/p> <p><a href=\"https:\/\/univet.hu\/wp-content\/uploads\/2023\/09\/Zool\u00f3gus_Mintatanterv_vizsg\u00e1kkal-ATLImodositas_v1.xlsx\">Kutat\u00f3 zool\u00f3gus osztatlan szak mintatanterve 2023-t\u00f3l &#8211; angol nyelv\u0171 k\u00e9pz\u00e9s<\/a><\/p> <p><a href=\"https:\/\/univet.hu\/wp-content\/uploads\/2023\/10\/ElotanulmanyiFeltetelek_KutatoZoologus_v2-002.pdf\">Kutat\u00f3 zool\u00f3gus osztatlan szak el\u0151tanulm\u00e1nyi felt\u00e9telei 2023-t\u00f3l<\/a><\/p> <p><a href=\"https:\/\/univet.hu\/wp-content\/uploads\/2024\/05\/Zool\u00f3gus_Mintatanterv_vizsg\u00e1kkal-ATLImodositas_v1.1.xlsx\">Kutat\u00f3 zool\u00f3gus osztatlan szak mintatanterve 2024-t\u0151l &#8211; angol nyelv\u0171 k\u00e9pz\u00e9s<\/a><\/p> <p><a href=\"https:\/\/univet.hu\/wp-content\/uploads\/2024\/12\/03_ElotanulmanyiFeltetelek_KutatoZoologus_2024_2025_20241212.pdf\">Kutat\u00f3 zool\u00f3gus osztatlan szak el\u0151tanulm\u00e1nyi felt\u00e9telei 2024-t\u0151l<\/a><\/p> <p><a href=\"https:\/\/univet.hu\/wp-content\/uploads\/2025\/08\/Zoologus_Mintatanterv_vizsgakkal-2025v1.xlsx\">Kutat\u00f3 zool\u00f3gus osztatlan szak mintatanterve 2025-t\u0151l &#8211; angol nyelv\u0171 k\u00e9pz\u00e9s<\/a><\/p> <p><a href=\"https:\/\/univet.hu\/wp-content\/uploads\/2026\/01\/ElotanulmanyiFeltetelek_KutatoZoologus_2025_05_07.pdf\">El\u0151tanulm\u00e1nyi felt\u00e9telek Kutat\u00f3 zool\u00f3gus osztatlan szak 2025.05.07-i m\u00f3dos\u00edt\u00e1s<\/a><\/p> <p>&nbsp;<\/p> <p><strong><span style=\"font-size: 14pt\">Biol\u00f3gia alapk\u00e9pz\u00e9s \u00e9s Biol\u00f3gus mesterk\u00e9pz\u00e9s<\/span><\/strong><\/p> <p><a href=\"https:\/\/univet.hu\/files\/subpages\/34\/files\/Biol_KKK.pdf\" data-replaced=\"true\">Biol\u00f3gia alapk\u00e9pz\u00e9s \u00e9s biol\u00f3gus mesterk\u00e9pz\u00e9s zool\u00f3gus specializ\u00e1ci\u00f3val mintatanterv 2017<\/a><\/p> <p><a title=\"Mintatanterv - biol\u00f3gus bsc\" href=\"https:\/\/univet.hu\/files\/subpages\/34\/files\/biologia-BSc-mintatanterv-2012.pdf\" target=\"_blank\" rel=\"noopener\" data-replaced=\"true\">Biol\u00f3gia alapk\u00e9pz\u00e9si szak mintatanterve 2012-t\u0151l<\/a><\/p> <p><a title=\"Mintatanterv - biol\u00f3gus msc\" href=\"https:\/\/univet.hu\/files\/subpages\/34\/files\/biologus-MSc-mintatanterv-2012.pdf\" target=\"_blank\" rel=\"noopener\" data-replaced=\"true\">Biol\u00f3gus mesterk\u00e9pz\u00e9si szak mintatanterve 2012-t\u0151l<\/a><\/p> <p><a href=\"https:\/\/univet.hu\/wp-content\/uploads\/2025\/01\/biolkepzesiterv.pdf\">Biol\u00f3gia alapk\u00e9pz\u00e9s \u00e9s Biol\u00f3gus mesterk\u00e9pz\u00e9s zool\u00f3gus specializ\u00e1ci\u00f3val k\u00e9pz\u00e9si terve<\/a><\/p>","protected":false},"excerpt":{"rendered":"<p>MAREK J\u00d3ZSEF \u00d6SZT\u00d6ND\u00cdJAS HALLGAT\u00d3K SZ\u00c1M\u00c1RA ELFOGADOTT FAKULTAT\u00cdV TANT\u00c1RGYAK LIST\u00c1JA MAREK J\u00d3ZSEF \u00d6SZT\u00d6ND\u00cdJAS HALLGAT\u00d3K SZ\u00c1M\u00c1RA ELFOGADOTT FAKULTAT\u00cdV TANT\u00c1RGYAK LIST\u00c1JA 2025\/26\/2 &nbsp; \u00c1llatorvosi osztatlan szak El\u0151tanulm\u00e1nyi felt\u00e9telek az \u00faj mintatantervhez 2024.12.12-i m\u00f3dos\u00edt\u00e1s El\u0151tanulm\u00e1nyi felt\u00e9telek az \u00faj mintatantervhez 2022.07.30-i m\u00f3dos\u00edt\u00e1s El\u0151tanulm\u00e1nyi felt\u00e9telek az \u00faj mintatantervhez 2021.12.02-i m\u00f3dos\u00edt\u00e1s El\u0151tanulm\u00e1nyi felt\u00e9telek az \u00faj mintatantervhez 2021.05.19-i m\u00f3dos\u00edt\u00e1s El\u0151tanulm\u00e1nyi felt\u00e9telek 2017, 2018,<\/p>\n","protected":false},"author":1,"featured_media":0,"parent":615,"menu_order":229,"comment_status":"closed","ping_status":"closed","template":"","meta":{"_acf_changed":false,"footnotes":""},"categories":[],"tags":[],"class_list":["post-643","page","type-page","status-publish","hentry"],"acf":[],"_links":{"self":[{"href":"https:\/\/univet.hu\/hu\/wp-json\/wp\/v2\/pages\/643","targetHints":{"allow":["GET"]}}],"collection":[{"href":"https:\/\/univet.hu\/hu\/wp-json\/wp\/v2\/pages"}],"about":[{"href":"https:\/\/univet.hu\/hu\/wp-json\/wp\/v2\/types\/page"}],"author":[{"embeddable":true,"href":"https:\/\/univet.hu\/hu\/wp-json\/wp\/v2\/users\/1"}],"replies":[{"embeddable":true,"href":"https:\/\/univet.hu\/hu\/wp-json\/wp\/v2\/comments?post=643"}],"version-history":[{"count":15,"href":"https:\/\/univet.hu\/hu\/wp-json\/wp\/v2\/pages\/643\/revisions"}],"predecessor-version":[{"id":198233,"href":"https:\/\/univet.hu\/hu\/wp-json\/wp\/v2\/pages\/643\/revisions\/198233"}],"up":[{"embeddable":true,"href":"https:\/\/univet.hu\/hu\/wp-json\/wp\/v2\/pages\/615"}],"wp:attachment":[{"href":"https:\/\/univet.hu\/hu\/wp-json\/wp\/v2\/media?parent=643"}],"wp:term":[{"taxonomy":"category","embeddable":true,"href":"https:\/\/univet.hu\/hu\/wp-json\/wp\/v2\/categories?post=643"},{"taxonomy":"post_tag","embeddable":true,"href":"https:\/\/univet.hu\/hu\/wp-json\/wp\/v2\/tags?post=643"}],"curies":[{"name":"wp","href":"https:\/\/api.w.org\/{rel}","templated":true}]}}