{"id":64383,"date":"2021-05-11T08:57:02","date_gmt":"2021-05-11T06:57:02","guid":{"rendered":"https:\/\/univet.hu\/?page_id=64383"},"modified":"2026-03-25T10:03:22","modified_gmt":"2026-03-25T09:03:22","slug":"murban-barbara","status":"publish","type":"page","link":"https:\/\/univet.hu\/hu\/egyetem\/munkatarsak\/murban-barbara\/","title":{"rendered":"Murb\u00e1n Barbara"},"content":{"rendered":"<p>EFOP-3.6.1-16-2016-00024 azonos\u00edt\u00f3 sz\u00e1m\u00fa \u201eIntelligens szakosod\u00e1st szolg\u00e1l\u00f3 fejleszt\u00e9sek az \u00c1llatorvostudom\u00e1nyi Egyetem \u00e9s a Sz\u00e9chenyi Istv\u00e1n Egyetem Mez\u0151gazdas\u00e1g- \u00e9s \u00c9lelmiszertudom\u00e1nyi Kar\u00e1nak egy\u00fcttm\u0171k\u00f6d\u00e9s\u00e9ben\u201d c\u00edm\u0171 projekt (PAKUEU1000) p\u00e9nz\u00fcgyi vezet\u0151je.<\/p> <p>&nbsp;<\/p> <p>2019-1.1.1-PIACI-KFI-2019-00118 azonos\u00edt\u00f3 sz\u00e1m\u00fa \u201eMICROBI \u2013 Intelligens mikroreaktorok alkalmaz\u00e1sa biol\u00f3giai szennyv\u00edztiszt\u00edt\u00e1sban\u201d c\u00edm\u0171 projekt (PAKUHU4200) projektmenedzsere.<\/p>","protected":false},"excerpt":{"rendered":"<p>EFOP-3.6.1-16-2016-00024 azonos\u00edt\u00f3 sz\u00e1m\u00fa \u201eIntelligens szakosod\u00e1st szolg\u00e1l\u00f3 fejleszt\u00e9sek az \u00c1llatorvostudom\u00e1nyi Egyetem \u00e9s a Sz\u00e9chenyi Istv\u00e1n Egyetem Mez\u0151gazdas\u00e1g- \u00e9s \u00c9lelmiszertudom\u00e1nyi Kar\u00e1nak egy\u00fcttm\u0171k\u00f6d\u00e9s\u00e9ben\u201d c\u00edm\u0171 projekt (PAKUEU1000) p\u00e9nz\u00fcgyi vezet\u0151je. &nbsp; 2019-1.1.1-PIACI-KFI-2019-00118 azonos\u00edt\u00f3 sz\u00e1m\u00fa \u201eMICROBI \u2013 Intelligens mikroreaktorok alkalmaz\u00e1sa biol\u00f3giai szennyv\u00edztiszt\u00edt\u00e1sban\u201d c\u00edm\u0171 projekt (PAKUHU4200) projektmenedzsere.<\/p>\n","protected":false},"author":5824,"featured_media":0,"parent":858,"menu_order":37,"comment_status":"closed","ping_status":"closed","template":"","meta":{"_acf_changed":false,"footnotes":""},"categories":[56],"tags":[],"class_list":["post-64383","page","type-page","status-publish","hentry","category-munkatarsak"],"acf":[],"_links":{"self":[{"href":"https:\/\/univet.hu\/hu\/wp-json\/wp\/v2\/pages\/64383","targetHints":{"allow":["GET"]}}],"collection":[{"href":"https:\/\/univet.hu\/hu\/wp-json\/wp\/v2\/pages"}],"about":[{"href":"https:\/\/univet.hu\/hu\/wp-json\/wp\/v2\/types\/page"}],"author":[{"embeddable":true,"href":"https:\/\/univet.hu\/hu\/wp-json\/wp\/v2\/users\/5824"}],"replies":[{"embeddable":true,"href":"https:\/\/univet.hu\/hu\/wp-json\/wp\/v2\/comments?post=64383"}],"version-history":[{"count":4,"href":"https:\/\/univet.hu\/hu\/wp-json\/wp\/v2\/pages\/64383\/revisions"}],"predecessor-version":[{"id":204159,"href":"https:\/\/univet.hu\/hu\/wp-json\/wp\/v2\/pages\/64383\/revisions\/204159"}],"up":[{"embeddable":true,"href":"https:\/\/univet.hu\/hu\/wp-json\/wp\/v2\/pages\/858"}],"wp:attachment":[{"href":"https:\/\/univet.hu\/hu\/wp-json\/wp\/v2\/media?parent=64383"}],"wp:term":[{"taxonomy":"category","embeddable":true,"href":"https:\/\/univet.hu\/hu\/wp-json\/wp\/v2\/categories?post=64383"},{"taxonomy":"post_tag","embeddable":true,"href":"https:\/\/univet.hu\/hu\/wp-json\/wp\/v2\/tags?post=64383"}],"curies":[{"name":"wp","href":"https:\/\/api.w.org\/{rel}","templated":true}]}}