{"id":64576,"date":"2021-05-19T12:05:52","date_gmt":"2021-05-19T10:05:52","guid":{"rendered":"https:\/\/univet.hu\/hu\/kutatas\/deokfii\/tevekenyseg\/ujonnan-felmerulo-kockazatok-azonositasa\/a-kozelmultban-detektalt-kockazatok-es-jelzesek\/name\/"},"modified":"2021-05-19T12:10:58","modified_gmt":"2021-05-19T10:10:58","slug":"artalmas-algaviragzas-es-%ce%b2-n-methylamino-l-alanine-bmaa-neurotoxin-esetleges-kapcsolata","status":"publish","type":"page","link":"https:\/\/univet.hu\/hu\/kutatas\/deokfii\/tevekenyseg\/ujonnan-felmerulo-kockazatok-azonositasa\/a-kozelmultban-detektalt-kockazatok-es-jelzesek\/artalmas-algaviragzas-es-%ce%b2-n-methylamino-l-alanine-bmaa-neurotoxin-esetleges-kapcsolata\/","title":{"rendered":"\u00c1rtalmas algavir\u00e1gz\u00e1s \u00e9s \u03b2-N-methylamino-L-alanine (BMAA) neurotoxin esetleges kapcsolata"},"content":{"rendered":"<p>&nbsp;<\/p> <p>A \u03b2-N-methylamino-L-alanine (BMAA) neurotoxin neurodegenerat\u00edv hat\u00e1ssal rendelkezik, friss <a href=\"https:\/\/www.ncbi.nlm.nih.gov\/pmc\/articles\/PMC5793093\/\" target=\"_blank\" rel=\"noopener\">tanulm\u00e1nyok<\/a> szerint szerepet j\u00e1tszhat Alzheimer-, amiotr\u00f3fi\u00e1s later\u00e1lszkler\u00f3zis\/Parkinson-k\u00f3r (ALS\/PDC) kialakul\u00e1s\u00e1ban. 1950-ben megfigyelt\u00e9k, hogy az ALS\/PDC megbeteged\u00e9sek sz\u00e1ma 50-100x nagyobb Jap\u00e1n (Kii Peninsula, Honshu) \u00e9s Indon\u00e9zia (Island of New Guinea in West Papua) egyes szigetein. Cik\u00e1sz (Cycas micronesica) magvak, abb\u00f3l k\u00e9sz\u00fclt \u00e9telek (liszt), olyan \u00e1llatok elfogyaszt\u00e1sa, melyek cik\u00e1sz magvakkal t\u00e1pl\u00e1lkoznak (denev\u00e9r, sert\u00e9s, szarvas) egy\u00e9rtelm\u0171en \u00f6sszef\u00fcgg\u00e9sbe hozhat\u00f3 a ALS\/PDC kialakul\u00e1s\u00e1val.<\/p> <p>2003-ban le\u00edrt\u00e1k, hogy t\u00f6bb <em>Cyanobacter<\/em> is k\u00e9pes BMAA-t termelni, a <em>Cyanobacter<\/em>ek szimbi\u00f3zisban \u00e9lnek a cik\u00e1sz-f\u00e9l\u00e9kkel azok gy\u00f6kerein, de ennek ellen\u00e9re \/ emellett a vizekben el\u0151fordul\u00f3 <em>Cyanobacter<\/em>ek is k\u00e9pes BMAA-t termelni. Lok\u00e1lisan tavak, lag\u00fan\u00e1k, alg\u00e1s (alg\u00e1sod\u00e1sra hajlamos) partszakaszok mellett Franciaorsz\u00e1gban \u00e9s az USA-ban t\u00f6bb olyan ter\u00fcletet azonos\u00edtottak, ahol magasabb sz\u00e1mban fordultak el\u0151 ALS\/PDC betegek. A kapcsolatot az ezen a ter\u00fcleten termelt \u00e9s elfogyasztott kagyl\u00f3- \u00e9s r\u00e1kf\u00e9l\u00e9kkel magyar\u00e1zt\u00e1k. BMAA kimutathat\u00f3 ezen fel\u00fcl m\u00e1s tenger gy\u00fcm\u00f6lcseiben, k\u00e9k-z\u00f6ld alga k\u00e9sz\u00edtm\u00e9nyekben (BGAS), iv\u00f3vizekben. Lep\u00e9nyhalban, heringben 20 \u00b5g\/kg, osztrig\u00e1ban, kagyl\u00f3ban ak\u00e1r 14000 \u00b5g\/kg BMAA-t is m\u00e9rtek. A BMAA koncentr\u00e1ci\u00f3ja a ny\u00e1ri id\u0151szakban jellemz\u0151en magasabb.<\/p> <p>A BMAA kimutat\u00e1si lehet\u0151s\u00e9gei nagyban megv\u00e1ltoztak, ahogy fejl\u0151dnek az analitikai m\u00f3dszerek. Egyel\u0151re nem biztos, hogy val\u00f3ban a <em>Cyanobacter<\/em> termeli \u00e9s milyen \u00e1llapotban (stabil, k\u00f6t\u00f6tt) a BMAA-t. Egyel\u0151re nem \u00e1llnak rendelkez\u00e9s\u00e9re adatok, nem nagyon m\u00e9rtek m\u00e9g BMAA szinteket, az eddig le\u00edrt ALS\/PDC kialakul\u00e1s-BMAA esetek nem meggy\u0151z\u0151ek, m\u00e9g mindig sok a nyitott k\u00e9rd\u00e9s. A francia ANSES nem \u00edt\u00e9lte megfelel\u0151nek a hozz\u00e1f\u00e9rhet\u0151 adatokat, melyek alapj\u00e1n meg lehetne \u00e1llap\u00edtani az egy\u00e9rtelm\u0171 \u00f6sszef\u00fcgg\u00e9st az ALS\/PDC \u00e9s BMAA k\u00f6z\u00f6tt. Ugyanakkor <em>in vivo<\/em> \u00e9s <em>in vitro<\/em> k\u00eds\u00e9rletek is bizony\u00edtott\u00e1k a BMAA neurodegenerat\u00edv hat\u00e1s\u00e1t. Az EFSA Emerging Risk h\u00e1l\u00f3zata 2017-ben \u00fagy hat\u00e1rozott, hogy nem lehet kock\u00e1zatbecsl\u00e9st csin\u00e1lni, megb\u00edzhat\u00f3bb analitikai m\u00f3dszerekre van sz\u00fcks\u00e9g. Valamint figyelembe kell venni a kl\u00edmav\u00e1ltoz\u00e1s hat\u00e1s\u00e1t is, mely a <em>Cyanobacter<\/em>ek nagyobb terjed\u00e9s\u00e9t fogja okozni \u00e9s nagyobb volumen\u0171 epidemiol\u00f3giai adatokra van sz\u00fcks\u00e9g.<\/p> <p>Szint\u00e9n a t\u00e9m\u00e1hoz kapcsol\u00f3d\u00f3 h\u00edr, hogy 2020 \u0151sz\u00e9n siker\u00fclt azonos\u00edtani a botswanai t\u00f6meges elef\u00e1ntpusztul\u00e1s ok\u00e1t, a tesztek cianobakteri\u00e1lis idegm\u00e9rgeket <a href=\"https:\/\/444.hu\/2020\/09\/21\/magyarazatot-talaltak-a-botswanai-tomeges-elefantpusztulasra\" target=\"_blank\" rel=\"noopener\">azonos\u00edtottak<\/a> az egyedek hal\u00e1l\u00e1nak okak\u00e9nt.<\/p> <p>2019-t\u0151l egyre t\u00f6bb h\u00edr jelent meg a m\u00e9di\u00e1ban \u00e9s k\u00fcl\u00f6nb\u00f6z\u0151 szakmai f\u00f3rumokon, (l\u00e1sd p\u00e9ld\u00e1ul <a href=\"http:\/\/www.hirbalaton.hu\/kutatok-informacio-es-eszmecsereje-a-balaton-nyari-algasodasarol-i-resz\/\" target=\"_blank\" rel=\"noopener\">itt<\/a> \u00e9s <a href=\"http:\/\/videk.ma\/2019\/10\/a-balaton-is-erintett-vilagszerte-sulyosbodik-az-edesvizi-tavakat-erinto-nyari-algaviragzas\/\" target=\"_blank\" rel=\"noopener\">itt<\/a>), amelyek az algavir\u00e1gz\u00e1s egyre gyakoribb jelens\u00e9g\u00e9vel foglalkoztak. Az algavir\u00e1gz\u00e1s kapcs\u00e1n c\u00e9lszer\u0171 megk\u00fcl\u00f6nb\u00f6ztetni a tengereket, \u00f3ce\u00e1nokat \u00e9s az \u00e9desv\u00edzi, felsz\u00edni v\u00edztereket. A tengerekben, \u00f3ce\u00e1nokban els\u0151sorban az alg\u00e1k id\u00e9znek el\u0151 m\u00e9rgez\u0151 algavir\u00e1gz\u00e1sokat, \u00e9s b\u00e1r az \u00e9desvizekben is vannak kellemetlen alg\u00e1k, legink\u00e1bb a cianobakt\u00e9riumok, vagy ahogy r\u00e9gebben nevezt\u00e9k \u0151ket, a k\u00e9kalg\u00e1k okoznak gondot. Ezeknek a fajoknak a t\u00f6meges elszaporod\u00e1sa nagyon l\u00e1tv\u00e1nyos: a v\u00edz er\u0151teljesen elsz\u00ednez\u0151dik k\u00e9kes-z\u00f6ldesre, v\u00f6r\u00f6ses-s\u00e1rg\u00e1sra vagy barn\u00e1s \u00e1rnyalat\u00fara. A jelens\u00e9g gyakran kellemetlen szaggal, \u00edzelv\u00e1ltoz\u00e1ssal j\u00e1r. Az adott v\u00edzt\u00e9rben sz\u00e9ls\u0151s\u00e9ges oxig\u00e9nfelt\u00e9telek teremt\u0151dnek, \u00e9s egyes fajok elszaporod\u00e1sakor a m\u00e9rgez\u0151 anyagcsereterm\u00e9kek k\u00e1ros hat\u00e1st fejtenek ki bizonyos \u00e9l\u0151l\u00e9nycsoportokra. N\u00e9h\u00e1ny algavir\u00e1gz\u00e1s eset\u00e9ben csak egy-egy \u00e9l\u0151l\u00e9nycsoport pusztul\u00e1s\u00e1t figyelt\u00e9k meg, p\u00e9ld\u00e1ul kiz\u00e1r\u00f3lag a halak\u00e9t, m\u00edg m\u00e1s esetekben embereken is kimutattak k\u00e1ros hat\u00e1st: b\u0151rki\u00fct\u00e9sek jelentek meg, s\u0151t, az iv\u00f3v\u00edz-t\u00e1roz\u00f3kban elszaporodott alg\u00e1k komoly megbeteged\u00e9sekhez, ak\u00e1r hal\u00e1lhoz vezethettek.<\/p> <p>A Balatonban t\u00f6bb olyan cianobakt\u00e9rium is megtal\u00e1lhat\u00f3, amelyek potenci\u00e1lis m\u00e9regtermel\u0151 szervezetek, ezek elszaporod\u00e1sa jelent\u0151s \u00f6kol\u00f3giai kock\u00e1zattal j\u00e1r \u00e9s sz\u00e1mos emberi v\u00edzhaszn\u00e1latot megnehez\u00edt vagy ak\u00e1r lehetetlenn\u00e9 tesz. 2020 nyar\u00e1n \u00fajra f\u00f3kuszba ker\u00fclt az algavir\u00e1gz\u00e1s \u00e9s potenci\u00e1lis vesz\u00e9lye, vil\u00e1gszerte egyre gyakoribb az algavir\u00e1gz\u00e1s, de eddig nem v\u00e9gzett senki olyan \u00e1tfog\u00f3 kutat\u00e1st, mely <a href=\"https:\/\/qubit.hu\/2020\/06\/19\/vilagszerte-egyre-tobb-toban-erosodik-az-algaviragzas-de-a-balaton-nem-tartozik-kozejuk\" target=\"_blank\" rel=\"noopener\">bizony\u00edtan\u00e1<\/a> a glob\u00e1lis jelens\u00e9g mivolt\u00e1t. 2019 ut\u00e1n, 2020 nyar\u00e1n sem volt kifog\u00e1solhatatlan a Balaton v\u00edzmin\u0151s\u00e9ge. V\u00f6r\u00f6s Lajos, a Balatoni Limnol\u00f3giai Int\u00e9zet kutat\u00f3ja azt <a href=\"https:\/\/24.hu\/tudomany\/2020\/08\/03\/hasmenest-kiutest-okozhatnak-a-burjanzo-balatoni-algak\/\" target=\"_blank\" rel=\"noopener\">nyilatkozta<\/a>, hogy jelenleg nincs el\u00e9g kutat\u00f3i kapacit\u00e1s az okok felt\u00e1r\u00e1s\u00e1ra. A kl\u00edmav\u00e1ltoz\u00e1s hat\u00e1s\u00e1ra, az emelked\u0151 v\u00edzh\u0151m\u00e9rs\u00e9klet (\u00e9s egy\u00e9b t\u00e9nyez\u0151k) k\u00f6vetkezt\u00e9ben a j\u00f6v\u0151ben gyakoribb\u00e1 v\u00e1lhatnak az algavir\u00e1gz\u00e1sok a Balatonban vagy ak\u00e1r m\u00e1s hazai tavainkban is.<\/p> <p>A fenti inform\u00e1ci\u00f3k f\u00e9ny\u00e9ben \u00fagy \u00edt\u00e9lj\u00fck meg, hogy az \u00fcgyet \u00e9rdemes nyomon k\u00f6vetni, hiszen term\u00e9szetes \u00e9l\u0151vizeink min\u0151s\u00e9ge \u00e9s biztons\u00e1ga kiemelt jelent\u0151s\u00e9g\u0171.<\/p>","protected":false},"excerpt":{"rendered":"<p>&nbsp; A \u03b2-N-methylamino-L-alanine (BMAA) neurotoxin neurodegenerat\u00edv hat\u00e1ssal rendelkezik, friss tanulm\u00e1nyok szerint szerepet j\u00e1tszhat Alzheimer-, amiotr\u00f3fi\u00e1s later\u00e1lszkler\u00f3zis\/Parkinson-k\u00f3r (ALS\/PDC) kialakul\u00e1s\u00e1ban. 1950-ben megfigyelt\u00e9k, hogy az ALS\/PDC megbeteged\u00e9sek sz\u00e1ma 50-100x nagyobb Jap\u00e1n (Kii Peninsula, Honshu) \u00e9s Indon\u00e9zia (Island of New Guinea in West Papua) egyes szigetein. Cik\u00e1sz (Cycas micronesica) magvak, abb\u00f3l k\u00e9sz\u00fclt \u00e9telek (liszt), olyan \u00e1llatok elfogyaszt\u00e1sa, melyek cik\u00e1sz<\/p>\n","protected":false},"author":3268,"featured_media":0,"parent":58752,"menu_order":0,"comment_status":"open","ping_status":"open","template":"","meta":{"_acf_changed":false,"footnotes":""},"categories":[],"tags":[],"class_list":["post-64576","page","type-page","status-publish","hentry"],"acf":[],"_links":{"self":[{"href":"https:\/\/univet.hu\/hu\/wp-json\/wp\/v2\/pages\/64576","targetHints":{"allow":["GET"]}}],"collection":[{"href":"https:\/\/univet.hu\/hu\/wp-json\/wp\/v2\/pages"}],"about":[{"href":"https:\/\/univet.hu\/hu\/wp-json\/wp\/v2\/types\/page"}],"author":[{"embeddable":true,"href":"https:\/\/univet.hu\/hu\/wp-json\/wp\/v2\/users\/3268"}],"replies":[{"embeddable":true,"href":"https:\/\/univet.hu\/hu\/wp-json\/wp\/v2\/comments?post=64576"}],"version-history":[{"count":0,"href":"https:\/\/univet.hu\/hu\/wp-json\/wp\/v2\/pages\/64576\/revisions"}],"up":[{"embeddable":true,"href":"https:\/\/univet.hu\/hu\/wp-json\/wp\/v2\/pages\/58752"}],"wp:attachment":[{"href":"https:\/\/univet.hu\/hu\/wp-json\/wp\/v2\/media?parent=64576"}],"wp:term":[{"taxonomy":"category","embeddable":true,"href":"https:\/\/univet.hu\/hu\/wp-json\/wp\/v2\/categories?post=64576"},{"taxonomy":"post_tag","embeddable":true,"href":"https:\/\/univet.hu\/hu\/wp-json\/wp\/v2\/tags?post=64576"}],"curies":[{"name":"wp","href":"https:\/\/api.w.org\/{rel}","templated":true}]}}