{"id":646,"date":"2018-02-05T12:49:00","date_gmt":"2018-02-05T11:49:00","guid":{"rendered":"http:\/\/univet.hu\/oktatas\/tanulmanyi-osztaly\/neptun-info\/"},"modified":"2026-03-05T09:53:35","modified_gmt":"2026-03-05T08:53:35","slug":"neptun-info","status":"publish","type":"page","link":"https:\/\/univet.hu\/hu\/oktatas\/tanulmanyi-osztaly\/neptun-info\/","title":{"rendered":"NEPTUN-info"},"content":{"rendered":"<p class=\"x_MsoNormal\" style=\"text-align: center\" data-olk-copy-source=\"MessageBody\"><span style=\"color: #ff0000\">Tisztelt Hallgat\u00f3!<\/span><\/p> <p class=\"x_MsoNormal\" style=\"text-align: center\"><span style=\"color: #ff0000\">A neptun verzi\u00f3friss\u00edt\u00e9s\u00e9re van sz\u00fcks\u00e9g, \u00edgy a szolg\u00e1ltat\u00e1s nem lesz el\u00e9rhet\u0151 2025.11.19-\u00e9n 08:00-t\u00f3l. A szolg\u00e1ltat\u00e1s kies\u00e9s id\u0151tartama el\u0151re l\u00e1that\u00f3lag 4 \u00f3ra. Tov\u00e1bbi t\u00e1j\u00e9koztat\u00e1s a\u00a0<a href=\"https:\/\/univet.hu\/hu\/oktatas\/tanulmanyi-osztaly\/neptun-info\/\" target=\"_blank\" rel=\"noopener\">https:\/\/univet.hu\/hu\/oktatas\/tanulmanyi-osztaly\/neptun-info\/<\/a> oldalon. <strong>FRISS\u00cdT\u00c9S: A Neptun ism\u00e9t haszn\u00e1lhat\u00f3<\/strong><\/span><\/p> <p class=\"x_MsoNormal\" style=\"text-align: center\" data-olk-copy-source=\"MessageBody\"><span style=\"color: #ff0000\">Dear Student,<\/span><\/p> <p class=\"x_MsoNormal\" style=\"text-align: center\"><span style=\"color: #ff0000\">the Neptun system requires an update, so Neptun will be unavailable from 8 a.m. on 19.11.2025, for an estimated 4 hours. For more information, visit <a href=\"https:\/\/univet.hu\/en\/education\/students-secretariat\/news-from-the-students-secretariat\/\" target=\"_blank\" rel=\"noopener\">https:\/\/univet.hu\/en\/education\/students-secretariat\/news-from-the-students-secretariat\/<\/a> <strong>Update: Neptun is usable again<\/strong><\/span><\/p> <p>&nbsp;<\/p> <p class=\"x_MsoNormal\" style=\"text-align: center\"><span style=\"color: #ff0000\" data-olk-copy-source=\"MessageBody\">Sehr geehrte Studierende,<\/span><\/p> <p class=\"x_MsoNormal\" style=\"text-align: center\"><span style=\"color: #ff0000\">Aufgrund einer notwendigen Aktualisierung vom Neptun wird das System am 19.11.2025 ab 08:00 Uhr nicht verf\u00fcgbar sein.\u00a0<span lang=\"DE\">Die Dauer des Serviceausfalls wird voraussichtlich 4 Stunden betragen. <\/span><\/span><span style=\"color: #ff0000\">Weitere Informationen finden Sie unter <a href=\"https:\/\/univet.hu\/en\/education\/students-secretariat\/news-from-the-students-secretariat\/\" target=\"_blank\" rel=\"noopener\">https:\/\/univet.hu\/en\/education\/students-secretariat\/news-from-the-students-secretariat\/<\/a> <\/span><span style=\"color: #ff0000\"><strong>Update: Neptun ist wieder nutzbar.<\/strong><\/span><\/p> <p>&nbsp;<\/p> <p>Bejelentkez\u00e9s <a href=\"https:\/\/neptun.univet.hu\/ate_hw\/login\" data-replaced=\"true\">hallgat\u00f3k\u00e9nt<\/a><\/p> <p>Bejelentkez\u00e9s <a href=\"https:\/\/neptun.univet.hu\/ate_ow\/login.aspx\" data-replaced=\"true\">oktat\u00f3k\u00e9nt<\/a><\/p> <p>Neptun hiba bejelent\u00e9s: <a class=\"decrypt\" rel=\"ofquvo\/tvqqpsuAvojwfu\/iv\" href=\"javascript:void(0);\">[Kattintson az emailc\u00edmhez]<\/a><\/p> <p><a href=\"https:\/\/univet.hu\/wp-content\/uploads\/2026\/03\/Neptun-kliens.zip\">Neptun kliens let\u00f6lt\u00e9se<\/a> (hallgat\u00f3i bejelentkez\u00e9sre nem haszn\u00e1lhat\u00f3!)<\/p> <p>A let\u00f6lt\u00f6tt Neptun Kliens.zip file-t ki kell t\u00f6m\u00f6r\u00edteni, majd a kicsomagolt mapp\u00e1ba bel\u00e9pve a Neptun_Reloaded.exe file-t kell ind\u00edtani.<\/p>","protected":false},"excerpt":{"rendered":"<p>Itt l\u00e9phet be az egy\u00e9ni azonos\u00edt\u00f3 \u00e9s jelsz\u00f3 megad\u00e1s\u00e1val az egys\u00e9ges tanulm\u00e1nyi rendszer\u00fcnkbe.<\/p>\n","protected":false},"author":1,"featured_media":0,"parent":615,"menu_order":264,"comment_status":"closed","ping_status":"closed","template":"","meta":{"_acf_changed":false,"footnotes":""},"categories":[],"tags":[],"class_list":["post-646","page","type-page","status-publish","hentry"],"acf":[],"_links":{"self":[{"href":"https:\/\/univet.hu\/hu\/wp-json\/wp\/v2\/pages\/646","targetHints":{"allow":["GET"]}}],"collection":[{"href":"https:\/\/univet.hu\/hu\/wp-json\/wp\/v2\/pages"}],"about":[{"href":"https:\/\/univet.hu\/hu\/wp-json\/wp\/v2\/types\/page"}],"author":[{"embeddable":true,"href":"https:\/\/univet.hu\/hu\/wp-json\/wp\/v2\/users\/1"}],"replies":[{"embeddable":true,"href":"https:\/\/univet.hu\/hu\/wp-json\/wp\/v2\/comments?post=646"}],"version-history":[{"count":5,"href":"https:\/\/univet.hu\/hu\/wp-json\/wp\/v2\/pages\/646\/revisions"}],"predecessor-version":[{"id":202276,"href":"https:\/\/univet.hu\/hu\/wp-json\/wp\/v2\/pages\/646\/revisions\/202276"}],"up":[{"embeddable":true,"href":"https:\/\/univet.hu\/hu\/wp-json\/wp\/v2\/pages\/615"}],"wp:attachment":[{"href":"https:\/\/univet.hu\/hu\/wp-json\/wp\/v2\/media?parent=646"}],"wp:term":[{"taxonomy":"category","embeddable":true,"href":"https:\/\/univet.hu\/hu\/wp-json\/wp\/v2\/categories?post=646"},{"taxonomy":"post_tag","embeddable":true,"href":"https:\/\/univet.hu\/hu\/wp-json\/wp\/v2\/tags?post=646"}],"curies":[{"name":"wp","href":"https:\/\/api.w.org\/{rel}","templated":true}]}}