{"id":64600,"date":"2021-05-20T09:54:45","date_gmt":"2021-05-20T07:54:45","guid":{"rendered":"https:\/\/univet.hu\/?page_id=64600"},"modified":"2025-10-06T11:47:36","modified_gmt":"2025-10-06T09:47:36","slug":"prophyl-kft-2","status":"publish","type":"page","link":"https:\/\/univet.hu\/hu\/oktatas\/tanulmanyi-osztaly\/allasajanlatok\/prophyl-kft-2\/","title":{"rendered":"PROPHYL Kft."},"content":{"rendered":"<p>2025.10.06<\/p> <p><img loading=\"lazy\" decoding=\"async\" class=\"alignnone wp-image-191636 size-medium\" src=\"https:\/\/univet.hu\/wp-content\/uploads\/2025\/10\/Prophyl-Allatorvos-226x320.jpg\" alt=\"\u00c1llatorvos\" width=\"226\" height=\"320\" srcset=\"https:\/\/univet.hu\/wp-content\/uploads\/2025\/10\/Prophyl-Allatorvos-226x320.jpg 226w, https:\/\/univet.hu\/wp-content\/uploads\/2025\/10\/Prophyl-Allatorvos-679x960.jpg 679w, https:\/\/univet.hu\/wp-content\/uploads\/2025\/10\/Prophyl-Allatorvos-768x1086.jpg 768w, https:\/\/univet.hu\/wp-content\/uploads\/2025\/10\/Prophyl-Allatorvos.jpg 992w\" sizes=\"auto, (max-width: 226px) 100vw, 226px\" \/><\/p> <p>2024.11.05<\/p> <p><a href=\"https:\/\/univet.hu\/wp-content\/uploads\/2024\/11\/\u00c1ll\u00e1sp\u00e1ly\u00e1zat_ATE_patikavezeto-1.pdf\">\u00c1llatpatika vezet\u0151<\/a><\/p> <p>2023.07.25<\/p> <p><a href=\"https:\/\/univet.hu\/wp-content\/uploads\/2023\/07\/Allatorvos2023-1.pdf\">\u00c1llatorvos<\/a><\/p> <p><a href=\"https:\/\/univet.hu\/wp-content\/uploads\/2023\/07\/Patologus_allatorvos2023-1.pdf\">Patol\u00f3gus \u00e1llatorvos<\/a><\/p> <p>2021.05.20<\/p> <p><a href=\"https:\/\/univet.hu\/wp-content\/uploads\/2021\/05\/Allashirdetes-Allatorvos-2021-05-17.pdf\">\u00c1llatorvos<\/a><\/p>","protected":false},"excerpt":{"rendered":"<p>2025.10.06 2024.11.05 \u00c1llatpatika vezet\u0151 2023.07.25 \u00c1llatorvos Patol\u00f3gus \u00e1llatorvos 2021.05.20 \u00c1llatorvos<\/p>\n","protected":false},"author":2961,"featured_media":0,"parent":26415,"menu_order":112,"comment_status":"closed","ping_status":"closed","template":"","meta":{"_acf_changed":false,"footnotes":""},"categories":[],"tags":[],"class_list":["post-64600","page","type-page","status-publish","hentry"],"acf":[],"_links":{"self":[{"href":"https:\/\/univet.hu\/hu\/wp-json\/wp\/v2\/pages\/64600","targetHints":{"allow":["GET"]}}],"collection":[{"href":"https:\/\/univet.hu\/hu\/wp-json\/wp\/v2\/pages"}],"about":[{"href":"https:\/\/univet.hu\/hu\/wp-json\/wp\/v2\/types\/page"}],"author":[{"embeddable":true,"href":"https:\/\/univet.hu\/hu\/wp-json\/wp\/v2\/users\/2961"}],"replies":[{"embeddable":true,"href":"https:\/\/univet.hu\/hu\/wp-json\/wp\/v2\/comments?post=64600"}],"version-history":[{"count":2,"href":"https:\/\/univet.hu\/hu\/wp-json\/wp\/v2\/pages\/64600\/revisions"}],"predecessor-version":[{"id":191645,"href":"https:\/\/univet.hu\/hu\/wp-json\/wp\/v2\/pages\/64600\/revisions\/191645"}],"up":[{"embeddable":true,"href":"https:\/\/univet.hu\/hu\/wp-json\/wp\/v2\/pages\/26415"}],"wp:attachment":[{"href":"https:\/\/univet.hu\/hu\/wp-json\/wp\/v2\/media?parent=64600"}],"wp:term":[{"taxonomy":"category","embeddable":true,"href":"https:\/\/univet.hu\/hu\/wp-json\/wp\/v2\/categories?post=64600"},{"taxonomy":"post_tag","embeddable":true,"href":"https:\/\/univet.hu\/hu\/wp-json\/wp\/v2\/tags?post=64600"}],"curies":[{"name":"wp","href":"https:\/\/api.w.org\/{rel}","templated":true}]}}